{"id":6266,"date":"2017-02-02T11:52:32","date_gmt":"2017-02-02T09:52:32","guid":{"rendered":"https:\/\/krausz.com\/de\/cookie-richtlinie\/"},"modified":"2017-02-02T11:52:32","modified_gmt":"2017-02-02T09:52:32","slug":"cookie-richtlinie","status":"publish","type":"page","link":"https:\/\/krausz.com\/de\/cookie-richtlinie\/","title":{"rendered":"Cookie-Richtlinie"},"content":{"rendered":"<p><strong>Cookie-Richtlinie<\/strong><\/p>\n<p>Krausz Industries Ltd. und deren Tochtergesellschaften (zusammenfassend hiernach \u201eKrausz\u201d) verwenden verschiedene Cookies auf ihren Webseiten einschlie\u00dflich www.krausz.com und www.krauszusa.com (hiernach \u201eWebseiten\u201d).<br \/>\nDiese Cookie-Richtlinie wurde erstellt, um Sie \u00fcber Cookies und andere \u00e4hnliche Technologien (\u201eCookies\u201c) zu informieren und wie diese von Krausz auf den Webseiten verwendet werden. Durch die Nutzung der Webseiten akzeptieren Sie die Verwendung von Cookies durch Krausz gem\u00e4\u00df dieser Cookie-Richtlinie.<br \/>\nWenn Sie den Cookies nicht zustimmen, deaktivieren Sie diese bitte entsprechend der Anweisung in dieser Cookie-Richtlinie, beispielsweise durch \u00c4ndern Ihrer Browser-\/Mobilger\u00e4teinstellungen, so dass Cookies von den Webseiten nicht auf Ihrem Computer oder Mobilger\u00e4t gespeichert werden k\u00f6nnen.<br \/>\nVon Zeit zu Zeit aktualisieren wir diese Cookies-Richtlinie, wenn wir dies tun, ver\u00f6ffentlichen wir einen entsprechenden Hinweis auf der Website, dass \u00c4nderungen an unserer Cookies-Richtlinie vorgenommen wurden. Nach einem solchen Hinweis empfehlen wir Ihnen, die ge\u00e4nderten Richtlinien zu pr\u00fcfen, um die neuesten Informationen zu den Cookies und wie diese verwendet werden, zu erhalten.<br \/>\n<strong>1.\t\u00dcber die Cookies<\/strong><br \/>\nCookies unterst\u00fctzen eine bessere, schnellere und sicherere Nutzererfahrung. Cookies sind kleine Textdateien mit einer Reihe von Zeichen, die auf Ihrem Computer oder Mobilger\u00e4t gespeichert werden und die Ihren Browser, Ihr Ger\u00e4t oder Sie erkennen, wenn Sie eine Webseite besuchen. Cookies erm\u00f6glichen einer Webseite zu erkennen, ob Ihr Computer oder Ger\u00e4t diese Webseite bereits vorher schon einmal besucht hat, Sie brauchen also nicht jedes Mal erneut alles einzugeben, wenn Sie zu dieser Webseite zur\u00fcckkehren oder von einer Seite auf eine andere bl\u00e4ttern. Die Informationen werden von den Cookies zur Verf\u00fcgung gestellt. Weitere Informationen \u00fcber Cookies erhalten Sie unter: http:\/\/www.aboutcookies.org or www.allaboutcookies.org.<br \/>\n<strong>2.\tVon Krausz verwendete Cookie-Typen<\/strong><br \/>\nNachstehend finden Sie die Cookie-Typen, die Krausz auf den Webseiten verwendet und die Zwecke, f\u00fcr die sie verwendet werden:<br \/>\n2.1.\tSitzungscookies. Diese Cookies werden unter anderem f\u00fcr folgende Zwecke verwendet: (i) um die Aktivit\u00e4ten der Besucher auf der Webseite zu verfolgen; (ii) zur Erkennung betr\u00fcgerischer Aktivit\u00e4ten; und (iii) um den Computer und\/oder das Ger\u00e4t eines Nutzers eindeutig zu erkennen. Sitzungscookies werden  nur vor\u00fcbergehend w\u00e4hrend einer Browsersitzung gespeichert und werden vom Ger\u00e4t des Nutzers gel\u00f6scht, wenn der Browser geschlossen wird.<br \/>\n2.2.\tResidente Cookies. Diese Cookies werden zur Erfassung wichtiger Informationen verwendet, wie beispielsweise auf welchem Weg der Nutzer urspr\u00fcnglich zu dieser Webseite kam und\/oder um \u00fcber mehrere Browsersitzungen hinweg zu erfahren, wer Sie sind. Beispielsweise verwenden wir diesen Cookie-Typ dazu, Ihre Pr\u00e4ferenzen zu speichern und sich f\u00fcr den n\u00e4chsten Besuch zu merken. Dieser Cookie-Typ wird f\u00fcr einen festgelegten Zeitraum auf Ihrem Computer gespeichert (\u00fcblicherweise ein Jahr oder l\u00e4nger) und beim Schlie\u00dfen des Browsers nicht gel\u00f6scht.<br \/>\n2.3.\tUnbedingt notwendige Cookies. Krausz verwendet Cookies, die erforderlich sind, da sie es Ihnen erm\u00f6glichen, sich auf der Webseite zu bewegen oder bestimmte grundlegende Funktionen zu verwenden. Wenn diese Cookies deaktiviert sind, arbeiten verschiedene Funktionen  nicht.<br \/>\n2.4.\tLeistungs-Cookies. Krausz verwendet unter Umst\u00e4nden auch Cookies, die uns dabei helfen, die Leistung der Webseiten zu verbessern und Ihnen ein angenehmeres Nutzererlebnis zu bieten.<br \/>\n2.5.\tFunktions-Cookies. Krausz verwendet unter Umst\u00e4nden Cookies, um die Funktionen der Webseiten durch Speichern Ihrer Pr\u00e4ferenzen zu verbessern.  Die Informationen, die diese Cookies sammeln, werden nicht dazu verwendet, Sie pers\u00f6nlich zu identifizieren und\/oder Ihre Browseraktivit\u00e4ten auf anderen Seiten oder bei anderen Dienstleistern zu verfolgen.<br \/>\n<strong>3.\t Cookies \u00fcberwachen<\/strong><br \/>\nSie k\u00f6nnen die Cookies \u00fcberwachen und\/oder Cookies l\u00f6schen, die bereits auf Ihrer Webseite\/Mobilger\u00e4t gespeichert sind. Die meisten Browser erm\u00f6glichen es dem Nutzer, die meisten Cookies mithilfe der Browsereinstellungen zu \u00fcberwachen. Jeder Browser ist anders, sehen Sie im \u201eHilfe\u201c-Men\u00fc Ihres Browsers nach um zu erfahren, wie Sie die Cookie-Pr\u00e4ferenzen \u00e4ndern k\u00f6nnen. Bitte beachten Sie, dass manche Cookies f\u00fcr die Funktion der Webseiten unbedingt erforderlich sind. Daher kann es unter Umst\u00e4nden sein, dass die Webseiten nicht richtig funktionieren oder Sie nicht auf bestimmte Funktionen zugreifen k\u00f6nnen, wenn Sie die Cookies deaktiviert und\/oder gel\u00f6scht haben. Weitere Informationen, wie Sie Cookies \u00fcberpr\u00fcfen und\/oder l\u00f6schen k\u00f6nnen, finden Sie auf: http:\/\/www.aboutcookies.org, www.allaboutcookies.org, https:\/\/help.yahoo.com\/kb\/devices-cache-cookies-sln14733.html.<br \/>\nThis <\/p>\n","protected":false},"excerpt":{"rendered":"<p>Cookie-Richtlinie Krausz Industries Ltd. und deren Tochtergesellschaften (zusammenfassend hiernach \u201eKrausz\u201d) verwenden verschiedene Cookies auf ihren Webseiten einschlie\u00dflich www.krausz.com und www.krauszusa.com (hiernach \u201eWebseiten\u201d). Diese Cookie-Richtlinie wurde erstellt, um Sie \u00fcber Cookies und andere \u00e4hnliche Technologien (\u201eCookies\u201c) zu informieren und wie diese von Krausz<\/p>\n<div class=\"view-full-post\"><a href=\"https:\/\/krausz.com\/de\/cookie-richtlinie\/\" class=\"view-full-post-btn\">(\u05dc\u05d4\u05de\u05e9\u05da \u05e7\u05e8\u05d9\u05d0\u05d4&#8230;)<\/a><\/div>\n","protected":false},"author":1,"featured_media":0,"parent":0,"menu_order":32,"comment_status":"closed","ping_status":"closed","template":"","meta":{"inline_featured_image":false,"footnotes":""},"class_list":["post-6266","page","type-page","status-publish","hentry"],"yoast_head":"<!-- This site is optimized with the Yoast SEO plugin v27.3 - https:\/\/yoast.com\/product\/yoast-seo-wordpress\/ -->\n<title>Cookie-Richtlinie - Krausz Industries<\/title>\n<meta name=\"robots\" content=\"index, follow, max-snippet:-1, max-image-preview:large, max-video-preview:-1\" \/>\n<link rel=\"canonical\" href=\"https:\/\/krausz.com\/cookies-policy\/\" \/>\n<meta property=\"og:locale\" content=\"de_DE\" \/>\n<meta property=\"og:type\" content=\"article\" \/>\n<meta property=\"og:title\" content=\"Cookie-Richtlinie - Krausz Industries\" \/>\n<meta property=\"og:description\" content=\"Cookie-Richtlinie Krausz Industries Ltd. und deren Tochtergesellschaften (zusammenfassend hiernach \u201eKrausz\u201d) verwenden verschiedene Cookies auf ihren Webseiten einschlie\u00dflich www.krausz.com und www.krauszusa.com (hiernach \u201eWebseiten\u201d). Diese Cookie-Richtlinie wurde erstellt, um Sie \u00fcber Cookies und andere \u00e4hnliche Technologien (\u201eCookies\u201c) zu informieren und wie diese von Krausz(\u05dc\u05d4\u05de\u05e9\u05da \u05e7\u05e8\u05d9\u05d0\u05d4...)\" \/>\n<meta property=\"og:url\" content=\"https:\/\/krausz.com\/cookies-policy\/\" \/>\n<meta property=\"og:site_name\" content=\"Krausz Industries\" \/>\n<meta name=\"twitter:card\" content=\"summary_large_image\" \/>\n<meta name=\"twitter:label1\" content=\"Gesch\u00e4tzte Lesezeit\" \/>\n\t<meta name=\"twitter:data1\" content=\"4\u00a0Minuten\" \/>\n<script type=\"application\/ld+json\" class=\"yoast-schema-graph\">{\"@context\":\"https:\\\/\\\/schema.org\",\"@graph\":[{\"@type\":\"WebPage\",\"@id\":\"https:\\\/\\\/krausz.com\\\/cookies-policy\\\/\",\"url\":\"https:\\\/\\\/krausz.com\\\/cookies-policy\\\/\",\"name\":\"Cookie-Richtlinie - Krausz Industries\",\"isPartOf\":{\"@id\":\"https:\\\/\\\/krausz.com\\\/#website\"},\"datePublished\":\"2017-02-02T09:52:32+00:00\",\"breadcrumb\":{\"@id\":\"https:\\\/\\\/krausz.com\\\/cookies-policy\\\/#breadcrumb\"},\"inLanguage\":\"de\",\"potentialAction\":[{\"@type\":\"ReadAction\",\"target\":[\"https:\\\/\\\/krausz.com\\\/cookies-policy\\\/\"]}]},{\"@type\":\"BreadcrumbList\",\"@id\":\"https:\\\/\\\/krausz.com\\\/cookies-policy\\\/#breadcrumb\",\"itemListElement\":[{\"@type\":\"ListItem\",\"position\":1,\"name\":\"Home\",\"item\":\"https:\\\/\\\/krausz.com\\\/de\\\/\"},{\"@type\":\"ListItem\",\"position\":2,\"name\":\"Cookie-Richtlinie\"}]},{\"@type\":\"WebSite\",\"@id\":\"https:\\\/\\\/krausz.com\\\/#website\",\"url\":\"https:\\\/\\\/krausz.com\\\/\",\"name\":\"Krausz Industries\",\"description\":\"Repair the past. Connect the future\",\"potentialAction\":[{\"@type\":\"SearchAction\",\"target\":{\"@type\":\"EntryPoint\",\"urlTemplate\":\"https:\\\/\\\/krausz.com\\\/?s={search_term_string}\"},\"query-input\":{\"@type\":\"PropertyValueSpecification\",\"valueRequired\":true,\"valueName\":\"search_term_string\"}}],\"inLanguage\":\"de\"}]}<\/script>\n<!-- \/ Yoast SEO plugin. -->","yoast_head_json":{"title":"Cookie-Richtlinie - Krausz Industries","robots":{"index":"index","follow":"follow","max-snippet":"max-snippet:-1","max-image-preview":"max-image-preview:large","max-video-preview":"max-video-preview:-1"},"canonical":"https:\/\/krausz.com\/cookies-policy\/","og_locale":"de_DE","og_type":"article","og_title":"Cookie-Richtlinie - Krausz Industries","og_description":"Cookie-Richtlinie Krausz Industries Ltd. und deren Tochtergesellschaften (zusammenfassend hiernach \u201eKrausz\u201d) verwenden verschiedene Cookies auf ihren Webseiten einschlie\u00dflich www.krausz.com und www.krauszusa.com (hiernach \u201eWebseiten\u201d). Diese Cookie-Richtlinie wurde erstellt, um Sie \u00fcber Cookies und andere \u00e4hnliche Technologien (\u201eCookies\u201c) zu informieren und wie diese von Krausz(\u05dc\u05d4\u05de\u05e9\u05da \u05e7\u05e8\u05d9\u05d0\u05d4...)","og_url":"https:\/\/krausz.com\/cookies-policy\/","og_site_name":"Krausz Industries","twitter_card":"summary_large_image","twitter_misc":{"Gesch\u00e4tzte Lesezeit":"4\u00a0Minuten"},"schema":{"@context":"https:\/\/schema.org","@graph":[{"@type":"WebPage","@id":"https:\/\/krausz.com\/cookies-policy\/","url":"https:\/\/krausz.com\/cookies-policy\/","name":"Cookie-Richtlinie - Krausz Industries","isPartOf":{"@id":"https:\/\/krausz.com\/#website"},"datePublished":"2017-02-02T09:52:32+00:00","breadcrumb":{"@id":"https:\/\/krausz.com\/cookies-policy\/#breadcrumb"},"inLanguage":"de","potentialAction":[{"@type":"ReadAction","target":["https:\/\/krausz.com\/cookies-policy\/"]}]},{"@type":"BreadcrumbList","@id":"https:\/\/krausz.com\/cookies-policy\/#breadcrumb","itemListElement":[{"@type":"ListItem","position":1,"name":"Home","item":"https:\/\/krausz.com\/de\/"},{"@type":"ListItem","position":2,"name":"Cookie-Richtlinie"}]},{"@type":"WebSite","@id":"https:\/\/krausz.com\/#website","url":"https:\/\/krausz.com\/","name":"Krausz Industries","description":"Repair the past. Connect the future","potentialAction":[{"@type":"SearchAction","target":{"@type":"EntryPoint","urlTemplate":"https:\/\/krausz.com\/?s={search_term_string}"},"query-input":{"@type":"PropertyValueSpecification","valueRequired":true,"valueName":"search_term_string"}}],"inLanguage":"de"}]}},"_links":{"self":[{"href":"https:\/\/krausz.com\/de\/wp-json\/wp\/v2\/pages\/6266","targetHints":{"allow":["GET"]}}],"collection":[{"href":"https:\/\/krausz.com\/de\/wp-json\/wp\/v2\/pages"}],"about":[{"href":"https:\/\/krausz.com\/de\/wp-json\/wp\/v2\/types\/page"}],"author":[{"embeddable":true,"href":"https:\/\/krausz.com\/de\/wp-json\/wp\/v2\/users\/1"}],"replies":[{"embeddable":true,"href":"https:\/\/krausz.com\/de\/wp-json\/wp\/v2\/comments?post=6266"}],"version-history":[{"count":0,"href":"https:\/\/krausz.com\/de\/wp-json\/wp\/v2\/pages\/6266\/revisions"}],"wp:attachment":[{"href":"https:\/\/krausz.com\/de\/wp-json\/wp\/v2\/media?parent=6266"}],"curies":[{"name":"wp","href":"https:\/\/api.w.org\/{rel}","templated":true}]}}