{"id":6268,"date":"2017-02-02T11:52:32","date_gmt":"2017-02-02T09:52:32","guid":{"rendered":"https:\/\/krausz.com\/de\/hymax\/"},"modified":"2021-11-14T19:28:53","modified_gmt":"2021-11-14T17:28:53","slug":"hymax-2","status":"publish","type":"page","link":"https:\/\/krausz.com\/de\/product-families\/hymax-2\/","title":{"rendered":"HYMAX\u00ae"},"content":{"rendered":"<p>L\u00f6sungen mit Krausz HYMAX<sup>\u00ae<\/sup> Kupplungen sind technisch ausgereifte Konstruktionen mit innovativem Design. Sie erm\u00f6glichen eine schnelle Montage, au\u00dfergew\u00f6hnliche Flexibilit\u00e4t und extreme Haltbarkeit in unterschiedlichen Umgebungen. Diese Vorteile machen Krausz HYMAX<sup>\u00ae<\/sup> Kupplungen zur leistungsstarken, kosteneffektiven Wahl f\u00fcr unterschiedlichste Einsatzm\u00f6glichkeiten. Als revolution\u00e4re Produktlinie, die in der Branche neue Standards gesetzt hat, haben sich die HYMAX<sup>\u00ae<\/sup> Produkte weltweit bereits millionenfach bei Installationen bew\u00e4hrt.<\/p>\n<p>Die einzigartigen nach oben ausgerichteten Schrauben der HYMAX Kupplung erm\u00f6glichen einen einfachen Einbau und Dank der montagebereiten, einsatzbereiten Konstruktion entf\u00e4llt der Bedarf an ausgedehnten Grabungen und Arbeiten unter dem Rohr. Die dynamische Rohrauswinkelung um bis zu 4<strong>\u00b0<\/strong> pro Seite reduziert das Risiko von Besch\u00e4digungen und Rohrbr\u00fcchen aufgrund von Bodenbewegungen und Temperaturschwankungen.<\/p>\n<p>Die Produkte KRAUSZ HYMAX und REPAMAX\/REPAFLEX sind vom SVGW-Institut (Schweizerischer Verein des Gas- und Wasserfaches) gem\u00e4\u00df der europ\u00e4ischen Norm EN-14525 zugelassen.<\/p>\n<p><a href=\"https:\/\/krausz.com\/wp-content\/uploads\/2018\/06\/SWISS-CASE-HYMAX-STUDY-GERMAN.pdf\">FALLSTUDIE &#8211; SCHWEIZ<\/a>, Solothurn &#8211; Eine DN 400 Struktur mit zwei DN 200 Abg\u00e4ngen<\/p>\n","protected":false},"excerpt":{"rendered":"<p>L\u00f6sungen mit Krausz HYMAX\u00ae Kupplungen sind technisch ausgereifte Konstruktionen mit innovativem Design. Sie erm\u00f6glichen eine schnelle Montage, au\u00dfergew\u00f6hnliche Flexibilit\u00e4t und extreme Haltbarkeit in unterschiedlichen Umgebungen. Diese Vorteile machen Krausz HYMAX\u00ae Kupplungen zur leistungsstarken, kosteneffektiven Wahl f\u00fcr unterschiedlichste Einsatzm\u00f6glichkeiten. Als revolution\u00e4re Produktlinie, die<\/p>\n<div class=\"view-full-post\"><a href=\"https:\/\/krausz.com\/de\/product-families\/hymax-2\/\" class=\"view-full-post-btn\">(\u05dc\u05d4\u05de\u05e9\u05da \u05e7\u05e8\u05d9\u05d0\u05d4&#8230;)<\/a><\/div>\n","protected":false},"author":1,"featured_media":7449,"parent":6272,"menu_order":4,"comment_status":"closed","ping_status":"closed","template":"templates\/hymax-family.php","meta":{"inline_featured_image":false,"footnotes":""},"class_list":["post-6268","page","type-page","status-publish","has-post-thumbnail","hentry"],"yoast_head":"<!-- This site is optimized with the Yoast SEO plugin v27.3 - https:\/\/yoast.com\/product\/yoast-seo-wordpress\/ -->\n<title>HYMAX\u00ae - Krausz Industries<\/title>\n<meta name=\"robots\" content=\"index, follow, max-snippet:-1, max-image-preview:large, max-video-preview:-1\" \/>\n<link rel=\"canonical\" href=\"https:\/\/krausz.com\/de\/product-families\/hymax-2\/\" \/>\n<meta property=\"og:locale\" content=\"de_DE\" \/>\n<meta property=\"og:type\" content=\"article\" \/>\n<meta property=\"og:title\" content=\"HYMAX\u00ae - Krausz Industries\" \/>\n<meta property=\"og:description\" content=\"L\u00f6sungen mit Krausz HYMAX\u00ae Kupplungen sind technisch ausgereifte Konstruktionen mit innovativem Design. Sie erm\u00f6glichen eine schnelle Montage, au\u00dfergew\u00f6hnliche Flexibilit\u00e4t und extreme Haltbarkeit in unterschiedlichen Umgebungen. Diese Vorteile machen Krausz HYMAX\u00ae Kupplungen zur leistungsstarken, kosteneffektiven Wahl f\u00fcr unterschiedlichste Einsatzm\u00f6glichkeiten. Als revolution\u00e4re Produktlinie, die(\u05dc\u05d4\u05de\u05e9\u05da \u05e7\u05e8\u05d9\u05d0\u05d4...)\" \/>\n<meta property=\"og:url\" content=\"https:\/\/krausz.com\/de\/product-families\/hymax-2\/\" \/>\n<meta property=\"og:site_name\" content=\"Krausz Industries\" \/>\n<meta property=\"article:modified_time\" content=\"2021-11-14T17:28:53+00:00\" \/>\n<meta property=\"og:image\" content=\"https:\/\/krausz.com\/wp-content\/uploads\/2018\/05\/rsz_2ax1a7642iloveimgconverted_2_2.png\" \/>\n\t<meta property=\"og:image:width\" content=\"200\" \/>\n\t<meta property=\"og:image:height\" content=\"200\" \/>\n\t<meta property=\"og:image:type\" content=\"image\/png\" \/>\n<meta name=\"twitter:card\" content=\"summary_large_image\" \/>\n<meta name=\"twitter:label1\" content=\"Gesch\u00e4tzte Lesezeit\" \/>\n\t<meta name=\"twitter:data1\" content=\"1\u00a0Minute\" \/>\n<script type=\"application\/ld+json\" class=\"yoast-schema-graph\">{\"@context\":\"https:\\\/\\\/schema.org\",\"@graph\":[{\"@type\":\"WebPage\",\"@id\":\"https:\\\/\\\/krausz.com\\\/de\\\/product-families\\\/hymax-2\\\/\",\"url\":\"https:\\\/\\\/krausz.com\\\/de\\\/product-families\\\/hymax-2\\\/\",\"name\":\"HYMAX\u00ae - Krausz Industries\",\"isPartOf\":{\"@id\":\"https:\\\/\\\/krausz.com\\\/#website\"},\"primaryImageOfPage\":{\"@id\":\"https:\\\/\\\/krausz.com\\\/de\\\/product-families\\\/hymax-2\\\/#primaryimage\"},\"image\":{\"@id\":\"https:\\\/\\\/krausz.com\\\/de\\\/product-families\\\/hymax-2\\\/#primaryimage\"},\"thumbnailUrl\":\"https:\\\/\\\/krausz.com\\\/wp-content\\\/uploads\\\/2018\\\/05\\\/rsz_2ax1a7642iloveimgconverted_2_2.png\",\"datePublished\":\"2017-02-02T09:52:32+00:00\",\"dateModified\":\"2021-11-14T17:28:53+00:00\",\"breadcrumb\":{\"@id\":\"https:\\\/\\\/krausz.com\\\/de\\\/product-families\\\/hymax-2\\\/#breadcrumb\"},\"inLanguage\":\"de\",\"potentialAction\":[{\"@type\":\"ReadAction\",\"target\":[\"https:\\\/\\\/krausz.com\\\/de\\\/product-families\\\/hymax-2\\\/\"]}]},{\"@type\":\"ImageObject\",\"inLanguage\":\"de\",\"@id\":\"https:\\\/\\\/krausz.com\\\/de\\\/product-families\\\/hymax-2\\\/#primaryimage\",\"url\":\"https:\\\/\\\/krausz.com\\\/wp-content\\\/uploads\\\/2018\\\/05\\\/rsz_2ax1a7642iloveimgconverted_2_2.png\",\"contentUrl\":\"https:\\\/\\\/krausz.com\\\/wp-content\\\/uploads\\\/2018\\\/05\\\/rsz_2ax1a7642iloveimgconverted_2_2.png\",\"width\":200,\"height\":200},{\"@type\":\"BreadcrumbList\",\"@id\":\"https:\\\/\\\/krausz.com\\\/de\\\/product-families\\\/hymax-2\\\/#breadcrumb\",\"itemListElement\":[{\"@type\":\"ListItem\",\"position\":1,\"name\":\"Home\",\"item\":\"https:\\\/\\\/krausz.com\\\/de\\\/\"},{\"@type\":\"ListItem\",\"position\":2,\"name\":\"Product Families\",\"item\":\"https:\\\/\\\/krausz.com\\\/products-main\\\/\"},{\"@type\":\"ListItem\",\"position\":3,\"name\":\"HYMAX\u00ae\"}]},{\"@type\":\"WebSite\",\"@id\":\"https:\\\/\\\/krausz.com\\\/#website\",\"url\":\"https:\\\/\\\/krausz.com\\\/\",\"name\":\"Krausz Industries\",\"description\":\"Repair the past. Connect the future\",\"potentialAction\":[{\"@type\":\"SearchAction\",\"target\":{\"@type\":\"EntryPoint\",\"urlTemplate\":\"https:\\\/\\\/krausz.com\\\/?s={search_term_string}\"},\"query-input\":{\"@type\":\"PropertyValueSpecification\",\"valueRequired\":true,\"valueName\":\"search_term_string\"}}],\"inLanguage\":\"de\"}]}<\/script>\n<!-- \/ Yoast SEO plugin. -->","yoast_head_json":{"title":"HYMAX\u00ae - Krausz Industries","robots":{"index":"index","follow":"follow","max-snippet":"max-snippet:-1","max-image-preview":"max-image-preview:large","max-video-preview":"max-video-preview:-1"},"canonical":"https:\/\/krausz.com\/de\/product-families\/hymax-2\/","og_locale":"de_DE","og_type":"article","og_title":"HYMAX\u00ae - Krausz Industries","og_description":"L\u00f6sungen mit Krausz HYMAX\u00ae Kupplungen sind technisch ausgereifte Konstruktionen mit innovativem Design. Sie erm\u00f6glichen eine schnelle Montage, au\u00dfergew\u00f6hnliche Flexibilit\u00e4t und extreme Haltbarkeit in unterschiedlichen Umgebungen. Diese Vorteile machen Krausz HYMAX\u00ae Kupplungen zur leistungsstarken, kosteneffektiven Wahl f\u00fcr unterschiedlichste Einsatzm\u00f6glichkeiten. Als revolution\u00e4re Produktlinie, die(\u05dc\u05d4\u05de\u05e9\u05da \u05e7\u05e8\u05d9\u05d0\u05d4...)","og_url":"https:\/\/krausz.com\/de\/product-families\/hymax-2\/","og_site_name":"Krausz Industries","article_modified_time":"2021-11-14T17:28:53+00:00","og_image":[{"width":200,"height":200,"url":"https:\/\/krausz.com\/wp-content\/uploads\/2018\/05\/rsz_2ax1a7642iloveimgconverted_2_2.png","type":"image\/png"}],"twitter_card":"summary_large_image","twitter_misc":{"Gesch\u00e4tzte Lesezeit":"1\u00a0Minute"},"schema":{"@context":"https:\/\/schema.org","@graph":[{"@type":"WebPage","@id":"https:\/\/krausz.com\/de\/product-families\/hymax-2\/","url":"https:\/\/krausz.com\/de\/product-families\/hymax-2\/","name":"HYMAX\u00ae - Krausz Industries","isPartOf":{"@id":"https:\/\/krausz.com\/#website"},"primaryImageOfPage":{"@id":"https:\/\/krausz.com\/de\/product-families\/hymax-2\/#primaryimage"},"image":{"@id":"https:\/\/krausz.com\/de\/product-families\/hymax-2\/#primaryimage"},"thumbnailUrl":"https:\/\/krausz.com\/wp-content\/uploads\/2018\/05\/rsz_2ax1a7642iloveimgconverted_2_2.png","datePublished":"2017-02-02T09:52:32+00:00","dateModified":"2021-11-14T17:28:53+00:00","breadcrumb":{"@id":"https:\/\/krausz.com\/de\/product-families\/hymax-2\/#breadcrumb"},"inLanguage":"de","potentialAction":[{"@type":"ReadAction","target":["https:\/\/krausz.com\/de\/product-families\/hymax-2\/"]}]},{"@type":"ImageObject","inLanguage":"de","@id":"https:\/\/krausz.com\/de\/product-families\/hymax-2\/#primaryimage","url":"https:\/\/krausz.com\/wp-content\/uploads\/2018\/05\/rsz_2ax1a7642iloveimgconverted_2_2.png","contentUrl":"https:\/\/krausz.com\/wp-content\/uploads\/2018\/05\/rsz_2ax1a7642iloveimgconverted_2_2.png","width":200,"height":200},{"@type":"BreadcrumbList","@id":"https:\/\/krausz.com\/de\/product-families\/hymax-2\/#breadcrumb","itemListElement":[{"@type":"ListItem","position":1,"name":"Home","item":"https:\/\/krausz.com\/de\/"},{"@type":"ListItem","position":2,"name":"Product Families","item":"https:\/\/krausz.com\/products-main\/"},{"@type":"ListItem","position":3,"name":"HYMAX\u00ae"}]},{"@type":"WebSite","@id":"https:\/\/krausz.com\/#website","url":"https:\/\/krausz.com\/","name":"Krausz Industries","description":"Repair the past. Connect the future","potentialAction":[{"@type":"SearchAction","target":{"@type":"EntryPoint","urlTemplate":"https:\/\/krausz.com\/?s={search_term_string}"},"query-input":{"@type":"PropertyValueSpecification","valueRequired":true,"valueName":"search_term_string"}}],"inLanguage":"de"}]}},"_links":{"self":[{"href":"https:\/\/krausz.com\/de\/wp-json\/wp\/v2\/pages\/6268","targetHints":{"allow":["GET"]}}],"collection":[{"href":"https:\/\/krausz.com\/de\/wp-json\/wp\/v2\/pages"}],"about":[{"href":"https:\/\/krausz.com\/de\/wp-json\/wp\/v2\/types\/page"}],"author":[{"embeddable":true,"href":"https:\/\/krausz.com\/de\/wp-json\/wp\/v2\/users\/1"}],"replies":[{"embeddable":true,"href":"https:\/\/krausz.com\/de\/wp-json\/wp\/v2\/comments?post=6268"}],"version-history":[{"count":6,"href":"https:\/\/krausz.com\/de\/wp-json\/wp\/v2\/pages\/6268\/revisions"}],"predecessor-version":[{"id":7648,"href":"https:\/\/krausz.com\/de\/wp-json\/wp\/v2\/pages\/6268\/revisions\/7648"}],"up":[{"embeddable":true,"href":"https:\/\/krausz.com\/de\/wp-json\/wp\/v2\/pages\/6272"}],"wp:featuredmedia":[{"embeddable":true,"href":"https:\/\/krausz.com\/de\/wp-json\/wp\/v2\/media\/7449"}],"wp:attachment":[{"href":"https:\/\/krausz.com\/de\/wp-json\/wp\/v2\/media?parent=6268"}],"curies":[{"name":"wp","href":"https:\/\/api.w.org\/{rel}","templated":true}]}}