{"id":6270,"date":"2017-02-02T11:52:33","date_gmt":"2017-02-02T09:52:33","guid":{"rendered":"https:\/\/krausz.com\/de\/unsere-technologien\/"},"modified":"2017-07-20T14:12:28","modified_gmt":"2017-07-20T11:12:28","slug":"unsere-technologien","status":"publish","type":"page","link":"https:\/\/krausz.com\/de\/innovation\/unsere-technologien\/","title":{"rendered":"Unsere Technologien"},"content":{"rendered":"<p>Die Verwendung von Produkten vereinfachen und ausfallsichere L\u00f6sungen f\u00fcr eine Vielzahl von Einsatzm\u00f6glichkeiten bieten.<\/p>\n","protected":false},"excerpt":{"rendered":"<p>Krausz hat zahlreiche eigene Technologien zur L\u00f6sung tats\u00e4chlicher Probleme, abgeleitet vom Markt und dessen Endverbrauchern, entwickelt. Diese patentierten Technologien kommen in verschiedenen Krausz-Produkten zum Einsatz.<\/p>\n","protected":false},"author":1,"featured_media":0,"parent":6341,"menu_order":40,"comment_status":"closed","ping_status":"closed","template":"templates\/technologies.php","meta":{"inline_featured_image":false,"footnotes":""},"class_list":["post-6270","page","type-page","status-publish","hentry"],"yoast_head":"<!-- This site is optimized with the Yoast SEO plugin v27.2 - https:\/\/yoast.com\/product\/yoast-seo-wordpress\/ -->\n<title>Unsere Technologien - Krausz Industries<\/title>\n<meta name=\"robots\" content=\"index, follow, max-snippet:-1, max-image-preview:large, max-video-preview:-1\" \/>\n<link rel=\"canonical\" href=\"https:\/\/krausz.com\/innovation\/technologies\/\" \/>\n<meta property=\"og:locale\" content=\"de_DE\" \/>\n<meta property=\"og:type\" content=\"article\" \/>\n<meta property=\"og:title\" content=\"Unsere Technologien - Krausz Industries\" \/>\n<meta property=\"og:description\" content=\"Krausz hat zahlreiche eigene Technologien zur L\u00f6sung tats\u00e4chlicher Probleme, abgeleitet vom Markt und dessen Endverbrauchern, entwickelt. Diese patentierten Technologien kommen in verschiedenen Krausz-Produkten zum Einsatz.\" \/>\n<meta property=\"og:url\" content=\"https:\/\/krausz.com\/innovation\/technologies\/\" \/>\n<meta property=\"og:site_name\" content=\"Krausz Industries\" \/>\n<meta property=\"article:modified_time\" content=\"2017-07-20T11:12:28+00:00\" \/>\n<meta name=\"twitter:card\" content=\"summary_large_image\" \/>\n<script type=\"application\/ld+json\" class=\"yoast-schema-graph\">{\"@context\":\"https:\/\/schema.org\",\"@graph\":[{\"@type\":\"WebPage\",\"@id\":\"https:\/\/krausz.com\/innovation\/technologies\/\",\"url\":\"https:\/\/krausz.com\/innovation\/technologies\/\",\"name\":\"Unsere Technologien - Krausz Industries\",\"isPartOf\":{\"@id\":\"https:\/\/krausz.com\/#website\"},\"datePublished\":\"2017-02-02T09:52:33+00:00\",\"dateModified\":\"2017-07-20T11:12:28+00:00\",\"breadcrumb\":{\"@id\":\"https:\/\/krausz.com\/innovation\/technologies\/#breadcrumb\"},\"inLanguage\":\"de\",\"potentialAction\":[{\"@type\":\"ReadAction\",\"target\":[\"https:\/\/krausz.com\/innovation\/technologies\/\"]}]},{\"@type\":\"BreadcrumbList\",\"@id\":\"https:\/\/krausz.com\/innovation\/technologies\/#breadcrumb\",\"itemListElement\":[{\"@type\":\"ListItem\",\"position\":1,\"name\":\"Home\",\"item\":\"https:\/\/krausz.com\/de\/\"},{\"@type\":\"ListItem\",\"position\":2,\"name\":\"Innovation\",\"item\":\"https:\/\/krausz.com\/innovation\/\"},{\"@type\":\"ListItem\",\"position\":3,\"name\":\"Technologien\"}]},{\"@type\":\"WebSite\",\"@id\":\"https:\/\/krausz.com\/#website\",\"url\":\"https:\/\/krausz.com\/\",\"name\":\"Krausz Industries\",\"description\":\"Repair the past. Connect the future\",\"potentialAction\":[{\"@type\":\"SearchAction\",\"target\":{\"@type\":\"EntryPoint\",\"urlTemplate\":\"https:\/\/krausz.com\/?s={search_term_string}\"},\"query-input\":{\"@type\":\"PropertyValueSpecification\",\"valueRequired\":true,\"valueName\":\"search_term_string\"}}],\"inLanguage\":\"de\"}]}<\/script>\n<!-- \/ Yoast SEO plugin. -->","yoast_head_json":{"title":"Unsere Technologien - Krausz Industries","robots":{"index":"index","follow":"follow","max-snippet":"max-snippet:-1","max-image-preview":"max-image-preview:large","max-video-preview":"max-video-preview:-1"},"canonical":"https:\/\/krausz.com\/innovation\/technologies\/","og_locale":"de_DE","og_type":"article","og_title":"Unsere Technologien - Krausz Industries","og_description":"Krausz hat zahlreiche eigene Technologien zur L\u00f6sung tats\u00e4chlicher Probleme, abgeleitet vom Markt und dessen Endverbrauchern, entwickelt. Diese patentierten Technologien kommen in verschiedenen Krausz-Produkten zum Einsatz.","og_url":"https:\/\/krausz.com\/innovation\/technologies\/","og_site_name":"Krausz Industries","article_modified_time":"2017-07-20T11:12:28+00:00","twitter_card":"summary_large_image","schema":{"@context":"https:\/\/schema.org","@graph":[{"@type":"WebPage","@id":"https:\/\/krausz.com\/innovation\/technologies\/","url":"https:\/\/krausz.com\/innovation\/technologies\/","name":"Unsere Technologien - Krausz Industries","isPartOf":{"@id":"https:\/\/krausz.com\/#website"},"datePublished":"2017-02-02T09:52:33+00:00","dateModified":"2017-07-20T11:12:28+00:00","breadcrumb":{"@id":"https:\/\/krausz.com\/innovation\/technologies\/#breadcrumb"},"inLanguage":"de","potentialAction":[{"@type":"ReadAction","target":["https:\/\/krausz.com\/innovation\/technologies\/"]}]},{"@type":"BreadcrumbList","@id":"https:\/\/krausz.com\/innovation\/technologies\/#breadcrumb","itemListElement":[{"@type":"ListItem","position":1,"name":"Home","item":"https:\/\/krausz.com\/de\/"},{"@type":"ListItem","position":2,"name":"Innovation","item":"https:\/\/krausz.com\/innovation\/"},{"@type":"ListItem","position":3,"name":"Technologien"}]},{"@type":"WebSite","@id":"https:\/\/krausz.com\/#website","url":"https:\/\/krausz.com\/","name":"Krausz Industries","description":"Repair the past. Connect the future","potentialAction":[{"@type":"SearchAction","target":{"@type":"EntryPoint","urlTemplate":"https:\/\/krausz.com\/?s={search_term_string}"},"query-input":{"@type":"PropertyValueSpecification","valueRequired":true,"valueName":"search_term_string"}}],"inLanguage":"de"}]}},"_links":{"self":[{"href":"https:\/\/krausz.com\/de\/wp-json\/wp\/v2\/pages\/6270","targetHints":{"allow":["GET"]}}],"collection":[{"href":"https:\/\/krausz.com\/de\/wp-json\/wp\/v2\/pages"}],"about":[{"href":"https:\/\/krausz.com\/de\/wp-json\/wp\/v2\/types\/page"}],"author":[{"embeddable":true,"href":"https:\/\/krausz.com\/de\/wp-json\/wp\/v2\/users\/1"}],"replies":[{"embeddable":true,"href":"https:\/\/krausz.com\/de\/wp-json\/wp\/v2\/comments?post=6270"}],"version-history":[{"count":2,"href":"https:\/\/krausz.com\/de\/wp-json\/wp\/v2\/pages\/6270\/revisions"}],"predecessor-version":[{"id":6516,"href":"https:\/\/krausz.com\/de\/wp-json\/wp\/v2\/pages\/6270\/revisions\/6516"}],"up":[{"embeddable":true,"href":"https:\/\/krausz.com\/de\/wp-json\/wp\/v2\/pages\/6341"}],"wp:attachment":[{"href":"https:\/\/krausz.com\/de\/wp-json\/wp\/v2\/media?parent=6270"}],"curies":[{"name":"wp","href":"https:\/\/api.w.org\/{rel}","templated":true}]}}