{"id":6271,"date":"2017-02-02T11:52:33","date_gmt":"2017-02-02T09:52:33","guid":{"rendered":"https:\/\/krausz.com\/de\/hymax-grip\/"},"modified":"2021-11-14T19:27:26","modified_gmt":"2021-11-14T17:27:26","slug":"hymax-grip","status":"publish","type":"page","link":"https:\/\/krausz.com\/de\/product-families\/hymax-grip\/","title":{"rendered":"HYMAX\u00ae GRIP"},"content":{"rendered":"<p>Die Krausz HYMAX GRIP<sup>\u00ae<\/sup> bietet eine zuverl\u00e4ssige Verbindung und Abdichtung f\u00fcr ein breites Spektrum von Rohrarten und Rohrdurchmessern. Die patentierte Konstruktion erm\u00f6glicht eine Verbindung von Rohren aus gleichen oder unterschiedlichen Materialien und Durchmessern mit un\u00fcbertroffener Leichtigkeit. Die innovative, von Krausz erfundene und hergestellte Kupplung verf\u00fcgt \u00fcber ein einzigartiges Verschlusssystem f\u00fcr alle Metall- und Plastikrohre. Das nach oben ausgerichtete Zwei- oder Vier-Schrauben-Design erm\u00f6glicht eine schnelle und einfache Montage. Seine patentierte Dichtung macht die Rohrverbindung zu einem flexiblen Anschluss, die eine dynamische Auswinkelung des Rohrs nach der Montage zul\u00e4sst und so die Gefahr zuk\u00fcnftiger Rohrbr\u00fcche und Risse reduziert. Hergestellt aus hochbelastbarem Duktilguss ist die Krausz HYMAX GRIP die perfekte Wahl f\u00fcr eine schnelle und zuverl\u00e4ssige Abdichtungsverbindung.<\/p>\n<p>* <strong><em>Zur Zeit nur in bestimmten Gr\u00f6\u00dfen erh\u00e4ltlich\u00a0\u2013 siehe einzelne Produktseiten.<\/em><\/strong><\/p>\n<p><em>F\u00fcr einzelne <\/em><em>Produktdatenbl\u00e4tter<\/em><em> und Montageanweisungen folgen Sie den nachstehenden Links zu den entsprechenden Produktseiten.<\/em><\/p>\n<p>&nbsp;<\/p>\n","protected":false},"excerpt":{"rendered":"<p>Die Krausz HYMAX GRIP\u00ae bietet eine zuverl\u00e4ssige Verbindung und Abdichtung f\u00fcr ein breites Spektrum von Rohrarten und Rohrdurchmessern. Die patentierte Konstruktion erm\u00f6glicht eine Verbindung von Rohren aus gleichen oder unterschiedlichen Materialien und Durchmessern mit un\u00fcbertroffener Leichtigkeit. Die innovative, von Krausz erfundene und<\/p>\n<div class=\"view-full-post\"><a href=\"https:\/\/krausz.com\/de\/product-families\/hymax-grip\/\" class=\"view-full-post-btn\">(\u05dc\u05d4\u05de\u05e9\u05da \u05e7\u05e8\u05d9\u05d0\u05d4&#8230;)<\/a><\/div>\n","protected":false},"author":1,"featured_media":5916,"parent":6272,"menu_order":3,"comment_status":"closed","ping_status":"closed","template":"templates\/product-family.php","meta":{"inline_featured_image":false,"footnotes":""},"class_list":["post-6271","page","type-page","status-publish","has-post-thumbnail","hentry"],"yoast_head":"<!-- This site is optimized with the Yoast SEO plugin v27.4 - https:\/\/yoast.com\/product\/yoast-seo-wordpress\/ -->\n<title>HYMAX\u00ae GRIP - Krausz Industries<\/title>\n<meta name=\"robots\" content=\"index, follow, max-snippet:-1, max-image-preview:large, max-video-preview:-1\" \/>\n<link rel=\"canonical\" href=\"https:\/\/krausz.com\/products-main\/hymax-grip-wide-range-restraint-couplings\/\" \/>\n<meta property=\"og:locale\" content=\"de_DE\" \/>\n<meta property=\"og:type\" content=\"article\" \/>\n<meta property=\"og:title\" content=\"HYMAX\u00ae GRIP - Krausz Industries\" \/>\n<meta property=\"og:description\" content=\"Die Krausz HYMAX GRIP\u00ae bietet eine zuverl\u00e4ssige Verbindung und Abdichtung f\u00fcr ein breites Spektrum von Rohrarten und Rohrdurchmessern. Die patentierte Konstruktion erm\u00f6glicht eine Verbindung von Rohren aus gleichen oder unterschiedlichen Materialien und Durchmessern mit un\u00fcbertroffener Leichtigkeit. Die innovative, von Krausz erfundene und(\u05dc\u05d4\u05de\u05e9\u05da \u05e7\u05e8\u05d9\u05d0\u05d4...)\" \/>\n<meta property=\"og:url\" content=\"https:\/\/krausz.com\/products-main\/hymax-grip-wide-range-restraint-couplings\/\" \/>\n<meta property=\"og:site_name\" content=\"Krausz Industries\" \/>\n<meta property=\"article:modified_time\" content=\"2021-11-14T17:27:26+00:00\" \/>\n<meta property=\"og:image\" content=\"https:\/\/krausz.com\/wp-content\/uploads\/2015\/12\/grip-Shadow200x200_2.jpg\" \/>\n\t<meta property=\"og:image:width\" content=\"200\" \/>\n\t<meta property=\"og:image:height\" content=\"200\" \/>\n\t<meta property=\"og:image:type\" content=\"image\/jpeg\" \/>\n<meta name=\"twitter:card\" content=\"summary_large_image\" \/>\n<meta name=\"twitter:label1\" content=\"Gesch\u00e4tzte Lesezeit\" \/>\n\t<meta name=\"twitter:data1\" content=\"1\u00a0Minute\" \/>\n<script type=\"application\/ld+json\" class=\"yoast-schema-graph\">{\"@context\":\"https:\\\/\\\/schema.org\",\"@graph\":[{\"@type\":\"WebPage\",\"@id\":\"https:\\\/\\\/krausz.com\\\/products-main\\\/hymax-grip-wide-range-restraint-couplings\\\/\",\"url\":\"https:\\\/\\\/krausz.com\\\/products-main\\\/hymax-grip-wide-range-restraint-couplings\\\/\",\"name\":\"HYMAX\u00ae GRIP - Krausz Industries\",\"isPartOf\":{\"@id\":\"https:\\\/\\\/krausz.com\\\/#website\"},\"primaryImageOfPage\":{\"@id\":\"https:\\\/\\\/krausz.com\\\/products-main\\\/hymax-grip-wide-range-restraint-couplings\\\/#primaryimage\"},\"image\":{\"@id\":\"https:\\\/\\\/krausz.com\\\/products-main\\\/hymax-grip-wide-range-restraint-couplings\\\/#primaryimage\"},\"thumbnailUrl\":\"https:\\\/\\\/krausz.com\\\/wp-content\\\/uploads\\\/2015\\\/12\\\/grip-Shadow200x200_2.jpg\",\"datePublished\":\"2017-02-02T09:52:33+00:00\",\"dateModified\":\"2021-11-14T17:27:26+00:00\",\"breadcrumb\":{\"@id\":\"https:\\\/\\\/krausz.com\\\/products-main\\\/hymax-grip-wide-range-restraint-couplings\\\/#breadcrumb\"},\"inLanguage\":\"de\",\"potentialAction\":[{\"@type\":\"ReadAction\",\"target\":[\"https:\\\/\\\/krausz.com\\\/products-main\\\/hymax-grip-wide-range-restraint-couplings\\\/\"]}]},{\"@type\":\"ImageObject\",\"inLanguage\":\"de\",\"@id\":\"https:\\\/\\\/krausz.com\\\/products-main\\\/hymax-grip-wide-range-restraint-couplings\\\/#primaryimage\",\"url\":\"https:\\\/\\\/krausz.com\\\/wp-content\\\/uploads\\\/2015\\\/12\\\/grip-Shadow200x200_2.jpg\",\"contentUrl\":\"https:\\\/\\\/krausz.com\\\/wp-content\\\/uploads\\\/2015\\\/12\\\/grip-Shadow200x200_2.jpg\",\"width\":200,\"height\":200},{\"@type\":\"BreadcrumbList\",\"@id\":\"https:\\\/\\\/krausz.com\\\/products-main\\\/hymax-grip-wide-range-restraint-couplings\\\/#breadcrumb\",\"itemListElement\":[{\"@type\":\"ListItem\",\"position\":1,\"name\":\"Home\",\"item\":\"https:\\\/\\\/krausz.com\\\/de\\\/\"},{\"@type\":\"ListItem\",\"position\":2,\"name\":\"Product Families\",\"item\":\"https:\\\/\\\/krausz.com\\\/products-main\\\/\"},{\"@type\":\"ListItem\",\"position\":3,\"name\":\"HYMAX\u00ae GRIP\"}]},{\"@type\":\"WebSite\",\"@id\":\"https:\\\/\\\/krausz.com\\\/#website\",\"url\":\"https:\\\/\\\/krausz.com\\\/\",\"name\":\"Krausz Industries\",\"description\":\"Repair the past. Connect the future\",\"potentialAction\":[{\"@type\":\"SearchAction\",\"target\":{\"@type\":\"EntryPoint\",\"urlTemplate\":\"https:\\\/\\\/krausz.com\\\/?s={search_term_string}\"},\"query-input\":{\"@type\":\"PropertyValueSpecification\",\"valueRequired\":true,\"valueName\":\"search_term_string\"}}],\"inLanguage\":\"de\"}]}<\/script>\n<!-- \/ Yoast SEO plugin. -->","yoast_head_json":{"title":"HYMAX\u00ae GRIP - Krausz Industries","robots":{"index":"index","follow":"follow","max-snippet":"max-snippet:-1","max-image-preview":"max-image-preview:large","max-video-preview":"max-video-preview:-1"},"canonical":"https:\/\/krausz.com\/products-main\/hymax-grip-wide-range-restraint-couplings\/","og_locale":"de_DE","og_type":"article","og_title":"HYMAX\u00ae GRIP - Krausz Industries","og_description":"Die Krausz HYMAX GRIP\u00ae bietet eine zuverl\u00e4ssige Verbindung und Abdichtung f\u00fcr ein breites Spektrum von Rohrarten und Rohrdurchmessern. Die patentierte Konstruktion erm\u00f6glicht eine Verbindung von Rohren aus gleichen oder unterschiedlichen Materialien und Durchmessern mit un\u00fcbertroffener Leichtigkeit. Die innovative, von Krausz erfundene und(\u05dc\u05d4\u05de\u05e9\u05da \u05e7\u05e8\u05d9\u05d0\u05d4...)","og_url":"https:\/\/krausz.com\/products-main\/hymax-grip-wide-range-restraint-couplings\/","og_site_name":"Krausz Industries","article_modified_time":"2021-11-14T17:27:26+00:00","og_image":[{"width":200,"height":200,"url":"https:\/\/krausz.com\/wp-content\/uploads\/2015\/12\/grip-Shadow200x200_2.jpg","type":"image\/jpeg"}],"twitter_card":"summary_large_image","twitter_misc":{"Gesch\u00e4tzte Lesezeit":"1\u00a0Minute"},"schema":{"@context":"https:\/\/schema.org","@graph":[{"@type":"WebPage","@id":"https:\/\/krausz.com\/products-main\/hymax-grip-wide-range-restraint-couplings\/","url":"https:\/\/krausz.com\/products-main\/hymax-grip-wide-range-restraint-couplings\/","name":"HYMAX\u00ae GRIP - Krausz Industries","isPartOf":{"@id":"https:\/\/krausz.com\/#website"},"primaryImageOfPage":{"@id":"https:\/\/krausz.com\/products-main\/hymax-grip-wide-range-restraint-couplings\/#primaryimage"},"image":{"@id":"https:\/\/krausz.com\/products-main\/hymax-grip-wide-range-restraint-couplings\/#primaryimage"},"thumbnailUrl":"https:\/\/krausz.com\/wp-content\/uploads\/2015\/12\/grip-Shadow200x200_2.jpg","datePublished":"2017-02-02T09:52:33+00:00","dateModified":"2021-11-14T17:27:26+00:00","breadcrumb":{"@id":"https:\/\/krausz.com\/products-main\/hymax-grip-wide-range-restraint-couplings\/#breadcrumb"},"inLanguage":"de","potentialAction":[{"@type":"ReadAction","target":["https:\/\/krausz.com\/products-main\/hymax-grip-wide-range-restraint-couplings\/"]}]},{"@type":"ImageObject","inLanguage":"de","@id":"https:\/\/krausz.com\/products-main\/hymax-grip-wide-range-restraint-couplings\/#primaryimage","url":"https:\/\/krausz.com\/wp-content\/uploads\/2015\/12\/grip-Shadow200x200_2.jpg","contentUrl":"https:\/\/krausz.com\/wp-content\/uploads\/2015\/12\/grip-Shadow200x200_2.jpg","width":200,"height":200},{"@type":"BreadcrumbList","@id":"https:\/\/krausz.com\/products-main\/hymax-grip-wide-range-restraint-couplings\/#breadcrumb","itemListElement":[{"@type":"ListItem","position":1,"name":"Home","item":"https:\/\/krausz.com\/de\/"},{"@type":"ListItem","position":2,"name":"Product Families","item":"https:\/\/krausz.com\/products-main\/"},{"@type":"ListItem","position":3,"name":"HYMAX\u00ae GRIP"}]},{"@type":"WebSite","@id":"https:\/\/krausz.com\/#website","url":"https:\/\/krausz.com\/","name":"Krausz Industries","description":"Repair the past. Connect the future","potentialAction":[{"@type":"SearchAction","target":{"@type":"EntryPoint","urlTemplate":"https:\/\/krausz.com\/?s={search_term_string}"},"query-input":{"@type":"PropertyValueSpecification","valueRequired":true,"valueName":"search_term_string"}}],"inLanguage":"de"}]}},"_links":{"self":[{"href":"https:\/\/krausz.com\/de\/wp-json\/wp\/v2\/pages\/6271","targetHints":{"allow":["GET"]}}],"collection":[{"href":"https:\/\/krausz.com\/de\/wp-json\/wp\/v2\/pages"}],"about":[{"href":"https:\/\/krausz.com\/de\/wp-json\/wp\/v2\/types\/page"}],"author":[{"embeddable":true,"href":"https:\/\/krausz.com\/de\/wp-json\/wp\/v2\/users\/1"}],"replies":[{"embeddable":true,"href":"https:\/\/krausz.com\/de\/wp-json\/wp\/v2\/comments?post=6271"}],"version-history":[{"count":2,"href":"https:\/\/krausz.com\/de\/wp-json\/wp\/v2\/pages\/6271\/revisions"}],"predecessor-version":[{"id":6610,"href":"https:\/\/krausz.com\/de\/wp-json\/wp\/v2\/pages\/6271\/revisions\/6610"}],"up":[{"embeddable":true,"href":"https:\/\/krausz.com\/de\/wp-json\/wp\/v2\/pages\/6272"}],"wp:featuredmedia":[{"embeddable":true,"href":"https:\/\/krausz.com\/de\/wp-json\/wp\/v2\/media\/5916"}],"wp:attachment":[{"href":"https:\/\/krausz.com\/de\/wp-json\/wp\/v2\/media?parent=6271"}],"curies":[{"name":"wp","href":"https:\/\/api.w.org\/{rel}","templated":true}]}}