{"id":6273,"date":"2017-02-02T11:52:34","date_gmt":"2017-02-02T09:52:34","guid":{"rendered":"https:\/\/krausz.com\/de\/product-families\/repamaxrepaflex\/"},"modified":"2021-11-14T19:28:02","modified_gmt":"2021-11-14T17:28:02","slug":"repamax-repaflex","status":"publish","type":"page","link":"https:\/\/krausz.com\/de\/product-families\/repamax-repaflex\/","title":{"rendered":"REPAMAX\u00ae\/REPAFLEX\u00ae"},"content":{"rendered":"<p>Das umfassende Krausz REPAMAX\/REPAFLEX Produktprogramm bietet \u00e4u\u00dferst vielseitige Anwendungen aus Edelstahl f\u00fcr die Verbindung und Reparatur von Rohren im Trinkwasser- und Abwasserbereich. Dieses Produktprogramm zeichnet sich vor allem durch ihre au\u00dfergew\u00f6hnliche Haltbarkeit und Flexibilit\u00e4t aus und ist bestens geeignet bei aggressiven Bodenbedingungen. Die Krausz REPAMAX\/REPAFLEX Kupplungen eignen sich zum Verbinden von Rohren mit gleichem oder unterschiedlichem Durchmesser und zum Reparieren von L\u00f6chern und Rissen. Diese Multifunktionalit\u00e4t in Verbindung mit einer einzigartigen Toleranzbreite erm\u00f6glicht eine reduzierte Lagerhaltung und spart so Kosten und Regalfl\u00e4che.<\/p>\n<ul>\n<li>Umfangreiches Produktprogramm mit Nennrohrgr\u00f6\u00dfen von 40 mm \u2013\u00a01800 mm.<\/li>\n<li>Hohe Toleranzbreite durch verschiedene Arbeitsbereiche von 12 mm, 22 mm und 32 mm (10 mm f\u00fcr Gr\u00f6\u00dfen ab 650 mm).<\/li>\n<li>Reduziert die Lagerkosten erheblich und spart so Regalplatz ein, da die Produkte auf ein breites Spektrum von Rohrdurchmessern passen und damit spezielle Umwicklungs- oder Kupplungsprodukten \u00fcberfl\u00fcssig werden.<\/li>\n<li>Mobile Versorgungsteams k\u00f6nnen die meisten Notf\u00e4lle mit einer nur geringen Anzahl an mitgef\u00fchrten Produkten reparieren, wodurch zus\u00e4tzliche Lieferfahrten zum und vom Lager reduziert werden.<\/li>\n<li>Ein einziges Produkt kann Rohre aus zwei verschiedenen Materialien mit einem Toleranzbereich von bis zu 10 mm verbinden.<\/li>\n<li>Effektiv bei Reparaturen von undichten\u00a0Glocken- und Muffenn\u00e4hten. Nach der Entfernung einer dieser N\u00e4hte ersetzt eine Repamax die undichte Nahtstelle einfach, effektiv und dauerhaft.<\/li>\n<\/ul>\n<p>Alle KRAUSZ HYMAX- und Repamax\/Repaflex-Produkte sind gem\u00e4\u00df der europ\u00e4ischen Norm EN-14525 vom Institut des SVGW (Schweizerischer Verein des Gas- und Wasserfaches) zugelassen.<\/p>\n","protected":false},"excerpt":{"rendered":"<p>Das umfassende Krausz REPAMAX\/REPAFLEX Produktprogramm bietet \u00e4u\u00dferst vielseitige Anwendungen aus Edelstahl f\u00fcr die Verbindung und Reparatur von Rohren im Trinkwasser- und Abwasserbereich. Dieses Produktprogramm zeichnet sich vor allem durch ihre au\u00dfergew\u00f6hnliche Haltbarkeit und Flexibilit\u00e4t aus und ist bestens geeignet bei aggressiven Bodenbedingungen.<\/p>\n<div class=\"view-full-post\"><a href=\"https:\/\/krausz.com\/de\/product-families\/repamax-repaflex\/\" class=\"view-full-post-btn\">(\u05dc\u05d4\u05de\u05e9\u05da \u05e7\u05e8\u05d9\u05d0\u05d4&#8230;)<\/a><\/div>\n","protected":false},"author":1,"featured_media":5431,"parent":6272,"menu_order":4,"comment_status":"closed","ping_status":"closed","template":"templates\/product-family.php","meta":{"inline_featured_image":false,"footnotes":""},"class_list":["post-6273","page","type-page","status-publish","has-post-thumbnail","hentry"],"yoast_head":"<!-- This site is optimized with the Yoast SEO plugin v27.3 - https:\/\/yoast.com\/product\/yoast-seo-wordpress\/ -->\n<title>REPAMAX\u00ae\/REPAFLEX\u00ae - Krausz Industries<\/title>\n<meta name=\"robots\" content=\"index, follow, max-snippet:-1, max-image-preview:large, max-video-preview:-1\" \/>\n<link rel=\"canonical\" href=\"https:\/\/krausz.com\/products-main\/repamax-wide-range-coupling-and-repair-solutions\/\" \/>\n<meta property=\"og:locale\" content=\"de_DE\" \/>\n<meta property=\"og:type\" content=\"article\" \/>\n<meta property=\"og:title\" content=\"REPAMAX\u00ae\/REPAFLEX\u00ae - Krausz Industries\" \/>\n<meta property=\"og:description\" content=\"Das umfassende Krausz REPAMAX\/REPAFLEX Produktprogramm bietet \u00e4u\u00dferst vielseitige Anwendungen aus Edelstahl f\u00fcr die Verbindung und Reparatur von Rohren im Trinkwasser- und Abwasserbereich. Dieses Produktprogramm zeichnet sich vor allem durch ihre au\u00dfergew\u00f6hnliche Haltbarkeit und Flexibilit\u00e4t aus und ist bestens geeignet bei aggressiven Bodenbedingungen.(\u05dc\u05d4\u05de\u05e9\u05da \u05e7\u05e8\u05d9\u05d0\u05d4...)\" \/>\n<meta property=\"og:url\" content=\"https:\/\/krausz.com\/products-main\/repamax-wide-range-coupling-and-repair-solutions\/\" \/>\n<meta property=\"og:site_name\" content=\"Krausz Industries\" \/>\n<meta property=\"article:modified_time\" content=\"2021-11-14T17:28:02+00:00\" \/>\n<meta property=\"og:image\" content=\"https:\/\/krausz.com\/wp-content\/uploads\/2015\/12\/repamax-Mid.png\" \/>\n\t<meta property=\"og:image:width\" content=\"200\" \/>\n\t<meta property=\"og:image:height\" content=\"200\" \/>\n\t<meta property=\"og:image:type\" content=\"image\/png\" \/>\n<meta name=\"twitter:card\" content=\"summary_large_image\" \/>\n<meta name=\"twitter:label1\" content=\"Gesch\u00e4tzte Lesezeit\" \/>\n\t<meta name=\"twitter:data1\" content=\"1\u00a0Minute\" \/>\n<script type=\"application\/ld+json\" class=\"yoast-schema-graph\">{\"@context\":\"https:\\\/\\\/schema.org\",\"@graph\":[{\"@type\":\"WebPage\",\"@id\":\"https:\\\/\\\/krausz.com\\\/products-main\\\/repamax-wide-range-coupling-and-repair-solutions\\\/\",\"url\":\"https:\\\/\\\/krausz.com\\\/products-main\\\/repamax-wide-range-coupling-and-repair-solutions\\\/\",\"name\":\"REPAMAX\u00ae\\\/REPAFLEX\u00ae - Krausz Industries\",\"isPartOf\":{\"@id\":\"https:\\\/\\\/krausz.com\\\/#website\"},\"primaryImageOfPage\":{\"@id\":\"https:\\\/\\\/krausz.com\\\/products-main\\\/repamax-wide-range-coupling-and-repair-solutions\\\/#primaryimage\"},\"image\":{\"@id\":\"https:\\\/\\\/krausz.com\\\/products-main\\\/repamax-wide-range-coupling-and-repair-solutions\\\/#primaryimage\"},\"thumbnailUrl\":\"https:\\\/\\\/krausz.com\\\/wp-content\\\/uploads\\\/2015\\\/12\\\/repamax-Mid.png\",\"datePublished\":\"2017-02-02T09:52:34+00:00\",\"dateModified\":\"2021-11-14T17:28:02+00:00\",\"breadcrumb\":{\"@id\":\"https:\\\/\\\/krausz.com\\\/products-main\\\/repamax-wide-range-coupling-and-repair-solutions\\\/#breadcrumb\"},\"inLanguage\":\"de\",\"potentialAction\":[{\"@type\":\"ReadAction\",\"target\":[\"https:\\\/\\\/krausz.com\\\/products-main\\\/repamax-wide-range-coupling-and-repair-solutions\\\/\"]}]},{\"@type\":\"ImageObject\",\"inLanguage\":\"de\",\"@id\":\"https:\\\/\\\/krausz.com\\\/products-main\\\/repamax-wide-range-coupling-and-repair-solutions\\\/#primaryimage\",\"url\":\"https:\\\/\\\/krausz.com\\\/wp-content\\\/uploads\\\/2015\\\/12\\\/repamax-Mid.png\",\"contentUrl\":\"https:\\\/\\\/krausz.com\\\/wp-content\\\/uploads\\\/2015\\\/12\\\/repamax-Mid.png\",\"width\":200,\"height\":200},{\"@type\":\"BreadcrumbList\",\"@id\":\"https:\\\/\\\/krausz.com\\\/products-main\\\/repamax-wide-range-coupling-and-repair-solutions\\\/#breadcrumb\",\"itemListElement\":[{\"@type\":\"ListItem\",\"position\":1,\"name\":\"Home\",\"item\":\"https:\\\/\\\/krausz.com\\\/de\\\/\"},{\"@type\":\"ListItem\",\"position\":2,\"name\":\"Product Families\",\"item\":\"https:\\\/\\\/krausz.com\\\/products-main\\\/\"},{\"@type\":\"ListItem\",\"position\":3,\"name\":\"REPAMAX\u00ae\\\/REPAFLEX\u00ae\"}]},{\"@type\":\"WebSite\",\"@id\":\"https:\\\/\\\/krausz.com\\\/#website\",\"url\":\"https:\\\/\\\/krausz.com\\\/\",\"name\":\"Krausz Industries\",\"description\":\"Repair the past. Connect the future\",\"potentialAction\":[{\"@type\":\"SearchAction\",\"target\":{\"@type\":\"EntryPoint\",\"urlTemplate\":\"https:\\\/\\\/krausz.com\\\/?s={search_term_string}\"},\"query-input\":{\"@type\":\"PropertyValueSpecification\",\"valueRequired\":true,\"valueName\":\"search_term_string\"}}],\"inLanguage\":\"de\"}]}<\/script>\n<!-- \/ Yoast SEO plugin. -->","yoast_head_json":{"title":"REPAMAX\u00ae\/REPAFLEX\u00ae - Krausz Industries","robots":{"index":"index","follow":"follow","max-snippet":"max-snippet:-1","max-image-preview":"max-image-preview:large","max-video-preview":"max-video-preview:-1"},"canonical":"https:\/\/krausz.com\/products-main\/repamax-wide-range-coupling-and-repair-solutions\/","og_locale":"de_DE","og_type":"article","og_title":"REPAMAX\u00ae\/REPAFLEX\u00ae - Krausz Industries","og_description":"Das umfassende Krausz REPAMAX\/REPAFLEX Produktprogramm bietet \u00e4u\u00dferst vielseitige Anwendungen aus Edelstahl f\u00fcr die Verbindung und Reparatur von Rohren im Trinkwasser- und Abwasserbereich. Dieses Produktprogramm zeichnet sich vor allem durch ihre au\u00dfergew\u00f6hnliche Haltbarkeit und Flexibilit\u00e4t aus und ist bestens geeignet bei aggressiven Bodenbedingungen.(\u05dc\u05d4\u05de\u05e9\u05da \u05e7\u05e8\u05d9\u05d0\u05d4...)","og_url":"https:\/\/krausz.com\/products-main\/repamax-wide-range-coupling-and-repair-solutions\/","og_site_name":"Krausz Industries","article_modified_time":"2021-11-14T17:28:02+00:00","og_image":[{"width":200,"height":200,"url":"https:\/\/krausz.com\/wp-content\/uploads\/2015\/12\/repamax-Mid.png","type":"image\/png"}],"twitter_card":"summary_large_image","twitter_misc":{"Gesch\u00e4tzte Lesezeit":"1\u00a0Minute"},"schema":{"@context":"https:\/\/schema.org","@graph":[{"@type":"WebPage","@id":"https:\/\/krausz.com\/products-main\/repamax-wide-range-coupling-and-repair-solutions\/","url":"https:\/\/krausz.com\/products-main\/repamax-wide-range-coupling-and-repair-solutions\/","name":"REPAMAX\u00ae\/REPAFLEX\u00ae - Krausz Industries","isPartOf":{"@id":"https:\/\/krausz.com\/#website"},"primaryImageOfPage":{"@id":"https:\/\/krausz.com\/products-main\/repamax-wide-range-coupling-and-repair-solutions\/#primaryimage"},"image":{"@id":"https:\/\/krausz.com\/products-main\/repamax-wide-range-coupling-and-repair-solutions\/#primaryimage"},"thumbnailUrl":"https:\/\/krausz.com\/wp-content\/uploads\/2015\/12\/repamax-Mid.png","datePublished":"2017-02-02T09:52:34+00:00","dateModified":"2021-11-14T17:28:02+00:00","breadcrumb":{"@id":"https:\/\/krausz.com\/products-main\/repamax-wide-range-coupling-and-repair-solutions\/#breadcrumb"},"inLanguage":"de","potentialAction":[{"@type":"ReadAction","target":["https:\/\/krausz.com\/products-main\/repamax-wide-range-coupling-and-repair-solutions\/"]}]},{"@type":"ImageObject","inLanguage":"de","@id":"https:\/\/krausz.com\/products-main\/repamax-wide-range-coupling-and-repair-solutions\/#primaryimage","url":"https:\/\/krausz.com\/wp-content\/uploads\/2015\/12\/repamax-Mid.png","contentUrl":"https:\/\/krausz.com\/wp-content\/uploads\/2015\/12\/repamax-Mid.png","width":200,"height":200},{"@type":"BreadcrumbList","@id":"https:\/\/krausz.com\/products-main\/repamax-wide-range-coupling-and-repair-solutions\/#breadcrumb","itemListElement":[{"@type":"ListItem","position":1,"name":"Home","item":"https:\/\/krausz.com\/de\/"},{"@type":"ListItem","position":2,"name":"Product Families","item":"https:\/\/krausz.com\/products-main\/"},{"@type":"ListItem","position":3,"name":"REPAMAX\u00ae\/REPAFLEX\u00ae"}]},{"@type":"WebSite","@id":"https:\/\/krausz.com\/#website","url":"https:\/\/krausz.com\/","name":"Krausz Industries","description":"Repair the past. Connect the future","potentialAction":[{"@type":"SearchAction","target":{"@type":"EntryPoint","urlTemplate":"https:\/\/krausz.com\/?s={search_term_string}"},"query-input":{"@type":"PropertyValueSpecification","valueRequired":true,"valueName":"search_term_string"}}],"inLanguage":"de"}]}},"_links":{"self":[{"href":"https:\/\/krausz.com\/de\/wp-json\/wp\/v2\/pages\/6273","targetHints":{"allow":["GET"]}}],"collection":[{"href":"https:\/\/krausz.com\/de\/wp-json\/wp\/v2\/pages"}],"about":[{"href":"https:\/\/krausz.com\/de\/wp-json\/wp\/v2\/types\/page"}],"author":[{"embeddable":true,"href":"https:\/\/krausz.com\/de\/wp-json\/wp\/v2\/users\/1"}],"replies":[{"embeddable":true,"href":"https:\/\/krausz.com\/de\/wp-json\/wp\/v2\/comments?post=6273"}],"version-history":[{"count":6,"href":"https:\/\/krausz.com\/de\/wp-json\/wp\/v2\/pages\/6273\/revisions"}],"predecessor-version":[{"id":6625,"href":"https:\/\/krausz.com\/de\/wp-json\/wp\/v2\/pages\/6273\/revisions\/6625"}],"up":[{"embeddable":true,"href":"https:\/\/krausz.com\/de\/wp-json\/wp\/v2\/pages\/6272"}],"wp:featuredmedia":[{"embeddable":true,"href":"https:\/\/krausz.com\/de\/wp-json\/wp\/v2\/media\/5431"}],"wp:attachment":[{"href":"https:\/\/krausz.com\/de\/wp-json\/wp\/v2\/media?parent=6273"}],"curies":[{"name":"wp","href":"https:\/\/api.w.org\/{rel}","templated":true}]}}