{"id":6276,"date":"2017-02-02T11:52:34","date_gmt":"2017-02-02T09:52:34","guid":{"rendered":"https:\/\/krausz.com\/de\/hymax\/hymax-langer-korpus\/"},"modified":"2018-05-07T20:10:20","modified_gmt":"2018-05-07T17:10:20","slug":"hymax-langer-korpus","status":"publish","type":"page","link":"https:\/\/krausz.com\/de\/product-families\/hymax-kupplung\/hymax-langer-korpus\/","title":{"rendered":"HYMAX LANGER KORPUS"},"content":{"rendered":"<p>Das umfassende Sortiment an HYMAX Kupplungen mit langem Korpus wird zum Ersetzen von Rohrabschnitten verwendet und verbindet zwei Rohre mit gleichem oder unterschiedlichem Au\u00dfendurchmesser, entweder aus dem gleichen oder aus unterschiedlichen Material(ien). Es dient zur Abdeckung von gr\u00f6\u00dferen Rohrabst\u00e4nden im Bereich von bis zu 54 mm.<\/p>\n<p>Lange Kupplungen werden \u00fcblicherweise verwendet, wenn Unsicherheiten im Zusammenhang mit dem Abstand zwischen den Rohren bestehen.<\/p>\n","protected":false},"excerpt":{"rendered":"<p>Das umfassende Sortiment an HYMAX Kupplungen mit langem Korpus wird zum Ersetzen von Rohrabschnitten verwendet und verbindet zwei Rohre mit gleichem oder unterschiedlichem Au\u00dfendurchmesser, entweder aus dem gleichen oder aus unterschiedlichen Material(ien). Es dient zur Abdeckung von gr\u00f6\u00dferen Rohrabst\u00e4nden im Bereich von<\/p>\n<div class=\"view-full-post\"><a href=\"https:\/\/krausz.com\/de\/product-families\/hymax-kupplung\/hymax-langer-korpus\/\" class=\"view-full-post-btn\">(\u05dc\u05d4\u05de\u05e9\u05da \u05e7\u05e8\u05d9\u05d0\u05d4&#8230;)<\/a><\/div>\n","protected":false},"author":1,"featured_media":3581,"parent":6269,"menu_order":8,"comment_status":"closed","ping_status":"closed","template":"templates\/product-child.php","meta":{"inline_featured_image":false,"footnotes":""},"class_list":["post-6276","page","type-page","status-publish","has-post-thumbnail","hentry"],"yoast_head":"<!-- This site is optimized with the Yoast SEO plugin v27.2 - https:\/\/yoast.com\/product\/yoast-seo-wordpress\/ -->\n<title>HYMAX LANGER KORPUS - Krausz Industries<\/title>\n<meta name=\"robots\" content=\"index, follow, max-snippet:-1, max-image-preview:large, max-video-preview:-1\" \/>\n<link rel=\"canonical\" href=\"https:\/\/krausz.com\/products-main\/hymax-coupling\/hymax-long-body\/\" \/>\n<meta property=\"og:locale\" content=\"de_DE\" \/>\n<meta property=\"og:type\" content=\"article\" \/>\n<meta property=\"og:title\" content=\"HYMAX LANGER KORPUS - Krausz Industries\" \/>\n<meta property=\"og:description\" content=\"Das umfassende Sortiment an HYMAX Kupplungen mit langem Korpus wird zum Ersetzen von Rohrabschnitten verwendet und verbindet zwei Rohre mit gleichem oder unterschiedlichem Au\u00dfendurchmesser, entweder aus dem gleichen oder aus unterschiedlichen Material(ien). Es dient zur Abdeckung von gr\u00f6\u00dferen Rohrabst\u00e4nden im Bereich von(\u05dc\u05d4\u05de\u05e9\u05da \u05e7\u05e8\u05d9\u05d0\u05d4...)\" \/>\n<meta property=\"og:url\" content=\"https:\/\/krausz.com\/products-main\/hymax-coupling\/hymax-long-body\/\" \/>\n<meta property=\"og:site_name\" content=\"Krausz Industries\" \/>\n<meta property=\"article:modified_time\" content=\"2018-05-07T17:10:20+00:00\" \/>\n<meta property=\"og:image\" content=\"https:\/\/krausz.com\/wp-content\/uploads\/2016\/03\/11.png\" \/>\n\t<meta property=\"og:image:width\" content=\"200\" \/>\n\t<meta property=\"og:image:height\" content=\"200\" \/>\n\t<meta property=\"og:image:type\" content=\"image\/png\" \/>\n<meta name=\"twitter:card\" content=\"summary_large_image\" \/>\n<script type=\"application\/ld+json\" class=\"yoast-schema-graph\">{\"@context\":\"https:\/\/schema.org\",\"@graph\":[{\"@type\":\"WebPage\",\"@id\":\"https:\/\/krausz.com\/products-main\/hymax-coupling\/hymax-long-body\/\",\"url\":\"https:\/\/krausz.com\/products-main\/hymax-coupling\/hymax-long-body\/\",\"name\":\"HYMAX LANGER KORPUS - Krausz Industries\",\"isPartOf\":{\"@id\":\"https:\/\/krausz.com\/#website\"},\"primaryImageOfPage\":{\"@id\":\"https:\/\/krausz.com\/products-main\/hymax-coupling\/hymax-long-body\/#primaryimage\"},\"image\":{\"@id\":\"https:\/\/krausz.com\/products-main\/hymax-coupling\/hymax-long-body\/#primaryimage\"},\"thumbnailUrl\":\"https:\/\/krausz.com\/wp-content\/uploads\/2016\/03\/11.png\",\"datePublished\":\"2017-02-02T09:52:34+00:00\",\"dateModified\":\"2018-05-07T17:10:20+00:00\",\"breadcrumb\":{\"@id\":\"https:\/\/krausz.com\/products-main\/hymax-coupling\/hymax-long-body\/#breadcrumb\"},\"inLanguage\":\"de\",\"potentialAction\":[{\"@type\":\"ReadAction\",\"target\":[\"https:\/\/krausz.com\/products-main\/hymax-coupling\/hymax-long-body\/\"]}]},{\"@type\":\"ImageObject\",\"inLanguage\":\"de\",\"@id\":\"https:\/\/krausz.com\/products-main\/hymax-coupling\/hymax-long-body\/#primaryimage\",\"url\":\"https:\/\/krausz.com\/wp-content\/uploads\/2016\/03\/11.png\",\"contentUrl\":\"https:\/\/krausz.com\/wp-content\/uploads\/2016\/03\/11.png\",\"width\":200,\"height\":200},{\"@type\":\"BreadcrumbList\",\"@id\":\"https:\/\/krausz.com\/products-main\/hymax-coupling\/hymax-long-body\/#breadcrumb\",\"itemListElement\":[{\"@type\":\"ListItem\",\"position\":1,\"name\":\"Home\",\"item\":\"https:\/\/krausz.com\/de\/\"},{\"@type\":\"ListItem\",\"position\":2,\"name\":\"Product Families\",\"item\":\"https:\/\/krausz.com\/products-main\/\"},{\"@type\":\"ListItem\",\"position\":3,\"name\":\"HYMAX KUPPLUNG\",\"item\":\"https:\/\/krausz.com\/products-main\/hymax-coupling\/\"},{\"@type\":\"ListItem\",\"position\":4,\"name\":\"HYMAX LANGER KORPUS\"}]},{\"@type\":\"WebSite\",\"@id\":\"https:\/\/krausz.com\/#website\",\"url\":\"https:\/\/krausz.com\/\",\"name\":\"Krausz Industries\",\"description\":\"Repair the past. Connect the future\",\"potentialAction\":[{\"@type\":\"SearchAction\",\"target\":{\"@type\":\"EntryPoint\",\"urlTemplate\":\"https:\/\/krausz.com\/?s={search_term_string}\"},\"query-input\":{\"@type\":\"PropertyValueSpecification\",\"valueRequired\":true,\"valueName\":\"search_term_string\"}}],\"inLanguage\":\"de\"}]}<\/script>\n<!-- \/ Yoast SEO plugin. -->","yoast_head_json":{"title":"HYMAX LANGER KORPUS - Krausz Industries","robots":{"index":"index","follow":"follow","max-snippet":"max-snippet:-1","max-image-preview":"max-image-preview:large","max-video-preview":"max-video-preview:-1"},"canonical":"https:\/\/krausz.com\/products-main\/hymax-coupling\/hymax-long-body\/","og_locale":"de_DE","og_type":"article","og_title":"HYMAX LANGER KORPUS - Krausz Industries","og_description":"Das umfassende Sortiment an HYMAX Kupplungen mit langem Korpus wird zum Ersetzen von Rohrabschnitten verwendet und verbindet zwei Rohre mit gleichem oder unterschiedlichem Au\u00dfendurchmesser, entweder aus dem gleichen oder aus unterschiedlichen Material(ien). Es dient zur Abdeckung von gr\u00f6\u00dferen Rohrabst\u00e4nden im Bereich von(\u05dc\u05d4\u05de\u05e9\u05da \u05e7\u05e8\u05d9\u05d0\u05d4...)","og_url":"https:\/\/krausz.com\/products-main\/hymax-coupling\/hymax-long-body\/","og_site_name":"Krausz Industries","article_modified_time":"2018-05-07T17:10:20+00:00","og_image":[{"width":200,"height":200,"url":"https:\/\/krausz.com\/wp-content\/uploads\/2016\/03\/11.png","type":"image\/png"}],"twitter_card":"summary_large_image","schema":{"@context":"https:\/\/schema.org","@graph":[{"@type":"WebPage","@id":"https:\/\/krausz.com\/products-main\/hymax-coupling\/hymax-long-body\/","url":"https:\/\/krausz.com\/products-main\/hymax-coupling\/hymax-long-body\/","name":"HYMAX LANGER KORPUS - Krausz Industries","isPartOf":{"@id":"https:\/\/krausz.com\/#website"},"primaryImageOfPage":{"@id":"https:\/\/krausz.com\/products-main\/hymax-coupling\/hymax-long-body\/#primaryimage"},"image":{"@id":"https:\/\/krausz.com\/products-main\/hymax-coupling\/hymax-long-body\/#primaryimage"},"thumbnailUrl":"https:\/\/krausz.com\/wp-content\/uploads\/2016\/03\/11.png","datePublished":"2017-02-02T09:52:34+00:00","dateModified":"2018-05-07T17:10:20+00:00","breadcrumb":{"@id":"https:\/\/krausz.com\/products-main\/hymax-coupling\/hymax-long-body\/#breadcrumb"},"inLanguage":"de","potentialAction":[{"@type":"ReadAction","target":["https:\/\/krausz.com\/products-main\/hymax-coupling\/hymax-long-body\/"]}]},{"@type":"ImageObject","inLanguage":"de","@id":"https:\/\/krausz.com\/products-main\/hymax-coupling\/hymax-long-body\/#primaryimage","url":"https:\/\/krausz.com\/wp-content\/uploads\/2016\/03\/11.png","contentUrl":"https:\/\/krausz.com\/wp-content\/uploads\/2016\/03\/11.png","width":200,"height":200},{"@type":"BreadcrumbList","@id":"https:\/\/krausz.com\/products-main\/hymax-coupling\/hymax-long-body\/#breadcrumb","itemListElement":[{"@type":"ListItem","position":1,"name":"Home","item":"https:\/\/krausz.com\/de\/"},{"@type":"ListItem","position":2,"name":"Product Families","item":"https:\/\/krausz.com\/products-main\/"},{"@type":"ListItem","position":3,"name":"HYMAX KUPPLUNG","item":"https:\/\/krausz.com\/products-main\/hymax-coupling\/"},{"@type":"ListItem","position":4,"name":"HYMAX LANGER KORPUS"}]},{"@type":"WebSite","@id":"https:\/\/krausz.com\/#website","url":"https:\/\/krausz.com\/","name":"Krausz Industries","description":"Repair the past. Connect the future","potentialAction":[{"@type":"SearchAction","target":{"@type":"EntryPoint","urlTemplate":"https:\/\/krausz.com\/?s={search_term_string}"},"query-input":{"@type":"PropertyValueSpecification","valueRequired":true,"valueName":"search_term_string"}}],"inLanguage":"de"}]}},"_links":{"self":[{"href":"https:\/\/krausz.com\/de\/wp-json\/wp\/v2\/pages\/6276","targetHints":{"allow":["GET"]}}],"collection":[{"href":"https:\/\/krausz.com\/de\/wp-json\/wp\/v2\/pages"}],"about":[{"href":"https:\/\/krausz.com\/de\/wp-json\/wp\/v2\/types\/page"}],"author":[{"embeddable":true,"href":"https:\/\/krausz.com\/de\/wp-json\/wp\/v2\/users\/1"}],"replies":[{"embeddable":true,"href":"https:\/\/krausz.com\/de\/wp-json\/wp\/v2\/comments?post=6276"}],"version-history":[{"count":1,"href":"https:\/\/krausz.com\/de\/wp-json\/wp\/v2\/pages\/6276\/revisions"}],"predecessor-version":[{"id":6456,"href":"https:\/\/krausz.com\/de\/wp-json\/wp\/v2\/pages\/6276\/revisions\/6456"}],"up":[{"embeddable":true,"href":"https:\/\/krausz.com\/de\/wp-json\/wp\/v2\/pages\/6269"}],"wp:featuredmedia":[{"embeddable":true,"href":"https:\/\/krausz.com\/de\/wp-json\/wp\/v2\/media\/3581"}],"wp:attachment":[{"href":"https:\/\/krausz.com\/de\/wp-json\/wp\/v2\/media?parent=6276"}],"curies":[{"name":"wp","href":"https:\/\/api.w.org\/{rel}","templated":true}]}}