{"id":6277,"date":"2017-02-02T11:52:34","date_gmt":"2017-02-02T09:52:34","guid":{"rendered":"https:\/\/krausz.com\/de\/hymax\/hymax-reduzierstueck\/"},"modified":"2018-05-07T20:10:59","modified_gmt":"2018-05-07T17:10:59","slug":"hymax-reduzierstueck","status":"publish","type":"page","link":"https:\/\/krausz.com\/de\/product-families\/hymax-kupplung\/hymax-reduzierstueck\/","title":{"rendered":"HYMAX REDUZIERST\u00dcCK"},"content":{"rendered":"<p>Das breite Spektrum an HYMAX Reduzierst\u00fccken verbindet verschiedene Nenngr\u00f6\u00dfen und Materialien. Jede Seite verf\u00fcgt \u00fcber einen Toleranzbereich von bis zu 54 mm und kann Rohre aus einer Vielzahl von Materialien verbinden.<\/p>\n","protected":false},"excerpt":{"rendered":"<p>26\u201d \u2013 60\u201d MTO (Made To Order). Contact Krausz For Details.<\/p>\n","protected":false},"author":1,"featured_media":3571,"parent":6269,"menu_order":10,"comment_status":"closed","ping_status":"closed","template":"templates\/product-child.php","meta":{"inline_featured_image":false,"footnotes":""},"class_list":["post-6277","page","type-page","status-publish","has-post-thumbnail","hentry"],"yoast_head":"<!-- This site is optimized with the Yoast SEO plugin v27.2 - https:\/\/yoast.com\/product\/yoast-seo-wordpress\/ -->\n<title>HYMAX REDUZIERST\u00dcCK - Krausz Industries<\/title>\n<meta name=\"robots\" content=\"index, follow, max-snippet:-1, max-image-preview:large, max-video-preview:-1\" \/>\n<link rel=\"canonical\" href=\"https:\/\/krausz.com\/products-main\/hymax-coupling\/hymax-reducer\/\" \/>\n<meta property=\"og:locale\" content=\"de_DE\" \/>\n<meta property=\"og:type\" content=\"article\" \/>\n<meta property=\"og:title\" content=\"HYMAX REDUZIERST\u00dcCK - Krausz Industries\" \/>\n<meta property=\"og:description\" content=\"26\u201d \u2013 60\u201d MTO (Made To Order). Contact Krausz For Details.\" \/>\n<meta property=\"og:url\" content=\"https:\/\/krausz.com\/products-main\/hymax-coupling\/hymax-reducer\/\" \/>\n<meta property=\"og:site_name\" content=\"Krausz Industries\" \/>\n<meta property=\"article:modified_time\" content=\"2018-05-07T17:10:59+00:00\" \/>\n<meta property=\"og:image\" content=\"https:\/\/krausz.com\/wp-content\/uploads\/2016\/03\/10.png\" \/>\n\t<meta property=\"og:image:width\" content=\"200\" \/>\n\t<meta property=\"og:image:height\" content=\"200\" \/>\n\t<meta property=\"og:image:type\" content=\"image\/png\" \/>\n<meta name=\"twitter:card\" content=\"summary_large_image\" \/>\n<script type=\"application\/ld+json\" class=\"yoast-schema-graph\">{\"@context\":\"https:\/\/schema.org\",\"@graph\":[{\"@type\":\"WebPage\",\"@id\":\"https:\/\/krausz.com\/products-main\/hymax-coupling\/hymax-reducer\/\",\"url\":\"https:\/\/krausz.com\/products-main\/hymax-coupling\/hymax-reducer\/\",\"name\":\"HYMAX REDUZIERST\u00dcCK - Krausz Industries\",\"isPartOf\":{\"@id\":\"https:\/\/krausz.com\/#website\"},\"primaryImageOfPage\":{\"@id\":\"https:\/\/krausz.com\/products-main\/hymax-coupling\/hymax-reducer\/#primaryimage\"},\"image\":{\"@id\":\"https:\/\/krausz.com\/products-main\/hymax-coupling\/hymax-reducer\/#primaryimage\"},\"thumbnailUrl\":\"https:\/\/krausz.com\/wp-content\/uploads\/2016\/03\/10.png\",\"datePublished\":\"2017-02-02T09:52:34+00:00\",\"dateModified\":\"2018-05-07T17:10:59+00:00\",\"breadcrumb\":{\"@id\":\"https:\/\/krausz.com\/products-main\/hymax-coupling\/hymax-reducer\/#breadcrumb\"},\"inLanguage\":\"de\",\"potentialAction\":[{\"@type\":\"ReadAction\",\"target\":[\"https:\/\/krausz.com\/products-main\/hymax-coupling\/hymax-reducer\/\"]}]},{\"@type\":\"ImageObject\",\"inLanguage\":\"de\",\"@id\":\"https:\/\/krausz.com\/products-main\/hymax-coupling\/hymax-reducer\/#primaryimage\",\"url\":\"https:\/\/krausz.com\/wp-content\/uploads\/2016\/03\/10.png\",\"contentUrl\":\"https:\/\/krausz.com\/wp-content\/uploads\/2016\/03\/10.png\",\"width\":200,\"height\":200},{\"@type\":\"BreadcrumbList\",\"@id\":\"https:\/\/krausz.com\/products-main\/hymax-coupling\/hymax-reducer\/#breadcrumb\",\"itemListElement\":[{\"@type\":\"ListItem\",\"position\":1,\"name\":\"Home\",\"item\":\"https:\/\/krausz.com\/de\/\"},{\"@type\":\"ListItem\",\"position\":2,\"name\":\"Product Families\",\"item\":\"https:\/\/krausz.com\/products-main\/\"},{\"@type\":\"ListItem\",\"position\":3,\"name\":\"HYMAX KUPPLUNG\",\"item\":\"https:\/\/krausz.com\/products-main\/hymax-coupling\/\"},{\"@type\":\"ListItem\",\"position\":4,\"name\":\"HYMAX REDUZIERST\u00dcCK\"}]},{\"@type\":\"WebSite\",\"@id\":\"https:\/\/krausz.com\/#website\",\"url\":\"https:\/\/krausz.com\/\",\"name\":\"Krausz Industries\",\"description\":\"Repair the past. Connect the future\",\"potentialAction\":[{\"@type\":\"SearchAction\",\"target\":{\"@type\":\"EntryPoint\",\"urlTemplate\":\"https:\/\/krausz.com\/?s={search_term_string}\"},\"query-input\":{\"@type\":\"PropertyValueSpecification\",\"valueRequired\":true,\"valueName\":\"search_term_string\"}}],\"inLanguage\":\"de\"}]}<\/script>\n<!-- \/ Yoast SEO plugin. -->","yoast_head_json":{"title":"HYMAX REDUZIERST\u00dcCK - Krausz Industries","robots":{"index":"index","follow":"follow","max-snippet":"max-snippet:-1","max-image-preview":"max-image-preview:large","max-video-preview":"max-video-preview:-1"},"canonical":"https:\/\/krausz.com\/products-main\/hymax-coupling\/hymax-reducer\/","og_locale":"de_DE","og_type":"article","og_title":"HYMAX REDUZIERST\u00dcCK - Krausz Industries","og_description":"26\u201d \u2013 60\u201d MTO (Made To Order). Contact Krausz For Details.","og_url":"https:\/\/krausz.com\/products-main\/hymax-coupling\/hymax-reducer\/","og_site_name":"Krausz Industries","article_modified_time":"2018-05-07T17:10:59+00:00","og_image":[{"width":200,"height":200,"url":"https:\/\/krausz.com\/wp-content\/uploads\/2016\/03\/10.png","type":"image\/png"}],"twitter_card":"summary_large_image","schema":{"@context":"https:\/\/schema.org","@graph":[{"@type":"WebPage","@id":"https:\/\/krausz.com\/products-main\/hymax-coupling\/hymax-reducer\/","url":"https:\/\/krausz.com\/products-main\/hymax-coupling\/hymax-reducer\/","name":"HYMAX REDUZIERST\u00dcCK - Krausz Industries","isPartOf":{"@id":"https:\/\/krausz.com\/#website"},"primaryImageOfPage":{"@id":"https:\/\/krausz.com\/products-main\/hymax-coupling\/hymax-reducer\/#primaryimage"},"image":{"@id":"https:\/\/krausz.com\/products-main\/hymax-coupling\/hymax-reducer\/#primaryimage"},"thumbnailUrl":"https:\/\/krausz.com\/wp-content\/uploads\/2016\/03\/10.png","datePublished":"2017-02-02T09:52:34+00:00","dateModified":"2018-05-07T17:10:59+00:00","breadcrumb":{"@id":"https:\/\/krausz.com\/products-main\/hymax-coupling\/hymax-reducer\/#breadcrumb"},"inLanguage":"de","potentialAction":[{"@type":"ReadAction","target":["https:\/\/krausz.com\/products-main\/hymax-coupling\/hymax-reducer\/"]}]},{"@type":"ImageObject","inLanguage":"de","@id":"https:\/\/krausz.com\/products-main\/hymax-coupling\/hymax-reducer\/#primaryimage","url":"https:\/\/krausz.com\/wp-content\/uploads\/2016\/03\/10.png","contentUrl":"https:\/\/krausz.com\/wp-content\/uploads\/2016\/03\/10.png","width":200,"height":200},{"@type":"BreadcrumbList","@id":"https:\/\/krausz.com\/products-main\/hymax-coupling\/hymax-reducer\/#breadcrumb","itemListElement":[{"@type":"ListItem","position":1,"name":"Home","item":"https:\/\/krausz.com\/de\/"},{"@type":"ListItem","position":2,"name":"Product Families","item":"https:\/\/krausz.com\/products-main\/"},{"@type":"ListItem","position":3,"name":"HYMAX KUPPLUNG","item":"https:\/\/krausz.com\/products-main\/hymax-coupling\/"},{"@type":"ListItem","position":4,"name":"HYMAX REDUZIERST\u00dcCK"}]},{"@type":"WebSite","@id":"https:\/\/krausz.com\/#website","url":"https:\/\/krausz.com\/","name":"Krausz Industries","description":"Repair the past. Connect the future","potentialAction":[{"@type":"SearchAction","target":{"@type":"EntryPoint","urlTemplate":"https:\/\/krausz.com\/?s={search_term_string}"},"query-input":{"@type":"PropertyValueSpecification","valueRequired":true,"valueName":"search_term_string"}}],"inLanguage":"de"}]}},"_links":{"self":[{"href":"https:\/\/krausz.com\/de\/wp-json\/wp\/v2\/pages\/6277","targetHints":{"allow":["GET"]}}],"collection":[{"href":"https:\/\/krausz.com\/de\/wp-json\/wp\/v2\/pages"}],"about":[{"href":"https:\/\/krausz.com\/de\/wp-json\/wp\/v2\/types\/page"}],"author":[{"embeddable":true,"href":"https:\/\/krausz.com\/de\/wp-json\/wp\/v2\/users\/1"}],"replies":[{"embeddable":true,"href":"https:\/\/krausz.com\/de\/wp-json\/wp\/v2\/comments?post=6277"}],"version-history":[{"count":1,"href":"https:\/\/krausz.com\/de\/wp-json\/wp\/v2\/pages\/6277\/revisions"}],"predecessor-version":[{"id":6457,"href":"https:\/\/krausz.com\/de\/wp-json\/wp\/v2\/pages\/6277\/revisions\/6457"}],"up":[{"embeddable":true,"href":"https:\/\/krausz.com\/de\/wp-json\/wp\/v2\/pages\/6269"}],"wp:featuredmedia":[{"embeddable":true,"href":"https:\/\/krausz.com\/de\/wp-json\/wp\/v2\/media\/3571"}],"wp:attachment":[{"href":"https:\/\/krausz.com\/de\/wp-json\/wp\/v2\/media?parent=6277"}],"curies":[{"name":"wp","href":"https:\/\/api.w.org\/{rel}","templated":true}]}}