{"id":6280,"date":"2017-02-02T11:52:35","date_gmt":"2017-02-02T09:52:35","guid":{"rendered":"https:\/\/krausz.com\/de\/hymax-grip\/hymax-grip-abdichtungskupplung\/"},"modified":"2018-05-07T20:19:24","modified_gmt":"2018-05-07T17:19:24","slug":"hymax-grip-abdichtungskupplung","status":"publish","type":"page","link":"https:\/\/krausz.com\/de\/product-families\/hymax-grip\/hymax-grip-abdichtungskupplung\/","title":{"rendered":"HYMAX GRIP ABDICHTUNGSKUPPLUNG"},"content":{"rendered":"<p>Es gibt viele Situationen, in denen Kupplungen mit zus\u00e4tzlicher Abdichtkraft erforderlich sind.\u00a0Die Krausz Abdichtprodukte vereinen die patentierte Technologie der HYMAX\u00ae Kupplung mit einem einzigartigen Abdichtsystem, das Rohrenden verbindet und gleichzeitig jegliche Bewegung verhindert.\u00a0Konstruiert mit der Innovation und der patentierten Technologie von Krausz funktionieren unsere Abdichtl\u00f6sungen an allen Metall- und Plastikrohren und sind f\u00fcr eine Vielzahl von Einsatzm\u00f6glichkeiten geeignet. <\/p>\n<div><em><strong>* Zur Zeit nur in bestimmten Gr\u00f6\u00dfen erh\u00e4ltlich &#8211;\u00a040 mm-150 mm<\/strong><\/em><\/div>\n","protected":false},"excerpt":{"rendered":"<p>Es gibt viele Situationen, in denen Kupplungen mit zus\u00e4tzlicher Abdichtkraft erforderlich sind.\u00a0Die Krausz Abdichtprodukte vereinen die patentierte Technologie der HYMAX\u00ae Kupplung mit einem einzigartigen Abdichtsystem, das Rohrenden verbindet und gleichzeitig jegliche Bewegung verhindert.\u00a0Konstruiert mit der Innovation und der patentierten Technologie von Krausz<\/p>\n<div class=\"view-full-post\"><a href=\"https:\/\/krausz.com\/de\/product-families\/hymax-grip\/hymax-grip-abdichtungskupplung\/\" class=\"view-full-post-btn\">(\u05dc\u05d4\u05de\u05e9\u05da \u05e7\u05e8\u05d9\u05d0\u05d4&#8230;)<\/a><\/div>\n","protected":false},"author":1,"featured_media":3776,"parent":6271,"menu_order":25,"comment_status":"closed","ping_status":"closed","template":"templates\/product-child.php","meta":{"inline_featured_image":false,"footnotes":""},"class_list":["post-6280","page","type-page","status-publish","has-post-thumbnail","hentry"],"yoast_head":"<!-- This site is optimized with the Yoast SEO plugin v27.3 - https:\/\/yoast.com\/product\/yoast-seo-wordpress\/ -->\n<title>HYMAX GRIP ABDICHTUNGSKUPPLUNG - Krausz Industries<\/title>\n<meta name=\"robots\" content=\"index, follow, max-snippet:-1, max-image-preview:large, max-video-preview:-1\" \/>\n<link rel=\"canonical\" href=\"https:\/\/krausz.com\/products-main\/hymax-grip-wide-range-restraint-couplings\/hymax-grip-coupling\/\" \/>\n<meta property=\"og:locale\" content=\"de_DE\" \/>\n<meta property=\"og:type\" content=\"article\" \/>\n<meta property=\"og:title\" content=\"HYMAX GRIP ABDICHTUNGSKUPPLUNG - Krausz Industries\" \/>\n<meta property=\"og:description\" content=\"Es gibt viele Situationen, in denen Kupplungen mit zus\u00e4tzlicher Abdichtkraft erforderlich sind.\u00a0Die Krausz Abdichtprodukte vereinen die patentierte Technologie der HYMAX\u00ae Kupplung mit einem einzigartigen Abdichtsystem, das Rohrenden verbindet und gleichzeitig jegliche Bewegung verhindert.\u00a0Konstruiert mit der Innovation und der patentierten Technologie von Krausz(\u05dc\u05d4\u05de\u05e9\u05da \u05e7\u05e8\u05d9\u05d0\u05d4...)\" \/>\n<meta property=\"og:url\" content=\"https:\/\/krausz.com\/products-main\/hymax-grip-wide-range-restraint-couplings\/hymax-grip-coupling\/\" \/>\n<meta property=\"og:site_name\" content=\"Krausz Industries\" \/>\n<meta property=\"article:modified_time\" content=\"2018-05-07T17:19:24+00:00\" \/>\n<meta property=\"og:image\" content=\"https:\/\/krausz.com\/wp-content\/uploads\/2016\/03\/26.png\" \/>\n\t<meta property=\"og:image:width\" content=\"200\" \/>\n\t<meta property=\"og:image:height\" content=\"200\" \/>\n\t<meta property=\"og:image:type\" content=\"image\/png\" \/>\n<meta name=\"twitter:card\" content=\"summary_large_image\" \/>\n<script type=\"application\/ld+json\" class=\"yoast-schema-graph\">{\"@context\":\"https:\\\/\\\/schema.org\",\"@graph\":[{\"@type\":\"WebPage\",\"@id\":\"https:\\\/\\\/krausz.com\\\/products-main\\\/hymax-grip-wide-range-restraint-couplings\\\/hymax-grip-coupling\\\/\",\"url\":\"https:\\\/\\\/krausz.com\\\/products-main\\\/hymax-grip-wide-range-restraint-couplings\\\/hymax-grip-coupling\\\/\",\"name\":\"HYMAX GRIP ABDICHTUNGSKUPPLUNG - Krausz Industries\",\"isPartOf\":{\"@id\":\"https:\\\/\\\/krausz.com\\\/#website\"},\"primaryImageOfPage\":{\"@id\":\"https:\\\/\\\/krausz.com\\\/products-main\\\/hymax-grip-wide-range-restraint-couplings\\\/hymax-grip-coupling\\\/#primaryimage\"},\"image\":{\"@id\":\"https:\\\/\\\/krausz.com\\\/products-main\\\/hymax-grip-wide-range-restraint-couplings\\\/hymax-grip-coupling\\\/#primaryimage\"},\"thumbnailUrl\":\"https:\\\/\\\/krausz.com\\\/wp-content\\\/uploads\\\/2016\\\/03\\\/26.png\",\"datePublished\":\"2017-02-02T09:52:35+00:00\",\"dateModified\":\"2018-05-07T17:19:24+00:00\",\"breadcrumb\":{\"@id\":\"https:\\\/\\\/krausz.com\\\/products-main\\\/hymax-grip-wide-range-restraint-couplings\\\/hymax-grip-coupling\\\/#breadcrumb\"},\"inLanguage\":\"de\",\"potentialAction\":[{\"@type\":\"ReadAction\",\"target\":[\"https:\\\/\\\/krausz.com\\\/products-main\\\/hymax-grip-wide-range-restraint-couplings\\\/hymax-grip-coupling\\\/\"]}]},{\"@type\":\"ImageObject\",\"inLanguage\":\"de\",\"@id\":\"https:\\\/\\\/krausz.com\\\/products-main\\\/hymax-grip-wide-range-restraint-couplings\\\/hymax-grip-coupling\\\/#primaryimage\",\"url\":\"https:\\\/\\\/krausz.com\\\/wp-content\\\/uploads\\\/2016\\\/03\\\/26.png\",\"contentUrl\":\"https:\\\/\\\/krausz.com\\\/wp-content\\\/uploads\\\/2016\\\/03\\\/26.png\",\"width\":200,\"height\":200},{\"@type\":\"BreadcrumbList\",\"@id\":\"https:\\\/\\\/krausz.com\\\/products-main\\\/hymax-grip-wide-range-restraint-couplings\\\/hymax-grip-coupling\\\/#breadcrumb\",\"itemListElement\":[{\"@type\":\"ListItem\",\"position\":1,\"name\":\"Home\",\"item\":\"https:\\\/\\\/krausz.com\\\/de\\\/\"},{\"@type\":\"ListItem\",\"position\":2,\"name\":\"Product Families\",\"item\":\"https:\\\/\\\/krausz.com\\\/products-main\\\/\"},{\"@type\":\"ListItem\",\"position\":3,\"name\":\"HYMAX\u00ae GRIP\",\"item\":\"https:\\\/\\\/krausz.com\\\/products-main\\\/hymax-grip-wide-range-restraint-couplings\\\/\"},{\"@type\":\"ListItem\",\"position\":4,\"name\":\"HYMAX GRIP ABDICHTUNGSKUPPLUNG\"}]},{\"@type\":\"WebSite\",\"@id\":\"https:\\\/\\\/krausz.com\\\/#website\",\"url\":\"https:\\\/\\\/krausz.com\\\/\",\"name\":\"Krausz Industries\",\"description\":\"Repair the past. Connect the future\",\"potentialAction\":[{\"@type\":\"SearchAction\",\"target\":{\"@type\":\"EntryPoint\",\"urlTemplate\":\"https:\\\/\\\/krausz.com\\\/?s={search_term_string}\"},\"query-input\":{\"@type\":\"PropertyValueSpecification\",\"valueRequired\":true,\"valueName\":\"search_term_string\"}}],\"inLanguage\":\"de\"}]}<\/script>\n<!-- \/ Yoast SEO plugin. -->","yoast_head_json":{"title":"HYMAX GRIP ABDICHTUNGSKUPPLUNG - Krausz Industries","robots":{"index":"index","follow":"follow","max-snippet":"max-snippet:-1","max-image-preview":"max-image-preview:large","max-video-preview":"max-video-preview:-1"},"canonical":"https:\/\/krausz.com\/products-main\/hymax-grip-wide-range-restraint-couplings\/hymax-grip-coupling\/","og_locale":"de_DE","og_type":"article","og_title":"HYMAX GRIP ABDICHTUNGSKUPPLUNG - Krausz Industries","og_description":"Es gibt viele Situationen, in denen Kupplungen mit zus\u00e4tzlicher Abdichtkraft erforderlich sind.\u00a0Die Krausz Abdichtprodukte vereinen die patentierte Technologie der HYMAX\u00ae Kupplung mit einem einzigartigen Abdichtsystem, das Rohrenden verbindet und gleichzeitig jegliche Bewegung verhindert.\u00a0Konstruiert mit der Innovation und der patentierten Technologie von Krausz(\u05dc\u05d4\u05de\u05e9\u05da \u05e7\u05e8\u05d9\u05d0\u05d4...)","og_url":"https:\/\/krausz.com\/products-main\/hymax-grip-wide-range-restraint-couplings\/hymax-grip-coupling\/","og_site_name":"Krausz Industries","article_modified_time":"2018-05-07T17:19:24+00:00","og_image":[{"width":200,"height":200,"url":"https:\/\/krausz.com\/wp-content\/uploads\/2016\/03\/26.png","type":"image\/png"}],"twitter_card":"summary_large_image","schema":{"@context":"https:\/\/schema.org","@graph":[{"@type":"WebPage","@id":"https:\/\/krausz.com\/products-main\/hymax-grip-wide-range-restraint-couplings\/hymax-grip-coupling\/","url":"https:\/\/krausz.com\/products-main\/hymax-grip-wide-range-restraint-couplings\/hymax-grip-coupling\/","name":"HYMAX GRIP ABDICHTUNGSKUPPLUNG - Krausz Industries","isPartOf":{"@id":"https:\/\/krausz.com\/#website"},"primaryImageOfPage":{"@id":"https:\/\/krausz.com\/products-main\/hymax-grip-wide-range-restraint-couplings\/hymax-grip-coupling\/#primaryimage"},"image":{"@id":"https:\/\/krausz.com\/products-main\/hymax-grip-wide-range-restraint-couplings\/hymax-grip-coupling\/#primaryimage"},"thumbnailUrl":"https:\/\/krausz.com\/wp-content\/uploads\/2016\/03\/26.png","datePublished":"2017-02-02T09:52:35+00:00","dateModified":"2018-05-07T17:19:24+00:00","breadcrumb":{"@id":"https:\/\/krausz.com\/products-main\/hymax-grip-wide-range-restraint-couplings\/hymax-grip-coupling\/#breadcrumb"},"inLanguage":"de","potentialAction":[{"@type":"ReadAction","target":["https:\/\/krausz.com\/products-main\/hymax-grip-wide-range-restraint-couplings\/hymax-grip-coupling\/"]}]},{"@type":"ImageObject","inLanguage":"de","@id":"https:\/\/krausz.com\/products-main\/hymax-grip-wide-range-restraint-couplings\/hymax-grip-coupling\/#primaryimage","url":"https:\/\/krausz.com\/wp-content\/uploads\/2016\/03\/26.png","contentUrl":"https:\/\/krausz.com\/wp-content\/uploads\/2016\/03\/26.png","width":200,"height":200},{"@type":"BreadcrumbList","@id":"https:\/\/krausz.com\/products-main\/hymax-grip-wide-range-restraint-couplings\/hymax-grip-coupling\/#breadcrumb","itemListElement":[{"@type":"ListItem","position":1,"name":"Home","item":"https:\/\/krausz.com\/de\/"},{"@type":"ListItem","position":2,"name":"Product Families","item":"https:\/\/krausz.com\/products-main\/"},{"@type":"ListItem","position":3,"name":"HYMAX\u00ae GRIP","item":"https:\/\/krausz.com\/products-main\/hymax-grip-wide-range-restraint-couplings\/"},{"@type":"ListItem","position":4,"name":"HYMAX GRIP ABDICHTUNGSKUPPLUNG"}]},{"@type":"WebSite","@id":"https:\/\/krausz.com\/#website","url":"https:\/\/krausz.com\/","name":"Krausz Industries","description":"Repair the past. Connect the future","potentialAction":[{"@type":"SearchAction","target":{"@type":"EntryPoint","urlTemplate":"https:\/\/krausz.com\/?s={search_term_string}"},"query-input":{"@type":"PropertyValueSpecification","valueRequired":true,"valueName":"search_term_string"}}],"inLanguage":"de"}]}},"_links":{"self":[{"href":"https:\/\/krausz.com\/de\/wp-json\/wp\/v2\/pages\/6280","targetHints":{"allow":["GET"]}}],"collection":[{"href":"https:\/\/krausz.com\/de\/wp-json\/wp\/v2\/pages"}],"about":[{"href":"https:\/\/krausz.com\/de\/wp-json\/wp\/v2\/types\/page"}],"author":[{"embeddable":true,"href":"https:\/\/krausz.com\/de\/wp-json\/wp\/v2\/users\/1"}],"replies":[{"embeddable":true,"href":"https:\/\/krausz.com\/de\/wp-json\/wp\/v2\/comments?post=6280"}],"version-history":[{"count":1,"href":"https:\/\/krausz.com\/de\/wp-json\/wp\/v2\/pages\/6280\/revisions"}],"predecessor-version":[{"id":6441,"href":"https:\/\/krausz.com\/de\/wp-json\/wp\/v2\/pages\/6280\/revisions\/6441"}],"up":[{"embeddable":true,"href":"https:\/\/krausz.com\/de\/wp-json\/wp\/v2\/pages\/6271"}],"wp:featuredmedia":[{"embeddable":true,"href":"https:\/\/krausz.com\/de\/wp-json\/wp\/v2\/media\/3776"}],"wp:attachment":[{"href":"https:\/\/krausz.com\/de\/wp-json\/wp\/v2\/media?parent=6280"}],"curies":[{"name":"wp","href":"https:\/\/api.w.org\/{rel}","templated":true}]}}