{"id":6281,"date":"2017-02-02T11:52:35","date_gmt":"2017-02-02T09:52:35","guid":{"rendered":"https:\/\/krausz.com\/de\/weltweite-praesenz\/"},"modified":"2017-07-19T11:35:54","modified_gmt":"2017-07-19T08:35:54","slug":"weltweite-praesenz","status":"publish","type":"page","link":"https:\/\/krausz.com\/de\/ueber-krausz\/weltweite-praesenz\/","title":{"rendered":"Weltweite Pr\u00e4senz"},"content":{"rendered":"<p>Die innovativen Kupplungen von Krausz sind weltweit erh\u00e4ltlich. Unsere Partnervertriebsgesellschaften sind auf vielen Kontinenten ans\u00e4ssig, sodass Sie unsere branchenf\u00fchrenden L\u00f6sungen fast weltweit nutzen k\u00f6nnen.<\/p>\n<p>Verwenden Sie unser Verzeichnis, um einen H\u00e4ndler in Ihrer N\u00e4he zu finden. Sollten Sie keinen \u00f6rtlichen Krausz-H\u00e4ndler finden, kontaktieren Sie unsere Zentrale direkt, wir helfen Ihnen gerne weiter. F\u00fcr die USA, Kanada und S\u00fcdamerika kontaktieren Sie bitte Krausz USA.<\/p>\n","protected":false},"excerpt":{"rendered":"<p>Die innovativen Kupplungen von Krausz sind weltweit erh\u00e4ltlich. Unsere Partnervertriebsgesellschaften sind auf vielen Kontinenten ans\u00e4ssig, sodass Sie unsere branchenf\u00fchrenden L\u00f6sungen fast weltweit nutzen k\u00f6nnen. Verwenden Sie unser Verzeichnis, um einen H\u00e4ndler in Ihrer N\u00e4he zu finden. Sollten Sie keinen \u00f6rtlichen Krausz-H\u00e4ndler finden,<\/p>\n<div class=\"view-full-post\"><a href=\"https:\/\/krausz.com\/de\/ueber-krausz\/weltweite-praesenz\/\" class=\"view-full-post-btn\">(\u05dc\u05d4\u05de\u05e9\u05da \u05e7\u05e8\u05d9\u05d0\u05d4&#8230;)<\/a><\/div>\n","protected":false},"author":1,"featured_media":0,"parent":6339,"menu_order":46,"comment_status":"closed","ping_status":"closed","template":"templates\/global.php","meta":{"inline_featured_image":false,"footnotes":""},"class_list":["post-6281","page","type-page","status-publish","hentry"],"yoast_head":"<!-- This site is optimized with the Yoast SEO plugin v27.3 - https:\/\/yoast.com\/product\/yoast-seo-wordpress\/ -->\n<title>Weltweite Pr\u00e4senz - Krausz Industries<\/title>\n<meta name=\"robots\" content=\"index, follow, max-snippet:-1, max-image-preview:large, max-video-preview:-1\" \/>\n<link rel=\"canonical\" href=\"https:\/\/krausz.com\/company\/global-presence\/\" \/>\n<meta property=\"og:locale\" content=\"de_DE\" \/>\n<meta property=\"og:type\" content=\"article\" \/>\n<meta property=\"og:title\" content=\"Weltweite Pr\u00e4senz - Krausz Industries\" \/>\n<meta property=\"og:description\" content=\"Die innovativen Kupplungen von Krausz sind weltweit erh\u00e4ltlich. Unsere Partnervertriebsgesellschaften sind auf vielen Kontinenten ans\u00e4ssig, sodass Sie unsere branchenf\u00fchrenden L\u00f6sungen fast weltweit nutzen k\u00f6nnen. Verwenden Sie unser Verzeichnis, um einen H\u00e4ndler in Ihrer N\u00e4he zu finden. Sollten Sie keinen \u00f6rtlichen Krausz-H\u00e4ndler finden,(\u05dc\u05d4\u05de\u05e9\u05da \u05e7\u05e8\u05d9\u05d0\u05d4...)\" \/>\n<meta property=\"og:url\" content=\"https:\/\/krausz.com\/company\/global-presence\/\" \/>\n<meta property=\"og:site_name\" content=\"Krausz Industries\" \/>\n<meta property=\"article:modified_time\" content=\"2017-07-19T08:35:54+00:00\" \/>\n<meta name=\"twitter:card\" content=\"summary_large_image\" \/>\n<script type=\"application\/ld+json\" class=\"yoast-schema-graph\">{\"@context\":\"https:\\\/\\\/schema.org\",\"@graph\":[{\"@type\":\"WebPage\",\"@id\":\"https:\\\/\\\/krausz.com\\\/company\\\/global-presence\\\/\",\"url\":\"https:\\\/\\\/krausz.com\\\/company\\\/global-presence\\\/\",\"name\":\"Weltweite Pr\u00e4senz - Krausz Industries\",\"isPartOf\":{\"@id\":\"https:\\\/\\\/krausz.com\\\/#website\"},\"datePublished\":\"2017-02-02T09:52:35+00:00\",\"dateModified\":\"2017-07-19T08:35:54+00:00\",\"breadcrumb\":{\"@id\":\"https:\\\/\\\/krausz.com\\\/company\\\/global-presence\\\/#breadcrumb\"},\"inLanguage\":\"de\",\"potentialAction\":[{\"@type\":\"ReadAction\",\"target\":[\"https:\\\/\\\/krausz.com\\\/company\\\/global-presence\\\/\"]}]},{\"@type\":\"BreadcrumbList\",\"@id\":\"https:\\\/\\\/krausz.com\\\/company\\\/global-presence\\\/#breadcrumb\",\"itemListElement\":[{\"@type\":\"ListItem\",\"position\":1,\"name\":\"Home\",\"item\":\"https:\\\/\\\/krausz.com\\\/de\\\/\"},{\"@type\":\"ListItem\",\"position\":2,\"name\":\"Unternehmen\",\"item\":\"https:\\\/\\\/krausz.com\\\/company\\\/\"},{\"@type\":\"ListItem\",\"position\":3,\"name\":\"Weltweite Pr\u00e4senz\"}]},{\"@type\":\"WebSite\",\"@id\":\"https:\\\/\\\/krausz.com\\\/#website\",\"url\":\"https:\\\/\\\/krausz.com\\\/\",\"name\":\"Krausz Industries\",\"description\":\"Repair the past. Connect the future\",\"potentialAction\":[{\"@type\":\"SearchAction\",\"target\":{\"@type\":\"EntryPoint\",\"urlTemplate\":\"https:\\\/\\\/krausz.com\\\/?s={search_term_string}\"},\"query-input\":{\"@type\":\"PropertyValueSpecification\",\"valueRequired\":true,\"valueName\":\"search_term_string\"}}],\"inLanguage\":\"de\"}]}<\/script>\n<!-- \/ Yoast SEO plugin. -->","yoast_head_json":{"title":"Weltweite Pr\u00e4senz - Krausz Industries","robots":{"index":"index","follow":"follow","max-snippet":"max-snippet:-1","max-image-preview":"max-image-preview:large","max-video-preview":"max-video-preview:-1"},"canonical":"https:\/\/krausz.com\/company\/global-presence\/","og_locale":"de_DE","og_type":"article","og_title":"Weltweite Pr\u00e4senz - Krausz Industries","og_description":"Die innovativen Kupplungen von Krausz sind weltweit erh\u00e4ltlich. Unsere Partnervertriebsgesellschaften sind auf vielen Kontinenten ans\u00e4ssig, sodass Sie unsere branchenf\u00fchrenden L\u00f6sungen fast weltweit nutzen k\u00f6nnen. Verwenden Sie unser Verzeichnis, um einen H\u00e4ndler in Ihrer N\u00e4he zu finden. Sollten Sie keinen \u00f6rtlichen Krausz-H\u00e4ndler finden,(\u05dc\u05d4\u05de\u05e9\u05da \u05e7\u05e8\u05d9\u05d0\u05d4...)","og_url":"https:\/\/krausz.com\/company\/global-presence\/","og_site_name":"Krausz Industries","article_modified_time":"2017-07-19T08:35:54+00:00","twitter_card":"summary_large_image","schema":{"@context":"https:\/\/schema.org","@graph":[{"@type":"WebPage","@id":"https:\/\/krausz.com\/company\/global-presence\/","url":"https:\/\/krausz.com\/company\/global-presence\/","name":"Weltweite Pr\u00e4senz - Krausz Industries","isPartOf":{"@id":"https:\/\/krausz.com\/#website"},"datePublished":"2017-02-02T09:52:35+00:00","dateModified":"2017-07-19T08:35:54+00:00","breadcrumb":{"@id":"https:\/\/krausz.com\/company\/global-presence\/#breadcrumb"},"inLanguage":"de","potentialAction":[{"@type":"ReadAction","target":["https:\/\/krausz.com\/company\/global-presence\/"]}]},{"@type":"BreadcrumbList","@id":"https:\/\/krausz.com\/company\/global-presence\/#breadcrumb","itemListElement":[{"@type":"ListItem","position":1,"name":"Home","item":"https:\/\/krausz.com\/de\/"},{"@type":"ListItem","position":2,"name":"Unternehmen","item":"https:\/\/krausz.com\/company\/"},{"@type":"ListItem","position":3,"name":"Weltweite Pr\u00e4senz"}]},{"@type":"WebSite","@id":"https:\/\/krausz.com\/#website","url":"https:\/\/krausz.com\/","name":"Krausz Industries","description":"Repair the past. Connect the future","potentialAction":[{"@type":"SearchAction","target":{"@type":"EntryPoint","urlTemplate":"https:\/\/krausz.com\/?s={search_term_string}"},"query-input":{"@type":"PropertyValueSpecification","valueRequired":true,"valueName":"search_term_string"}}],"inLanguage":"de"}]}},"_links":{"self":[{"href":"https:\/\/krausz.com\/de\/wp-json\/wp\/v2\/pages\/6281","targetHints":{"allow":["GET"]}}],"collection":[{"href":"https:\/\/krausz.com\/de\/wp-json\/wp\/v2\/pages"}],"about":[{"href":"https:\/\/krausz.com\/de\/wp-json\/wp\/v2\/types\/page"}],"author":[{"embeddable":true,"href":"https:\/\/krausz.com\/de\/wp-json\/wp\/v2\/users\/1"}],"replies":[{"embeddable":true,"href":"https:\/\/krausz.com\/de\/wp-json\/wp\/v2\/comments?post=6281"}],"version-history":[{"count":1,"href":"https:\/\/krausz.com\/de\/wp-json\/wp\/v2\/pages\/6281\/revisions"}],"predecessor-version":[{"id":6619,"href":"https:\/\/krausz.com\/de\/wp-json\/wp\/v2\/pages\/6281\/revisions\/6619"}],"up":[{"embeddable":true,"href":"https:\/\/krausz.com\/de\/wp-json\/wp\/v2\/pages\/6339"}],"wp:attachment":[{"href":"https:\/\/krausz.com\/de\/wp-json\/wp\/v2\/media?parent=6281"}],"curies":[{"name":"wp","href":"https:\/\/api.w.org\/{rel}","templated":true}]}}