{"id":6289,"date":"2017-02-02T11:52:37","date_gmt":"2017-02-02T09:52:37","guid":{"rendered":"https:\/\/krausz.com\/de\/verbinden\/"},"modified":"2017-02-02T11:52:37","modified_gmt":"2017-02-02T09:52:37","slug":"verbinden","status":"publish","type":"page","link":"https:\/\/krausz.com\/de\/verbinden\/","title":{"rendered":"Verbinden"},"content":{"rendered":"<p>Krausz bietet eine Vielfalt an Kupplungsl\u00f6sungen f\u00fcr jeden Kupplungsbedarf, einschlie\u00dflich der bahnbrechenden Krausz<a href=\"https:\/\/krausz.com\/de\/hymax\/\"> <strong>HYMAX\u00ae<\/strong><\/a> Familie und der <a href=\"https:\/\/krausz.com\/de\/product-families\/repamaxrepaflex\/\"><strong>REPAMAX\u00ae<\/strong><\/a> Familie mit ihren multifunktionalen L\u00f6sungen f\u00fcr das Verbinden und Reparieren von Rohren. Konstruiert zur Erf\u00fcllung der Kundenanforderungen, sind Krausz Kupplungsprodukte weltweit anerkannt f\u00fcr innovatives Design, Benutzerfreundlichkeit, lange Haltbarkeit und Wirtschaftlichkeit. Seit \u00fcber 20 Jahren bei millionenfachen Installationen auf der ganzen Welt praxiserprobt, erm\u00f6glichen Ihnen unsere Kupplungsl\u00f6sungen eine rasche Reaktion auf alle m\u00f6glichen Situationen.<\/p>\n<ul>\n<li>Patentierte dynamische, druckgest\u00fctzte Dichtungen erm\u00f6glichen eine dynamische Auswinkelung von bis zu 4\u00b0 auf jeder Seite<strong> (HYMAX)<\/strong> und 3\u00b0 auf jeder Seite <strong>(REPAMAX),<\/strong><\/li>\n<li>Somit reduziert sich das Risiko von Besch\u00e4digungen und Rohrbr\u00fcchen durch Bodenverschiebungen und Temperaturver\u00e4nderungen.<\/li>\n<li>Der Halt im Rohr wird bei der patentierten Dichtung verst\u00e4rkt, sobald sich die interne Wasserstr\u00f6mung erh\u00f6ht und verhindert so ein axiales Herausziehen des Rohres.<\/li>\n<li>Passt sich kleinen Unebenheiten der Rohrform an und gew\u00e4hrleistet so eine optimale Passform, selbst wenn ein oder beide Rohre leicht oval geformt sind.<\/li>\n<\/ul>\n<p>Weitere Information \u00fcber die Produktfamilien erhalten sie auf den Seiten der jeweiligen Produktfamilie.<\/p>\n","protected":false},"excerpt":{"rendered":"<p>Krausz bietet eine Vielfalt an Kupplungsl\u00f6sungen f\u00fcr jeden Kupplungsbedarf, einschlie\u00dflich der bahnbrechenden Krausz HYMAX\u00ae Familie und der REPAMAX\u00ae Familie mit ihren multifunktionalen L\u00f6sungen f\u00fcr das Verbinden und Reparieren von Rohren. Konstruiert zur Erf\u00fcllung der Kundenanforderungen, sind Krausz Kupplungsprodukte weltweit anerkannt f\u00fcr innovatives<\/p>\n<div class=\"view-full-post\"><a href=\"https:\/\/krausz.com\/de\/verbinden\/\" class=\"view-full-post-btn\">(\u05dc\u05d4\u05de\u05e9\u05da \u05e7\u05e8\u05d9\u05d0\u05d4&#8230;)<\/a><\/div>\n","protected":false},"author":1,"featured_media":0,"parent":0,"menu_order":2,"comment_status":"closed","ping_status":"closed","template":"templates\/product-type.php","meta":{"inline_featured_image":false,"footnotes":""},"class_list":["post-6289","page","type-page","status-publish","hentry"],"yoast_head":"<!-- This site is optimized with the Yoast SEO plugin v27.4 - https:\/\/yoast.com\/product\/yoast-seo-wordpress\/ -->\n<title>Verbinden - Krausz Industries<\/title>\n<meta name=\"robots\" content=\"index, follow, max-snippet:-1, max-image-preview:large, max-video-preview:-1\" \/>\n<link rel=\"canonical\" href=\"https:\/\/krausz.com\/join\/\" \/>\n<meta property=\"og:locale\" content=\"de_DE\" \/>\n<meta property=\"og:type\" content=\"article\" \/>\n<meta property=\"og:title\" content=\"Verbinden - Krausz Industries\" \/>\n<meta property=\"og:description\" content=\"Krausz bietet eine Vielfalt an Kupplungsl\u00f6sungen f\u00fcr jeden Kupplungsbedarf, einschlie\u00dflich der bahnbrechenden Krausz HYMAX\u00ae Familie und der REPAMAX\u00ae Familie mit ihren multifunktionalen L\u00f6sungen f\u00fcr das Verbinden und Reparieren von Rohren. Konstruiert zur Erf\u00fcllung der Kundenanforderungen, sind Krausz Kupplungsprodukte weltweit anerkannt f\u00fcr innovatives(\u05dc\u05d4\u05de\u05e9\u05da \u05e7\u05e8\u05d9\u05d0\u05d4...)\" \/>\n<meta property=\"og:url\" content=\"https:\/\/krausz.com\/join\/\" \/>\n<meta property=\"og:site_name\" content=\"Krausz Industries\" \/>\n<meta name=\"twitter:card\" content=\"summary_large_image\" \/>\n<meta name=\"twitter:label1\" content=\"Gesch\u00e4tzte Lesezeit\" \/>\n\t<meta name=\"twitter:data1\" content=\"1\u00a0Minute\" \/>\n<script type=\"application\/ld+json\" class=\"yoast-schema-graph\">{\"@context\":\"https:\\\/\\\/schema.org\",\"@graph\":[{\"@type\":\"WebPage\",\"@id\":\"https:\\\/\\\/krausz.com\\\/join\\\/\",\"url\":\"https:\\\/\\\/krausz.com\\\/join\\\/\",\"name\":\"Verbinden - Krausz Industries\",\"isPartOf\":{\"@id\":\"https:\\\/\\\/krausz.com\\\/#website\"},\"datePublished\":\"2017-02-02T09:52:37+00:00\",\"breadcrumb\":{\"@id\":\"https:\\\/\\\/krausz.com\\\/join\\\/#breadcrumb\"},\"inLanguage\":\"de\",\"potentialAction\":[{\"@type\":\"ReadAction\",\"target\":[\"https:\\\/\\\/krausz.com\\\/join\\\/\"]}]},{\"@type\":\"BreadcrumbList\",\"@id\":\"https:\\\/\\\/krausz.com\\\/join\\\/#breadcrumb\",\"itemListElement\":[{\"@type\":\"ListItem\",\"position\":1,\"name\":\"Home\",\"item\":\"https:\\\/\\\/krausz.com\\\/de\\\/\"},{\"@type\":\"ListItem\",\"position\":2,\"name\":\"Verbinden\"}]},{\"@type\":\"WebSite\",\"@id\":\"https:\\\/\\\/krausz.com\\\/#website\",\"url\":\"https:\\\/\\\/krausz.com\\\/\",\"name\":\"Krausz Industries\",\"description\":\"Repair the past. Connect the future\",\"potentialAction\":[{\"@type\":\"SearchAction\",\"target\":{\"@type\":\"EntryPoint\",\"urlTemplate\":\"https:\\\/\\\/krausz.com\\\/?s={search_term_string}\"},\"query-input\":{\"@type\":\"PropertyValueSpecification\",\"valueRequired\":true,\"valueName\":\"search_term_string\"}}],\"inLanguage\":\"de\"}]}<\/script>\n<!-- \/ Yoast SEO plugin. -->","yoast_head_json":{"title":"Verbinden - Krausz Industries","robots":{"index":"index","follow":"follow","max-snippet":"max-snippet:-1","max-image-preview":"max-image-preview:large","max-video-preview":"max-video-preview:-1"},"canonical":"https:\/\/krausz.com\/join\/","og_locale":"de_DE","og_type":"article","og_title":"Verbinden - Krausz Industries","og_description":"Krausz bietet eine Vielfalt an Kupplungsl\u00f6sungen f\u00fcr jeden Kupplungsbedarf, einschlie\u00dflich der bahnbrechenden Krausz HYMAX\u00ae Familie und der REPAMAX\u00ae Familie mit ihren multifunktionalen L\u00f6sungen f\u00fcr das Verbinden und Reparieren von Rohren. Konstruiert zur Erf\u00fcllung der Kundenanforderungen, sind Krausz Kupplungsprodukte weltweit anerkannt f\u00fcr innovatives(\u05dc\u05d4\u05de\u05e9\u05da \u05e7\u05e8\u05d9\u05d0\u05d4...)","og_url":"https:\/\/krausz.com\/join\/","og_site_name":"Krausz Industries","twitter_card":"summary_large_image","twitter_misc":{"Gesch\u00e4tzte Lesezeit":"1\u00a0Minute"},"schema":{"@context":"https:\/\/schema.org","@graph":[{"@type":"WebPage","@id":"https:\/\/krausz.com\/join\/","url":"https:\/\/krausz.com\/join\/","name":"Verbinden - Krausz Industries","isPartOf":{"@id":"https:\/\/krausz.com\/#website"},"datePublished":"2017-02-02T09:52:37+00:00","breadcrumb":{"@id":"https:\/\/krausz.com\/join\/#breadcrumb"},"inLanguage":"de","potentialAction":[{"@type":"ReadAction","target":["https:\/\/krausz.com\/join\/"]}]},{"@type":"BreadcrumbList","@id":"https:\/\/krausz.com\/join\/#breadcrumb","itemListElement":[{"@type":"ListItem","position":1,"name":"Home","item":"https:\/\/krausz.com\/de\/"},{"@type":"ListItem","position":2,"name":"Verbinden"}]},{"@type":"WebSite","@id":"https:\/\/krausz.com\/#website","url":"https:\/\/krausz.com\/","name":"Krausz Industries","description":"Repair the past. Connect the future","potentialAction":[{"@type":"SearchAction","target":{"@type":"EntryPoint","urlTemplate":"https:\/\/krausz.com\/?s={search_term_string}"},"query-input":{"@type":"PropertyValueSpecification","valueRequired":true,"valueName":"search_term_string"}}],"inLanguage":"de"}]}},"_links":{"self":[{"href":"https:\/\/krausz.com\/de\/wp-json\/wp\/v2\/pages\/6289","targetHints":{"allow":["GET"]}}],"collection":[{"href":"https:\/\/krausz.com\/de\/wp-json\/wp\/v2\/pages"}],"about":[{"href":"https:\/\/krausz.com\/de\/wp-json\/wp\/v2\/types\/page"}],"author":[{"embeddable":true,"href":"https:\/\/krausz.com\/de\/wp-json\/wp\/v2\/users\/1"}],"replies":[{"embeddable":true,"href":"https:\/\/krausz.com\/de\/wp-json\/wp\/v2\/comments?post=6289"}],"version-history":[{"count":0,"href":"https:\/\/krausz.com\/de\/wp-json\/wp\/v2\/pages\/6289\/revisions"}],"wp:attachment":[{"href":"https:\/\/krausz.com\/de\/wp-json\/wp\/v2\/media?parent=6289"}],"curies":[{"name":"wp","href":"https:\/\/api.w.org\/{rel}","templated":true}]}}