{"id":6290,"date":"2017-02-02T11:52:37","date_gmt":"2017-02-02T09:52:37","guid":{"rendered":"https:\/\/krausz.com\/de\/reparieren\/"},"modified":"2017-05-24T15:05:03","modified_gmt":"2017-05-24T12:05:03","slug":"reparieren","status":"publish","type":"page","link":"https:\/\/krausz.com\/de\/reparieren\/","title":{"rendered":"Reparieren"},"content":{"rendered":"<p>Die leistungsstarken und effektiven Reparaturl\u00f6sungen von Krausz sind in der Lage, fast alle Arten von Rissen, Br\u00fcchen oder L\u00f6chern an Wasser- und Abwasserrohren zu reparieren.<\/p>\n<p>Bekannt f\u00fcr ihre Vielseitigkeit und Flexibilit\u00e4t<a href=\"https:\/\/krausz.com\/de\/product-families\/repamaxrepaflex\/\"><strong> sparen die L\u00f6sungen von Krausz\u00a0<\/strong><\/a><strong><a href=\"https:\/\/krausz.com\/de\/product-families\/repamaxrepaflex\/\">REPAMAX\u00ae \/\u00a0REPAFLEX\u00ae<\/a>\u00a0<\/strong> Zeit, Kosten und M\u00fchen und sind auch unter den extremsten Bedingungen hervorragend geeignet f\u00fcr das VERBINDEN und REPARIEREN von Rohren. Die haltbaren Produkte zeigen ihre Leistungsf\u00e4higkeit selbst unter rauen und korrosiven Bodenbedingungen.<\/p>\n<p><a href=\"https:\/\/krausz.com\/de\/product-families\/ez-max\/\"><strong>Die breite Palette an Krausz<\/strong> <strong>EZ-MAX<sup>\u00ae <\/sup><\/strong><\/a>-Klemmen erm\u00f6glicht die Reparatur von L\u00f6chern und L\u00e4ngsrissen an Wasser- und Abwasserrohren. Ihr einzigartiges Design reduziert den Bestand im Lager und in den Servicefahrzeugen, denn eine Krausz EZ-MAX Klemme kann bis zu drei Standardklemmen der Mitbewerber ersetzen. Der h\u00f6chst zuverl\u00e4ssige und leicht zu installierende <strong>EZ-MAX<\/strong> ist sowohl extrem effizient als auch h\u00f6chst kosteneffektiv.<\/p>\n<p>&nbsp;<\/p>\n<ul>\n<li>Leichtgewichtig mit einem oder zwei nach oben ausgerichteten Verschlussmechanismen f\u00fcr gr\u00f6\u00dfere Gr\u00f6\u00dfen.<\/li>\n<li>Der Korpus ist aus 100% Edelstahl gefertigt.<\/li>\n<li>Die einzigartige patentierte Schraubenhalterung erm\u00f6glicht eine Montage durch nur eine Person.<\/li>\n<li>Die einteilige Konstruktion verleiht eine hohe Festigkeit sowie gr\u00f6\u00dfere Flexibilit\u00e4t.<\/li>\n<li>Der innovative Schutz durch einen einzigartigen Trockenbehandlungsprozess der Muttern und Schrauben mit einer Epoxidbeschichtung (MAG) auf Zinkbasis verhindert Lochfra\u00df und erm\u00f6glicht ein wiederholtes Festziehen der Schrauben;au\u00dferdem ist die Verwendung von Fett nicht mehr erforderlich, sodass eine Ansammlung von Schmutz und Staub verhindert wird.<\/li>\n<\/ul>\n<p>Weitere Information \u00fcber die Produktfamilien erhalten sie auf den Seiten der jeweiligen Produktfamilie.<\/p>\n","protected":false},"excerpt":{"rendered":"<p>Die leistungsstarken und effektiven Reparaturl\u00f6sungen von Krausz sind in der Lage, fast alle Arten von Rissen, Br\u00fcchen oder L\u00f6chern an Wasser- und Abwasserrohren zu reparieren. Bekannt f\u00fcr ihre Vielseitigkeit und Flexibilit\u00e4t sparen die L\u00f6sungen von Krausz\u00a0REPAMAX\u00ae \/\u00a0REPAFLEX\u00ae\u00a0 Zeit, Kosten und M\u00fchen und<\/p>\n<div class=\"view-full-post\"><a href=\"https:\/\/krausz.com\/de\/reparieren\/\" class=\"view-full-post-btn\">(\u05dc\u05d4\u05de\u05e9\u05da \u05e7\u05e8\u05d9\u05d0\u05d4&#8230;)<\/a><\/div>\n","protected":false},"author":1,"featured_media":0,"parent":0,"menu_order":5,"comment_status":"closed","ping_status":"closed","template":"templates\/product-type.php","meta":{"inline_featured_image":false,"footnotes":""},"class_list":["post-6290","page","type-page","status-publish","hentry"],"yoast_head":"<!-- This site is optimized with the Yoast SEO plugin v27.3 - https:\/\/yoast.com\/product\/yoast-seo-wordpress\/ -->\n<title>Reparieren - Krausz Industries<\/title>\n<meta name=\"robots\" content=\"index, follow, max-snippet:-1, max-image-preview:large, max-video-preview:-1\" \/>\n<link rel=\"canonical\" href=\"https:\/\/krausz.com\/repair\/\" \/>\n<meta property=\"og:locale\" content=\"de_DE\" \/>\n<meta property=\"og:type\" content=\"article\" \/>\n<meta property=\"og:title\" content=\"Reparieren - Krausz Industries\" \/>\n<meta property=\"og:description\" content=\"Die leistungsstarken und effektiven Reparaturl\u00f6sungen von Krausz sind in der Lage, fast alle Arten von Rissen, Br\u00fcchen oder L\u00f6chern an Wasser- und Abwasserrohren zu reparieren. Bekannt f\u00fcr ihre Vielseitigkeit und Flexibilit\u00e4t sparen die L\u00f6sungen von Krausz\u00a0REPAMAX\u00ae \/\u00a0REPAFLEX\u00ae\u00a0 Zeit, Kosten und M\u00fchen und(\u05dc\u05d4\u05de\u05e9\u05da \u05e7\u05e8\u05d9\u05d0\u05d4...)\" \/>\n<meta property=\"og:url\" content=\"https:\/\/krausz.com\/repair\/\" \/>\n<meta property=\"og:site_name\" content=\"Krausz Industries\" \/>\n<meta property=\"article:modified_time\" content=\"2017-05-24T12:05:03+00:00\" \/>\n<meta name=\"twitter:card\" content=\"summary_large_image\" \/>\n<meta name=\"twitter:label1\" content=\"Gesch\u00e4tzte Lesezeit\" \/>\n\t<meta name=\"twitter:data1\" content=\"1\u00a0Minute\" \/>\n<script type=\"application\/ld+json\" class=\"yoast-schema-graph\">{\"@context\":\"https:\\\/\\\/schema.org\",\"@graph\":[{\"@type\":\"WebPage\",\"@id\":\"https:\\\/\\\/krausz.com\\\/repair\\\/\",\"url\":\"https:\\\/\\\/krausz.com\\\/repair\\\/\",\"name\":\"Reparieren - Krausz Industries\",\"isPartOf\":{\"@id\":\"https:\\\/\\\/krausz.com\\\/#website\"},\"datePublished\":\"2017-02-02T09:52:37+00:00\",\"dateModified\":\"2017-05-24T12:05:03+00:00\",\"breadcrumb\":{\"@id\":\"https:\\\/\\\/krausz.com\\\/repair\\\/#breadcrumb\"},\"inLanguage\":\"de\",\"potentialAction\":[{\"@type\":\"ReadAction\",\"target\":[\"https:\\\/\\\/krausz.com\\\/repair\\\/\"]}]},{\"@type\":\"BreadcrumbList\",\"@id\":\"https:\\\/\\\/krausz.com\\\/repair\\\/#breadcrumb\",\"itemListElement\":[{\"@type\":\"ListItem\",\"position\":1,\"name\":\"Home\",\"item\":\"https:\\\/\\\/krausz.com\\\/de\\\/\"},{\"@type\":\"ListItem\",\"position\":2,\"name\":\"Reparieren\"}]},{\"@type\":\"WebSite\",\"@id\":\"https:\\\/\\\/krausz.com\\\/#website\",\"url\":\"https:\\\/\\\/krausz.com\\\/\",\"name\":\"Krausz Industries\",\"description\":\"Repair the past. Connect the future\",\"potentialAction\":[{\"@type\":\"SearchAction\",\"target\":{\"@type\":\"EntryPoint\",\"urlTemplate\":\"https:\\\/\\\/krausz.com\\\/?s={search_term_string}\"},\"query-input\":{\"@type\":\"PropertyValueSpecification\",\"valueRequired\":true,\"valueName\":\"search_term_string\"}}],\"inLanguage\":\"de\"}]}<\/script>\n<!-- \/ Yoast SEO plugin. -->","yoast_head_json":{"title":"Reparieren - Krausz Industries","robots":{"index":"index","follow":"follow","max-snippet":"max-snippet:-1","max-image-preview":"max-image-preview:large","max-video-preview":"max-video-preview:-1"},"canonical":"https:\/\/krausz.com\/repair\/","og_locale":"de_DE","og_type":"article","og_title":"Reparieren - Krausz Industries","og_description":"Die leistungsstarken und effektiven Reparaturl\u00f6sungen von Krausz sind in der Lage, fast alle Arten von Rissen, Br\u00fcchen oder L\u00f6chern an Wasser- und Abwasserrohren zu reparieren. Bekannt f\u00fcr ihre Vielseitigkeit und Flexibilit\u00e4t sparen die L\u00f6sungen von Krausz\u00a0REPAMAX\u00ae \/\u00a0REPAFLEX\u00ae\u00a0 Zeit, Kosten und M\u00fchen und(\u05dc\u05d4\u05de\u05e9\u05da \u05e7\u05e8\u05d9\u05d0\u05d4...)","og_url":"https:\/\/krausz.com\/repair\/","og_site_name":"Krausz Industries","article_modified_time":"2017-05-24T12:05:03+00:00","twitter_card":"summary_large_image","twitter_misc":{"Gesch\u00e4tzte Lesezeit":"1\u00a0Minute"},"schema":{"@context":"https:\/\/schema.org","@graph":[{"@type":"WebPage","@id":"https:\/\/krausz.com\/repair\/","url":"https:\/\/krausz.com\/repair\/","name":"Reparieren - Krausz Industries","isPartOf":{"@id":"https:\/\/krausz.com\/#website"},"datePublished":"2017-02-02T09:52:37+00:00","dateModified":"2017-05-24T12:05:03+00:00","breadcrumb":{"@id":"https:\/\/krausz.com\/repair\/#breadcrumb"},"inLanguage":"de","potentialAction":[{"@type":"ReadAction","target":["https:\/\/krausz.com\/repair\/"]}]},{"@type":"BreadcrumbList","@id":"https:\/\/krausz.com\/repair\/#breadcrumb","itemListElement":[{"@type":"ListItem","position":1,"name":"Home","item":"https:\/\/krausz.com\/de\/"},{"@type":"ListItem","position":2,"name":"Reparieren"}]},{"@type":"WebSite","@id":"https:\/\/krausz.com\/#website","url":"https:\/\/krausz.com\/","name":"Krausz Industries","description":"Repair the past. Connect the future","potentialAction":[{"@type":"SearchAction","target":{"@type":"EntryPoint","urlTemplate":"https:\/\/krausz.com\/?s={search_term_string}"},"query-input":{"@type":"PropertyValueSpecification","valueRequired":true,"valueName":"search_term_string"}}],"inLanguage":"de"}]}},"_links":{"self":[{"href":"https:\/\/krausz.com\/de\/wp-json\/wp\/v2\/pages\/6290","targetHints":{"allow":["GET"]}}],"collection":[{"href":"https:\/\/krausz.com\/de\/wp-json\/wp\/v2\/pages"}],"about":[{"href":"https:\/\/krausz.com\/de\/wp-json\/wp\/v2\/types\/page"}],"author":[{"embeddable":true,"href":"https:\/\/krausz.com\/de\/wp-json\/wp\/v2\/users\/1"}],"replies":[{"embeddable":true,"href":"https:\/\/krausz.com\/de\/wp-json\/wp\/v2\/comments?post=6290"}],"version-history":[{"count":1,"href":"https:\/\/krausz.com\/de\/wp-json\/wp\/v2\/pages\/6290\/revisions"}],"predecessor-version":[{"id":6462,"href":"https:\/\/krausz.com\/de\/wp-json\/wp\/v2\/pages\/6290\/revisions\/6462"}],"wp:attachment":[{"href":"https:\/\/krausz.com\/de\/wp-json\/wp\/v2\/media?parent=6290"}],"curies":[{"name":"wp","href":"https:\/\/api.w.org\/{rel}","templated":true}]}}