{"id":6326,"date":"2017-02-02T11:52:45","date_gmt":"2017-02-02T09:52:45","guid":{"rendered":"https:\/\/krausz.com\/de\/verlauf\/"},"modified":"2017-07-19T11:27:49","modified_gmt":"2017-07-19T08:27:49","slug":"verlauf","status":"publish","type":"page","link":"https:\/\/krausz.com\/de\/ueber-krausz\/verlauf\/","title":{"rendered":"Verlauf"},"content":{"rendered":"<p>Krausz blickt auf eine mehr als 90j\u00e4hrige Geschichte zur\u00fcck, die sich \u00fcber drei Kontinente und drei Generationen von F\u00fchrungspers\u00f6nlichkeiten erstreckt. Es ist eine Geschichte \u00fcber Pioniergeist, einem unb\u00e4ndigen Qualit\u00e4tsanspruch und der st\u00e4ndigen Suche nach Innovation.<\/p>\n","protected":false},"excerpt":{"rendered":"<p>Krausz blickt auf eine mehr als 90j\u00e4hrige Geschichte zur\u00fcck, die sich \u00fcber drei Kontinente und drei Generationen von F\u00fchrungspers\u00f6nlichkeiten erstreckt. Es ist eine Geschichte \u00fcber Pioniergeist, einem unb\u00e4ndigen Qualit\u00e4tsanspruch und der st\u00e4ndigen Suche nach Innovation.<\/p>\n","protected":false},"author":1,"featured_media":0,"parent":6339,"menu_order":37,"comment_status":"closed","ping_status":"closed","template":"templates\/history.php","meta":{"inline_featured_image":false,"footnotes":""},"class_list":["post-6326","page","type-page","status-publish","hentry"],"yoast_head":"<!-- This site is optimized with the Yoast SEO plugin v27.3 - https:\/\/yoast.com\/product\/yoast-seo-wordpress\/ -->\n<title>Verlauf - Krausz Industries<\/title>\n<meta name=\"robots\" content=\"index, follow, max-snippet:-1, max-image-preview:large, max-video-preview:-1\" \/>\n<link rel=\"canonical\" href=\"https:\/\/krausz.com\/company\/history\/\" \/>\n<meta property=\"og:locale\" content=\"de_DE\" \/>\n<meta property=\"og:type\" content=\"article\" \/>\n<meta property=\"og:title\" content=\"Verlauf - Krausz Industries\" \/>\n<meta property=\"og:description\" content=\"Krausz blickt auf eine mehr als 90j\u00e4hrige Geschichte zur\u00fcck, die sich \u00fcber drei Kontinente und drei Generationen von F\u00fchrungspers\u00f6nlichkeiten erstreckt. Es ist eine Geschichte \u00fcber Pioniergeist, einem unb\u00e4ndigen Qualit\u00e4tsanspruch und der st\u00e4ndigen Suche nach Innovation.\" \/>\n<meta property=\"og:url\" content=\"https:\/\/krausz.com\/company\/history\/\" \/>\n<meta property=\"og:site_name\" content=\"Krausz Industries\" \/>\n<meta property=\"article:modified_time\" content=\"2017-07-19T08:27:49+00:00\" \/>\n<meta name=\"twitter:card\" content=\"summary_large_image\" \/>\n<script type=\"application\/ld+json\" class=\"yoast-schema-graph\">{\"@context\":\"https:\\\/\\\/schema.org\",\"@graph\":[{\"@type\":\"WebPage\",\"@id\":\"https:\\\/\\\/krausz.com\\\/company\\\/history\\\/\",\"url\":\"https:\\\/\\\/krausz.com\\\/company\\\/history\\\/\",\"name\":\"Verlauf - Krausz Industries\",\"isPartOf\":{\"@id\":\"https:\\\/\\\/krausz.com\\\/#website\"},\"datePublished\":\"2017-02-02T09:52:45+00:00\",\"dateModified\":\"2017-07-19T08:27:49+00:00\",\"breadcrumb\":{\"@id\":\"https:\\\/\\\/krausz.com\\\/company\\\/history\\\/#breadcrumb\"},\"inLanguage\":\"de\",\"potentialAction\":[{\"@type\":\"ReadAction\",\"target\":[\"https:\\\/\\\/krausz.com\\\/company\\\/history\\\/\"]}]},{\"@type\":\"BreadcrumbList\",\"@id\":\"https:\\\/\\\/krausz.com\\\/company\\\/history\\\/#breadcrumb\",\"itemListElement\":[{\"@type\":\"ListItem\",\"position\":1,\"name\":\"Home\",\"item\":\"https:\\\/\\\/krausz.com\\\/de\\\/\"},{\"@type\":\"ListItem\",\"position\":2,\"name\":\"Unternehmen\",\"item\":\"https:\\\/\\\/krausz.com\\\/company\\\/\"},{\"@type\":\"ListItem\",\"position\":3,\"name\":\"Verlauf\"}]},{\"@type\":\"WebSite\",\"@id\":\"https:\\\/\\\/krausz.com\\\/#website\",\"url\":\"https:\\\/\\\/krausz.com\\\/\",\"name\":\"Krausz Industries\",\"description\":\"Repair the past. Connect the future\",\"potentialAction\":[{\"@type\":\"SearchAction\",\"target\":{\"@type\":\"EntryPoint\",\"urlTemplate\":\"https:\\\/\\\/krausz.com\\\/?s={search_term_string}\"},\"query-input\":{\"@type\":\"PropertyValueSpecification\",\"valueRequired\":true,\"valueName\":\"search_term_string\"}}],\"inLanguage\":\"de\"}]}<\/script>\n<!-- \/ Yoast SEO plugin. -->","yoast_head_json":{"title":"Verlauf - Krausz Industries","robots":{"index":"index","follow":"follow","max-snippet":"max-snippet:-1","max-image-preview":"max-image-preview:large","max-video-preview":"max-video-preview:-1"},"canonical":"https:\/\/krausz.com\/company\/history\/","og_locale":"de_DE","og_type":"article","og_title":"Verlauf - Krausz Industries","og_description":"Krausz blickt auf eine mehr als 90j\u00e4hrige Geschichte zur\u00fcck, die sich \u00fcber drei Kontinente und drei Generationen von F\u00fchrungspers\u00f6nlichkeiten erstreckt. Es ist eine Geschichte \u00fcber Pioniergeist, einem unb\u00e4ndigen Qualit\u00e4tsanspruch und der st\u00e4ndigen Suche nach Innovation.","og_url":"https:\/\/krausz.com\/company\/history\/","og_site_name":"Krausz Industries","article_modified_time":"2017-07-19T08:27:49+00:00","twitter_card":"summary_large_image","schema":{"@context":"https:\/\/schema.org","@graph":[{"@type":"WebPage","@id":"https:\/\/krausz.com\/company\/history\/","url":"https:\/\/krausz.com\/company\/history\/","name":"Verlauf - Krausz Industries","isPartOf":{"@id":"https:\/\/krausz.com\/#website"},"datePublished":"2017-02-02T09:52:45+00:00","dateModified":"2017-07-19T08:27:49+00:00","breadcrumb":{"@id":"https:\/\/krausz.com\/company\/history\/#breadcrumb"},"inLanguage":"de","potentialAction":[{"@type":"ReadAction","target":["https:\/\/krausz.com\/company\/history\/"]}]},{"@type":"BreadcrumbList","@id":"https:\/\/krausz.com\/company\/history\/#breadcrumb","itemListElement":[{"@type":"ListItem","position":1,"name":"Home","item":"https:\/\/krausz.com\/de\/"},{"@type":"ListItem","position":2,"name":"Unternehmen","item":"https:\/\/krausz.com\/company\/"},{"@type":"ListItem","position":3,"name":"Verlauf"}]},{"@type":"WebSite","@id":"https:\/\/krausz.com\/#website","url":"https:\/\/krausz.com\/","name":"Krausz Industries","description":"Repair the past. Connect the future","potentialAction":[{"@type":"SearchAction","target":{"@type":"EntryPoint","urlTemplate":"https:\/\/krausz.com\/?s={search_term_string}"},"query-input":{"@type":"PropertyValueSpecification","valueRequired":true,"valueName":"search_term_string"}}],"inLanguage":"de"}]}},"_links":{"self":[{"href":"https:\/\/krausz.com\/de\/wp-json\/wp\/v2\/pages\/6326","targetHints":{"allow":["GET"]}}],"collection":[{"href":"https:\/\/krausz.com\/de\/wp-json\/wp\/v2\/pages"}],"about":[{"href":"https:\/\/krausz.com\/de\/wp-json\/wp\/v2\/types\/page"}],"author":[{"embeddable":true,"href":"https:\/\/krausz.com\/de\/wp-json\/wp\/v2\/users\/1"}],"replies":[{"embeddable":true,"href":"https:\/\/krausz.com\/de\/wp-json\/wp\/v2\/comments?post=6326"}],"version-history":[{"count":1,"href":"https:\/\/krausz.com\/de\/wp-json\/wp\/v2\/pages\/6326\/revisions"}],"predecessor-version":[{"id":6614,"href":"https:\/\/krausz.com\/de\/wp-json\/wp\/v2\/pages\/6326\/revisions\/6614"}],"up":[{"embeddable":true,"href":"https:\/\/krausz.com\/de\/wp-json\/wp\/v2\/pages\/6339"}],"wp:attachment":[{"href":"https:\/\/krausz.com\/de\/wp-json\/wp\/v2\/media?parent=6326"}],"curies":[{"name":"wp","href":"https:\/\/api.w.org\/{rel}","templated":true}]}}