{"id":6339,"date":"2017-02-02T11:52:47","date_gmt":"2017-02-02T09:52:47","guid":{"rendered":"https:\/\/krausz.com\/de\/ueber-krausz\/"},"modified":"2018-05-08T11:21:59","modified_gmt":"2018-05-08T08:21:59","slug":"ueber-krausz","status":"publish","type":"page","link":"https:\/\/krausz.com\/de\/ueber-krausz\/","title":{"rendered":"\u00dcber Krausz"},"content":{"rendered":"<p>Seit \u00fcber 90 Jahren konstruiert und fertigt Krausz Industries marktf\u00fchrende Kupplungs- und Reparaturklemmenl\u00f6sungen f\u00fcr Wasser- und Abwasseranwendungen auf der ganzen Welt. Krausz, die Erfinder und Hersteller der bahnbrechenden HYMAX L\u00f6sung, deren innovative, patentierte Technologie un\u00fcbertroffene Zuverl\u00e4ssigkeit gepaart mit leichter Installation bietet.<\/p>\n<p>In den fr\u00fchen 1920er Jahren gegr\u00fcndet hat das Unternehmen sich darauf spezialisiert, auf Marktbed\u00fcrfnisse zu reagieren und Spitzenprodukte anzubieten. Unsere L\u00f6sungen werden weltweit eingesetzt und haben sich in der Praxis unter extremsten Bedingungen in mehr als 30 L\u00e4ndern bew\u00e4hrt, darunter Deutschland, Schweiz, Russland, Spanien, Frankreich, Griechenland, Italien und viele mehr. Heute sind diese L\u00f6sungen weltweit bei mehr als 2 Millionen Installationen im Einsatz und die Anzahl w\u00e4chst.\u00a0Durch weiteres Wachstum in Nordamerika sowie durch Krausz USA, einer 100%igen Tochtergesellschaft mit Standort in Ocala, Florida, dehnt Krausz Industries die Pr\u00e4senz auf dem US-amerikanischen Markt aus.<\/p>\n<p>Unser Ziel bei Krausz ist es, Ihnen Spitzenprodukte zu bieten. Wir erreichen dies, indem wir in unsere eigene Forschung und Entwicklung investieren, deren lange Liste an Patenten die Branche ver\u00e4ndert hat, und gleichzeitig durch die Verwendung von qualitativ hochwertigen Materialien und den neuesten Fertigungsprozessen eine hervorragende Produktionsleistung bieten. Beginnend bei jeder Schraube und Mutter bis hin zu den Spezialbeschichtungen, die wir verwenden, hat unsere Aufmerksamkeit auf jedes Detail nur in prim\u00e4res Ziel: L\u00f6sungen zu bieten, auf die Sie sich verlassen k\u00f6nnen.<\/p>\n","protected":false},"excerpt":{"rendered":"<p>Seit 90 Jahren entwickelt und fertigt Krausz Industries marktf\u00fchrende Produkte zur Reparatur und Verbindung von unterschiedlichen Rohrtypen f\u00fcr den Wasser- und Abwassermarkt. Krausz genie\u00dft ein hohes Ansehen beim Vertrieb einer gro\u00dfen Vielfalt von innovativen, benutzerfreundlichen Produkten, die haltbar sind und Zeit und Geld bei der Lagerhaltung sparen.<\/p>\n","protected":false},"author":1,"featured_media":0,"parent":0,"menu_order":53,"comment_status":"closed","ping_status":"closed","template":"templates\/company.php","meta":{"inline_featured_image":false,"footnotes":""},"class_list":["post-6339","page","type-page","status-publish","hentry"],"yoast_head":"<!-- This site is optimized with the Yoast SEO plugin v27.4 - https:\/\/yoast.com\/product\/yoast-seo-wordpress\/ -->\n<title>\u00dcber Krausz - Krausz Industries<\/title>\n<meta name=\"robots\" content=\"index, follow, max-snippet:-1, max-image-preview:large, max-video-preview:-1\" \/>\n<link rel=\"canonical\" href=\"https:\/\/krausz.com\/company\/\" \/>\n<meta property=\"og:locale\" content=\"de_DE\" \/>\n<meta property=\"og:type\" content=\"article\" \/>\n<meta property=\"og:title\" content=\"\u00dcber Krausz - Krausz Industries\" \/>\n<meta property=\"og:description\" content=\"Seit 90 Jahren entwickelt und fertigt Krausz Industries marktf\u00fchrende Produkte zur Reparatur und Verbindung von unterschiedlichen Rohrtypen f\u00fcr den Wasser- und Abwassermarkt. Krausz genie\u00dft ein hohes Ansehen beim Vertrieb einer gro\u00dfen Vielfalt von innovativen, benutzerfreundlichen Produkten, die haltbar sind und Zeit und Geld bei der Lagerhaltung sparen.\" \/>\n<meta property=\"og:url\" content=\"https:\/\/krausz.com\/company\/\" \/>\n<meta property=\"og:site_name\" content=\"Krausz Industries\" \/>\n<meta property=\"article:modified_time\" content=\"2018-05-08T08:21:59+00:00\" \/>\n<meta name=\"twitter:card\" content=\"summary_large_image\" \/>\n<meta name=\"twitter:label1\" content=\"Gesch\u00e4tzte Lesezeit\" \/>\n\t<meta name=\"twitter:data1\" content=\"1\u00a0Minute\" \/>\n<script type=\"application\/ld+json\" class=\"yoast-schema-graph\">{\"@context\":\"https:\\\/\\\/schema.org\",\"@graph\":[{\"@type\":\"WebPage\",\"@id\":\"https:\\\/\\\/krausz.com\\\/company\\\/\",\"url\":\"https:\\\/\\\/krausz.com\\\/company\\\/\",\"name\":\"\u00dcber Krausz - Krausz Industries\",\"isPartOf\":{\"@id\":\"https:\\\/\\\/krausz.com\\\/#website\"},\"datePublished\":\"2017-02-02T09:52:47+00:00\",\"dateModified\":\"2018-05-08T08:21:59+00:00\",\"breadcrumb\":{\"@id\":\"https:\\\/\\\/krausz.com\\\/company\\\/#breadcrumb\"},\"inLanguage\":\"de\",\"potentialAction\":[{\"@type\":\"ReadAction\",\"target\":[\"https:\\\/\\\/krausz.com\\\/company\\\/\"]}]},{\"@type\":\"BreadcrumbList\",\"@id\":\"https:\\\/\\\/krausz.com\\\/company\\\/#breadcrumb\",\"itemListElement\":[{\"@type\":\"ListItem\",\"position\":1,\"name\":\"Home\",\"item\":\"https:\\\/\\\/krausz.com\\\/de\\\/\"},{\"@type\":\"ListItem\",\"position\":2,\"name\":\"Unternehmen\"}]},{\"@type\":\"WebSite\",\"@id\":\"https:\\\/\\\/krausz.com\\\/#website\",\"url\":\"https:\\\/\\\/krausz.com\\\/\",\"name\":\"Krausz Industries\",\"description\":\"Repair the past. Connect the future\",\"potentialAction\":[{\"@type\":\"SearchAction\",\"target\":{\"@type\":\"EntryPoint\",\"urlTemplate\":\"https:\\\/\\\/krausz.com\\\/?s={search_term_string}\"},\"query-input\":{\"@type\":\"PropertyValueSpecification\",\"valueRequired\":true,\"valueName\":\"search_term_string\"}}],\"inLanguage\":\"de\"}]}<\/script>\n<!-- \/ Yoast SEO plugin. -->","yoast_head_json":{"title":"\u00dcber Krausz - Krausz Industries","robots":{"index":"index","follow":"follow","max-snippet":"max-snippet:-1","max-image-preview":"max-image-preview:large","max-video-preview":"max-video-preview:-1"},"canonical":"https:\/\/krausz.com\/company\/","og_locale":"de_DE","og_type":"article","og_title":"\u00dcber Krausz - Krausz Industries","og_description":"Seit 90 Jahren entwickelt und fertigt Krausz Industries marktf\u00fchrende Produkte zur Reparatur und Verbindung von unterschiedlichen Rohrtypen f\u00fcr den Wasser- und Abwassermarkt. Krausz genie\u00dft ein hohes Ansehen beim Vertrieb einer gro\u00dfen Vielfalt von innovativen, benutzerfreundlichen Produkten, die haltbar sind und Zeit und Geld bei der Lagerhaltung sparen.","og_url":"https:\/\/krausz.com\/company\/","og_site_name":"Krausz Industries","article_modified_time":"2018-05-08T08:21:59+00:00","twitter_card":"summary_large_image","twitter_misc":{"Gesch\u00e4tzte Lesezeit":"1\u00a0Minute"},"schema":{"@context":"https:\/\/schema.org","@graph":[{"@type":"WebPage","@id":"https:\/\/krausz.com\/company\/","url":"https:\/\/krausz.com\/company\/","name":"\u00dcber Krausz - Krausz Industries","isPartOf":{"@id":"https:\/\/krausz.com\/#website"},"datePublished":"2017-02-02T09:52:47+00:00","dateModified":"2018-05-08T08:21:59+00:00","breadcrumb":{"@id":"https:\/\/krausz.com\/company\/#breadcrumb"},"inLanguage":"de","potentialAction":[{"@type":"ReadAction","target":["https:\/\/krausz.com\/company\/"]}]},{"@type":"BreadcrumbList","@id":"https:\/\/krausz.com\/company\/#breadcrumb","itemListElement":[{"@type":"ListItem","position":1,"name":"Home","item":"https:\/\/krausz.com\/de\/"},{"@type":"ListItem","position":2,"name":"Unternehmen"}]},{"@type":"WebSite","@id":"https:\/\/krausz.com\/#website","url":"https:\/\/krausz.com\/","name":"Krausz Industries","description":"Repair the past. Connect the future","potentialAction":[{"@type":"SearchAction","target":{"@type":"EntryPoint","urlTemplate":"https:\/\/krausz.com\/?s={search_term_string}"},"query-input":{"@type":"PropertyValueSpecification","valueRequired":true,"valueName":"search_term_string"}}],"inLanguage":"de"}]}},"_links":{"self":[{"href":"https:\/\/krausz.com\/de\/wp-json\/wp\/v2\/pages\/6339","targetHints":{"allow":["GET"]}}],"collection":[{"href":"https:\/\/krausz.com\/de\/wp-json\/wp\/v2\/pages"}],"about":[{"href":"https:\/\/krausz.com\/de\/wp-json\/wp\/v2\/types\/page"}],"author":[{"embeddable":true,"href":"https:\/\/krausz.com\/de\/wp-json\/wp\/v2\/users\/1"}],"replies":[{"embeddable":true,"href":"https:\/\/krausz.com\/de\/wp-json\/wp\/v2\/comments?post=6339"}],"version-history":[{"count":1,"href":"https:\/\/krausz.com\/de\/wp-json\/wp\/v2\/pages\/6339\/revisions"}],"predecessor-version":[{"id":7556,"href":"https:\/\/krausz.com\/de\/wp-json\/wp\/v2\/pages\/6339\/revisions\/7556"}],"wp:attachment":[{"href":"https:\/\/krausz.com\/de\/wp-json\/wp\/v2\/media?parent=6339"}],"curies":[{"name":"wp","href":"https:\/\/api.w.org\/{rel}","templated":true}]}}