{"id":6342,"date":"2017-02-02T11:52:47","date_gmt":"2017-02-02T09:52:47","guid":{"rendered":"https:\/\/krausz.com\/de\/ueber-krausz\/unsere-vision\/"},"modified":"2017-07-19T11:37:21","modified_gmt":"2017-07-19T08:37:21","slug":"unsere-vision","status":"publish","type":"page","link":"https:\/\/krausz.com\/de\/ueber-krausz\/unsere-vision\/","title":{"rendered":"Unsere Vision"},"content":{"rendered":"<p>Spitzenleistungen bei allem, was wir tun. Das fasst die Vision von Krausz in einem Satz zusammen. F\u00fcr uns bedeutet dies, unseren M\u00e4rkten und Kunden innovative und clevere Produkte sowie L\u00f6sungen anzubieten.<\/p>\n<p>Wir bei Krausz investieren unsere Zeit, Ressourcen und Bem\u00fchungen, um zu Verstehen, was unsere Kunden ben\u00f6tigen und um L\u00f6sungen zu entwickeln, die deren Erwartungen \u00fcbertreffen. Wir werfen einen umfassenden Blick darauf, wie unsere M\u00e4rkte Tag f\u00fcr Tag und \u00fcber einen l\u00e4ngeren Zeitraum arbeiten, um L\u00f6sungen f\u00fcr operative Probleme zu entwickeln.<\/p>\n<p>Dies kann bedeuten, dass Produkte entwickelt werden, die f\u00fcr eine Vielzahl von Einsatzm\u00f6glichkeiten verwendet werden k\u00f6nnen, wie beispielsweise die REPAMAX\u00a0\u2014 sie spart Zeit und Platz in Ihrem Lager und auf den Fahrzeugen. Unser vielleicht bestes Beispiel f\u00fcr ein Spitzenprodukt ist die HYMAX<sup>\u00ae<\/sup> Reihe. Durch ihre patentierte Technologie ist sie einfach zu montieren, langlebig und spart Geld vom Zeitpunkt der Montage \u00fcber den gesamten Lebenszyklus hinweg.<\/p>\n<p>Wir streben nicht nur nach Spitzenprodukten. Der Service und die Aufmerksamkeit, die wir unseren Kunden widmen, sind Dinge, an deren Verbesserung wir kontinuierlich arbeiten. Unser Ziel ist es, Ihnen dabei zu helfen, heute und auch in der Zukunft effektiver und kosteng\u00fcnstiger zu arbeiten.<\/p>\n<p>Spitzenleistung. Unser Ziel bei allem, was wir bei Krausz tun.<\/p>\n","protected":false},"excerpt":{"rendered":"<p>Spitzenleistungen bei allem, was wir tun. Das fasst die Vision von Krausz in einem Satz zusammen. F\u00fcr uns bedeutet dies, unseren M\u00e4rkten und Kunden innovative und clevere Produkte sowie L\u00f6sungen anzubieten. Wir bei Krausz investieren unsere Zeit, Ressourcen und Bem\u00fchungen, um zu<\/p>\n<div class=\"view-full-post\"><a href=\"https:\/\/krausz.com\/de\/ueber-krausz\/unsere-vision\/\" class=\"view-full-post-btn\">(\u05dc\u05d4\u05de\u05e9\u05da \u05e7\u05e8\u05d9\u05d0\u05d4&#8230;)<\/a><\/div>\n","protected":false},"author":1,"featured_media":0,"parent":6339,"menu_order":49,"comment_status":"closed","ping_status":"closed","template":"","meta":{"inline_featured_image":false,"footnotes":""},"class_list":["post-6342","page","type-page","status-publish","hentry"],"yoast_head":"<!-- This site is optimized with the Yoast SEO plugin v27.4 - https:\/\/yoast.com\/product\/yoast-seo-wordpress\/ -->\n<title>Unsere Vision - Krausz Industries<\/title>\n<meta name=\"robots\" content=\"index, follow, max-snippet:-1, max-image-preview:large, max-video-preview:-1\" \/>\n<link rel=\"canonical\" href=\"https:\/\/krausz.com\/company\/vision\/\" \/>\n<meta property=\"og:locale\" content=\"de_DE\" \/>\n<meta property=\"og:type\" content=\"article\" \/>\n<meta property=\"og:title\" content=\"Unsere Vision - Krausz Industries\" \/>\n<meta property=\"og:description\" content=\"Spitzenleistungen bei allem, was wir tun. Das fasst die Vision von Krausz in einem Satz zusammen. F\u00fcr uns bedeutet dies, unseren M\u00e4rkten und Kunden innovative und clevere Produkte sowie L\u00f6sungen anzubieten. Wir bei Krausz investieren unsere Zeit, Ressourcen und Bem\u00fchungen, um zu(\u05dc\u05d4\u05de\u05e9\u05da \u05e7\u05e8\u05d9\u05d0\u05d4...)\" \/>\n<meta property=\"og:url\" content=\"https:\/\/krausz.com\/company\/vision\/\" \/>\n<meta property=\"og:site_name\" content=\"Krausz Industries\" \/>\n<meta property=\"article:modified_time\" content=\"2017-07-19T08:37:21+00:00\" \/>\n<meta name=\"twitter:card\" content=\"summary_large_image\" \/>\n<meta name=\"twitter:label1\" content=\"Gesch\u00e4tzte Lesezeit\" \/>\n\t<meta name=\"twitter:data1\" content=\"1\u00a0Minute\" \/>\n<script type=\"application\/ld+json\" class=\"yoast-schema-graph\">{\"@context\":\"https:\\\/\\\/schema.org\",\"@graph\":[{\"@type\":\"WebPage\",\"@id\":\"https:\\\/\\\/krausz.com\\\/company\\\/vision\\\/\",\"url\":\"https:\\\/\\\/krausz.com\\\/company\\\/vision\\\/\",\"name\":\"Unsere Vision - Krausz Industries\",\"isPartOf\":{\"@id\":\"https:\\\/\\\/krausz.com\\\/#website\"},\"datePublished\":\"2017-02-02T09:52:47+00:00\",\"dateModified\":\"2017-07-19T08:37:21+00:00\",\"breadcrumb\":{\"@id\":\"https:\\\/\\\/krausz.com\\\/company\\\/vision\\\/#breadcrumb\"},\"inLanguage\":\"de\",\"potentialAction\":[{\"@type\":\"ReadAction\",\"target\":[\"https:\\\/\\\/krausz.com\\\/company\\\/vision\\\/\"]}]},{\"@type\":\"BreadcrumbList\",\"@id\":\"https:\\\/\\\/krausz.com\\\/company\\\/vision\\\/#breadcrumb\",\"itemListElement\":[{\"@type\":\"ListItem\",\"position\":1,\"name\":\"Home\",\"item\":\"https:\\\/\\\/krausz.com\\\/de\\\/\"},{\"@type\":\"ListItem\",\"position\":2,\"name\":\"Unternehmen\",\"item\":\"https:\\\/\\\/krausz.com\\\/company\\\/\"},{\"@type\":\"ListItem\",\"position\":3,\"name\":\"Vision\"}]},{\"@type\":\"WebSite\",\"@id\":\"https:\\\/\\\/krausz.com\\\/#website\",\"url\":\"https:\\\/\\\/krausz.com\\\/\",\"name\":\"Krausz Industries\",\"description\":\"Repair the past. Connect the future\",\"potentialAction\":[{\"@type\":\"SearchAction\",\"target\":{\"@type\":\"EntryPoint\",\"urlTemplate\":\"https:\\\/\\\/krausz.com\\\/?s={search_term_string}\"},\"query-input\":{\"@type\":\"PropertyValueSpecification\",\"valueRequired\":true,\"valueName\":\"search_term_string\"}}],\"inLanguage\":\"de\"}]}<\/script>\n<!-- \/ Yoast SEO plugin. -->","yoast_head_json":{"title":"Unsere Vision - Krausz Industries","robots":{"index":"index","follow":"follow","max-snippet":"max-snippet:-1","max-image-preview":"max-image-preview:large","max-video-preview":"max-video-preview:-1"},"canonical":"https:\/\/krausz.com\/company\/vision\/","og_locale":"de_DE","og_type":"article","og_title":"Unsere Vision - Krausz Industries","og_description":"Spitzenleistungen bei allem, was wir tun. Das fasst die Vision von Krausz in einem Satz zusammen. F\u00fcr uns bedeutet dies, unseren M\u00e4rkten und Kunden innovative und clevere Produkte sowie L\u00f6sungen anzubieten. Wir bei Krausz investieren unsere Zeit, Ressourcen und Bem\u00fchungen, um zu(\u05dc\u05d4\u05de\u05e9\u05da \u05e7\u05e8\u05d9\u05d0\u05d4...)","og_url":"https:\/\/krausz.com\/company\/vision\/","og_site_name":"Krausz Industries","article_modified_time":"2017-07-19T08:37:21+00:00","twitter_card":"summary_large_image","twitter_misc":{"Gesch\u00e4tzte Lesezeit":"1\u00a0Minute"},"schema":{"@context":"https:\/\/schema.org","@graph":[{"@type":"WebPage","@id":"https:\/\/krausz.com\/company\/vision\/","url":"https:\/\/krausz.com\/company\/vision\/","name":"Unsere Vision - Krausz Industries","isPartOf":{"@id":"https:\/\/krausz.com\/#website"},"datePublished":"2017-02-02T09:52:47+00:00","dateModified":"2017-07-19T08:37:21+00:00","breadcrumb":{"@id":"https:\/\/krausz.com\/company\/vision\/#breadcrumb"},"inLanguage":"de","potentialAction":[{"@type":"ReadAction","target":["https:\/\/krausz.com\/company\/vision\/"]}]},{"@type":"BreadcrumbList","@id":"https:\/\/krausz.com\/company\/vision\/#breadcrumb","itemListElement":[{"@type":"ListItem","position":1,"name":"Home","item":"https:\/\/krausz.com\/de\/"},{"@type":"ListItem","position":2,"name":"Unternehmen","item":"https:\/\/krausz.com\/company\/"},{"@type":"ListItem","position":3,"name":"Vision"}]},{"@type":"WebSite","@id":"https:\/\/krausz.com\/#website","url":"https:\/\/krausz.com\/","name":"Krausz Industries","description":"Repair the past. Connect the future","potentialAction":[{"@type":"SearchAction","target":{"@type":"EntryPoint","urlTemplate":"https:\/\/krausz.com\/?s={search_term_string}"},"query-input":{"@type":"PropertyValueSpecification","valueRequired":true,"valueName":"search_term_string"}}],"inLanguage":"de"}]}},"_links":{"self":[{"href":"https:\/\/krausz.com\/de\/wp-json\/wp\/v2\/pages\/6342","targetHints":{"allow":["GET"]}}],"collection":[{"href":"https:\/\/krausz.com\/de\/wp-json\/wp\/v2\/pages"}],"about":[{"href":"https:\/\/krausz.com\/de\/wp-json\/wp\/v2\/types\/page"}],"author":[{"embeddable":true,"href":"https:\/\/krausz.com\/de\/wp-json\/wp\/v2\/users\/1"}],"replies":[{"embeddable":true,"href":"https:\/\/krausz.com\/de\/wp-json\/wp\/v2\/comments?post=6342"}],"version-history":[{"count":3,"href":"https:\/\/krausz.com\/de\/wp-json\/wp\/v2\/pages\/6342\/revisions"}],"predecessor-version":[{"id":6621,"href":"https:\/\/krausz.com\/de\/wp-json\/wp\/v2\/pages\/6342\/revisions\/6621"}],"up":[{"embeddable":true,"href":"https:\/\/krausz.com\/de\/wp-json\/wp\/v2\/pages\/6339"}],"wp:attachment":[{"href":"https:\/\/krausz.com\/de\/wp-json\/wp\/v2\/media?parent=6342"}],"curies":[{"name":"wp","href":"https:\/\/api.w.org\/{rel}","templated":true}]}}