{"id":6344,"date":"2017-02-02T11:52:48","date_gmt":"2017-02-02T09:52:48","guid":{"rendered":"https:\/\/krausz.com\/de\/innovation\/fe-abteilung\/"},"modified":"2017-07-19T12:00:45","modified_gmt":"2017-07-19T09:00:45","slug":"fe-abteilung","status":"publish","type":"page","link":"https:\/\/krausz.com\/de\/innovation\/fe-abteilung\/","title":{"rendered":"F&#038;E Abteilung"},"content":{"rendered":"<p>Unsere Forschungs- &amp; Entwicklungsabteilung (F&amp;E) ist das R\u00fcckgrat unseres Unternehmens. Krausz investiert viel in Forschung und Entwicklung, um unsere Position als Innovator der Branche zu erhalten. Unsere Produkte und L\u00f6sungen sind in der Weltklasse anerkannt, das gr\u00f6\u00dftenteils durch das hohe Engagement im F&amp;E Prozess erreicht wird.<\/p>\n<p>Die F&amp;E Abteilung wird von einem der f\u00fchrenden Experten f\u00fcr Wasser- und Abwasserkupplungen und -Klemmen geleitet. Das Team widmet sich der st\u00e4ndigen Verbesserung auf der Suche nach Besseren, Schnelleren und Kosteng\u00fcnstigeren Wegen.<\/p>\n<p>Unser Engagement gilt in erster Linie den Spitzenprodukten. Die Entwicklung neuer Produkte ist jedoch nicht willk\u00fcrlich \u2013 sie folgt einem umfassenden Forschungsprozess, in dem wir uns mit tats\u00e4chlichen Problemen aus der Praxis befassen, die eine bessere L\u00f6sungen erfordern. Nachdem wir ermittelt haben, was im Markt ben\u00f6tigt wird, entwickeln wir eine L\u00f6sung, die das Leben des Monteurs erleichtert.<\/p>\n<p>Unsere lange Liste an Patenten hat die Branche ver\u00e4ndert. Gleichzeitig wird durch die Verwendung von qualitativ hochwertigen Materialien und den neuesten Fertigungsprozessen eine hervorragende Produktionsleistung angeboten. Beginnend bei jeder Schraube und Mutter bis hin zu den Spezialbeschichtungen, hat unsere Aufmerksamkeit auf jedes Detail nur ein prim\u00e4res Ziel: L\u00f6sungen zu bieten, auf die Sie sich verlassen k\u00f6nnen.<\/p>\n","protected":false},"excerpt":{"rendered":"<p>Die Forschungsabteilung von Krausz wird von einem der f\u00fchrenden Experten f\u00fcr Wasser- und Abwasserkupplungen und -Klemmen geleitet. Unser Team widmet sich der st\u00e4ndigen Verbesserung und der Suche nach besseren, schnelleren und kosteng\u00fcnstigeren Wegen, unsere Branche zu bedienen. <\/p>\n","protected":false},"author":1,"featured_media":0,"parent":6341,"menu_order":41,"comment_status":"closed","ping_status":"closed","template":"","meta":{"inline_featured_image":false,"footnotes":""},"class_list":["post-6344","page","type-page","status-publish","hentry"],"yoast_head":"<!-- This site is optimized with the Yoast SEO plugin v27.3 - https:\/\/yoast.com\/product\/yoast-seo-wordpress\/ -->\n<title>F&amp;E Abteilung - Krausz Industries<\/title>\n<meta name=\"robots\" content=\"index, follow, max-snippet:-1, max-image-preview:large, max-video-preview:-1\" \/>\n<link rel=\"canonical\" href=\"https:\/\/krausz.com\/innovation\/rd-department\/\" \/>\n<meta property=\"og:locale\" content=\"de_DE\" \/>\n<meta property=\"og:type\" content=\"article\" \/>\n<meta property=\"og:title\" content=\"F&amp;E Abteilung - Krausz Industries\" \/>\n<meta property=\"og:description\" content=\"Die Forschungsabteilung von Krausz wird von einem der f\u00fchrenden Experten f\u00fcr Wasser- und Abwasserkupplungen und -Klemmen geleitet. Unser Team widmet sich der st\u00e4ndigen Verbesserung und der Suche nach besseren, schnelleren und kosteng\u00fcnstigeren Wegen, unsere Branche zu bedienen.\" \/>\n<meta property=\"og:url\" content=\"https:\/\/krausz.com\/innovation\/rd-department\/\" \/>\n<meta property=\"og:site_name\" content=\"Krausz Industries\" \/>\n<meta property=\"article:modified_time\" content=\"2017-07-19T09:00:45+00:00\" \/>\n<meta name=\"twitter:card\" content=\"summary_large_image\" \/>\n<meta name=\"twitter:label1\" content=\"Gesch\u00e4tzte Lesezeit\" \/>\n\t<meta name=\"twitter:data1\" content=\"1\u00a0Minute\" \/>\n<script type=\"application\/ld+json\" class=\"yoast-schema-graph\">{\"@context\":\"https:\\\/\\\/schema.org\",\"@graph\":[{\"@type\":\"WebPage\",\"@id\":\"https:\\\/\\\/krausz.com\\\/innovation\\\/rd-department\\\/\",\"url\":\"https:\\\/\\\/krausz.com\\\/innovation\\\/rd-department\\\/\",\"name\":\"F&E Abteilung - Krausz Industries\",\"isPartOf\":{\"@id\":\"https:\\\/\\\/krausz.com\\\/#website\"},\"datePublished\":\"2017-02-02T09:52:48+00:00\",\"dateModified\":\"2017-07-19T09:00:45+00:00\",\"breadcrumb\":{\"@id\":\"https:\\\/\\\/krausz.com\\\/innovation\\\/rd-department\\\/#breadcrumb\"},\"inLanguage\":\"de\",\"potentialAction\":[{\"@type\":\"ReadAction\",\"target\":[\"https:\\\/\\\/krausz.com\\\/innovation\\\/rd-department\\\/\"]}]},{\"@type\":\"BreadcrumbList\",\"@id\":\"https:\\\/\\\/krausz.com\\\/innovation\\\/rd-department\\\/#breadcrumb\",\"itemListElement\":[{\"@type\":\"ListItem\",\"position\":1,\"name\":\"Home\",\"item\":\"https:\\\/\\\/krausz.com\\\/de\\\/\"},{\"@type\":\"ListItem\",\"position\":2,\"name\":\"Innovation\",\"item\":\"https:\\\/\\\/krausz.com\\\/innovation\\\/\"},{\"@type\":\"ListItem\",\"position\":3,\"name\":\"F&#038;E Abteilung\"}]},{\"@type\":\"WebSite\",\"@id\":\"https:\\\/\\\/krausz.com\\\/#website\",\"url\":\"https:\\\/\\\/krausz.com\\\/\",\"name\":\"Krausz Industries\",\"description\":\"Repair the past. Connect the future\",\"potentialAction\":[{\"@type\":\"SearchAction\",\"target\":{\"@type\":\"EntryPoint\",\"urlTemplate\":\"https:\\\/\\\/krausz.com\\\/?s={search_term_string}\"},\"query-input\":{\"@type\":\"PropertyValueSpecification\",\"valueRequired\":true,\"valueName\":\"search_term_string\"}}],\"inLanguage\":\"de\"}]}<\/script>\n<!-- \/ Yoast SEO plugin. -->","yoast_head_json":{"title":"F&E Abteilung - Krausz Industries","robots":{"index":"index","follow":"follow","max-snippet":"max-snippet:-1","max-image-preview":"max-image-preview:large","max-video-preview":"max-video-preview:-1"},"canonical":"https:\/\/krausz.com\/innovation\/rd-department\/","og_locale":"de_DE","og_type":"article","og_title":"F&E Abteilung - Krausz Industries","og_description":"Die Forschungsabteilung von Krausz wird von einem der f\u00fchrenden Experten f\u00fcr Wasser- und Abwasserkupplungen und -Klemmen geleitet. Unser Team widmet sich der st\u00e4ndigen Verbesserung und der Suche nach besseren, schnelleren und kosteng\u00fcnstigeren Wegen, unsere Branche zu bedienen.","og_url":"https:\/\/krausz.com\/innovation\/rd-department\/","og_site_name":"Krausz Industries","article_modified_time":"2017-07-19T09:00:45+00:00","twitter_card":"summary_large_image","twitter_misc":{"Gesch\u00e4tzte Lesezeit":"1\u00a0Minute"},"schema":{"@context":"https:\/\/schema.org","@graph":[{"@type":"WebPage","@id":"https:\/\/krausz.com\/innovation\/rd-department\/","url":"https:\/\/krausz.com\/innovation\/rd-department\/","name":"F&E Abteilung - Krausz Industries","isPartOf":{"@id":"https:\/\/krausz.com\/#website"},"datePublished":"2017-02-02T09:52:48+00:00","dateModified":"2017-07-19T09:00:45+00:00","breadcrumb":{"@id":"https:\/\/krausz.com\/innovation\/rd-department\/#breadcrumb"},"inLanguage":"de","potentialAction":[{"@type":"ReadAction","target":["https:\/\/krausz.com\/innovation\/rd-department\/"]}]},{"@type":"BreadcrumbList","@id":"https:\/\/krausz.com\/innovation\/rd-department\/#breadcrumb","itemListElement":[{"@type":"ListItem","position":1,"name":"Home","item":"https:\/\/krausz.com\/de\/"},{"@type":"ListItem","position":2,"name":"Innovation","item":"https:\/\/krausz.com\/innovation\/"},{"@type":"ListItem","position":3,"name":"F&#038;E Abteilung"}]},{"@type":"WebSite","@id":"https:\/\/krausz.com\/#website","url":"https:\/\/krausz.com\/","name":"Krausz Industries","description":"Repair the past. Connect the future","potentialAction":[{"@type":"SearchAction","target":{"@type":"EntryPoint","urlTemplate":"https:\/\/krausz.com\/?s={search_term_string}"},"query-input":{"@type":"PropertyValueSpecification","valueRequired":true,"valueName":"search_term_string"}}],"inLanguage":"de"}]}},"_links":{"self":[{"href":"https:\/\/krausz.com\/de\/wp-json\/wp\/v2\/pages\/6344","targetHints":{"allow":["GET"]}}],"collection":[{"href":"https:\/\/krausz.com\/de\/wp-json\/wp\/v2\/pages"}],"about":[{"href":"https:\/\/krausz.com\/de\/wp-json\/wp\/v2\/types\/page"}],"author":[{"embeddable":true,"href":"https:\/\/krausz.com\/de\/wp-json\/wp\/v2\/users\/1"}],"replies":[{"embeddable":true,"href":"https:\/\/krausz.com\/de\/wp-json\/wp\/v2\/comments?post=6344"}],"version-history":[{"count":1,"href":"https:\/\/krausz.com\/de\/wp-json\/wp\/v2\/pages\/6344\/revisions"}],"predecessor-version":[{"id":6623,"href":"https:\/\/krausz.com\/de\/wp-json\/wp\/v2\/pages\/6344\/revisions\/6623"}],"up":[{"embeddable":true,"href":"https:\/\/krausz.com\/de\/wp-json\/wp\/v2\/pages\/6341"}],"wp:attachment":[{"href":"https:\/\/krausz.com\/de\/wp-json\/wp\/v2\/media?parent=6344"}],"curies":[{"name":"wp","href":"https:\/\/api.w.org\/{rel}","templated":true}]}}