{"id":6351,"date":"2017-02-02T11:52:49","date_gmt":"2017-02-02T09:52:49","guid":{"rendered":"https:\/\/krausz.com\/de\/hymax\/hymax-mit-geflanschter-auslassoeffnung\/"},"modified":"2017-05-23T11:38:41","modified_gmt":"2017-05-23T08:38:41","slug":"hymax-mit-geflanschter-auslassoeffnung","status":"publish","type":"page","link":"https:\/\/krausz.com\/de\/product-families\/hymax-kupplung\/hymax-mit-geflanschter-auslassoeffnung\/","title":{"rendered":"HYMAX MIT GEFLANSCHTER AUSLASS\u00d6FFNUNG"},"content":{"rendered":"<p>Der HYMAX\u00ae geflanschter Auslass\u00f6ffnung bietet effektive Auslass\u00f6ffnungsl\u00f6sungen f\u00fcr eine gro\u00dfe Bandbreite an Rohrarten und -durchmessern und verbindet Rohre gleicher oder verschiedener Materialien mit verschiedenen Durchmessern von bis zu 40 mm \u2013 1500 mm MTO (ma\u00dfgefertigt). F\u00fcr Einzelheiten kontaktieren Sie Krausz.<\/p>\n","protected":false},"excerpt":{"rendered":"<p>Der HYMAX\u00ae geflanschter Auslass\u00f6ffnung bietet effektive Auslass\u00f6ffnungsl\u00f6sungen f\u00fcr eine gro\u00dfe Bandbreite an Rohrarten und -durchmessern und verbindet Rohre gleicher oder verschiedener Materialien mit verschiedenen Durchmessern von bis zu 40 mm \u2013 1500 mm MTO (ma\u00dfgefertigt). F\u00fcr Einzelheiten kontaktieren Sie Krausz.<\/p>\n","protected":false},"author":1,"featured_media":3856,"parent":6269,"menu_order":12,"comment_status":"closed","ping_status":"closed","template":"templates\/product-child.php","meta":{"inline_featured_image":false,"footnotes":""},"class_list":["post-6351","page","type-page","status-publish","has-post-thumbnail","hentry"],"yoast_head":"<!-- This site is optimized with the Yoast SEO plugin v27.2 - https:\/\/yoast.com\/product\/yoast-seo-wordpress\/ -->\n<title>HYMAX MIT GEFLANSCHTER AUSLASS\u00d6FFNUNG - Krausz Industries<\/title>\n<meta name=\"robots\" content=\"index, follow, max-snippet:-1, max-image-preview:large, max-video-preview:-1\" \/>\n<link rel=\"canonical\" href=\"https:\/\/krausz.com\/products-main\/hymax-coupling\/hymax-flanged-outlet-2\/\" \/>\n<meta property=\"og:locale\" content=\"de_DE\" \/>\n<meta property=\"og:type\" content=\"article\" \/>\n<meta property=\"og:title\" content=\"HYMAX MIT GEFLANSCHTER AUSLASS\u00d6FFNUNG - Krausz Industries\" \/>\n<meta property=\"og:description\" content=\"Der HYMAX\u00ae geflanschter Auslass\u00f6ffnung bietet effektive Auslass\u00f6ffnungsl\u00f6sungen f\u00fcr eine gro\u00dfe Bandbreite an Rohrarten und -durchmessern und verbindet Rohre gleicher oder verschiedener Materialien mit verschiedenen Durchmessern von bis zu 40 mm \u2013 1500 mm MTO (ma\u00dfgefertigt). F\u00fcr Einzelheiten kontaktieren Sie Krausz.\" \/>\n<meta property=\"og:url\" content=\"https:\/\/krausz.com\/products-main\/hymax-coupling\/hymax-flanged-outlet-2\/\" \/>\n<meta property=\"og:site_name\" content=\"Krausz Industries\" \/>\n<meta property=\"article:modified_time\" content=\"2017-05-23T08:38:41+00:00\" \/>\n<meta property=\"og:image\" content=\"https:\/\/krausz.com\/wp-content\/uploads\/2016\/03\/6.png\" \/>\n\t<meta property=\"og:image:width\" content=\"200\" \/>\n\t<meta property=\"og:image:height\" content=\"200\" \/>\n\t<meta property=\"og:image:type\" content=\"image\/png\" \/>\n<meta name=\"twitter:card\" content=\"summary_large_image\" \/>\n<script type=\"application\/ld+json\" class=\"yoast-schema-graph\">{\"@context\":\"https:\/\/schema.org\",\"@graph\":[{\"@type\":\"WebPage\",\"@id\":\"https:\/\/krausz.com\/products-main\/hymax-coupling\/hymax-flanged-outlet-2\/\",\"url\":\"https:\/\/krausz.com\/products-main\/hymax-coupling\/hymax-flanged-outlet-2\/\",\"name\":\"HYMAX MIT GEFLANSCHTER AUSLASS\u00d6FFNUNG - Krausz Industries\",\"isPartOf\":{\"@id\":\"https:\/\/krausz.com\/#website\"},\"primaryImageOfPage\":{\"@id\":\"https:\/\/krausz.com\/products-main\/hymax-coupling\/hymax-flanged-outlet-2\/#primaryimage\"},\"image\":{\"@id\":\"https:\/\/krausz.com\/products-main\/hymax-coupling\/hymax-flanged-outlet-2\/#primaryimage\"},\"thumbnailUrl\":\"https:\/\/krausz.com\/wp-content\/uploads\/2016\/03\/6.png\",\"datePublished\":\"2017-02-02T09:52:49+00:00\",\"dateModified\":\"2017-05-23T08:38:41+00:00\",\"breadcrumb\":{\"@id\":\"https:\/\/krausz.com\/products-main\/hymax-coupling\/hymax-flanged-outlet-2\/#breadcrumb\"},\"inLanguage\":\"de\",\"potentialAction\":[{\"@type\":\"ReadAction\",\"target\":[\"https:\/\/krausz.com\/products-main\/hymax-coupling\/hymax-flanged-outlet-2\/\"]}]},{\"@type\":\"ImageObject\",\"inLanguage\":\"de\",\"@id\":\"https:\/\/krausz.com\/products-main\/hymax-coupling\/hymax-flanged-outlet-2\/#primaryimage\",\"url\":\"https:\/\/krausz.com\/wp-content\/uploads\/2016\/03\/6.png\",\"contentUrl\":\"https:\/\/krausz.com\/wp-content\/uploads\/2016\/03\/6.png\",\"width\":200,\"height\":200},{\"@type\":\"BreadcrumbList\",\"@id\":\"https:\/\/krausz.com\/products-main\/hymax-coupling\/hymax-flanged-outlet-2\/#breadcrumb\",\"itemListElement\":[{\"@type\":\"ListItem\",\"position\":1,\"name\":\"Home\",\"item\":\"https:\/\/krausz.com\/de\/\"},{\"@type\":\"ListItem\",\"position\":2,\"name\":\"Product Families\",\"item\":\"https:\/\/krausz.com\/products-main\/\"},{\"@type\":\"ListItem\",\"position\":3,\"name\":\"HYMAX KUPPLUNG\",\"item\":\"https:\/\/krausz.com\/products-main\/hymax-coupling\/\"},{\"@type\":\"ListItem\",\"position\":4,\"name\":\"HYMAX MIT GEFLANSCHTER AUSLASS\u00d6FFNUNG\"}]},{\"@type\":\"WebSite\",\"@id\":\"https:\/\/krausz.com\/#website\",\"url\":\"https:\/\/krausz.com\/\",\"name\":\"Krausz Industries\",\"description\":\"Repair the past. Connect the future\",\"potentialAction\":[{\"@type\":\"SearchAction\",\"target\":{\"@type\":\"EntryPoint\",\"urlTemplate\":\"https:\/\/krausz.com\/?s={search_term_string}\"},\"query-input\":{\"@type\":\"PropertyValueSpecification\",\"valueRequired\":true,\"valueName\":\"search_term_string\"}}],\"inLanguage\":\"de\"}]}<\/script>\n<!-- \/ Yoast SEO plugin. -->","yoast_head_json":{"title":"HYMAX MIT GEFLANSCHTER AUSLASS\u00d6FFNUNG - Krausz Industries","robots":{"index":"index","follow":"follow","max-snippet":"max-snippet:-1","max-image-preview":"max-image-preview:large","max-video-preview":"max-video-preview:-1"},"canonical":"https:\/\/krausz.com\/products-main\/hymax-coupling\/hymax-flanged-outlet-2\/","og_locale":"de_DE","og_type":"article","og_title":"HYMAX MIT GEFLANSCHTER AUSLASS\u00d6FFNUNG - Krausz Industries","og_description":"Der HYMAX\u00ae geflanschter Auslass\u00f6ffnung bietet effektive Auslass\u00f6ffnungsl\u00f6sungen f\u00fcr eine gro\u00dfe Bandbreite an Rohrarten und -durchmessern und verbindet Rohre gleicher oder verschiedener Materialien mit verschiedenen Durchmessern von bis zu 40 mm \u2013 1500 mm MTO (ma\u00dfgefertigt). F\u00fcr Einzelheiten kontaktieren Sie Krausz.","og_url":"https:\/\/krausz.com\/products-main\/hymax-coupling\/hymax-flanged-outlet-2\/","og_site_name":"Krausz Industries","article_modified_time":"2017-05-23T08:38:41+00:00","og_image":[{"width":200,"height":200,"url":"https:\/\/krausz.com\/wp-content\/uploads\/2016\/03\/6.png","type":"image\/png"}],"twitter_card":"summary_large_image","schema":{"@context":"https:\/\/schema.org","@graph":[{"@type":"WebPage","@id":"https:\/\/krausz.com\/products-main\/hymax-coupling\/hymax-flanged-outlet-2\/","url":"https:\/\/krausz.com\/products-main\/hymax-coupling\/hymax-flanged-outlet-2\/","name":"HYMAX MIT GEFLANSCHTER AUSLASS\u00d6FFNUNG - Krausz Industries","isPartOf":{"@id":"https:\/\/krausz.com\/#website"},"primaryImageOfPage":{"@id":"https:\/\/krausz.com\/products-main\/hymax-coupling\/hymax-flanged-outlet-2\/#primaryimage"},"image":{"@id":"https:\/\/krausz.com\/products-main\/hymax-coupling\/hymax-flanged-outlet-2\/#primaryimage"},"thumbnailUrl":"https:\/\/krausz.com\/wp-content\/uploads\/2016\/03\/6.png","datePublished":"2017-02-02T09:52:49+00:00","dateModified":"2017-05-23T08:38:41+00:00","breadcrumb":{"@id":"https:\/\/krausz.com\/products-main\/hymax-coupling\/hymax-flanged-outlet-2\/#breadcrumb"},"inLanguage":"de","potentialAction":[{"@type":"ReadAction","target":["https:\/\/krausz.com\/products-main\/hymax-coupling\/hymax-flanged-outlet-2\/"]}]},{"@type":"ImageObject","inLanguage":"de","@id":"https:\/\/krausz.com\/products-main\/hymax-coupling\/hymax-flanged-outlet-2\/#primaryimage","url":"https:\/\/krausz.com\/wp-content\/uploads\/2016\/03\/6.png","contentUrl":"https:\/\/krausz.com\/wp-content\/uploads\/2016\/03\/6.png","width":200,"height":200},{"@type":"BreadcrumbList","@id":"https:\/\/krausz.com\/products-main\/hymax-coupling\/hymax-flanged-outlet-2\/#breadcrumb","itemListElement":[{"@type":"ListItem","position":1,"name":"Home","item":"https:\/\/krausz.com\/de\/"},{"@type":"ListItem","position":2,"name":"Product Families","item":"https:\/\/krausz.com\/products-main\/"},{"@type":"ListItem","position":3,"name":"HYMAX KUPPLUNG","item":"https:\/\/krausz.com\/products-main\/hymax-coupling\/"},{"@type":"ListItem","position":4,"name":"HYMAX MIT GEFLANSCHTER AUSLASS\u00d6FFNUNG"}]},{"@type":"WebSite","@id":"https:\/\/krausz.com\/#website","url":"https:\/\/krausz.com\/","name":"Krausz Industries","description":"Repair the past. Connect the future","potentialAction":[{"@type":"SearchAction","target":{"@type":"EntryPoint","urlTemplate":"https:\/\/krausz.com\/?s={search_term_string}"},"query-input":{"@type":"PropertyValueSpecification","valueRequired":true,"valueName":"search_term_string"}}],"inLanguage":"de"}]}},"_links":{"self":[{"href":"https:\/\/krausz.com\/de\/wp-json\/wp\/v2\/pages\/6351","targetHints":{"allow":["GET"]}}],"collection":[{"href":"https:\/\/krausz.com\/de\/wp-json\/wp\/v2\/pages"}],"about":[{"href":"https:\/\/krausz.com\/de\/wp-json\/wp\/v2\/types\/page"}],"author":[{"embeddable":true,"href":"https:\/\/krausz.com\/de\/wp-json\/wp\/v2\/users\/1"}],"replies":[{"embeddable":true,"href":"https:\/\/krausz.com\/de\/wp-json\/wp\/v2\/comments?post=6351"}],"version-history":[{"count":1,"href":"https:\/\/krausz.com\/de\/wp-json\/wp\/v2\/pages\/6351\/revisions"}],"predecessor-version":[{"id":6426,"href":"https:\/\/krausz.com\/de\/wp-json\/wp\/v2\/pages\/6351\/revisions\/6426"}],"up":[{"embeddable":true,"href":"https:\/\/krausz.com\/de\/wp-json\/wp\/v2\/pages\/6269"}],"wp:featuredmedia":[{"embeddable":true,"href":"https:\/\/krausz.com\/de\/wp-json\/wp\/v2\/media\/3856"}],"wp:attachment":[{"href":"https:\/\/krausz.com\/de\/wp-json\/wp\/v2\/media?parent=6351"}],"curies":[{"name":"wp","href":"https:\/\/api.w.org\/{rel}","templated":true}]}}