{"id":6352,"date":"2017-02-02T11:52:49","date_gmt":"2017-02-02T09:52:49","guid":{"rendered":"https:\/\/krausz.com\/de\/hymax-grip\/hymax-grip-reduzierstueck\/"},"modified":"2018-05-07T20:22:06","modified_gmt":"2018-05-07T17:22:06","slug":"hymax-grip-reduzierstueck","status":"publish","type":"page","link":"https:\/\/krausz.com\/de\/product-families\/hymax-grip\/hymax-grip-reduzierstueck\/","title":{"rendered":"HYMAX GRIP REDUZIERST\u00dcCK"},"content":{"rendered":"<p align=\"LEFT\">Das HYMAX GRIP Reduzierst\u00fcck dichtet Rohre verschiedener Durchmesser mit unvergleichlicher Leistung ab. Sein patentiertes Rohrhaltesystem basiert auf einem universellen Haltesystem, entwickelt zum Abdichten von Metall- und Kunststoffrohren. Der einzigartige patentierte Verschlussmechanismus h\u00e4lt die Rohre w\u00e4hrend der Montage zuverl\u00e4ssig fest und erm\u00f6glicht eine vollst\u00e4ndige Kontrolle \u00fcber den Abstand zwischen den Rohren. Im Unterschied zu den typischen keilf\u00f6rmigen Abdichtungen mit einer Punktbelastung des Rohres bietet die patentierte GRIP-Kette eine kreisf\u00f6rmig Abdichtung um das Rohr herum.<\/p>\n<p align=\"LEFT\"><em><strong>* Zur Zeit erh\u00e4ltlich in den Gr\u00f6\u00dfen 40\/50 mm bis 120\/150 mm.<\/strong><\/em><\/p>\n<p>&nbsp;<\/p>\n","protected":false},"excerpt":{"rendered":"<p>Das HYMAX GRIP Reduzierst\u00fcck dichtet Rohre verschiedener Durchmesser mit unvergleichlicher Leistung ab. Sein patentiertes Rohrhaltesystem basiert auf einem universellen Haltesystem, entwickelt zum Abdichten von Metall- und Kunststoffrohren. Der einzigartige patentierte Verschlussmechanismus h\u00e4lt die Rohre w\u00e4hrend der Montage zuverl\u00e4ssig fest und erm\u00f6glicht eine<\/p>\n<div class=\"view-full-post\"><a href=\"https:\/\/krausz.com\/de\/product-families\/hymax-grip\/hymax-grip-reduzierstueck\/\" class=\"view-full-post-btn\">(\u05dc\u05d4\u05de\u05e9\u05da \u05e7\u05e8\u05d9\u05d0\u05d4&#8230;)<\/a><\/div>\n","protected":false},"author":1,"featured_media":6256,"parent":6271,"menu_order":28,"comment_status":"closed","ping_status":"closed","template":"templates\/product-child.php","meta":{"inline_featured_image":false,"footnotes":""},"class_list":["post-6352","page","type-page","status-publish","has-post-thumbnail","hentry"],"yoast_head":"<!-- This site is optimized with the Yoast SEO plugin v27.4 - https:\/\/yoast.com\/product\/yoast-seo-wordpress\/ -->\n<title>HYMAX GRIP REDUZIERST\u00dcCK - Krausz Industries<\/title>\n<meta name=\"robots\" content=\"index, follow, max-snippet:-1, max-image-preview:large, max-video-preview:-1\" \/>\n<link rel=\"canonical\" href=\"https:\/\/krausz.com\/products-main\/hymax-grip-wide-range-restraint-couplings\/hymax-grip-reducer\/\" \/>\n<meta property=\"og:locale\" content=\"de_DE\" \/>\n<meta property=\"og:type\" content=\"article\" \/>\n<meta property=\"og:title\" content=\"HYMAX GRIP REDUZIERST\u00dcCK - Krausz Industries\" \/>\n<meta property=\"og:description\" content=\"Das HYMAX GRIP Reduzierst\u00fcck dichtet Rohre verschiedener Durchmesser mit unvergleichlicher Leistung ab. Sein patentiertes Rohrhaltesystem basiert auf einem universellen Haltesystem, entwickelt zum Abdichten von Metall- und Kunststoffrohren. Der einzigartige patentierte Verschlussmechanismus h\u00e4lt die Rohre w\u00e4hrend der Montage zuverl\u00e4ssig fest und erm\u00f6glicht eine(\u05dc\u05d4\u05de\u05e9\u05da \u05e7\u05e8\u05d9\u05d0\u05d4...)\" \/>\n<meta property=\"og:url\" content=\"https:\/\/krausz.com\/products-main\/hymax-grip-wide-range-restraint-couplings\/hymax-grip-reducer\/\" \/>\n<meta property=\"og:site_name\" content=\"Krausz Industries\" \/>\n<meta property=\"article:modified_time\" content=\"2018-05-07T17:22:06+00:00\" \/>\n<meta property=\"og:image\" content=\"https:\/\/krausz.com\/wp-content\/uploads\/2016\/05\/hymax-grip-reducer.png\" \/>\n\t<meta property=\"og:image:width\" content=\"143\" \/>\n\t<meta property=\"og:image:height\" content=\"131\" \/>\n\t<meta property=\"og:image:type\" content=\"image\/png\" \/>\n<meta name=\"twitter:card\" content=\"summary_large_image\" \/>\n<script type=\"application\/ld+json\" class=\"yoast-schema-graph\">{\"@context\":\"https:\\\/\\\/schema.org\",\"@graph\":[{\"@type\":\"WebPage\",\"@id\":\"https:\\\/\\\/krausz.com\\\/products-main\\\/hymax-grip-wide-range-restraint-couplings\\\/hymax-grip-reducer\\\/\",\"url\":\"https:\\\/\\\/krausz.com\\\/products-main\\\/hymax-grip-wide-range-restraint-couplings\\\/hymax-grip-reducer\\\/\",\"name\":\"HYMAX GRIP REDUZIERST\u00dcCK - Krausz Industries\",\"isPartOf\":{\"@id\":\"https:\\\/\\\/krausz.com\\\/#website\"},\"primaryImageOfPage\":{\"@id\":\"https:\\\/\\\/krausz.com\\\/products-main\\\/hymax-grip-wide-range-restraint-couplings\\\/hymax-grip-reducer\\\/#primaryimage\"},\"image\":{\"@id\":\"https:\\\/\\\/krausz.com\\\/products-main\\\/hymax-grip-wide-range-restraint-couplings\\\/hymax-grip-reducer\\\/#primaryimage\"},\"thumbnailUrl\":\"https:\\\/\\\/krausz.com\\\/wp-content\\\/uploads\\\/2016\\\/05\\\/hymax-grip-reducer.png\",\"datePublished\":\"2017-02-02T09:52:49+00:00\",\"dateModified\":\"2018-05-07T17:22:06+00:00\",\"breadcrumb\":{\"@id\":\"https:\\\/\\\/krausz.com\\\/products-main\\\/hymax-grip-wide-range-restraint-couplings\\\/hymax-grip-reducer\\\/#breadcrumb\"},\"inLanguage\":\"de\",\"potentialAction\":[{\"@type\":\"ReadAction\",\"target\":[\"https:\\\/\\\/krausz.com\\\/products-main\\\/hymax-grip-wide-range-restraint-couplings\\\/hymax-grip-reducer\\\/\"]}]},{\"@type\":\"ImageObject\",\"inLanguage\":\"de\",\"@id\":\"https:\\\/\\\/krausz.com\\\/products-main\\\/hymax-grip-wide-range-restraint-couplings\\\/hymax-grip-reducer\\\/#primaryimage\",\"url\":\"https:\\\/\\\/krausz.com\\\/wp-content\\\/uploads\\\/2016\\\/05\\\/hymax-grip-reducer.png\",\"contentUrl\":\"https:\\\/\\\/krausz.com\\\/wp-content\\\/uploads\\\/2016\\\/05\\\/hymax-grip-reducer.png\",\"width\":143,\"height\":131},{\"@type\":\"BreadcrumbList\",\"@id\":\"https:\\\/\\\/krausz.com\\\/products-main\\\/hymax-grip-wide-range-restraint-couplings\\\/hymax-grip-reducer\\\/#breadcrumb\",\"itemListElement\":[{\"@type\":\"ListItem\",\"position\":1,\"name\":\"Home\",\"item\":\"https:\\\/\\\/krausz.com\\\/de\\\/\"},{\"@type\":\"ListItem\",\"position\":2,\"name\":\"Product Families\",\"item\":\"https:\\\/\\\/krausz.com\\\/products-main\\\/\"},{\"@type\":\"ListItem\",\"position\":3,\"name\":\"HYMAX\u00ae GRIP\",\"item\":\"https:\\\/\\\/krausz.com\\\/products-main\\\/hymax-grip-wide-range-restraint-couplings\\\/\"},{\"@type\":\"ListItem\",\"position\":4,\"name\":\"HYMAX GRIP REDUZIERST\u00dcCK\"}]},{\"@type\":\"WebSite\",\"@id\":\"https:\\\/\\\/krausz.com\\\/#website\",\"url\":\"https:\\\/\\\/krausz.com\\\/\",\"name\":\"Krausz Industries\",\"description\":\"Repair the past. Connect the future\",\"potentialAction\":[{\"@type\":\"SearchAction\",\"target\":{\"@type\":\"EntryPoint\",\"urlTemplate\":\"https:\\\/\\\/krausz.com\\\/?s={search_term_string}\"},\"query-input\":{\"@type\":\"PropertyValueSpecification\",\"valueRequired\":true,\"valueName\":\"search_term_string\"}}],\"inLanguage\":\"de\"}]}<\/script>\n<!-- \/ Yoast SEO plugin. -->","yoast_head_json":{"title":"HYMAX GRIP REDUZIERST\u00dcCK - Krausz Industries","robots":{"index":"index","follow":"follow","max-snippet":"max-snippet:-1","max-image-preview":"max-image-preview:large","max-video-preview":"max-video-preview:-1"},"canonical":"https:\/\/krausz.com\/products-main\/hymax-grip-wide-range-restraint-couplings\/hymax-grip-reducer\/","og_locale":"de_DE","og_type":"article","og_title":"HYMAX GRIP REDUZIERST\u00dcCK - Krausz Industries","og_description":"Das HYMAX GRIP Reduzierst\u00fcck dichtet Rohre verschiedener Durchmesser mit unvergleichlicher Leistung ab. Sein patentiertes Rohrhaltesystem basiert auf einem universellen Haltesystem, entwickelt zum Abdichten von Metall- und Kunststoffrohren. Der einzigartige patentierte Verschlussmechanismus h\u00e4lt die Rohre w\u00e4hrend der Montage zuverl\u00e4ssig fest und erm\u00f6glicht eine(\u05dc\u05d4\u05de\u05e9\u05da \u05e7\u05e8\u05d9\u05d0\u05d4...)","og_url":"https:\/\/krausz.com\/products-main\/hymax-grip-wide-range-restraint-couplings\/hymax-grip-reducer\/","og_site_name":"Krausz Industries","article_modified_time":"2018-05-07T17:22:06+00:00","og_image":[{"width":143,"height":131,"url":"https:\/\/krausz.com\/wp-content\/uploads\/2016\/05\/hymax-grip-reducer.png","type":"image\/png"}],"twitter_card":"summary_large_image","schema":{"@context":"https:\/\/schema.org","@graph":[{"@type":"WebPage","@id":"https:\/\/krausz.com\/products-main\/hymax-grip-wide-range-restraint-couplings\/hymax-grip-reducer\/","url":"https:\/\/krausz.com\/products-main\/hymax-grip-wide-range-restraint-couplings\/hymax-grip-reducer\/","name":"HYMAX GRIP REDUZIERST\u00dcCK - Krausz Industries","isPartOf":{"@id":"https:\/\/krausz.com\/#website"},"primaryImageOfPage":{"@id":"https:\/\/krausz.com\/products-main\/hymax-grip-wide-range-restraint-couplings\/hymax-grip-reducer\/#primaryimage"},"image":{"@id":"https:\/\/krausz.com\/products-main\/hymax-grip-wide-range-restraint-couplings\/hymax-grip-reducer\/#primaryimage"},"thumbnailUrl":"https:\/\/krausz.com\/wp-content\/uploads\/2016\/05\/hymax-grip-reducer.png","datePublished":"2017-02-02T09:52:49+00:00","dateModified":"2018-05-07T17:22:06+00:00","breadcrumb":{"@id":"https:\/\/krausz.com\/products-main\/hymax-grip-wide-range-restraint-couplings\/hymax-grip-reducer\/#breadcrumb"},"inLanguage":"de","potentialAction":[{"@type":"ReadAction","target":["https:\/\/krausz.com\/products-main\/hymax-grip-wide-range-restraint-couplings\/hymax-grip-reducer\/"]}]},{"@type":"ImageObject","inLanguage":"de","@id":"https:\/\/krausz.com\/products-main\/hymax-grip-wide-range-restraint-couplings\/hymax-grip-reducer\/#primaryimage","url":"https:\/\/krausz.com\/wp-content\/uploads\/2016\/05\/hymax-grip-reducer.png","contentUrl":"https:\/\/krausz.com\/wp-content\/uploads\/2016\/05\/hymax-grip-reducer.png","width":143,"height":131},{"@type":"BreadcrumbList","@id":"https:\/\/krausz.com\/products-main\/hymax-grip-wide-range-restraint-couplings\/hymax-grip-reducer\/#breadcrumb","itemListElement":[{"@type":"ListItem","position":1,"name":"Home","item":"https:\/\/krausz.com\/de\/"},{"@type":"ListItem","position":2,"name":"Product Families","item":"https:\/\/krausz.com\/products-main\/"},{"@type":"ListItem","position":3,"name":"HYMAX\u00ae GRIP","item":"https:\/\/krausz.com\/products-main\/hymax-grip-wide-range-restraint-couplings\/"},{"@type":"ListItem","position":4,"name":"HYMAX GRIP REDUZIERST\u00dcCK"}]},{"@type":"WebSite","@id":"https:\/\/krausz.com\/#website","url":"https:\/\/krausz.com\/","name":"Krausz Industries","description":"Repair the past. Connect the future","potentialAction":[{"@type":"SearchAction","target":{"@type":"EntryPoint","urlTemplate":"https:\/\/krausz.com\/?s={search_term_string}"},"query-input":{"@type":"PropertyValueSpecification","valueRequired":true,"valueName":"search_term_string"}}],"inLanguage":"de"}]}},"_links":{"self":[{"href":"https:\/\/krausz.com\/de\/wp-json\/wp\/v2\/pages\/6352","targetHints":{"allow":["GET"]}}],"collection":[{"href":"https:\/\/krausz.com\/de\/wp-json\/wp\/v2\/pages"}],"about":[{"href":"https:\/\/krausz.com\/de\/wp-json\/wp\/v2\/types\/page"}],"author":[{"embeddable":true,"href":"https:\/\/krausz.com\/de\/wp-json\/wp\/v2\/users\/1"}],"replies":[{"embeddable":true,"href":"https:\/\/krausz.com\/de\/wp-json\/wp\/v2\/comments?post=6352"}],"version-history":[{"count":1,"href":"https:\/\/krausz.com\/de\/wp-json\/wp\/v2\/pages\/6352\/revisions"}],"predecessor-version":[{"id":6444,"href":"https:\/\/krausz.com\/de\/wp-json\/wp\/v2\/pages\/6352\/revisions\/6444"}],"up":[{"embeddable":true,"href":"https:\/\/krausz.com\/de\/wp-json\/wp\/v2\/pages\/6271"}],"wp:featuredmedia":[{"embeddable":true,"href":"https:\/\/krausz.com\/de\/wp-json\/wp\/v2\/media\/6256"}],"wp:attachment":[{"href":"https:\/\/krausz.com\/de\/wp-json\/wp\/v2\/media?parent=6352"}],"curies":[{"name":"wp","href":"https:\/\/api.w.org\/{rel}","templated":true}]}}