{"id":6362,"date":"2017-02-02T11:52:50","date_gmt":"2017-02-02T09:52:50","guid":{"rendered":"https:\/\/krausz.com\/de\/innovation\/weltweite-zertifizierungen\/"},"modified":"2021-10-07T14:50:41","modified_gmt":"2021-10-07T11:50:41","slug":"weltweite-zertifizierungen","status":"publish","type":"page","link":"https:\/\/krausz.com\/de\/innovation\/weltweite-zertifizierungen\/","title":{"rendered":"Weltweite Zertifizierungen"},"content":{"rendered":"<p><img loading=\"lazy\" decoding=\"async\" class=\"aligncenter wp-image-2928 size-full\" src=\"https:\/\/krausz.com\/wp-content\/uploads\/2014\/09\/global.jpg\" alt=\"global\" width=\"1024\" height=\"383\" srcset=\"https:\/\/krausz.com\/wp-content\/uploads\/2014\/09\/global.jpg 1024w, https:\/\/krausz.com\/wp-content\/uploads\/2014\/09\/global-300x112.jpg 300w, https:\/\/krausz.com\/wp-content\/uploads\/2014\/09\/global-768x287.jpg 768w\" sizes=\"auto, (max-width: 1024px) 100vw, 1024px\" \/><\/p>\n","protected":false},"excerpt":{"rendered":"<p>Krausz Industries wurde von den f\u00fchrenden Zertifizierungsinstituten in den USA und in der EU f\u00fcr ihre Technologien zertifiziert. Die internationalen Zertifikate in Bezug auf die Dichtungstechnologie f\u00fcr Trinkwasser (abdichten und verbinden) finden Sie hier.<\/p>\n","protected":false},"author":1,"featured_media":0,"parent":6341,"menu_order":36,"comment_status":"closed","ping_status":"closed","template":"","meta":{"inline_featured_image":false,"footnotes":""},"class_list":["post-6362","page","type-page","status-publish","hentry"],"yoast_head":"<!-- This site is optimized with the Yoast SEO plugin v27.3 - https:\/\/yoast.com\/product\/yoast-seo-wordpress\/ -->\n<title>Weltweite Zertifizierungen - Krausz Industries<\/title>\n<meta name=\"robots\" content=\"index, follow, max-snippet:-1, max-image-preview:large, max-video-preview:-1\" \/>\n<link rel=\"canonical\" href=\"https:\/\/krausz.com\/innovation\/global-certifications\/\" \/>\n<meta property=\"og:locale\" content=\"de_DE\" \/>\n<meta property=\"og:type\" content=\"article\" \/>\n<meta property=\"og:title\" content=\"Weltweite Zertifizierungen - Krausz Industries\" \/>\n<meta property=\"og:description\" content=\"Krausz Industries wurde von den f\u00fchrenden Zertifizierungsinstituten in den USA und in der EU f\u00fcr ihre Technologien zertifiziert. Die internationalen Zertifikate in Bezug auf die Dichtungstechnologie f\u00fcr Trinkwasser (abdichten und verbinden) finden Sie hier.\" \/>\n<meta property=\"og:url\" content=\"https:\/\/krausz.com\/innovation\/global-certifications\/\" \/>\n<meta property=\"og:site_name\" content=\"Krausz Industries\" \/>\n<meta property=\"article:modified_time\" content=\"2021-10-07T11:50:41+00:00\" \/>\n<meta property=\"og:image\" content=\"https:\/\/krausz.com\/wp-content\/uploads\/2014\/09\/global.jpg\" \/>\n<meta name=\"twitter:card\" content=\"summary_large_image\" \/>\n<meta name=\"twitter:label1\" content=\"Gesch\u00e4tzte Lesezeit\" \/>\n\t<meta name=\"twitter:data1\" content=\"1\u00a0Minute\" \/>\n<script type=\"application\/ld+json\" class=\"yoast-schema-graph\">{\"@context\":\"https:\\\/\\\/schema.org\",\"@graph\":[{\"@type\":\"WebPage\",\"@id\":\"https:\\\/\\\/krausz.com\\\/innovation\\\/global-certifications\\\/\",\"url\":\"https:\\\/\\\/krausz.com\\\/innovation\\\/global-certifications\\\/\",\"name\":\"Weltweite Zertifizierungen - Krausz Industries\",\"isPartOf\":{\"@id\":\"https:\\\/\\\/krausz.com\\\/#website\"},\"primaryImageOfPage\":{\"@id\":\"https:\\\/\\\/krausz.com\\\/innovation\\\/global-certifications\\\/#primaryimage\"},\"image\":{\"@id\":\"https:\\\/\\\/krausz.com\\\/innovation\\\/global-certifications\\\/#primaryimage\"},\"thumbnailUrl\":\"https:\\\/\\\/krausz.com\\\/wp-content\\\/uploads\\\/2014\\\/09\\\/global.jpg\",\"datePublished\":\"2017-02-02T09:52:50+00:00\",\"dateModified\":\"2021-10-07T11:50:41+00:00\",\"breadcrumb\":{\"@id\":\"https:\\\/\\\/krausz.com\\\/innovation\\\/global-certifications\\\/#breadcrumb\"},\"inLanguage\":\"de\",\"potentialAction\":[{\"@type\":\"ReadAction\",\"target\":[\"https:\\\/\\\/krausz.com\\\/innovation\\\/global-certifications\\\/\"]}]},{\"@type\":\"ImageObject\",\"inLanguage\":\"de\",\"@id\":\"https:\\\/\\\/krausz.com\\\/innovation\\\/global-certifications\\\/#primaryimage\",\"url\":\"https:\\\/\\\/krausz.com\\\/wp-content\\\/uploads\\\/2014\\\/09\\\/global.jpg\",\"contentUrl\":\"https:\\\/\\\/krausz.com\\\/wp-content\\\/uploads\\\/2014\\\/09\\\/global.jpg\"},{\"@type\":\"BreadcrumbList\",\"@id\":\"https:\\\/\\\/krausz.com\\\/innovation\\\/global-certifications\\\/#breadcrumb\",\"itemListElement\":[{\"@type\":\"ListItem\",\"position\":1,\"name\":\"Home\",\"item\":\"https:\\\/\\\/krausz.com\\\/de\\\/\"},{\"@type\":\"ListItem\",\"position\":2,\"name\":\"Innovation\",\"item\":\"https:\\\/\\\/krausz.com\\\/innovation\\\/\"},{\"@type\":\"ListItem\",\"position\":3,\"name\":\"Weltweite Zertifizierungen\"}]},{\"@type\":\"WebSite\",\"@id\":\"https:\\\/\\\/krausz.com\\\/#website\",\"url\":\"https:\\\/\\\/krausz.com\\\/\",\"name\":\"Krausz Industries\",\"description\":\"Repair the past. Connect the future\",\"potentialAction\":[{\"@type\":\"SearchAction\",\"target\":{\"@type\":\"EntryPoint\",\"urlTemplate\":\"https:\\\/\\\/krausz.com\\\/?s={search_term_string}\"},\"query-input\":{\"@type\":\"PropertyValueSpecification\",\"valueRequired\":true,\"valueName\":\"search_term_string\"}}],\"inLanguage\":\"de\"}]}<\/script>\n<!-- \/ Yoast SEO plugin. -->","yoast_head_json":{"title":"Weltweite Zertifizierungen - Krausz Industries","robots":{"index":"index","follow":"follow","max-snippet":"max-snippet:-1","max-image-preview":"max-image-preview:large","max-video-preview":"max-video-preview:-1"},"canonical":"https:\/\/krausz.com\/innovation\/global-certifications\/","og_locale":"de_DE","og_type":"article","og_title":"Weltweite Zertifizierungen - Krausz Industries","og_description":"Krausz Industries wurde von den f\u00fchrenden Zertifizierungsinstituten in den USA und in der EU f\u00fcr ihre Technologien zertifiziert. Die internationalen Zertifikate in Bezug auf die Dichtungstechnologie f\u00fcr Trinkwasser (abdichten und verbinden) finden Sie hier.","og_url":"https:\/\/krausz.com\/innovation\/global-certifications\/","og_site_name":"Krausz Industries","article_modified_time":"2021-10-07T11:50:41+00:00","og_image":[{"url":"https:\/\/krausz.com\/wp-content\/uploads\/2014\/09\/global.jpg","type":"","width":"","height":""}],"twitter_card":"summary_large_image","twitter_misc":{"Gesch\u00e4tzte Lesezeit":"1\u00a0Minute"},"schema":{"@context":"https:\/\/schema.org","@graph":[{"@type":"WebPage","@id":"https:\/\/krausz.com\/innovation\/global-certifications\/","url":"https:\/\/krausz.com\/innovation\/global-certifications\/","name":"Weltweite Zertifizierungen - Krausz Industries","isPartOf":{"@id":"https:\/\/krausz.com\/#website"},"primaryImageOfPage":{"@id":"https:\/\/krausz.com\/innovation\/global-certifications\/#primaryimage"},"image":{"@id":"https:\/\/krausz.com\/innovation\/global-certifications\/#primaryimage"},"thumbnailUrl":"https:\/\/krausz.com\/wp-content\/uploads\/2014\/09\/global.jpg","datePublished":"2017-02-02T09:52:50+00:00","dateModified":"2021-10-07T11:50:41+00:00","breadcrumb":{"@id":"https:\/\/krausz.com\/innovation\/global-certifications\/#breadcrumb"},"inLanguage":"de","potentialAction":[{"@type":"ReadAction","target":["https:\/\/krausz.com\/innovation\/global-certifications\/"]}]},{"@type":"ImageObject","inLanguage":"de","@id":"https:\/\/krausz.com\/innovation\/global-certifications\/#primaryimage","url":"https:\/\/krausz.com\/wp-content\/uploads\/2014\/09\/global.jpg","contentUrl":"https:\/\/krausz.com\/wp-content\/uploads\/2014\/09\/global.jpg"},{"@type":"BreadcrumbList","@id":"https:\/\/krausz.com\/innovation\/global-certifications\/#breadcrumb","itemListElement":[{"@type":"ListItem","position":1,"name":"Home","item":"https:\/\/krausz.com\/de\/"},{"@type":"ListItem","position":2,"name":"Innovation","item":"https:\/\/krausz.com\/innovation\/"},{"@type":"ListItem","position":3,"name":"Weltweite Zertifizierungen"}]},{"@type":"WebSite","@id":"https:\/\/krausz.com\/#website","url":"https:\/\/krausz.com\/","name":"Krausz Industries","description":"Repair the past. Connect the future","potentialAction":[{"@type":"SearchAction","target":{"@type":"EntryPoint","urlTemplate":"https:\/\/krausz.com\/?s={search_term_string}"},"query-input":{"@type":"PropertyValueSpecification","valueRequired":true,"valueName":"search_term_string"}}],"inLanguage":"de"}]}},"_links":{"self":[{"href":"https:\/\/krausz.com\/de\/wp-json\/wp\/v2\/pages\/6362","targetHints":{"allow":["GET"]}}],"collection":[{"href":"https:\/\/krausz.com\/de\/wp-json\/wp\/v2\/pages"}],"about":[{"href":"https:\/\/krausz.com\/de\/wp-json\/wp\/v2\/types\/page"}],"author":[{"embeddable":true,"href":"https:\/\/krausz.com\/de\/wp-json\/wp\/v2\/users\/1"}],"replies":[{"embeddable":true,"href":"https:\/\/krausz.com\/de\/wp-json\/wp\/v2\/comments?post=6362"}],"version-history":[{"count":6,"href":"https:\/\/krausz.com\/de\/wp-json\/wp\/v2\/pages\/6362\/revisions"}],"predecessor-version":[{"id":13237,"href":"https:\/\/krausz.com\/de\/wp-json\/wp\/v2\/pages\/6362\/revisions\/13237"}],"up":[{"embeddable":true,"href":"https:\/\/krausz.com\/de\/wp-json\/wp\/v2\/pages\/6341"}],"wp:attachment":[{"href":"https:\/\/krausz.com\/de\/wp-json\/wp\/v2\/media?parent=6362"}],"curies":[{"name":"wp","href":"https:\/\/api.w.org\/{rel}","templated":true}]}}