{"id":6363,"date":"2017-02-02T11:52:50","date_gmt":"2017-02-02T09:52:50","guid":{"rendered":"https:\/\/krausz.com\/de\/privacy-policy\/"},"modified":"2017-02-02T11:52:50","modified_gmt":"2017-02-02T09:52:50","slug":"privacy-policy","status":"publish","type":"page","link":"https:\/\/krausz.com\/de\/privacy-policy\/","title":{"rendered":"PRIVACY POLICY"},"content":{"rendered":"<p><strong>DATENSCHUTZBESTIMMUNGEN<\/strong><br class=\u201cxliff-newline\u201c \/><strong>1<\/strong>.\t<strong>ALLGEMEINES<\/strong><br class=\u201cxliff-newline\u201c \/>Diese Datenschutzrichtlinie (\u201eDatenschutzrichtlinie\u201c) erkl\u00e4rt, wie Krausz Industries Ltd. und\/oder deren Tochtergesellschaften (zusammenfassend hiernach \u201eKrausz\u201c oder \u201ewir\u201c) Ihre Informationen sammelt, verwendet, teilt, sch\u00fctzt und unter bestimmten Umst\u00e4nden ver\u00f6ffentlichen darf, dies gilt f\u00fcr Ihre Verwendung der Webseite unter der folgenden Domain-Adresse: WWW.KRAUSZ.COM (\u201eWebseite\u201c). Ihre Verwendung der Webseite ist au\u00dferdem durch die auf der Webseite ver\u00f6ffentlichten Nutzungsbedingungen (\u201eNutzungsbedingungen\u201c) geregelt. Im Falle eines Konflikts zwischen den Bedingungen dieser Datenschutzrichtlinie und er Nutzungsbedingungen, so gehen die Nutzungsbedingungen vor.<br class=\u201cxliff-newline\u201c \/>BITTE LESEN SIE DIESE DATENSCHUTZRICHTLINIE VOR NUTZUNG DER WEBSEITE SORGF\u00c4LTIG DURCH. <br class=\u201cxliff-newline\u201c \/><br class=\u201cxliff-newline\u201c \/><strong>2.\tAKZEPTIEREN DER DATENSCHUTZBESTIMMUNGEN<\/strong><br class=\u201cxliff-newline\u201c \/>Durch die Verwendung, den Zugriff oder das Durchsuchen dieser Webseite akzeptieren Sie diese Datenschutzrichtlinie und stimmen zu, dass Sie daran gebunden sind. Diese Datenschutzrichtlinie kann sich von Zeit zu Zeit \u00e4ndern, die aktualisierte Version der Datenschutzrichtlinie ist g\u00fcltig bei Ver\u00f6ffentlichung auf der Webseite. Bitte \u00fcberpr\u00fcfen Sie die Webseite regelm\u00e4\u00dfig, um solche \u00c4nderungen der Datenschutzrichtlinie einzusehen. Ihre Nutzung (einschlie\u00dflich Durchsuchen von oder Zugriff auf) der Webseite nachdem solche \u00fcberarbeiteten Datenschutzrichtlinien auf der Webseite ver\u00f6ffentlicht wurden, gilt als Einverst\u00e4ndnis zu den neuen oder \u00fcberarbeiteten Datenschutzrichtlinien. Wenn Sie mit einem Aspekt davon nicht zufrieden sind, verwenden Sie diese Webseite bitte nicht weiter.<br class=\u201cxliff-newline\u201c \/><br class=\u201cxliff-newline\u201c \/><strong>3.\tWELCHE INFORMATION WIR SAMMELN UND WIE WIR SIE VERWENDEN<\/strong><br class=\u201cxliff-newline\u201c \/>Wenn Sie diese Webseite verwenden (einschlie\u00dflich Durchsuchen von oder Zugriff auf die Webseite), d\u00fcrfen wir die folgenden Informationen sammeln:<br class=\u201cxliff-newline\u201c \/>\u00b7\tPersonenbezogene Informationen &#160;\u2013 Krausz darf personenbezogene Informationen \u00fcber Sie NUR dann sammeln, wenn Sie diese freiwillig selbst zur Verf\u00fcgung stellen (beispielsweise: wenn Sie in oder durch die Webseite bestimmte Formulare ausf\u00fcllen). Diese Informationen k\u00f6nnen (beispielsweise) folgendes beinhalten: Vorname, Nachname, E-Mail-Adresse, Telefonnummer und andere Informationen, die Sie zur Verf\u00fcgung stellen (\u201epersonenbezogene Informationen\u201c). <br class=\u201cxliff-newline\u201c \/>Die gesammelten personenbezogenen Informationen werden von Krausz dazu verwendet, mit Ihnen zu kommunizieren und Ihnen administrative E-Mails zuzusenden und die Nutzer mit weiteren Informationen und Updates bez\u00fcglich der Produkte, Technologie etc. von Krausz zu versorgen.<br class=\u201cxliff-newline\u201c \/>Wir verwenden au\u00dferdem Ihre personenbezogenen Informationen dazu, Ihnen Newsletter und\/oder Marketingbotschaften bez\u00fcglich Krausz-Produkten zuzusenden, die Sie vielleicht interessieren k\u00f6nnten (zusammenfassend \u201eMarketingbotschaft(en)\u201c). Wir tun dies elektronisch, beispielsweise per E-Mail. Sie k\u00f6nnen uns jederzeit mitteilen, wenn Sie keine Marketingbotschaften von uns mehr erhalten m\u00f6chten, indem Sie uns unter INFO@KRAUSZ.COM kontaktieren und durch befolgen der Anweisungen in der Nachricht, die wir Ihnen dann zuschicken. Beispielsweise erscheint eine STOP-Benachrichtigung am Ende jedes Marketingtextes oder E-Mail-Nachricht, die wir Ihnen zusenden. Falls gesetzlich erforderlich, wird Ihr vorheriges Einverst\u00e4ndnis eingeholt, indem wir Sie bitten, das entsprechende K\u00e4stchen auf der Webseite zu markieren.<br class=\u201cxliff-newline\u201c \/>Wir speichern Ihre personenbezogenen Informationen in \u00dcbereinstimmung mit den gesetzlichen Bestimmungen und Vorschriften zur Verhinderung von Betrug, zur L\u00f6sung von Streitf\u00e4llen, zur Fehlerbehebung, zur Unterst\u00fctzung bei Untersuchungen, zur Durchsetzung der Nutzungsbedingungen, zur Festlegung der Nutzung, Haftung und Haftungsbeschr\u00e4nkung dieser Webseite und um andere gesetzlich gestattete Ma\u00dfnahmen zu ergreifen. Es k\u00f6nnen weitere personenbezogene Informationen in unseren Datenbanken, Zugriffsprotokollen und anderen Aufzeichnungen verbleiben.<br class=\u201cxliff-newline\u201c \/>\u00b7\tAnonyme\/nicht personenbezogene Informationen &#160;\u2013 Krausz sammelt unter Umst\u00e4nden anonyme Informationen, wenn Sie die Webseite verwenden (einschlie\u00dflich der Durchsuchung von oder dem Zugriff auf die Webseite), wie beispielsweise Ihre Internet Protokoll (IP)-Adresse, den Browsertyp, die Browsersprache und die Webseite, die Sie unmittelbar vor dem Besuch der Webseite besucht haben (\u201eanonyme Informationen\u201c). Diese anonymen Informationen k\u00f6nnen beispielsweise mithilfe von \u201eVerkehrsdaten\u201c gesammelt werden und k\u00f6nnen auch die Verwendung von \u201eCookies\u201c, \u201eIP-Adressen\u201c oder anderen Zahlencodes zur Identifikation eines Computers einschlie\u00dfen. Anonyme Informationen k\u00f6nnen von Krausz verwendet oder mit Dritten geteilt werden. Mit diesen anonymen Informationen k\u00f6nnen Sie nicht pers\u00f6nlich identifiziert werden, aber sie k\u00f6nnen hilfreich bei der Verbesserung der Webseite sein. <br class=\u201cxliff-newline\u201c \/>\u00b7\tCookies &#160;\u2013 Wir verwenden Cookies auf dieser Webseite. \u201eCookies\u201c sind kleine Informationseinheiten, die eine Webseite an den Browser Ihres Computers schickt, w\u00e4hrend Sie eine Webseite betrachten. Wenn Sie sich entscheiden, Cookies zu blockieren, kann es sein, dass Sie auf bestimmte personalisierte Abschnitte der Webseite nicht zugreifen k\u00f6nnen. Wir verwenden Protokolldateien und Cookies, um die Qualit\u00e4t unserer Webseite zu verbessern und um die Seiten nachzuverfolgen, die Sie auf der Webseite besucht haben. Weitere Informationen dar\u00fcber, wie wir Cookies auf der Webseite verwenden, erhalten sie in der Cookies-Richtlinie unter der Adresse: WWW.KRAUSZ.COM.<br class=\u201cxliff-newline\u201c \/><br class=\u201cxliff-newline\u201c \/><strong>4.\tSICHERHEITSVORKEHRUNGEN ZUM SCHUTZ IHRER PERSONENBEZOGENEN INFORMATIONEN<\/strong><br class=\u201cxliff-newline\u201c \/>Wir bem\u00fchen uns nach besten Kr\u00e4ften, die Sicherheit Ihrer personenbezogenen Informationen aufrechtzuerhalten. Um unerlaubte Zugriffe zu verhindern, die Datengenauigkeit zu erhalten und die angemessene Verwendung der Informationen zu gew\u00e4hrleisten, halten wir uns an die Standardmethoden und -verfahren der Industrie, um die gesammelten Informationen zu sch\u00fctzen und zu sichern. Obwohl wir uns nach besten Kr\u00e4ften bem\u00fchen, Ihre personenbezogenen Informationen und unser System zu sch\u00fctzen, kann aufgrund der Offenheit des Internets keine \u00dcbertragung \u00fcber das Internet als 100% sicher angesehen werden. Aufgrund dieser und anderer Faktoren au\u00dferhalb des Einflusses von Krausz k\u00f6nnen und wollen wir die absolute Sicherheit der von Ihnen oder \u00fcber unsere Webseite \u00fcbermittelten Informationen nicht garantieren. Daher \u00fcbernehmen Sie durch die Nutzung der Webseite dieses Risiko.<br class=\u201cxliff-newline\u201c \/><br class=\u201cxliff-newline\u201c \/><strong>5.\tMODIFIZIERUNG UND L\u00d6SCHUNG PERSONENBEZOGENER INFORMATIONEN <\/strong><br class=\u201cxliff-newline\u201c \/>Sie sind berechtigt, die Informationen in der Datenbank, die von Ihnen und\/oder im Zusammenhang mit Ihnen \u00fcbermittelt wurden, im Rahmen der Gesetze einzusehen. Eine Person, die die Informationen \u00fcber sich eingesehen hat und diese als falsch, unvollst\u00e4ndig, unklar oder nicht aktuell befunden hat, kann den Eigent\u00fcmer der Datenbank wie folgt kontaktieren und erbitten, dass die Informationen aktualisiert oder gel\u00f6scht werden:<br class=\u201cxliff-newline\u201c \/>\u00b7L\u00f6schung &#160;\u2013 Um die personenbezogenen Daten, die Sie \u00fcbermittelt haben, zu l\u00f6schen, benachrichtigen Sie uns unter der folgenden E-Mail-Adresse: INFO@KRAUSZ.COM und teilen Sie uns mit, das Sie die personenbezogenen Informationen in unseren Datenbanken l\u00f6schen m\u00f6chten. <br class=\u201cxliff-newline\u201c \/>\u00b7\tModifikation &#160;\u2013 Wenn Sie Ihre personenbezogenen Daten modifizieren oder aktualisieren m\u00f6chten, senden Sie Ihre aktualisierten Details bitte an folgende E-Mail-Adresse: INFO@KRAUSZ.COM. Bitte beachten Sie, dass die L\u00f6schung Ihrer personenbezogenen Informationen aus der Datenbank von Krausz nicht verhindert, dass Krausz die gesammelten anonymen Informationen weiterhin nutzt.<br class=\u201cxliff-newline\u201c \/><br class=\u201cxliff-newline\u201c \/><strong>6.\tHANDLUNGEN DRITTER. <\/strong><br class=\u201cxliff-newline\u201c \/>Dieser Abschnitt regelt nicht die Datenschutzpraktiken anderer Anbieter von Produkten oder Dienstleistungen, Werbetreibenden oder anderen Webseiten oder Unternehmen\/Personen, die Krausz nicht besitzt oder kontrolliert bzw. eingestellt hat oder managt. Krausz m\u00f6chte hiermit betonen, das Krausz nicht verantwortlich ist und nicht verantwortlich sein kann f\u00fcr die Datenschutzpraktiken von verkn\u00fcpften Webseiten, die zur Krausz-Webseite weiterleiten.<br class=\u201cxliff-newline\u201c \/><strong><br class=\u201cxliff-newline\u201c \/>7.\tOFFENLEGUNG VON INFORMATIONEN AN AUSSENSTEHENDE<\/strong><br class=\u201cxliff-newline\u201c \/>Wir teilen personenbezogene Informationen und nicht personenbezogene Informationen, die \u00fcber die Webseite gesammelt wurden, mit anderen Unternehmen oder Personen wie folgt: (i) Dritte, die Krausz eine Dienstleistung zur Verf\u00fcgung stellen, wie beispielsweise Lieferanten, die Krausz beim E-Mail-Versand, Marketing und Kundendienst unterst\u00fctzen (einschlie\u00dflich ihrer Subunternehmer), unter der Voraussetzung, das die Informationen vertraulich sind; (ii) Dritte, wenn Krausz der Meinung ist, dass der Zugriff, die Nutzung oder die Offenlegung dieser Informationen angemessen erforderlich ist, um (a) geltendem Recht, gesetzlichen Regelungen, gerichtlichen Verfahren oder durchsetzbaren beh\u00f6rdlichen Anfragen nachzukommen, (b) geltende Nutzungsbedingungen von Krausz durchzusetzen, was auch die Untersuchung gegen m\u00f6gliche Verst\u00f6\u00dfe einschlie\u00dft, (c) Betrug, Sicherheitsm\u00e4ngel und technische Probleme zu erkennen, zu verhindern oder zu bek\u00e4mpfen, oder (d) die Rechte, das Eigentum oder die Sicherheit von Krausz, seinen Nutzern und der \u00d6ffentlichkeit, soweit dies gesetzlich zul\u00e4ssig oder erforderlich ist, vor drohendem Schaden zu sch\u00fctzen; (iii) alle Niederlassungen von Krausz, in welchem Falle Krausz die Beachtung dieser Richtlinien voraussetzt. Zus\u00e4tzlich, im Falle dass Krausz eine Unternehmens\u00e4nderung durchl\u00e4uft wie beispielsweise eine Fusion, eine \u00dcbernahme durch ein anderes Unternehmen oder der Verkauf aller oder Teile der Verm\u00f6genswerte, k\u00f6nnen Ihre personenbezogenen und\/oder nicht personenbezogenen Daten unter Umst\u00e4nden unter den \u00fcbertragenen Verm\u00f6genswerten sein; und (iv) Dritte, an die Krausz auf Ihren Wunsch Ihre personenbezogenen und\/oder nicht personenbezogenen Informationen sendet.<br class=\u201cxliff-newline\u201c \/>Sollten wir Ihre Informationen in \u00dcbereinstimmung mit den vorgenannten Bedingungen (i) und (iv) \u00fcbertragen, werden wir sicherstellen, dass der \u00dcbertragungsempf\u00e4nger zustimmt, das gleiche Sicherheitsniveau zu bieten, das wir auf Ihre Informationen anwenden und, wo erforderlich, die Informationen streng nach unserer Ma\u00dfgabe verwendet. <br class=\u201cxliff-newline\u201c \/><br class=\u201cxliff-newline\u201c \/><strong>8.\tONLINE-DATENSCHUTZ F\u00dcR KINDER<\/strong><br class=\u201cxliff-newline\u201c \/>Der Schutz der Daten von Kindern und\/oder Minderj\u00e4hrigen ist uns sehr wichtig. Krausz sucht oder sammelt nicht wissentlich pers\u00f6nliche Informationen von Kindern unter 13 Jahren. Sollten wir erfahren, dass pers\u00f6nliche Daten eines Kindes unter 13 Jahren gesammelt wurden, werden wir diese Informationen schnellstm\u00f6glich aus unseren Dateien l\u00f6schen. Sollten Sie Grund zu der Annahme haben, dass ein Kind unter 13 Jahren personenbezogene Informationen an uns weitergegeben hat, kontaktieren Sie uns unter INFO@KRAUSZ.COM und wir werden uns bem\u00fchen, diese Informationen aus unseren Datenbanken zu l\u00f6schen<br class=\u201cxliff-newline\u201c \/><br class=\u201cxliff-newline\u201c \/><strong>9.\tGELTENDES RECHT<\/strong><br class=\u201cxliff-newline\u201c \/>Diese Datenschutzrichtlinien werden entsprechend der Gesetzgebung des Staates Israel ausgelegt (falls nicht anderweitig durch in Ihrem Ursprungsland g\u00fcltige Gesetze, Vorschriften und\/oder Richtlinien gefordert). Die Parteien \u00fcbermitteln ihre aus oder in Verbindung mit diesen Datenschutzrichtlinien hervorgehenden Streitf\u00e4lle an die ausschlie\u00dfliche Zust\u00e4ndigkeit des Gerichtshofs in Tel Aviv, Israel.<br class=\u201cxliff-newline\u201c \/><br class=\u201cxliff-newline\u201c \/><strong>10.\tKONTAKTIEREN SIE UNS<\/strong><br class=\u201cxliff-newline\u201c \/>Krausz \u00fcberpr\u00fcft regelm\u00e4\u00dfig die Einhaltung dieser Datenschutzrichtlinie. Bitte z\u00f6gern Sie nicht, uns bei Fragen oder Bedenken im Zusammenhang mit dieser Datenschutzrichtlinie durch diese Webseite zu kontaktieren oder per E-Mail unter: INFO@KRAUSZ.COM.<br class=\u201cxliff-newline\u201c \/><br class=\u201cxliff-newline\u201c \/>Diese Datenschutzrichtlinie wurde zuletzt modifiziert am: 5. August 2014<br class=\u201cxliff-newline\u201c \/><strong><\/p>\n","protected":false},"excerpt":{"rendered":"<p>DATENSCHUTZBESTIMMUNGEN1. ALLGEMEINESDiese Datenschutzrichtlinie (\u201eDatenschutzrichtlinie\u201c) erkl\u00e4rt, wie Krausz Industries Ltd. und\/oder deren Tochtergesellschaften (zusammenfassend hiernach \u201eKrausz\u201c oder \u201ewir\u201c) Ihre Informationen sammelt, verwendet, teilt, sch\u00fctzt und unter bestimmten Umst\u00e4nden ver\u00f6ffentlichen darf, dies gilt f\u00fcr Ihre Verwendung der Webseite unter der folgenden Domain-Adresse: WWW.KRAUSZ.COM (\u201eWebseite\u201c).<\/p>\n<div class=\"view-full-post\"><a href=\"https:\/\/krausz.com\/de\/privacy-policy\/\" class=\"view-full-post-btn\">(\u05dc\u05d4\u05de\u05e9\u05da \u05e7\u05e8\u05d9\u05d0\u05d4&#8230;)<\/a><\/div>\n","protected":false},"author":1,"featured_media":0,"parent":0,"menu_order":34,"comment_status":"closed","ping_status":"closed","template":"","meta":{"inline_featured_image":false,"footnotes":""},"class_list":["post-6363","page","type-page","status-publish","hentry"],"yoast_head":"<!-- This site is optimized with the Yoast SEO plugin v27.4 - https:\/\/yoast.com\/product\/yoast-seo-wordpress\/ -->\n<title>PRIVACY POLICY - Krausz Industries<\/title>\n<meta name=\"robots\" content=\"index, follow, max-snippet:-1, max-image-preview:large, max-video-preview:-1\" \/>\n<link rel=\"canonical\" href=\"https:\/\/krausz.com\/privacy-policy-3\/\" \/>\n<meta property=\"og:locale\" content=\"de_DE\" \/>\n<meta property=\"og:type\" content=\"article\" \/>\n<meta property=\"og:title\" content=\"PRIVACY POLICY - Krausz Industries\" \/>\n<meta property=\"og:description\" content=\"DATENSCHUTZBESTIMMUNGEN1. ALLGEMEINESDiese Datenschutzrichtlinie (\u201eDatenschutzrichtlinie\u201c) erkl\u00e4rt, wie Krausz Industries Ltd. und\/oder deren Tochtergesellschaften (zusammenfassend hiernach \u201eKrausz\u201c oder \u201ewir\u201c) Ihre Informationen sammelt, verwendet, teilt, sch\u00fctzt und unter bestimmten Umst\u00e4nden ver\u00f6ffentlichen darf, dies gilt f\u00fcr Ihre Verwendung der Webseite unter der folgenden Domain-Adresse: WWW.KRAUSZ.COM (\u201eWebseite\u201c).(\u05dc\u05d4\u05de\u05e9\u05da \u05e7\u05e8\u05d9\u05d0\u05d4...)\" \/>\n<meta property=\"og:url\" content=\"https:\/\/krausz.com\/privacy-policy-3\/\" \/>\n<meta property=\"og:site_name\" content=\"Krausz Industries\" \/>\n<meta name=\"twitter:card\" content=\"summary_large_image\" \/>\n<meta name=\"twitter:label1\" content=\"Gesch\u00e4tzte Lesezeit\" \/>\n\t<meta name=\"twitter:data1\" content=\"8\u00a0Minuten\" \/>\n<script type=\"application\/ld+json\" class=\"yoast-schema-graph\">{\"@context\":\"https:\\\/\\\/schema.org\",\"@graph\":[{\"@type\":\"WebPage\",\"@id\":\"https:\\\/\\\/krausz.com\\\/privacy-policy-3\\\/\",\"url\":\"https:\\\/\\\/krausz.com\\\/privacy-policy-3\\\/\",\"name\":\"PRIVACY POLICY - Krausz Industries\",\"isPartOf\":{\"@id\":\"https:\\\/\\\/krausz.com\\\/#website\"},\"datePublished\":\"2017-02-02T09:52:50+00:00\",\"breadcrumb\":{\"@id\":\"https:\\\/\\\/krausz.com\\\/privacy-policy-3\\\/#breadcrumb\"},\"inLanguage\":\"de\",\"potentialAction\":[{\"@type\":\"ReadAction\",\"target\":[\"https:\\\/\\\/krausz.com\\\/privacy-policy-3\\\/\"]}]},{\"@type\":\"BreadcrumbList\",\"@id\":\"https:\\\/\\\/krausz.com\\\/privacy-policy-3\\\/#breadcrumb\",\"itemListElement\":[{\"@type\":\"ListItem\",\"position\":1,\"name\":\"Home\",\"item\":\"https:\\\/\\\/krausz.com\\\/de\\\/\"},{\"@type\":\"ListItem\",\"position\":2,\"name\":\"PRIVACY POLICY\"}]},{\"@type\":\"WebSite\",\"@id\":\"https:\\\/\\\/krausz.com\\\/#website\",\"url\":\"https:\\\/\\\/krausz.com\\\/\",\"name\":\"Krausz Industries\",\"description\":\"Repair the past. Connect the future\",\"potentialAction\":[{\"@type\":\"SearchAction\",\"target\":{\"@type\":\"EntryPoint\",\"urlTemplate\":\"https:\\\/\\\/krausz.com\\\/?s={search_term_string}\"},\"query-input\":{\"@type\":\"PropertyValueSpecification\",\"valueRequired\":true,\"valueName\":\"search_term_string\"}}],\"inLanguage\":\"de\"}]}<\/script>\n<!-- \/ Yoast SEO plugin. -->","yoast_head_json":{"title":"PRIVACY POLICY - Krausz Industries","robots":{"index":"index","follow":"follow","max-snippet":"max-snippet:-1","max-image-preview":"max-image-preview:large","max-video-preview":"max-video-preview:-1"},"canonical":"https:\/\/krausz.com\/privacy-policy-3\/","og_locale":"de_DE","og_type":"article","og_title":"PRIVACY POLICY - Krausz Industries","og_description":"DATENSCHUTZBESTIMMUNGEN1. ALLGEMEINESDiese Datenschutzrichtlinie (\u201eDatenschutzrichtlinie\u201c) erkl\u00e4rt, wie Krausz Industries Ltd. und\/oder deren Tochtergesellschaften (zusammenfassend hiernach \u201eKrausz\u201c oder \u201ewir\u201c) Ihre Informationen sammelt, verwendet, teilt, sch\u00fctzt und unter bestimmten Umst\u00e4nden ver\u00f6ffentlichen darf, dies gilt f\u00fcr Ihre Verwendung der Webseite unter der folgenden Domain-Adresse: WWW.KRAUSZ.COM (\u201eWebseite\u201c).(\u05dc\u05d4\u05de\u05e9\u05da \u05e7\u05e8\u05d9\u05d0\u05d4...)","og_url":"https:\/\/krausz.com\/privacy-policy-3\/","og_site_name":"Krausz Industries","twitter_card":"summary_large_image","twitter_misc":{"Gesch\u00e4tzte Lesezeit":"8\u00a0Minuten"},"schema":{"@context":"https:\/\/schema.org","@graph":[{"@type":"WebPage","@id":"https:\/\/krausz.com\/privacy-policy-3\/","url":"https:\/\/krausz.com\/privacy-policy-3\/","name":"PRIVACY POLICY - Krausz Industries","isPartOf":{"@id":"https:\/\/krausz.com\/#website"},"datePublished":"2017-02-02T09:52:50+00:00","breadcrumb":{"@id":"https:\/\/krausz.com\/privacy-policy-3\/#breadcrumb"},"inLanguage":"de","potentialAction":[{"@type":"ReadAction","target":["https:\/\/krausz.com\/privacy-policy-3\/"]}]},{"@type":"BreadcrumbList","@id":"https:\/\/krausz.com\/privacy-policy-3\/#breadcrumb","itemListElement":[{"@type":"ListItem","position":1,"name":"Home","item":"https:\/\/krausz.com\/de\/"},{"@type":"ListItem","position":2,"name":"PRIVACY POLICY"}]},{"@type":"WebSite","@id":"https:\/\/krausz.com\/#website","url":"https:\/\/krausz.com\/","name":"Krausz Industries","description":"Repair the past. Connect the future","potentialAction":[{"@type":"SearchAction","target":{"@type":"EntryPoint","urlTemplate":"https:\/\/krausz.com\/?s={search_term_string}"},"query-input":{"@type":"PropertyValueSpecification","valueRequired":true,"valueName":"search_term_string"}}],"inLanguage":"de"}]}},"_links":{"self":[{"href":"https:\/\/krausz.com\/de\/wp-json\/wp\/v2\/pages\/6363","targetHints":{"allow":["GET"]}}],"collection":[{"href":"https:\/\/krausz.com\/de\/wp-json\/wp\/v2\/pages"}],"about":[{"href":"https:\/\/krausz.com\/de\/wp-json\/wp\/v2\/types\/page"}],"author":[{"embeddable":true,"href":"https:\/\/krausz.com\/de\/wp-json\/wp\/v2\/users\/1"}],"replies":[{"embeddable":true,"href":"https:\/\/krausz.com\/de\/wp-json\/wp\/v2\/comments?post=6363"}],"version-history":[{"count":0,"href":"https:\/\/krausz.com\/de\/wp-json\/wp\/v2\/pages\/6363\/revisions"}],"wp:attachment":[{"href":"https:\/\/krausz.com\/de\/wp-json\/wp\/v2\/media?parent=6363"}],"curies":[{"name":"wp","href":"https:\/\/api.w.org\/{rel}","templated":true}]}}