{"id":6364,"date":"2017-02-02T11:52:50","date_gmt":"2017-02-02T09:52:50","guid":{"rendered":"https:\/\/krausz.com\/de\/nutzungsbedingungen\/"},"modified":"2017-02-02T11:52:50","modified_gmt":"2017-02-02T09:52:50","slug":"nutzungsbedingungen","status":"publish","type":"page","link":"https:\/\/krausz.com\/de\/nutzungsbedingungen\/","title":{"rendered":"NUTZUNGSBEDINGUNGEN"},"content":{"rendered":"<p><strong>NUTZUNGSBEDINGUNGEN<\/strong><br class=\u201cxliff-newline\u201c \/><strong>1.\tALLGEMEIN<\/strong><br class=\u201cxliff-newline\u201c \/>Die hier aufgef\u00fchrten Nutzungsbedingungen (\u201cNutzungsbedingungen\u201c) beziehen sich auf die Webseite, im Eigentum von Krausz Industries Ltd. und von dieser und\/oder ihren Tochtergesellschaften (hiernach zusammenfassend \u201eKrausz\u201c oder \u201ewir\u201c) betrieben, lizensiert und\/oder kontrolliert wird unter der Domainadresse: www.krausz.com (die \u201cWebseite\u201d).<br class=\u201cxliff-newline\u201c \/>BITTE LESEN SIE DIESE NUTZUNGSBEDINGUNGEN VOR NUTZUNG DER WEBSEITE SORGF\u00c4LTIG DURCH. <br class=\u201cxliff-newline\u201c \/>Indem Sie diese Webseite verwenden, darauf zugreifen oder durchsuchen erkl\u00e4ren Sie Ihre Zustimmung zu diesen Nutzungsbedingungen. Wenn Sie diesen Nutzungsbedingungen nicht zustimmen, bitte verwenden oder durchsuchen Sie diese Webseite nicht und greifen Sie nicht darauf zu. <br class=\u201cxliff-newline\u201c \/>Bitte beachten Sie, dass Krausz sich vorbeh\u00e4lt, im eigenen Ermessen jederzeit diese Nutzungsbedingungen oder Teile davon zu \u00fcberarbeiten, modifizieren, \u00e4ndern oder zu entfernen. Bitte \u00fcberpr\u00fcfen Sie die Webseite regelm\u00e4\u00dfig, um solche \u00c4nderungen der Nutzungsbedingungen einzusehen. Ihre Nutzung (einschlie\u00dflich Durchsuchen von oder Zugriff auf) der Webseite nachdem solche \u00fcberarbeiteten Nutzungsbedingungen auf der Webseite ver\u00f6ffentlicht wurden, gilt als Einverst\u00e4ndnis zu den neuen oder \u00fcberarbeiteten Nutzungsbedingungen.<br class=\u201cxliff-newline\u201c \/><br class=\u201cxliff-newline\u201c \/><strong>2.\tBESCHR\u00c4NKUNG DER NUTZUNG VON INHALT UND MATERIALIEN<\/strong><br class=\u201cxliff-newline\u201c \/>Alle Informationen, Produktinformationen, Inhalte und\/oder Materialien auf der Webseite (\u201eMaterialien\u201c) sowie alle Rechte, Titel und Interessen an und f\u00fcr solche Materialien und geistige Eigentumsrechte im Zusammenhang hiermit einschlie\u00dflich ohne Einschr\u00e4nkungen alle Urheberrechte, Patente, Markenzeichen, Logos Designrechte und andere Eigentumsrechte sind Eigentum von Krausz. <br class=\u201cxliff-newline\u201c \/>Keine \u00dcbertragung oder Gew\u00e4hrung jeglicher Rechte ist aus den Bestimmungen dieser Nutzungsrechte oder anderer auf der Webseite enthaltenen Bestimmungen abzuleiten. Sie stimmen zu, die oben genannten Rechte nicht zu verletzen.<br class=\u201cxliff-newline\u201c \/>Ohne Einschr\u00e4nkung des Vorstehenden d\u00fcrfen Sie die Materialien oder Bestandteile davon weder kopieren, reproduzieren, ver\u00f6ffentlichen, hochladen, versenden, \u00fcbermitteln noch auf andere Weise verteilen. Sie d\u00fcrfen, wo explizit erlaubt, eine Kopie der Materialien auf einen einzelnen Computer nur f\u00fcr Ihre pers\u00f6nliche, nicht kommerzielle Nutzung herunterladen, vorausgesetzt, dass alle Urheberrechte und andere Eigentumshinweise beachtet werden. <br class=\u201cxliff-newline\u201c \/>Ver\u00e4nderungen an den Materialien oder die Verwendung der Materialien f\u00fcr andere Zwecke, einschlie\u00dflich und ohne Einschr\u00e4nkung die Verwendung von Materialien auf anderen Webseiten oder vernetzten Computerumgebungen ist streng verboten und wird als Verletzung der Urheberrechte und anderer Eigentumsrechte (einschlie\u00dflich der Rechte am geistigen Eigentum) von Krausz betrachtet. <br class=\u201cxliff-newline\u201c \/><strong><br class=\u201cxliff-newline\u201c \/><strong>3.\tPATENTE<\/strong><br class=\u201cxliff-newline\u201c \/><\/strong>Ohne Einschr\u00e4nkung des Vorgenannten oder nachstehend genannten sind Krausz oder jegliche ihrer Tochtergesellschaften, Produkte, Technologien und Prozesse, die auf der Webseite genannt oder ver\u00f6ffentlicht sind, unter Umst\u00e4nden von einem oder mehreren Patenten gesch\u00fctzt und\/oder Gegenstand anderer Gesch\u00e4ftsgeheimnisse und\/oder anderen Eigentumsrechten. Aus den Bestimmungen dieser Nutzungsrechte oder anderer auf der Webseite enthaltenen Bestimmungen ist keine \u00dcbertragung oder Gew\u00e4hrung jeglicher Rechte aus jedem dieser Patente abzuleiten und Krausz und\/oder deren Tochtergesellschaften behalten sich alle Rechte vor.<br class=\u201cxliff-newline\u201c \/><br class=\u201cxliff-newline\u201c \/><strong>4.\tMARKENZEICHEN<\/strong><br class=\u201cxliff-newline\u201c \/>Ohne Einschr\u00e4nkung des Voran- oder Nachstehenden sind KRAUSZ, das Krausz-Logo und andere in dieser Webseite enthaltenen Markenzeichen Eigentum von Krausz. Aus den Bestimmungen dieser Nutzungsrechte oder anderer auf der Webseite enthaltenen Bestimmungen ist keine \u00dcbertragung oder Gew\u00e4hrung jeglicher Rechte an jedem dieser Namen, Markenzeichen oder Logos abzuleiten und alle Rechte an diesen Namen, Markenzeichen oder Logos sind Krausz vorbehalten.  <br class=\u201cxliff-newline\u201c \/><br class=\u201cxliff-newline\u201c \/><strong>5.\tVERLINKUNG DIESER WEBSEITE <\/strong><br class=\u201cxliff-newline\u201c \/>Au\u00dfer mit dem schriftlichen Einverst\u00e4ndnis oder einer speziellen Zustimmung von Krausz, welche anderweitig lautet, sind Links zu dieser Webseite nur unter folgenden Voraussetzungen m\u00f6glich: (a) die Links d\u00fcrfen nicht suggerieren oder den falschen Anschein erwecken, dass Krausz mit einer anderen Person oder einem Unternehmen verbunden ist oder dass Krausz in anderer Weise ein anderes Produkt oder Service unterst\u00fctzt, f\u00f6rdert oder damit verbunden ist; (b) das Erscheinungsbild, die Position und andere Aspekte jeglicher Verlinkung mit der Webseite d\u00fcrfen den Ruf im Zusammenhang mit dem Namen und den Markenzeichen von Krausz nicht besch\u00e4digen oder schw\u00e4chen; (c) alle Links zur Webseite m\u00fcssen auf die URL \u201ewww.krausz.com\u201c und nicht auf andere Seiten innerhalb der Webseite \u201ezeigen\u201c; (d) alle Links zur Webseite d\u00fcrfen bei Aktivierung durch einen Nutzer die Webseite nicht innerhalb eines \u201eRahmens\u201c der verlinkenden Webseite oder einer anderen Webseite darstellen. <br class=\u201cxliff-newline\u201c \/>Ohne Einschr\u00e4nkung des Vorgenannten beh\u00e4lt sich Krausz das Recht vor, die oben genannte Zustimmung zur Verlinkung der Webseite jederzeit im alleinigen Ermessen zu widerrufen.<br class=\u201cxliff-newline\u201c \/><br class=\u201cxliff-newline\u201c \/><strong>6.\tHAFTUNGSAUSSCHLUSS<\/strong> <br class=\u201cxliff-newline\u201c \/>DIE MATERIALIEN UND DER INHALT DIESER WEBSEITE WERDEN \u201eWIE GESEHEN\u201c ZUR VERF\u00dcGUNG GESTELLT OHNE HAFTUNG JEGLICHER ART, AUSDR\u00dcCKLICH ODER IMPLIZIT. SOWEIT GESETZTLICH ERLAUBT, SCHLIESST KRAUSZ ALLE GEW\u00c4HRLEISTUNGEN, AUSDR\u00dcCKLICH ODER IMPLIZIT, AUS, EINSCHLIESSLICH ABER NICHT BESCHR\u00c4NKT AUF STILLSCHWEIGENDE GARANTIEN DER MARKTF\u00c4HIGKEIT, RECHTSVERLETZUNG UND DER GEBRAUCHSEIGNUNG. <br class=\u201cxliff-newline\u201c \/>KRAUSZ GEW\u00c4HRLEISTET NICHT, DASS DIE MATERIALIEN UND DER INHALT DIESER WEBSEITE DURCHG\u00c4NGIG ODER FEHLERFREI IST ODER DASS DIESE WEBSEITE ODER DER\/DIE SERVER, DIE DIESE WEBSEITE ZUR VERF\u00dcGUNG STELLEN, FREI VON VIREN ODER ANDEREN SCH\u00c4DLICHEN KOMPONENTEN SIND. <br class=\u201cxliff-newline\u201c \/>KRAUSZ GIBT KEINERLEI GEW\u00c4HRLEISTUNG ODER ZUSICHERUNG BEZ\u00dcGLICH DER VERWENDUNG ODER DES ERGEBNISSES DER VERWENDUNG DER MATERIALIEN ODER INHALTE DIESER WEBSITE, HINSICHTLICH IHRER RICHTIGKEIT, GENAUIGKEIT, ZUVERL\u00c4SSIGKEIT ODER ANDEREM. SIE SIND VERANTWORTLICH F\u00dcR ALLE VORKEHRUNGEN, DIE SIE F\u00dcR ERFORDERLICH ODER EMPFEHLENSWERT ERACHTEN, UM SICH GEGEN JEGLICHE ANSPR\u00dcCHE, SCH\u00c4DEN, VERLUSTE ODER GEFAHREN ZU SCH\u00dcTZEN, DIE DURCH DIE VERWENDUNG ODER UNTER BERUFUNG AUF DIESE WEBSEITE UND\/ODER DIE MATERIALIEN ENTSTEHEN K\u00d6NNEN. <br class=\u201cxliff-newline\u201c \/>EINIGE GERICHTSBARKEITEN GESTATTEN DEN AUSSCHLUSS BESTIMMTER STILLSCHWEIGENDER HAFTUNGEN NICHT. DEMENTSPRECHEND GELTEN EINIGE DIESER EINSCHR\u00c4NKUNGEN UNTER UMST\u00c4NDEN NICHT F\u00dcR SIE.<br class=\u201cxliff-newline\u201c \/><br class=\u201cxliff-newline\u201c \/><strong>7.\tLIMITATION OF LIABILITY<\/strong><br class=\u201cxliff-newline\u201c \/>UNTER KEINEN UMST\u00c4NDEN IST KRAUSZ VERANTWORTLICH ODER HAFTBAR GEGEN\u00dcBER IHNEN ODER EINER ANDEREN ORGANISATION F\u00dcR JEGLICHE DIREKTEN, KOMPENSATORISCHEN, INDIREKTEN, NEBEN- ODER FOLGESCH\u00c4DEN (EINSCHLIESSLICH ENTGANGENER GEWINNE UND VERLORENEN GESCH\u00c4FTSM\u00d6GLICHKEITEN), SPEZIELLEN, EXEMPLARISCHEN ODER STRAFZAHLUNGEN, DIE IN JEGLICHEM ZUSAMMENHANG ZU IHRER VERWENDUNG DER WEBSEITE ODER IN VERBINDUNG MIT JEGLICHEM MATERIAL (EINSCHLIESSLICH ABER NICHT BESCHR\u00c4NKT AUF IN DER WEBSEITE GENANNTE AKTIENKURSE) ODER JEGLICHEN FEHLERN, UNGENAUIGKEITEN, UNTERLASSUNGEN, M\u00c4NGELN, SICHERHEITSL\u00dcCKEN ODER ANDEREN VERS\u00c4UMNISSEN VON KRAUSZ STEHEN.<br class=\u201cxliff-newline\u201c \/>EINIGE GERICHTSBARKEITEN GESTATTEN DIE EINSCHR\u00c4NKUNGEN ODER DEN AUSSCHLUSS DER HAFTUNG F\u00dcR NEBEN- ODER FOLGESCH\u00c4DEN NICHT. DEMENTSPRECHEND GELTEN EINIGE DIESER EINSCHR\u00c4NKUNGEN UNTER UMST\u00c4NDEN NICHT F\u00dcR SIE.<br class=\u201cxliff-newline\u201c \/><br class=\u201cxliff-newline\u201c \/><strong>8.\tSCHADENSERSATZ<\/strong><br class=\u201cxliff-newline\u201c \/>Sie vereinbaren, Krausz und jeden in deren Namen handelnden Vertreter, einschlie\u00dflich, aber nicht beschr\u00e4nkt auf alle Eigent\u00fcmer, Manager, leitende Angestellte und Mitarbeiter zu verteidigen, zu entsch\u00e4digen und schadlos gegen\u00fcber jeglichen Verlusten, Ausgaben, Kosten, Anspr\u00fcchen, Sch\u00e4den (einschlie\u00dflich angemessener Anwaltsgeb\u00fchren, Sachverst\u00e4ndigengeb\u00fchren und anderer angemessener Verfahrenskosten), die entstehen aus oder als Ergebnis von oder in jeglicher Verbindung mit Ihrer Verletzung der Bestimmungen dieser Nutzungsbedingungen stehen, zu halten.<br class=\u201cxliff-newline\u201c \/><br class=\u201cxliff-newline\u201c \/><strong>9.\tINHALTE DRITTER<\/strong><br class=\u201cxliff-newline\u201c \/>In dem Ma\u00dfe, in dem die Webseite Links und andere Informationen \u00fcber Services und Ressourcen Dritter enth\u00e4lt, kontrolliert Krausz nicht die Verf\u00fcgbarkeit und den Inhalt dieser Services und Ressourcen Dritter. Alle Angelegenheiten im Zusammenhang mit diesen Services oder Ressourcen oder jegliche Verbindungen damit m\u00fcssen an den entsprechenden Anbieter dieser Services oder Ressourcen gerichtet werden.<br class=\u201cxliff-newline\u201c \/>Einige der Materialien auf dieser Webseite k\u00f6nnen unter Umst\u00e4nden von Dritten zur Verf\u00fcgung gestellt werden. Alle Meinungen, Ratschl\u00e4ge, Aussagen, Services, Angebote oder andere Informationen, die durch diese Dritten ausgedr\u00fcckt oder zur Verf\u00fcgung gestellt werden, sind die des entsprechenden Autors\/der Autoren oder Distributors\/Distributoren und entsprechen nicht notwendigerweise denen von Krausz. <br class=\u201cxliff-newline\u201c \/><br class=\u201cxliff-newline\u201c \/><strong>10.\tKEINE BILLIGUNG<\/strong><br class=\u201cxliff-newline\u201c \/>Keine auf dieser Webseite aufgef\u00fchrte Referenz bez\u00fcglich eines bestimmten kommerziellen Produkts, Prozesses oder Services (oder des Anbieters eines solchen Produkts, Prozesses oder Services) au\u00dfer den Produkten, Prozessen oder Services von Krausz stellen eine Billigung, Empfehlung oder Bevorzugung durch Krausz dar oder beinhalten diese. <br class=\u201cxliff-newline\u201c \/><br class=\u201cxliff-newline\u201c \/><strong>11.\tRICHTLINIE ZUR VERLETZUNG GEISTIGEN EIGENTUMS <\/strong><br class=\u201cxliff-newline\u201c \/>Krausz ist dazu verpflichtet, die Rechte der Urheberrechtsinhaber zu sch\u00fctzen und ist bestrebt, alle geltenden Gesetze und Verordnungen in Bezug auf den Schutz geistigen Eigentums zu befolgen. Hinweise zu Verletzungen des geistigen Eigentums auf dieser Webseite m\u00fcssen an www.krausz.com gerichtet werden.<br class=\u201cxliff-newline\u201c \/>Krausz bearbeitet alle Hinweise auf angebliche Urheberrechtsverletzungen und leitet entsprechende erforderliche Ma\u00dfnahmen gem\u00e4\u00df der geltenden Gesetzgebung ein. Bei Erhalt eines angebrachten Hinweises, handelt Krausz umgehend und entfernt oder deaktiviert den Zugriff auf Materialien, die als Verletzung oder Gegenstand einer verletzenden Aktivit\u00e4t beanstandet werden und entfernt oder deaktiviert umgehend den Zugriff auf jegliche Bezugnahme auf oder Verbindung zu Materialien oder Aktivit\u00e4ten, die als Verletzung beanstandet wurden.<br class=\u201cxliff-newline\u201c \/><br class=\u201cxliff-newline\u201c \/><strong>12.\tDAS RECHT, ZUGRIFF, AUSZUSCHALTEN, ZU VERWEIGERN ODER ZU BESCHR\u00c4NKEN<\/strong><br class=\u201cxliff-newline\u201c \/>Krausz beh\u00e4lt sich das Recht vor, Ihren Zugriff auf diese Webseite jederzeit und aus beliebigen Grund, einschlie\u00dflich, aber nicht beschr\u00e4nkt auf technische Schwierigkeiten oder die Verletzung dieser Nutzungsbedingungen, im alleinigen Ermessen einzuschr\u00e4nken oder zu widerrufen.<br class=\u201cxliff-newline\u201c \/><br class=\u201cxliff-newline\u201c \/><strong>13.\tALLGEMEIN<\/strong><br class=\u201cxliff-newline\u201c \/>Diese Nutzungsbedingungen werden entsprechend der Gesetzgebung des Staates Israel ausgelegt (falls nicht anderweitig durch in Ihrem Ursprungsland g\u00fcltige Gesetze, Vorschriften und\/oder Richtlinien gefordert). Die Parteien \u00fcbermitteln ihre aus oder in Verbindung mit diesen Nutzungsbedingungen hervorgehenden Streitf\u00e4lle an die ausschlie\u00dfliche Zust\u00e4ndigkeit des Gerichtshofs in Tel Aviv, Israel.<br class=\u201cxliff-newline\u201c \/> Wenn sich eine Bestimmung dieser Nutzungsbedingungen als ung\u00fcltig oder undurchf\u00fchrbar erweist, so wird diese Bestimmung als trennbar von den \u00fcbrigen Bestimmungen dieser Nutzungsbedingungen erachtet und verursacht nicht die Ung\u00fcltigkeit oder Undurchf\u00fchrbarkeit der \u00fcbrigen Nutzungsbedingungen. Diese ist die vollst\u00e4ndige Vereinbarung zwischen Ihnen und Krausz in Bezug auf den Gegenstand hierin und diese Nutzungsbedingungen d\u00fcrfen, au\u00dfer wie hierin aufgef\u00fchrt, nicht ver\u00e4ndert werden. Krausz darf diese Vereinbarung der Nutzungsbedingungen im Gesamten oder in Teilen nach eigenem Ermessen \u00fcbertragen. Der Ausschluss eines Versto\u00dfes gegen eine Bestimmung dieser Nutzungsbedingungen durch Krausz darf nicht zum Ausschluss eines anderen oder nachfolgenden Versto\u00dfes gleicher oder anderer Art betrachtet werden.<br class=\u201cxliff-newline\u201c \/><br class=\u201cxliff-newline\u201c \/>Diese Nutzungsbedingungen wurden zuletzt modifiziert am: 5. August 2014<br class=\u201cxliff-newline\u201c \/><br class=\u201cxliff-newline\u201c \/><\/p>\n","protected":false},"excerpt":{"rendered":"<p>NUTZUNGSBEDINGUNGEN1. ALLGEMEINDie hier aufgef\u00fchrten Nutzungsbedingungen (\u201cNutzungsbedingungen\u201c) beziehen sich auf die Webseite, im Eigentum von Krausz Industries Ltd. und von dieser und\/oder ihren Tochtergesellschaften (hiernach zusammenfassend \u201eKrausz\u201c oder \u201ewir\u201c) betrieben, lizensiert und\/oder kontrolliert wird unter der Domainadresse: www.krausz.com (die \u201cWebseite\u201d).BITTE LESEN SIE DIESE<\/p>\n<div class=\"view-full-post\"><a href=\"https:\/\/krausz.com\/de\/nutzungsbedingungen\/\" class=\"view-full-post-btn\">(\u05dc\u05d4\u05de\u05e9\u05da \u05e7\u05e8\u05d9\u05d0\u05d4&#8230;)<\/a><\/div>\n","protected":false},"author":1,"featured_media":0,"parent":0,"menu_order":33,"comment_status":"closed","ping_status":"closed","template":"","meta":{"inline_featured_image":false,"footnotes":""},"class_list":["post-6364","page","type-page","status-publish","hentry"],"yoast_head":"<!-- This site is optimized with the Yoast SEO plugin v27.4 - https:\/\/yoast.com\/product\/yoast-seo-wordpress\/ -->\n<title>NUTZUNGSBEDINGUNGEN - Krausz Industries<\/title>\n<meta name=\"robots\" content=\"index, follow, max-snippet:-1, max-image-preview:large, max-video-preview:-1\" \/>\n<link rel=\"canonical\" href=\"https:\/\/krausz.com\/terms-use\/\" \/>\n<meta property=\"og:locale\" content=\"de_DE\" \/>\n<meta property=\"og:type\" content=\"article\" \/>\n<meta property=\"og:title\" content=\"NUTZUNGSBEDINGUNGEN - Krausz Industries\" \/>\n<meta property=\"og:description\" content=\"NUTZUNGSBEDINGUNGEN1. ALLGEMEINDie hier aufgef\u00fchrten Nutzungsbedingungen (\u201cNutzungsbedingungen\u201c) beziehen sich auf die Webseite, im Eigentum von Krausz Industries Ltd. und von dieser und\/oder ihren Tochtergesellschaften (hiernach zusammenfassend \u201eKrausz\u201c oder \u201ewir\u201c) betrieben, lizensiert und\/oder kontrolliert wird unter der Domainadresse: www.krausz.com (die \u201cWebseite\u201d).BITTE LESEN SIE DIESE(\u05dc\u05d4\u05de\u05e9\u05da \u05e7\u05e8\u05d9\u05d0\u05d4...)\" \/>\n<meta property=\"og:url\" content=\"https:\/\/krausz.com\/terms-use\/\" \/>\n<meta property=\"og:site_name\" content=\"Krausz Industries\" \/>\n<meta name=\"twitter:card\" content=\"summary_large_image\" \/>\n<meta name=\"twitter:label1\" content=\"Gesch\u00e4tzte Lesezeit\" \/>\n\t<meta name=\"twitter:data1\" content=\"8\u00a0Minuten\" \/>\n<script type=\"application\/ld+json\" class=\"yoast-schema-graph\">{\"@context\":\"https:\\\/\\\/schema.org\",\"@graph\":[{\"@type\":\"WebPage\",\"@id\":\"https:\\\/\\\/krausz.com\\\/terms-use\\\/\",\"url\":\"https:\\\/\\\/krausz.com\\\/terms-use\\\/\",\"name\":\"NUTZUNGSBEDINGUNGEN - Krausz Industries\",\"isPartOf\":{\"@id\":\"https:\\\/\\\/krausz.com\\\/#website\"},\"datePublished\":\"2017-02-02T09:52:50+00:00\",\"breadcrumb\":{\"@id\":\"https:\\\/\\\/krausz.com\\\/terms-use\\\/#breadcrumb\"},\"inLanguage\":\"de\",\"potentialAction\":[{\"@type\":\"ReadAction\",\"target\":[\"https:\\\/\\\/krausz.com\\\/terms-use\\\/\"]}]},{\"@type\":\"BreadcrumbList\",\"@id\":\"https:\\\/\\\/krausz.com\\\/terms-use\\\/#breadcrumb\",\"itemListElement\":[{\"@type\":\"ListItem\",\"position\":1,\"name\":\"Home\",\"item\":\"https:\\\/\\\/krausz.com\\\/de\\\/\"},{\"@type\":\"ListItem\",\"position\":2,\"name\":\"NUTZUNGSBEDINGUNGEN\"}]},{\"@type\":\"WebSite\",\"@id\":\"https:\\\/\\\/krausz.com\\\/#website\",\"url\":\"https:\\\/\\\/krausz.com\\\/\",\"name\":\"Krausz Industries\",\"description\":\"Repair the past. Connect the future\",\"potentialAction\":[{\"@type\":\"SearchAction\",\"target\":{\"@type\":\"EntryPoint\",\"urlTemplate\":\"https:\\\/\\\/krausz.com\\\/?s={search_term_string}\"},\"query-input\":{\"@type\":\"PropertyValueSpecification\",\"valueRequired\":true,\"valueName\":\"search_term_string\"}}],\"inLanguage\":\"de\"}]}<\/script>\n<!-- \/ Yoast SEO plugin. -->","yoast_head_json":{"title":"NUTZUNGSBEDINGUNGEN - Krausz Industries","robots":{"index":"index","follow":"follow","max-snippet":"max-snippet:-1","max-image-preview":"max-image-preview:large","max-video-preview":"max-video-preview:-1"},"canonical":"https:\/\/krausz.com\/terms-use\/","og_locale":"de_DE","og_type":"article","og_title":"NUTZUNGSBEDINGUNGEN - Krausz Industries","og_description":"NUTZUNGSBEDINGUNGEN1. ALLGEMEINDie hier aufgef\u00fchrten Nutzungsbedingungen (\u201cNutzungsbedingungen\u201c) beziehen sich auf die Webseite, im Eigentum von Krausz Industries Ltd. und von dieser und\/oder ihren Tochtergesellschaften (hiernach zusammenfassend \u201eKrausz\u201c oder \u201ewir\u201c) betrieben, lizensiert und\/oder kontrolliert wird unter der Domainadresse: www.krausz.com (die \u201cWebseite\u201d).BITTE LESEN SIE DIESE(\u05dc\u05d4\u05de\u05e9\u05da \u05e7\u05e8\u05d9\u05d0\u05d4...)","og_url":"https:\/\/krausz.com\/terms-use\/","og_site_name":"Krausz Industries","twitter_card":"summary_large_image","twitter_misc":{"Gesch\u00e4tzte Lesezeit":"8\u00a0Minuten"},"schema":{"@context":"https:\/\/schema.org","@graph":[{"@type":"WebPage","@id":"https:\/\/krausz.com\/terms-use\/","url":"https:\/\/krausz.com\/terms-use\/","name":"NUTZUNGSBEDINGUNGEN - Krausz Industries","isPartOf":{"@id":"https:\/\/krausz.com\/#website"},"datePublished":"2017-02-02T09:52:50+00:00","breadcrumb":{"@id":"https:\/\/krausz.com\/terms-use\/#breadcrumb"},"inLanguage":"de","potentialAction":[{"@type":"ReadAction","target":["https:\/\/krausz.com\/terms-use\/"]}]},{"@type":"BreadcrumbList","@id":"https:\/\/krausz.com\/terms-use\/#breadcrumb","itemListElement":[{"@type":"ListItem","position":1,"name":"Home","item":"https:\/\/krausz.com\/de\/"},{"@type":"ListItem","position":2,"name":"NUTZUNGSBEDINGUNGEN"}]},{"@type":"WebSite","@id":"https:\/\/krausz.com\/#website","url":"https:\/\/krausz.com\/","name":"Krausz Industries","description":"Repair the past. Connect the future","potentialAction":[{"@type":"SearchAction","target":{"@type":"EntryPoint","urlTemplate":"https:\/\/krausz.com\/?s={search_term_string}"},"query-input":{"@type":"PropertyValueSpecification","valueRequired":true,"valueName":"search_term_string"}}],"inLanguage":"de"}]}},"_links":{"self":[{"href":"https:\/\/krausz.com\/de\/wp-json\/wp\/v2\/pages\/6364","targetHints":{"allow":["GET"]}}],"collection":[{"href":"https:\/\/krausz.com\/de\/wp-json\/wp\/v2\/pages"}],"about":[{"href":"https:\/\/krausz.com\/de\/wp-json\/wp\/v2\/types\/page"}],"author":[{"embeddable":true,"href":"https:\/\/krausz.com\/de\/wp-json\/wp\/v2\/users\/1"}],"replies":[{"embeddable":true,"href":"https:\/\/krausz.com\/de\/wp-json\/wp\/v2\/comments?post=6364"}],"version-history":[{"count":0,"href":"https:\/\/krausz.com\/de\/wp-json\/wp\/v2\/pages\/6364\/revisions"}],"wp:attachment":[{"href":"https:\/\/krausz.com\/de\/wp-json\/wp\/v2\/media?parent=6364"}],"curies":[{"name":"wp","href":"https:\/\/api.w.org\/{rel}","templated":true}]}}