{"id":10549,"date":"2019-02-27T15:54:26","date_gmt":"2019-02-27T13:54:26","guid":{"rendered":"https:\/\/krausz.com\/fr\/hymax-family\/"},"modified":"2021-11-14T19:30:45","modified_gmt":"2021-11-14T17:30:45","slug":"famille-hymax","status":"publish","type":"page","link":"https:\/\/krausz.com\/fr\/produits-main\/famille-hymax\/","title":{"rendered":"HYMAX\u00ae 2  &#8211; SOLUTIONS DE RACCORD DE COUPLAGE \u00c0 LARGE PLAGE DE TOL\u00c9RANCE ET JOINT D\u00c9PLIABLE"},"content":{"rendered":"<p><strong>NOUVEAU : D\u00c9COUVREZ LA GAMME HYMAX 2, SOLUTIONS DE RACCORD DE COUPLAGE \u00c0 LARGE PLAGE DE TOL\u00c9RANCE &#8211; L&rsquo;HYMAX NOUVELLE G\u00c9N\u00c9RATION.<\/strong><\/p>\n<p><strong>Utilis\u00e9 pour le renouvellement de canalisations, l\u2019HYMAX 2 \u00e0 large plage de tol\u00e9rance raccorde deux canalisations de diam\u00e8tres nominaux (40-300) et de mat\u00e9riaux similaires ou diff\u00e9rents avec une plage tol\u00e9rance de 32 mm max.<\/strong><\/p>\n<p><strong>L\u2019HYMAX 2<\/strong> repose sur la technologie r\u00e9volutionnaire de l&rsquo;HYMAX original qui a fait ses preuves avec des millions d&rsquo;installations dans le monde entier:<\/p>\n<ol>\n<li>Le <strong>joint d\u00e9pliable brevet\u00e9<\/strong> de l&rsquo;HYMAX 2\u00a0peut \u00eatre facilement d\u00e9pli\u00e9 vers l&rsquo;int\u00e9rieur ou l&rsquo;ext\u00e9rieur pour s&rsquo;adapter \u00e0 diff\u00e9rents diam\u00e8tres de canalisation<\/li>\n<li style=\"font-weight: 400;\"><b>Technologie de joint anti-d\u00e9chirure<\/b><span style=\"font-weight: 400;\">\u00a0avanc\u00e9e pour une efficacit\u00e9 d&rsquo;installation optimale<\/span><\/li>\n<li style=\"font-weight: 400;\"><span style=\"font-weight: 400;\">Seulement<\/span><b>\u00a02 boulons orient\u00e9s vers le haut<\/b><span style=\"font-weight: 400;\">\u00a0pour une installation plus rapide, plus facile et plus s\u00fbre<\/span><\/li>\n<li style=\"font-weight: 400;\"><span style=\"font-weight: 400;\">D\u00e9viation dynamique de\u00a0<\/span><b>4\u00b0 de chaque c\u00f4t\u00e9 <\/b><span style=\"font-weight: 400;\">: r\u00e9duisant les futurs dommages de canalisation<\/span><\/li>\n<li style=\"font-weight: 400;\"><span style=\"font-weight: 400;\">Convient \u00e0\u00a0<\/span><b>tous les types de canalisations :<\/b><span style=\"font-weight: 400;\"> fonte ductile, fonte, acier, cuivre, PEHD, PVC, AC, fibre de verre<\/span><\/li>\n<\/ol>\n<p><span style=\"font-weight: 400;\">Les raccords de couplage HYMAX 2 sont disponibles avec un diam\u00e8tre nominal de 40 mm \u00e0 300 mm, offrant des solutions de qualit\u00e9 pour la r\u00e9paration et le raccord des canalisations, \u00e0 l&rsquo;aide de diff\u00e9rents produits et de mati\u00e8res premi\u00e8res de qualit\u00e9 sup\u00e9rieure.<\/span><\/p>\n<p><strong><u>REMARQUE<\/u><\/strong> <strong>:<\/strong> LES PRODUITS HYMAX DE GRAND DIAM\u00c8TRE DN 350 \u00c0 DN 1500 UTILISENT TOUJOURS LE DOUBLE JOINT D\u00c9TACHABLE.<\/p>\n<p><em>Notice d\u2019installation des raccords HYMAX et fiches techniques t\u00e9l\u00e9chargeables en suivant les liens dans le tableau ci-dessous<\/em><\/p>\n","protected":false},"excerpt":{"rendered":"<p>NOUVEAU : D\u00c9COUVREZ LA GAMME HYMAX 2, SOLUTIONS DE RACCORD DE COUPLAGE \u00c0 LARGE PLAGE DE TOL\u00c9RANCE &#8211; L&rsquo;HYMAX NOUVELLE G\u00c9N\u00c9RATION. Utilis\u00e9 pour le renouvellement de canalisations, l\u2019HYMAX 2 \u00e0 large plage de tol\u00e9rance raccorde deux canalisations de diam\u00e8tres nominaux (40-300) et<\/p>\n<div class=\"view-full-post\"><a href=\"https:\/\/krausz.com\/fr\/produits-main\/famille-hymax\/\" class=\"view-full-post-btn\">(\u05dc\u05d4\u05de\u05e9\u05da \u05e7\u05e8\u05d9\u05d0\u05d4&#8230;)<\/a><\/div>\n","protected":false},"author":1,"featured_media":7920,"parent":10647,"menu_order":1,"comment_status":"closed","ping_status":"closed","template":"templates\/product-family.php","meta":{"inline_featured_image":false,"footnotes":""},"class_list":["post-10549","page","type-page","status-publish","has-post-thumbnail","hentry"],"yoast_head":"<!-- This site is optimized with the Yoast SEO plugin v27.3 - https:\/\/yoast.com\/product\/yoast-seo-wordpress\/ -->\n<title>HYMAX\u00ae 2 - SOLUTIONS DE RACCORD DE COUPLAGE \u00c0 LARGE PLAGE DE TOL\u00c9RANCE ET JOINT D\u00c9PLIABLE - Krausz Industries<\/title>\n<meta name=\"robots\" content=\"index, follow, max-snippet:-1, max-image-preview:large, max-video-preview:-1\" \/>\n<link rel=\"canonical\" href=\"https:\/\/krausz.com\/products-main\/hymax-family\/\" \/>\n<meta property=\"og:locale\" content=\"fr_CA\" \/>\n<meta property=\"og:type\" content=\"article\" \/>\n<meta property=\"og:title\" content=\"HYMAX\u00ae 2 - SOLUTIONS DE RACCORD DE COUPLAGE \u00c0 LARGE PLAGE DE TOL\u00c9RANCE ET JOINT D\u00c9PLIABLE - Krausz Industries\" \/>\n<meta property=\"og:description\" content=\"NOUVEAU : D\u00c9COUVREZ LA GAMME HYMAX 2, SOLUTIONS DE RACCORD DE COUPLAGE \u00c0 LARGE PLAGE DE TOL\u00c9RANCE &#8211; L&rsquo;HYMAX NOUVELLE G\u00c9N\u00c9RATION. Utilis\u00e9 pour le renouvellement de canalisations, l\u2019HYMAX 2 \u00e0 large plage de tol\u00e9rance raccorde deux canalisations de diam\u00e8tres nominaux (40-300) et(\u05dc\u05d4\u05de\u05e9\u05da \u05e7\u05e8\u05d9\u05d0\u05d4...)\" \/>\n<meta property=\"og:url\" content=\"https:\/\/krausz.com\/products-main\/hymax-family\/\" \/>\n<meta property=\"og:site_name\" content=\"Krausz Industries\" \/>\n<meta property=\"article:modified_time\" content=\"2021-11-14T17:30:45+00:00\" \/>\n<meta property=\"og:image\" content=\"https:\/\/krausz.com\/wp-content\/uploads\/2019\/02\/hymax2_wide_range_couling-1.png\" \/>\n\t<meta property=\"og:image:width\" content=\"328\" \/>\n\t<meta property=\"og:image:height\" content=\"218\" \/>\n\t<meta property=\"og:image:type\" content=\"image\/png\" \/>\n<meta name=\"twitter:card\" content=\"summary_large_image\" \/>\n<meta name=\"twitter:label1\" content=\"Estimation du temps de lecture\" \/>\n\t<meta name=\"twitter:data1\" content=\"1 minute\" \/>\n<script type=\"application\/ld+json\" class=\"yoast-schema-graph\">{\"@context\":\"https:\\\/\\\/schema.org\",\"@graph\":[{\"@type\":\"WebPage\",\"@id\":\"https:\\\/\\\/krausz.com\\\/products-main\\\/hymax-family\\\/\",\"url\":\"https:\\\/\\\/krausz.com\\\/products-main\\\/hymax-family\\\/\",\"name\":\"HYMAX\u00ae 2 - SOLUTIONS DE RACCORD DE COUPLAGE \u00c0 LARGE PLAGE DE TOL\u00c9RANCE ET JOINT D\u00c9PLIABLE - Krausz Industries\",\"isPartOf\":{\"@id\":\"https:\\\/\\\/krausz.com\\\/#website\"},\"primaryImageOfPage\":{\"@id\":\"https:\\\/\\\/krausz.com\\\/products-main\\\/hymax-family\\\/#primaryimage\"},\"image\":{\"@id\":\"https:\\\/\\\/krausz.com\\\/products-main\\\/hymax-family\\\/#primaryimage\"},\"thumbnailUrl\":\"https:\\\/\\\/krausz.com\\\/wp-content\\\/uploads\\\/2019\\\/02\\\/hymax2_wide_range_couling-1.png\",\"datePublished\":\"2019-02-27T13:54:26+00:00\",\"dateModified\":\"2021-11-14T17:30:45+00:00\",\"breadcrumb\":{\"@id\":\"https:\\\/\\\/krausz.com\\\/products-main\\\/hymax-family\\\/#breadcrumb\"},\"inLanguage\":\"fr-CA\",\"potentialAction\":[{\"@type\":\"ReadAction\",\"target\":[\"https:\\\/\\\/krausz.com\\\/products-main\\\/hymax-family\\\/\"]}]},{\"@type\":\"ImageObject\",\"inLanguage\":\"fr-CA\",\"@id\":\"https:\\\/\\\/krausz.com\\\/products-main\\\/hymax-family\\\/#primaryimage\",\"url\":\"https:\\\/\\\/krausz.com\\\/wp-content\\\/uploads\\\/2019\\\/02\\\/hymax2_wide_range_couling-1.png\",\"contentUrl\":\"https:\\\/\\\/krausz.com\\\/wp-content\\\/uploads\\\/2019\\\/02\\\/hymax2_wide_range_couling-1.png\",\"width\":328,\"height\":218},{\"@type\":\"BreadcrumbList\",\"@id\":\"https:\\\/\\\/krausz.com\\\/products-main\\\/hymax-family\\\/#breadcrumb\",\"itemListElement\":[{\"@type\":\"ListItem\",\"position\":1,\"name\":\"Home\",\"item\":\"https:\\\/\\\/krausz.com\\\/\"},{\"@type\":\"ListItem\",\"position\":2,\"name\":\"Des Gammes De Produits\",\"item\":\"https:\\\/\\\/krausz.com\\\/products-main\\\/\"},{\"@type\":\"ListItem\",\"position\":3,\"name\":\"HYMAX\u00ae 2 &#8211; SOLUTIONS DE RACCORD DE COUPLAGE \u00c0 LARGE PLAGE DE TOL\u00c9RANCE ET JOINT D\u00c9PLIABLE\"}]},{\"@type\":\"WebSite\",\"@id\":\"https:\\\/\\\/krausz.com\\\/#website\",\"url\":\"https:\\\/\\\/krausz.com\\\/\",\"name\":\"Krausz Industries\",\"description\":\"Repair the past. Connect the future\",\"potentialAction\":[{\"@type\":\"SearchAction\",\"target\":{\"@type\":\"EntryPoint\",\"urlTemplate\":\"https:\\\/\\\/krausz.com\\\/?s={search_term_string}\"},\"query-input\":{\"@type\":\"PropertyValueSpecification\",\"valueRequired\":true,\"valueName\":\"search_term_string\"}}],\"inLanguage\":\"fr-CA\"}]}<\/script>\n<!-- \/ Yoast SEO plugin. -->","yoast_head_json":{"title":"HYMAX\u00ae 2 - SOLUTIONS DE RACCORD DE COUPLAGE \u00c0 LARGE PLAGE DE TOL\u00c9RANCE ET JOINT D\u00c9PLIABLE - Krausz Industries","robots":{"index":"index","follow":"follow","max-snippet":"max-snippet:-1","max-image-preview":"max-image-preview:large","max-video-preview":"max-video-preview:-1"},"canonical":"https:\/\/krausz.com\/products-main\/hymax-family\/","og_locale":"fr_CA","og_type":"article","og_title":"HYMAX\u00ae 2 - SOLUTIONS DE RACCORD DE COUPLAGE \u00c0 LARGE PLAGE DE TOL\u00c9RANCE ET JOINT D\u00c9PLIABLE - Krausz Industries","og_description":"NOUVEAU : D\u00c9COUVREZ LA GAMME HYMAX 2, SOLUTIONS DE RACCORD DE COUPLAGE \u00c0 LARGE PLAGE DE TOL\u00c9RANCE &#8211; L&rsquo;HYMAX NOUVELLE G\u00c9N\u00c9RATION. Utilis\u00e9 pour le renouvellement de canalisations, l\u2019HYMAX 2 \u00e0 large plage de tol\u00e9rance raccorde deux canalisations de diam\u00e8tres nominaux (40-300) et(\u05dc\u05d4\u05de\u05e9\u05da \u05e7\u05e8\u05d9\u05d0\u05d4...)","og_url":"https:\/\/krausz.com\/products-main\/hymax-family\/","og_site_name":"Krausz Industries","article_modified_time":"2021-11-14T17:30:45+00:00","og_image":[{"width":328,"height":218,"url":"https:\/\/krausz.com\/wp-content\/uploads\/2019\/02\/hymax2_wide_range_couling-1.png","type":"image\/png"}],"twitter_card":"summary_large_image","twitter_misc":{"Estimation du temps de lecture":"1 minute"},"schema":{"@context":"https:\/\/schema.org","@graph":[{"@type":"WebPage","@id":"https:\/\/krausz.com\/products-main\/hymax-family\/","url":"https:\/\/krausz.com\/products-main\/hymax-family\/","name":"HYMAX\u00ae 2 - SOLUTIONS DE RACCORD DE COUPLAGE \u00c0 LARGE PLAGE DE TOL\u00c9RANCE ET JOINT D\u00c9PLIABLE - Krausz Industries","isPartOf":{"@id":"https:\/\/krausz.com\/#website"},"primaryImageOfPage":{"@id":"https:\/\/krausz.com\/products-main\/hymax-family\/#primaryimage"},"image":{"@id":"https:\/\/krausz.com\/products-main\/hymax-family\/#primaryimage"},"thumbnailUrl":"https:\/\/krausz.com\/wp-content\/uploads\/2019\/02\/hymax2_wide_range_couling-1.png","datePublished":"2019-02-27T13:54:26+00:00","dateModified":"2021-11-14T17:30:45+00:00","breadcrumb":{"@id":"https:\/\/krausz.com\/products-main\/hymax-family\/#breadcrumb"},"inLanguage":"fr-CA","potentialAction":[{"@type":"ReadAction","target":["https:\/\/krausz.com\/products-main\/hymax-family\/"]}]},{"@type":"ImageObject","inLanguage":"fr-CA","@id":"https:\/\/krausz.com\/products-main\/hymax-family\/#primaryimage","url":"https:\/\/krausz.com\/wp-content\/uploads\/2019\/02\/hymax2_wide_range_couling-1.png","contentUrl":"https:\/\/krausz.com\/wp-content\/uploads\/2019\/02\/hymax2_wide_range_couling-1.png","width":328,"height":218},{"@type":"BreadcrumbList","@id":"https:\/\/krausz.com\/products-main\/hymax-family\/#breadcrumb","itemListElement":[{"@type":"ListItem","position":1,"name":"Home","item":"https:\/\/krausz.com\/"},{"@type":"ListItem","position":2,"name":"Des Gammes De Produits","item":"https:\/\/krausz.com\/products-main\/"},{"@type":"ListItem","position":3,"name":"HYMAX\u00ae 2 &#8211; SOLUTIONS DE RACCORD DE COUPLAGE \u00c0 LARGE PLAGE DE TOL\u00c9RANCE ET JOINT D\u00c9PLIABLE"}]},{"@type":"WebSite","@id":"https:\/\/krausz.com\/#website","url":"https:\/\/krausz.com\/","name":"Krausz Industries","description":"Repair the past. Connect the future","potentialAction":[{"@type":"SearchAction","target":{"@type":"EntryPoint","urlTemplate":"https:\/\/krausz.com\/?s={search_term_string}"},"query-input":{"@type":"PropertyValueSpecification","valueRequired":true,"valueName":"search_term_string"}}],"inLanguage":"fr-CA"}]}},"_links":{"self":[{"href":"https:\/\/krausz.com\/fr\/wp-json\/wp\/v2\/pages\/10549","targetHints":{"allow":["GET"]}}],"collection":[{"href":"https:\/\/krausz.com\/fr\/wp-json\/wp\/v2\/pages"}],"about":[{"href":"https:\/\/krausz.com\/fr\/wp-json\/wp\/v2\/types\/page"}],"author":[{"embeddable":true,"href":"https:\/\/krausz.com\/fr\/wp-json\/wp\/v2\/users\/1"}],"replies":[{"embeddable":true,"href":"https:\/\/krausz.com\/fr\/wp-json\/wp\/v2\/comments?post=10549"}],"version-history":[{"count":7,"href":"https:\/\/krausz.com\/fr\/wp-json\/wp\/v2\/pages\/10549\/revisions"}],"predecessor-version":[{"id":11340,"href":"https:\/\/krausz.com\/fr\/wp-json\/wp\/v2\/pages\/10549\/revisions\/11340"}],"up":[{"embeddable":true,"href":"https:\/\/krausz.com\/fr\/wp-json\/wp\/v2\/pages\/10647"}],"wp:featuredmedia":[{"embeddable":true,"href":"https:\/\/krausz.com\/fr\/wp-json\/wp\/v2\/media\/7920"}],"wp:attachment":[{"href":"https:\/\/krausz.com\/fr\/wp-json\/wp\/v2\/media?parent=10549"}],"curies":[{"name":"wp","href":"https:\/\/api.w.org\/{rel}","templated":true}]}}