{"id":10552,"date":"2019-02-27T11:58:36","date_gmt":"2019-02-27T09:58:36","guid":{"rendered":"https:\/\/krausz.com\/fr\/hymax-large-diameter-couplings\/"},"modified":"2021-11-14T19:31:22","modified_gmt":"2021-11-14T17:31:22","slug":"raccord-couplage-hymax-grand-diametre","status":"publish","type":"page","link":"https:\/\/krausz.com\/fr\/produits-main\/raccord-couplage-hymax-grand-diametre\/","title":{"rendered":"HYMAX\u00ae  &#8211; RACCORDS DE COUPLAGE DE GRAND DIAM\u00c8TRE"},"content":{"rendered":"<p>Les solutions \u00e0 large plage de tol\u00e9rance HYMAX\u00ae de Krausz b\u00e9n\u00e9ficient d&rsquo;une ing\u00e9nierie avanc\u00e9e et d&rsquo;une conception innovante, permettant une installation rapide, une flexibilit\u00e9 exceptionnelle et une durabilit\u00e9 extr\u00eame dans des conditions vari\u00e9es. Ces avantages font de l\u2019HYMAX\u00ae de Krausz un choix performant et rentable pour de multiples applications. Cette gamme de produits r\u00e9volutionnaire a \u00e9tabli une nouvelle norme industrielle. Les produits HYMAX ont fait leurs preuves dans des millions d&rsquo;installations dans le monde.<\/p>\n<p>Uniques en leur genre, les boulons orient\u00e9s vers le haut de l\u2019HYMAX permettent un acc\u00e8s facile \u00e0 l&rsquo;installation tandis que sa poign\u00e9e de manutention brevet\u00e9e pr\u00eate \u00e0 l&#8217;emploi, \u00e9limine le besoin de creuser en profondeur et de travailler sous la canalisation. La d\u00e9viation angulaire dynamique de l\u2019HYMAX pouvant atteindre 4\u00b0 de chaque c\u00f4t\u00e9, r\u00e9duit les risques de dommages et de cassures le long de la canalisation dus aux mouvements de terrain et aux variations de temp\u00e9rature.<strong>\u00a0 \u00a0<\/strong><\/p>\n<p><b>REMARQUE :<\/b><b> LES PRODUITS HYMAX DE GRAND DIAM\u00c8TRE DN 350 \u00c0 DN 1500 UTILISENT TOUJOURS LE DOUBLE JOINT D\u00c9TACHABLE.<\/b><b>\u00a0\u00a0\u00a0<\/b><\/p>\n<p><span style=\"font-weight: 400;\">Les produits HYMAX et REPAMAX de KRAUSZ ont re\u00e7u l&rsquo;approbation de l&rsquo;Institut SVGW conform\u00e9ment \u00e0 la norme europ\u00e9enne EN-14525.<\/span><\/p>\n<p><a href=\"https:\/\/krausz.com\/wp-content\/uploads\/2018\/06\/CASE-STUDIES-SWISS-HYMAX-ENG.pdf\"><b>\u00c9TUDE DE CAS<\/b><span style=\"font-weight: 400;\">\u00a0: <\/span><span style=\"font-weight: 400;\">SUISSE<\/span><\/a><span style=\"font-weight: 400;\">, r\u00e9gion Soleure : Une structure transversale DN 400 avec deux sorties vers DN 200<\/span><\/p>\n","protected":false},"excerpt":{"rendered":"<p>Les solutions \u00e0 large plage de tol\u00e9rance HYMAX\u00ae de Krausz b\u00e9n\u00e9ficient d&rsquo;une ing\u00e9nierie avanc\u00e9e et d&rsquo;une conception innovante, permettant une installation rapide, une flexibilit\u00e9 exceptionnelle et une durabilit\u00e9 extr\u00eame dans des conditions vari\u00e9es. Ces avantages font de l\u2019HYMAX\u00ae de Krausz un choix<\/p>\n<div class=\"view-full-post\"><a href=\"https:\/\/krausz.com\/fr\/produits-main\/raccord-couplage-hymax-grand-diametre\/\" class=\"view-full-post-btn\">(\u05dc\u05d4\u05de\u05e9\u05da \u05e7\u05e8\u05d9\u05d0\u05d4&#8230;)<\/a><\/div>\n","protected":false},"author":1,"featured_media":4965,"parent":10647,"menu_order":2,"comment_status":"closed","ping_status":"closed","template":"templates\/hymax-family.php","meta":{"inline_featured_image":false,"footnotes":""},"class_list":["post-10552","page","type-page","status-publish","has-post-thumbnail","hentry"],"yoast_head":"<!-- This site is optimized with the Yoast SEO plugin v27.2 - https:\/\/yoast.com\/product\/yoast-seo-wordpress\/ -->\n<title>HYMAX\u00ae - RACCORDS DE COUPLAGE DE GRAND DIAM\u00c8TRE - Krausz Industries<\/title>\n<meta name=\"robots\" content=\"index, follow, max-snippet:-1, max-image-preview:large, max-video-preview:-1\" \/>\n<link rel=\"canonical\" href=\"https:\/\/krausz.com\/products-main\/hymax-large-diameter-couplings\/\" \/>\n<meta property=\"og:locale\" content=\"fr_CA\" \/>\n<meta property=\"og:type\" content=\"article\" \/>\n<meta property=\"og:title\" content=\"HYMAX\u00ae - RACCORDS DE COUPLAGE DE GRAND DIAM\u00c8TRE - Krausz Industries\" \/>\n<meta property=\"og:description\" content=\"Les solutions \u00e0 large plage de tol\u00e9rance HYMAX\u00ae de Krausz b\u00e9n\u00e9ficient d&rsquo;une ing\u00e9nierie avanc\u00e9e et d&rsquo;une conception innovante, permettant une installation rapide, une flexibilit\u00e9 exceptionnelle et une durabilit\u00e9 extr\u00eame dans des conditions vari\u00e9es. Ces avantages font de l\u2019HYMAX\u00ae de Krausz un choix(\u05dc\u05d4\u05de\u05e9\u05da \u05e7\u05e8\u05d9\u05d0\u05d4...)\" \/>\n<meta property=\"og:url\" content=\"https:\/\/krausz.com\/products-main\/hymax-large-diameter-couplings\/\" \/>\n<meta property=\"og:site_name\" content=\"Krausz Industries\" \/>\n<meta property=\"article:modified_time\" content=\"2021-11-14T17:31:22+00:00\" \/>\n<meta property=\"og:image\" content=\"https:\/\/krausz.com\/wp-content\/uploads\/2015\/12\/Sept.-2014-KC-Doug-TipsTricks-hymax-large-cast.jpg\" \/>\n\t<meta property=\"og:image:width\" content=\"167\" \/>\n\t<meta property=\"og:image:height\" content=\"200\" \/>\n\t<meta property=\"og:image:type\" content=\"image\/jpeg\" \/>\n<meta name=\"twitter:card\" content=\"summary_large_image\" \/>\n<meta name=\"twitter:label1\" content=\"Estimation du temps de lecture\" \/>\n\t<meta name=\"twitter:data1\" content=\"1 minute\" \/>\n<script type=\"application\/ld+json\" class=\"yoast-schema-graph\">{\"@context\":\"https:\/\/schema.org\",\"@graph\":[{\"@type\":\"WebPage\",\"@id\":\"https:\/\/krausz.com\/products-main\/hymax-large-diameter-couplings\/\",\"url\":\"https:\/\/krausz.com\/products-main\/hymax-large-diameter-couplings\/\",\"name\":\"HYMAX\u00ae - RACCORDS DE COUPLAGE DE GRAND DIAM\u00c8TRE - Krausz Industries\",\"isPartOf\":{\"@id\":\"https:\/\/krausz.com\/#website\"},\"primaryImageOfPage\":{\"@id\":\"https:\/\/krausz.com\/products-main\/hymax-large-diameter-couplings\/#primaryimage\"},\"image\":{\"@id\":\"https:\/\/krausz.com\/products-main\/hymax-large-diameter-couplings\/#primaryimage\"},\"thumbnailUrl\":\"https:\/\/krausz.com\/wp-content\/uploads\/2015\/12\/Sept.-2014-KC-Doug-TipsTricks-hymax-large-cast.jpg\",\"datePublished\":\"2019-02-27T09:58:36+00:00\",\"dateModified\":\"2021-11-14T17:31:22+00:00\",\"breadcrumb\":{\"@id\":\"https:\/\/krausz.com\/products-main\/hymax-large-diameter-couplings\/#breadcrumb\"},\"inLanguage\":\"fr-CA\",\"potentialAction\":[{\"@type\":\"ReadAction\",\"target\":[\"https:\/\/krausz.com\/products-main\/hymax-large-diameter-couplings\/\"]}]},{\"@type\":\"ImageObject\",\"inLanguage\":\"fr-CA\",\"@id\":\"https:\/\/krausz.com\/products-main\/hymax-large-diameter-couplings\/#primaryimage\",\"url\":\"https:\/\/krausz.com\/wp-content\/uploads\/2015\/12\/Sept.-2014-KC-Doug-TipsTricks-hymax-large-cast.jpg\",\"contentUrl\":\"https:\/\/krausz.com\/wp-content\/uploads\/2015\/12\/Sept.-2014-KC-Doug-TipsTricks-hymax-large-cast.jpg\",\"width\":167,\"height\":200},{\"@type\":\"BreadcrumbList\",\"@id\":\"https:\/\/krausz.com\/products-main\/hymax-large-diameter-couplings\/#breadcrumb\",\"itemListElement\":[{\"@type\":\"ListItem\",\"position\":1,\"name\":\"Home\",\"item\":\"https:\/\/krausz.com\/\"},{\"@type\":\"ListItem\",\"position\":2,\"name\":\"Des Gammes De Produits\",\"item\":\"https:\/\/krausz.com\/products-main\/\"},{\"@type\":\"ListItem\",\"position\":3,\"name\":\"HYMAX\u00ae &#8211; RACCORDS DE COUPLAGE DE GRAND DIAM\u00c8TRE\"}]},{\"@type\":\"WebSite\",\"@id\":\"https:\/\/krausz.com\/#website\",\"url\":\"https:\/\/krausz.com\/\",\"name\":\"Krausz Industries\",\"description\":\"Repair the past. Connect the future\",\"potentialAction\":[{\"@type\":\"SearchAction\",\"target\":{\"@type\":\"EntryPoint\",\"urlTemplate\":\"https:\/\/krausz.com\/?s={search_term_string}\"},\"query-input\":{\"@type\":\"PropertyValueSpecification\",\"valueRequired\":true,\"valueName\":\"search_term_string\"}}],\"inLanguage\":\"fr-CA\"}]}<\/script>\n<!-- \/ Yoast SEO plugin. -->","yoast_head_json":{"title":"HYMAX\u00ae - RACCORDS DE COUPLAGE DE GRAND DIAM\u00c8TRE - Krausz Industries","robots":{"index":"index","follow":"follow","max-snippet":"max-snippet:-1","max-image-preview":"max-image-preview:large","max-video-preview":"max-video-preview:-1"},"canonical":"https:\/\/krausz.com\/products-main\/hymax-large-diameter-couplings\/","og_locale":"fr_CA","og_type":"article","og_title":"HYMAX\u00ae - RACCORDS DE COUPLAGE DE GRAND DIAM\u00c8TRE - Krausz Industries","og_description":"Les solutions \u00e0 large plage de tol\u00e9rance HYMAX\u00ae de Krausz b\u00e9n\u00e9ficient d&rsquo;une ing\u00e9nierie avanc\u00e9e et d&rsquo;une conception innovante, permettant une installation rapide, une flexibilit\u00e9 exceptionnelle et une durabilit\u00e9 extr\u00eame dans des conditions vari\u00e9es. Ces avantages font de l\u2019HYMAX\u00ae de Krausz un choix(\u05dc\u05d4\u05de\u05e9\u05da \u05e7\u05e8\u05d9\u05d0\u05d4...)","og_url":"https:\/\/krausz.com\/products-main\/hymax-large-diameter-couplings\/","og_site_name":"Krausz Industries","article_modified_time":"2021-11-14T17:31:22+00:00","og_image":[{"width":167,"height":200,"url":"https:\/\/krausz.com\/wp-content\/uploads\/2015\/12\/Sept.-2014-KC-Doug-TipsTricks-hymax-large-cast.jpg","type":"image\/jpeg"}],"twitter_card":"summary_large_image","twitter_misc":{"Estimation du temps de lecture":"1 minute"},"schema":{"@context":"https:\/\/schema.org","@graph":[{"@type":"WebPage","@id":"https:\/\/krausz.com\/products-main\/hymax-large-diameter-couplings\/","url":"https:\/\/krausz.com\/products-main\/hymax-large-diameter-couplings\/","name":"HYMAX\u00ae - RACCORDS DE COUPLAGE DE GRAND DIAM\u00c8TRE - Krausz Industries","isPartOf":{"@id":"https:\/\/krausz.com\/#website"},"primaryImageOfPage":{"@id":"https:\/\/krausz.com\/products-main\/hymax-large-diameter-couplings\/#primaryimage"},"image":{"@id":"https:\/\/krausz.com\/products-main\/hymax-large-diameter-couplings\/#primaryimage"},"thumbnailUrl":"https:\/\/krausz.com\/wp-content\/uploads\/2015\/12\/Sept.-2014-KC-Doug-TipsTricks-hymax-large-cast.jpg","datePublished":"2019-02-27T09:58:36+00:00","dateModified":"2021-11-14T17:31:22+00:00","breadcrumb":{"@id":"https:\/\/krausz.com\/products-main\/hymax-large-diameter-couplings\/#breadcrumb"},"inLanguage":"fr-CA","potentialAction":[{"@type":"ReadAction","target":["https:\/\/krausz.com\/products-main\/hymax-large-diameter-couplings\/"]}]},{"@type":"ImageObject","inLanguage":"fr-CA","@id":"https:\/\/krausz.com\/products-main\/hymax-large-diameter-couplings\/#primaryimage","url":"https:\/\/krausz.com\/wp-content\/uploads\/2015\/12\/Sept.-2014-KC-Doug-TipsTricks-hymax-large-cast.jpg","contentUrl":"https:\/\/krausz.com\/wp-content\/uploads\/2015\/12\/Sept.-2014-KC-Doug-TipsTricks-hymax-large-cast.jpg","width":167,"height":200},{"@type":"BreadcrumbList","@id":"https:\/\/krausz.com\/products-main\/hymax-large-diameter-couplings\/#breadcrumb","itemListElement":[{"@type":"ListItem","position":1,"name":"Home","item":"https:\/\/krausz.com\/"},{"@type":"ListItem","position":2,"name":"Des Gammes De Produits","item":"https:\/\/krausz.com\/products-main\/"},{"@type":"ListItem","position":3,"name":"HYMAX\u00ae &#8211; RACCORDS DE COUPLAGE DE GRAND DIAM\u00c8TRE"}]},{"@type":"WebSite","@id":"https:\/\/krausz.com\/#website","url":"https:\/\/krausz.com\/","name":"Krausz Industries","description":"Repair the past. Connect the future","potentialAction":[{"@type":"SearchAction","target":{"@type":"EntryPoint","urlTemplate":"https:\/\/krausz.com\/?s={search_term_string}"},"query-input":{"@type":"PropertyValueSpecification","valueRequired":true,"valueName":"search_term_string"}}],"inLanguage":"fr-CA"}]}},"_links":{"self":[{"href":"https:\/\/krausz.com\/fr\/wp-json\/wp\/v2\/pages\/10552","targetHints":{"allow":["GET"]}}],"collection":[{"href":"https:\/\/krausz.com\/fr\/wp-json\/wp\/v2\/pages"}],"about":[{"href":"https:\/\/krausz.com\/fr\/wp-json\/wp\/v2\/types\/page"}],"author":[{"embeddable":true,"href":"https:\/\/krausz.com\/fr\/wp-json\/wp\/v2\/users\/1"}],"replies":[{"embeddable":true,"href":"https:\/\/krausz.com\/fr\/wp-json\/wp\/v2\/comments?post=10552"}],"version-history":[{"count":4,"href":"https:\/\/krausz.com\/fr\/wp-json\/wp\/v2\/pages\/10552\/revisions"}],"predecessor-version":[{"id":13311,"href":"https:\/\/krausz.com\/fr\/wp-json\/wp\/v2\/pages\/10552\/revisions\/13311"}],"up":[{"embeddable":true,"href":"https:\/\/krausz.com\/fr\/wp-json\/wp\/v2\/pages\/10647"}],"wp:featuredmedia":[{"embeddable":true,"href":"https:\/\/krausz.com\/fr\/wp-json\/wp\/v2\/media\/4965"}],"wp:attachment":[{"href":"https:\/\/krausz.com\/fr\/wp-json\/wp\/v2\/media?parent=10552"}],"curies":[{"name":"wp","href":"https:\/\/api.w.org\/{rel}","templated":true}]}}