{"id":10555,"date":"2015-10-26T10:14:12","date_gmt":"2015-10-26T08:14:12","guid":{"rendered":"https:\/\/krausz.com\/fr\/hymax-grip-wide-range-restraint-couplings\/"},"modified":"2021-11-14T19:32:13","modified_gmt":"2021-11-14T17:32:13","slug":"raccord-verrouille-hymax-grip-large-tolerance","status":"publish","type":"page","link":"https:\/\/krausz.com\/fr\/produits-main\/raccord-verrouille-hymax-grip-large-tolerance\/","title":{"rendered":"HYMAX\u00ae GRIP"},"content":{"rendered":"<p><span style=\"font-weight: 400;\">Krausz HYMAX GRIP\u00ae raccorde et verrouille de mani\u00e8re fiable un vaste \u00e9ventail de types de canalisations et de diam\u00e8tres diff\u00e9rents. Sa conception brevet\u00e9e permet de raccorder des canalisations de diam\u00e8tres et de mat\u00e9riaux similaires ou diff\u00e9rents avec une facilit\u00e9 in\u00e9gal\u00e9e. Cette solution innovante de raccord verrouill\u00e9<\/span><span style=\"font-weight: 400;\">, invent\u00e9e et fabriqu\u00e9e par Krausz, est pourvue d&rsquo;un syst\u00e8me de serrage radial unique adapt\u00e9 aux canalisations en m\u00e9tal et en plastique. Ce raccord pr\u00e9sente une conception \u00e0 deux ou quatre boulons orient\u00e9s vers le haut, permettant une installation rapide et facile.<\/span><\/p>\n<p>Son joint brevet\u00e9 transforme le raccord de la canalisation en un raccord flexible, permettant une d\u00e9viation angulaire dynamique de la canalisation apr\u00e8s l&rsquo;installation, r\u00e9duisant ainsi les risques de fissures et de ruptures post\u00e9rieurs le long de la canalisation. Con\u00e7u en fonte ductile particuli\u00e8rement durable, Krausz HYMAX GRIP est le choix id\u00e9al pour un raccord verrouill\u00e9 rapide et fiable.<\/p>\n<p><em>N<\/em><em>otice d\u2019installation<\/em><em> et fiches techniques\u00a0de l\u2019HYMAX : voir les liens ci-dessous, acc\u00e9dant aux pages produits.<\/em><\/p>\n<p>&nbsp;<\/p>\n","protected":false},"excerpt":{"rendered":"<p>Krausz HYMAX GRIP\u00ae raccorde et verrouille de mani\u00e8re fiable un vaste \u00e9ventail de types de canalisations et de diam\u00e8tres diff\u00e9rents. Sa conception brevet\u00e9e permet de raccorder des canalisations de diam\u00e8tres et de mat\u00e9riaux similaires ou diff\u00e9rents avec une facilit\u00e9 in\u00e9gal\u00e9e. Cette solution<\/p>\n<div class=\"view-full-post\"><a href=\"https:\/\/krausz.com\/fr\/produits-main\/raccord-verrouille-hymax-grip-large-tolerance\/\" class=\"view-full-post-btn\">(\u05dc\u05d4\u05de\u05e9\u05da \u05e7\u05e8\u05d9\u05d0\u05d4&#8230;)<\/a><\/div>\n","protected":false},"author":1,"featured_media":5915,"parent":10647,"menu_order":3,"comment_status":"closed","ping_status":"closed","template":"templates\/product-family.php","meta":{"inline_featured_image":false,"footnotes":""},"class_list":["post-10555","page","type-page","status-publish","has-post-thumbnail","hentry"],"yoast_head":"<!-- This site is optimized with the Yoast SEO plugin v27.3 - https:\/\/yoast.com\/product\/yoast-seo-wordpress\/ -->\n<title>HYMAX\u00ae GRIP - Krausz Industries<\/title>\n<meta name=\"robots\" content=\"index, follow, max-snippet:-1, max-image-preview:large, max-video-preview:-1\" \/>\n<link rel=\"canonical\" href=\"https:\/\/krausz.com\/products-main\/hymax-grip-wide-range-restraint-couplings\/\" \/>\n<meta property=\"og:locale\" content=\"fr_CA\" \/>\n<meta property=\"og:type\" content=\"article\" \/>\n<meta property=\"og:title\" content=\"HYMAX\u00ae GRIP - Krausz Industries\" \/>\n<meta property=\"og:description\" content=\"Krausz HYMAX GRIP\u00ae raccorde et verrouille de mani\u00e8re fiable un vaste \u00e9ventail de types de canalisations et de diam\u00e8tres diff\u00e9rents. Sa conception brevet\u00e9e permet de raccorder des canalisations de diam\u00e8tres et de mat\u00e9riaux similaires ou diff\u00e9rents avec une facilit\u00e9 in\u00e9gal\u00e9e. Cette solution(\u05dc\u05d4\u05de\u05e9\u05da \u05e7\u05e8\u05d9\u05d0\u05d4...)\" \/>\n<meta property=\"og:url\" content=\"https:\/\/krausz.com\/products-main\/hymax-grip-wide-range-restraint-couplings\/\" \/>\n<meta property=\"og:site_name\" content=\"Krausz Industries\" \/>\n<meta property=\"article:modified_time\" content=\"2021-11-14T17:32:13+00:00\" \/>\n<meta property=\"og:image\" content=\"https:\/\/krausz.com\/wp-content\/uploads\/2015\/12\/grip-Shadow200x200_2.jpg\" \/>\n\t<meta property=\"og:image:width\" content=\"200\" \/>\n\t<meta property=\"og:image:height\" content=\"200\" \/>\n\t<meta property=\"og:image:type\" content=\"image\/jpeg\" \/>\n<meta name=\"twitter:card\" content=\"summary_large_image\" \/>\n<meta name=\"twitter:label1\" content=\"Estimation du temps de lecture\" \/>\n\t<meta name=\"twitter:data1\" content=\"1 minute\" \/>\n<script type=\"application\/ld+json\" class=\"yoast-schema-graph\">{\"@context\":\"https:\\\/\\\/schema.org\",\"@graph\":[{\"@type\":\"WebPage\",\"@id\":\"https:\\\/\\\/krausz.com\\\/products-main\\\/hymax-grip-wide-range-restraint-couplings\\\/\",\"url\":\"https:\\\/\\\/krausz.com\\\/products-main\\\/hymax-grip-wide-range-restraint-couplings\\\/\",\"name\":\"HYMAX\u00ae GRIP - Krausz Industries\",\"isPartOf\":{\"@id\":\"https:\\\/\\\/krausz.com\\\/#website\"},\"primaryImageOfPage\":{\"@id\":\"https:\\\/\\\/krausz.com\\\/products-main\\\/hymax-grip-wide-range-restraint-couplings\\\/#primaryimage\"},\"image\":{\"@id\":\"https:\\\/\\\/krausz.com\\\/products-main\\\/hymax-grip-wide-range-restraint-couplings\\\/#primaryimage\"},\"thumbnailUrl\":\"https:\\\/\\\/krausz.com\\\/wp-content\\\/uploads\\\/2015\\\/12\\\/grip-Shadow200x200_2.jpg\",\"datePublished\":\"2015-10-26T08:14:12+00:00\",\"dateModified\":\"2021-11-14T17:32:13+00:00\",\"breadcrumb\":{\"@id\":\"https:\\\/\\\/krausz.com\\\/products-main\\\/hymax-grip-wide-range-restraint-couplings\\\/#breadcrumb\"},\"inLanguage\":\"fr-CA\",\"potentialAction\":[{\"@type\":\"ReadAction\",\"target\":[\"https:\\\/\\\/krausz.com\\\/products-main\\\/hymax-grip-wide-range-restraint-couplings\\\/\"]}]},{\"@type\":\"ImageObject\",\"inLanguage\":\"fr-CA\",\"@id\":\"https:\\\/\\\/krausz.com\\\/products-main\\\/hymax-grip-wide-range-restraint-couplings\\\/#primaryimage\",\"url\":\"https:\\\/\\\/krausz.com\\\/wp-content\\\/uploads\\\/2015\\\/12\\\/grip-Shadow200x200_2.jpg\",\"contentUrl\":\"https:\\\/\\\/krausz.com\\\/wp-content\\\/uploads\\\/2015\\\/12\\\/grip-Shadow200x200_2.jpg\",\"width\":200,\"height\":200},{\"@type\":\"BreadcrumbList\",\"@id\":\"https:\\\/\\\/krausz.com\\\/products-main\\\/hymax-grip-wide-range-restraint-couplings\\\/#breadcrumb\",\"itemListElement\":[{\"@type\":\"ListItem\",\"position\":1,\"name\":\"Home\",\"item\":\"https:\\\/\\\/krausz.com\\\/\"},{\"@type\":\"ListItem\",\"position\":2,\"name\":\"Des Gammes De Produits\",\"item\":\"https:\\\/\\\/krausz.com\\\/products-main\\\/\"},{\"@type\":\"ListItem\",\"position\":3,\"name\":\"HYMAX\u00ae GRIP\"}]},{\"@type\":\"WebSite\",\"@id\":\"https:\\\/\\\/krausz.com\\\/#website\",\"url\":\"https:\\\/\\\/krausz.com\\\/\",\"name\":\"Krausz Industries\",\"description\":\"Repair the past. Connect the future\",\"potentialAction\":[{\"@type\":\"SearchAction\",\"target\":{\"@type\":\"EntryPoint\",\"urlTemplate\":\"https:\\\/\\\/krausz.com\\\/?s={search_term_string}\"},\"query-input\":{\"@type\":\"PropertyValueSpecification\",\"valueRequired\":true,\"valueName\":\"search_term_string\"}}],\"inLanguage\":\"fr-CA\"}]}<\/script>\n<!-- \/ Yoast SEO plugin. -->","yoast_head_json":{"title":"HYMAX\u00ae GRIP - Krausz Industries","robots":{"index":"index","follow":"follow","max-snippet":"max-snippet:-1","max-image-preview":"max-image-preview:large","max-video-preview":"max-video-preview:-1"},"canonical":"https:\/\/krausz.com\/products-main\/hymax-grip-wide-range-restraint-couplings\/","og_locale":"fr_CA","og_type":"article","og_title":"HYMAX\u00ae GRIP - Krausz Industries","og_description":"Krausz HYMAX GRIP\u00ae raccorde et verrouille de mani\u00e8re fiable un vaste \u00e9ventail de types de canalisations et de diam\u00e8tres diff\u00e9rents. Sa conception brevet\u00e9e permet de raccorder des canalisations de diam\u00e8tres et de mat\u00e9riaux similaires ou diff\u00e9rents avec une facilit\u00e9 in\u00e9gal\u00e9e. Cette solution(\u05dc\u05d4\u05de\u05e9\u05da \u05e7\u05e8\u05d9\u05d0\u05d4...)","og_url":"https:\/\/krausz.com\/products-main\/hymax-grip-wide-range-restraint-couplings\/","og_site_name":"Krausz Industries","article_modified_time":"2021-11-14T17:32:13+00:00","og_image":[{"width":200,"height":200,"url":"https:\/\/krausz.com\/wp-content\/uploads\/2015\/12\/grip-Shadow200x200_2.jpg","type":"image\/jpeg"}],"twitter_card":"summary_large_image","twitter_misc":{"Estimation du temps de lecture":"1 minute"},"schema":{"@context":"https:\/\/schema.org","@graph":[{"@type":"WebPage","@id":"https:\/\/krausz.com\/products-main\/hymax-grip-wide-range-restraint-couplings\/","url":"https:\/\/krausz.com\/products-main\/hymax-grip-wide-range-restraint-couplings\/","name":"HYMAX\u00ae GRIP - Krausz Industries","isPartOf":{"@id":"https:\/\/krausz.com\/#website"},"primaryImageOfPage":{"@id":"https:\/\/krausz.com\/products-main\/hymax-grip-wide-range-restraint-couplings\/#primaryimage"},"image":{"@id":"https:\/\/krausz.com\/products-main\/hymax-grip-wide-range-restraint-couplings\/#primaryimage"},"thumbnailUrl":"https:\/\/krausz.com\/wp-content\/uploads\/2015\/12\/grip-Shadow200x200_2.jpg","datePublished":"2015-10-26T08:14:12+00:00","dateModified":"2021-11-14T17:32:13+00:00","breadcrumb":{"@id":"https:\/\/krausz.com\/products-main\/hymax-grip-wide-range-restraint-couplings\/#breadcrumb"},"inLanguage":"fr-CA","potentialAction":[{"@type":"ReadAction","target":["https:\/\/krausz.com\/products-main\/hymax-grip-wide-range-restraint-couplings\/"]}]},{"@type":"ImageObject","inLanguage":"fr-CA","@id":"https:\/\/krausz.com\/products-main\/hymax-grip-wide-range-restraint-couplings\/#primaryimage","url":"https:\/\/krausz.com\/wp-content\/uploads\/2015\/12\/grip-Shadow200x200_2.jpg","contentUrl":"https:\/\/krausz.com\/wp-content\/uploads\/2015\/12\/grip-Shadow200x200_2.jpg","width":200,"height":200},{"@type":"BreadcrumbList","@id":"https:\/\/krausz.com\/products-main\/hymax-grip-wide-range-restraint-couplings\/#breadcrumb","itemListElement":[{"@type":"ListItem","position":1,"name":"Home","item":"https:\/\/krausz.com\/"},{"@type":"ListItem","position":2,"name":"Des Gammes De Produits","item":"https:\/\/krausz.com\/products-main\/"},{"@type":"ListItem","position":3,"name":"HYMAX\u00ae GRIP"}]},{"@type":"WebSite","@id":"https:\/\/krausz.com\/#website","url":"https:\/\/krausz.com\/","name":"Krausz Industries","description":"Repair the past. Connect the future","potentialAction":[{"@type":"SearchAction","target":{"@type":"EntryPoint","urlTemplate":"https:\/\/krausz.com\/?s={search_term_string}"},"query-input":{"@type":"PropertyValueSpecification","valueRequired":true,"valueName":"search_term_string"}}],"inLanguage":"fr-CA"}]}},"_links":{"self":[{"href":"https:\/\/krausz.com\/fr\/wp-json\/wp\/v2\/pages\/10555","targetHints":{"allow":["GET"]}}],"collection":[{"href":"https:\/\/krausz.com\/fr\/wp-json\/wp\/v2\/pages"}],"about":[{"href":"https:\/\/krausz.com\/fr\/wp-json\/wp\/v2\/types\/page"}],"author":[{"embeddable":true,"href":"https:\/\/krausz.com\/fr\/wp-json\/wp\/v2\/users\/1"}],"replies":[{"embeddable":true,"href":"https:\/\/krausz.com\/fr\/wp-json\/wp\/v2\/comments?post=10555"}],"version-history":[{"count":4,"href":"https:\/\/krausz.com\/fr\/wp-json\/wp\/v2\/pages\/10555\/revisions"}],"predecessor-version":[{"id":11359,"href":"https:\/\/krausz.com\/fr\/wp-json\/wp\/v2\/pages\/10555\/revisions\/11359"}],"up":[{"embeddable":true,"href":"https:\/\/krausz.com\/fr\/wp-json\/wp\/v2\/pages\/10647"}],"wp:featuredmedia":[{"embeddable":true,"href":"https:\/\/krausz.com\/fr\/wp-json\/wp\/v2\/media\/5915"}],"wp:attachment":[{"href":"https:\/\/krausz.com\/fr\/wp-json\/wp\/v2\/media?parent=10555"}],"curies":[{"name":"wp","href":"https:\/\/api.w.org\/{rel}","templated":true}]}}