{"id":10556,"date":"2015-10-26T10:18:47","date_gmt":"2015-10-26T08:18:47","guid":{"rendered":"https:\/\/krausz.com\/fr\/repamax-wide-range-coupling-and-repair-solutions\/"},"modified":"2021-11-14T19:32:59","modified_gmt":"2021-11-14T17:32:59","slug":"manchon-de-reparation-couplage-canalisation-repamax","status":"publish","type":"page","link":"https:\/\/krausz.com\/fr\/produits-main\/manchon-de-reparation-couplage-canalisation-repamax\/","title":{"rendered":"REPAMAX\u00ae"},"content":{"rendered":"<p>Les produits REPAMAX \u00e0 large plage de tol\u00e9rance de Krausz offrent une solution polyvalente de raccord de couplage en acier inoxydable permettant de <strong>raccorder et <\/strong><strong>d<\/strong>e <strong>r\u00e9parer<\/strong> une vaste gamme de canalisations d&rsquo;eau potable et d&rsquo;eaux us\u00e9es. Cette gamme de produits se d\u00e9marque \u00e9galement par sa durabilit\u00e9 et sa flexibilit\u00e9 exceptionnelles ainsi que sa parfaite adaptation aux conditions de sols agressifs. Le REPAMAX de Krausz permet de raccorder des canalisations de diam\u00e8tres similaires ou diff\u00e9rents et de r\u00e9parer trous et cassures. Cette multifonctionnalit\u00e9 combin\u00e9e \u00e0 une plage de tol\u00e9rance exceptionnellement tr\u00e8s large r\u00e9duit les stocks n\u00e9cessaires, permettant ainsi de r\u00e9duire les co\u00fbts et l&rsquo;espace de rangement.<\/p>\n<ul>\n<li style=\"font-weight: 400;\"><span style=\"font-weight: 400;\">Gamme \u00e9tendue de produits avec des diam\u00e8tres nominaux de 40 mm \u00e0 1800 mm.<\/span><\/li>\n<li>Tr\u00e8s large plage de travail : 12 mm, 22 mm et 32 mm (15 mm pour les tr\u00e8s grands diam\u00e8tres).<\/li>\n<li>R\u00e9duit consid\u00e9rablement les co\u00fbts de stocks et \u00e9conomise de l&rsquo;espace de rangement puisque que les produits conviennent \u00e0 un large \u00e9ventail de diam\u00e8tres de canalisation, \u00e9liminant ainsi les besoins en raccords sp\u00e9cifiques.<\/li>\n<li>Les \u00e9quipes de service public mobiles peuvent traiter la majorit\u00e9 des besoins d&rsquo;urgence avec un nombre restreint de produits, r\u00e9duisant les approvisionnements non planifi\u00e9s des entrep\u00f4ts.<\/li>\n<li>Un seul produit peut raccorder des canalisations dans deux mati\u00e8res diff\u00e9rentes, permettant une capacit\u00e9 de transition pouvant atteindre 10mm.<\/li>\n<\/ul>\n<p><span style=\"font-weight: 400;\">Les produits HYMAX et REPAMAX de KRAUSZ ont re\u00e7u l&rsquo;approbation de l&rsquo;Institut SVGW conform\u00e9ment \u00e0 la norme europ\u00e9enne EN-14525.<\/span><\/p>\n<p><a href=\"https:\/\/www.youtube.com\/watch?v=lpn_rWT-S0g&amp;t=2s\"><span style=\"font-weight: 400;\">Voir\u00a0<\/span><span style=\"font-weight: 400;\">VID\u00c9O D&rsquo;INSTALLATION.<\/span><\/a><\/p>\n","protected":false},"excerpt":{"rendered":"<p>Les produits REPAMAX \u00e0 large plage de tol\u00e9rance de Krausz offrent une solution polyvalente de raccord de couplage en acier inoxydable permettant de raccorder et de r\u00e9parer une vaste gamme de canalisations d&rsquo;eau potable et d&rsquo;eaux us\u00e9es. Cette gamme de produits se<\/p>\n<div class=\"view-full-post\"><a href=\"https:\/\/krausz.com\/fr\/produits-main\/manchon-de-reparation-couplage-canalisation-repamax\/\" class=\"view-full-post-btn\">(\u05dc\u05d4\u05de\u05e9\u05da \u05e7\u05e8\u05d9\u05d0\u05d4&#8230;)<\/a><\/div>\n","protected":false},"author":1,"featured_media":5430,"parent":10647,"menu_order":4,"comment_status":"closed","ping_status":"closed","template":"templates\/product-family.php","meta":{"inline_featured_image":false,"footnotes":""},"class_list":["post-10556","page","type-page","status-publish","has-post-thumbnail","hentry"],"yoast_head":"<!-- This site is optimized with the Yoast SEO plugin v27.4 - https:\/\/yoast.com\/product\/yoast-seo-wordpress\/ -->\n<title>REPAMAX\u00ae - Krausz Industries<\/title>\n<meta name=\"robots\" content=\"index, follow, max-snippet:-1, max-image-preview:large, max-video-preview:-1\" \/>\n<link rel=\"canonical\" href=\"https:\/\/krausz.com\/products-main\/repamax-wide-range-coupling-and-repair-solutions\/\" \/>\n<meta property=\"og:locale\" content=\"fr_CA\" \/>\n<meta property=\"og:type\" content=\"article\" \/>\n<meta property=\"og:title\" content=\"REPAMAX\u00ae - Krausz Industries\" \/>\n<meta property=\"og:description\" content=\"Les produits REPAMAX \u00e0 large plage de tol\u00e9rance de Krausz offrent une solution polyvalente de raccord de couplage en acier inoxydable permettant de raccorder et de r\u00e9parer une vaste gamme de canalisations d&rsquo;eau potable et d&rsquo;eaux us\u00e9es. Cette gamme de produits se(\u05dc\u05d4\u05de\u05e9\u05da \u05e7\u05e8\u05d9\u05d0\u05d4...)\" \/>\n<meta property=\"og:url\" content=\"https:\/\/krausz.com\/products-main\/repamax-wide-range-coupling-and-repair-solutions\/\" \/>\n<meta property=\"og:site_name\" content=\"Krausz Industries\" \/>\n<meta property=\"article:modified_time\" content=\"2021-11-14T17:32:59+00:00\" \/>\n<meta property=\"og:image\" content=\"https:\/\/krausz.com\/wp-content\/uploads\/2015\/12\/repamax-Mid.png\" \/>\n\t<meta property=\"og:image:width\" content=\"200\" \/>\n\t<meta property=\"og:image:height\" content=\"200\" \/>\n\t<meta property=\"og:image:type\" content=\"image\/png\" \/>\n<meta name=\"twitter:card\" content=\"summary_large_image\" \/>\n<meta name=\"twitter:label1\" content=\"Estimation du temps de lecture\" \/>\n\t<meta name=\"twitter:data1\" content=\"1 minute\" \/>\n<script type=\"application\/ld+json\" class=\"yoast-schema-graph\">{\"@context\":\"https:\\\/\\\/schema.org\",\"@graph\":[{\"@type\":\"WebPage\",\"@id\":\"https:\\\/\\\/krausz.com\\\/products-main\\\/repamax-wide-range-coupling-and-repair-solutions\\\/\",\"url\":\"https:\\\/\\\/krausz.com\\\/products-main\\\/repamax-wide-range-coupling-and-repair-solutions\\\/\",\"name\":\"REPAMAX\u00ae - Krausz Industries\",\"isPartOf\":{\"@id\":\"https:\\\/\\\/krausz.com\\\/#website\"},\"primaryImageOfPage\":{\"@id\":\"https:\\\/\\\/krausz.com\\\/products-main\\\/repamax-wide-range-coupling-and-repair-solutions\\\/#primaryimage\"},\"image\":{\"@id\":\"https:\\\/\\\/krausz.com\\\/products-main\\\/repamax-wide-range-coupling-and-repair-solutions\\\/#primaryimage\"},\"thumbnailUrl\":\"https:\\\/\\\/krausz.com\\\/wp-content\\\/uploads\\\/2015\\\/12\\\/repamax-Mid.png\",\"datePublished\":\"2015-10-26T08:18:47+00:00\",\"dateModified\":\"2021-11-14T17:32:59+00:00\",\"breadcrumb\":{\"@id\":\"https:\\\/\\\/krausz.com\\\/products-main\\\/repamax-wide-range-coupling-and-repair-solutions\\\/#breadcrumb\"},\"inLanguage\":\"fr-CA\",\"potentialAction\":[{\"@type\":\"ReadAction\",\"target\":[\"https:\\\/\\\/krausz.com\\\/products-main\\\/repamax-wide-range-coupling-and-repair-solutions\\\/\"]}]},{\"@type\":\"ImageObject\",\"inLanguage\":\"fr-CA\",\"@id\":\"https:\\\/\\\/krausz.com\\\/products-main\\\/repamax-wide-range-coupling-and-repair-solutions\\\/#primaryimage\",\"url\":\"https:\\\/\\\/krausz.com\\\/wp-content\\\/uploads\\\/2015\\\/12\\\/repamax-Mid.png\",\"contentUrl\":\"https:\\\/\\\/krausz.com\\\/wp-content\\\/uploads\\\/2015\\\/12\\\/repamax-Mid.png\",\"width\":200,\"height\":200},{\"@type\":\"BreadcrumbList\",\"@id\":\"https:\\\/\\\/krausz.com\\\/products-main\\\/repamax-wide-range-coupling-and-repair-solutions\\\/#breadcrumb\",\"itemListElement\":[{\"@type\":\"ListItem\",\"position\":1,\"name\":\"Home\",\"item\":\"https:\\\/\\\/krausz.com\\\/\"},{\"@type\":\"ListItem\",\"position\":2,\"name\":\"Des Gammes De Produits\",\"item\":\"https:\\\/\\\/krausz.com\\\/products-main\\\/\"},{\"@type\":\"ListItem\",\"position\":3,\"name\":\"REPAMAX\u00ae\"}]},{\"@type\":\"WebSite\",\"@id\":\"https:\\\/\\\/krausz.com\\\/#website\",\"url\":\"https:\\\/\\\/krausz.com\\\/\",\"name\":\"Krausz Industries\",\"description\":\"Repair the past. Connect the future\",\"potentialAction\":[{\"@type\":\"SearchAction\",\"target\":{\"@type\":\"EntryPoint\",\"urlTemplate\":\"https:\\\/\\\/krausz.com\\\/?s={search_term_string}\"},\"query-input\":{\"@type\":\"PropertyValueSpecification\",\"valueRequired\":true,\"valueName\":\"search_term_string\"}}],\"inLanguage\":\"fr-CA\"}]}<\/script>\n<!-- \/ Yoast SEO plugin. -->","yoast_head_json":{"title":"REPAMAX\u00ae - Krausz Industries","robots":{"index":"index","follow":"follow","max-snippet":"max-snippet:-1","max-image-preview":"max-image-preview:large","max-video-preview":"max-video-preview:-1"},"canonical":"https:\/\/krausz.com\/products-main\/repamax-wide-range-coupling-and-repair-solutions\/","og_locale":"fr_CA","og_type":"article","og_title":"REPAMAX\u00ae - Krausz Industries","og_description":"Les produits REPAMAX \u00e0 large plage de tol\u00e9rance de Krausz offrent une solution polyvalente de raccord de couplage en acier inoxydable permettant de raccorder et de r\u00e9parer une vaste gamme de canalisations d&rsquo;eau potable et d&rsquo;eaux us\u00e9es. Cette gamme de produits se(\u05dc\u05d4\u05de\u05e9\u05da \u05e7\u05e8\u05d9\u05d0\u05d4...)","og_url":"https:\/\/krausz.com\/products-main\/repamax-wide-range-coupling-and-repair-solutions\/","og_site_name":"Krausz Industries","article_modified_time":"2021-11-14T17:32:59+00:00","og_image":[{"width":200,"height":200,"url":"https:\/\/krausz.com\/wp-content\/uploads\/2015\/12\/repamax-Mid.png","type":"image\/png"}],"twitter_card":"summary_large_image","twitter_misc":{"Estimation du temps de lecture":"1 minute"},"schema":{"@context":"https:\/\/schema.org","@graph":[{"@type":"WebPage","@id":"https:\/\/krausz.com\/products-main\/repamax-wide-range-coupling-and-repair-solutions\/","url":"https:\/\/krausz.com\/products-main\/repamax-wide-range-coupling-and-repair-solutions\/","name":"REPAMAX\u00ae - Krausz Industries","isPartOf":{"@id":"https:\/\/krausz.com\/#website"},"primaryImageOfPage":{"@id":"https:\/\/krausz.com\/products-main\/repamax-wide-range-coupling-and-repair-solutions\/#primaryimage"},"image":{"@id":"https:\/\/krausz.com\/products-main\/repamax-wide-range-coupling-and-repair-solutions\/#primaryimage"},"thumbnailUrl":"https:\/\/krausz.com\/wp-content\/uploads\/2015\/12\/repamax-Mid.png","datePublished":"2015-10-26T08:18:47+00:00","dateModified":"2021-11-14T17:32:59+00:00","breadcrumb":{"@id":"https:\/\/krausz.com\/products-main\/repamax-wide-range-coupling-and-repair-solutions\/#breadcrumb"},"inLanguage":"fr-CA","potentialAction":[{"@type":"ReadAction","target":["https:\/\/krausz.com\/products-main\/repamax-wide-range-coupling-and-repair-solutions\/"]}]},{"@type":"ImageObject","inLanguage":"fr-CA","@id":"https:\/\/krausz.com\/products-main\/repamax-wide-range-coupling-and-repair-solutions\/#primaryimage","url":"https:\/\/krausz.com\/wp-content\/uploads\/2015\/12\/repamax-Mid.png","contentUrl":"https:\/\/krausz.com\/wp-content\/uploads\/2015\/12\/repamax-Mid.png","width":200,"height":200},{"@type":"BreadcrumbList","@id":"https:\/\/krausz.com\/products-main\/repamax-wide-range-coupling-and-repair-solutions\/#breadcrumb","itemListElement":[{"@type":"ListItem","position":1,"name":"Home","item":"https:\/\/krausz.com\/"},{"@type":"ListItem","position":2,"name":"Des Gammes De Produits","item":"https:\/\/krausz.com\/products-main\/"},{"@type":"ListItem","position":3,"name":"REPAMAX\u00ae"}]},{"@type":"WebSite","@id":"https:\/\/krausz.com\/#website","url":"https:\/\/krausz.com\/","name":"Krausz Industries","description":"Repair the past. Connect the future","potentialAction":[{"@type":"SearchAction","target":{"@type":"EntryPoint","urlTemplate":"https:\/\/krausz.com\/?s={search_term_string}"},"query-input":{"@type":"PropertyValueSpecification","valueRequired":true,"valueName":"search_term_string"}}],"inLanguage":"fr-CA"}]}},"_links":{"self":[{"href":"https:\/\/krausz.com\/fr\/wp-json\/wp\/v2\/pages\/10556","targetHints":{"allow":["GET"]}}],"collection":[{"href":"https:\/\/krausz.com\/fr\/wp-json\/wp\/v2\/pages"}],"about":[{"href":"https:\/\/krausz.com\/fr\/wp-json\/wp\/v2\/types\/page"}],"author":[{"embeddable":true,"href":"https:\/\/krausz.com\/fr\/wp-json\/wp\/v2\/users\/1"}],"replies":[{"embeddable":true,"href":"https:\/\/krausz.com\/fr\/wp-json\/wp\/v2\/comments?post=10556"}],"version-history":[{"count":8,"href":"https:\/\/krausz.com\/fr\/wp-json\/wp\/v2\/pages\/10556\/revisions"}],"predecessor-version":[{"id":13312,"href":"https:\/\/krausz.com\/fr\/wp-json\/wp\/v2\/pages\/10556\/revisions\/13312"}],"up":[{"embeddable":true,"href":"https:\/\/krausz.com\/fr\/wp-json\/wp\/v2\/pages\/10647"}],"wp:featuredmedia":[{"embeddable":true,"href":"https:\/\/krausz.com\/fr\/wp-json\/wp\/v2\/media\/5430"}],"wp:attachment":[{"href":"https:\/\/krausz.com\/fr\/wp-json\/wp\/v2\/media?parent=10556"}],"curies":[{"name":"wp","href":"https:\/\/api.w.org\/{rel}","templated":true}]}}