{"id":10560,"date":"2019-02-27T15:58:38","date_gmt":"2019-02-27T13:58:38","guid":{"rendered":"https:\/\/krausz.com\/fr\/hymax-family\/hymax-2-wide-range-coupling\/"},"modified":"2020-12-27T11:23:05","modified_gmt":"2020-12-27T09:23:05","slug":"manchon-couplage-hymax-2-large-tolerance","status":"publish","type":"page","link":"https:\/\/krausz.com\/fr\/produits-main\/famille-hymax\/manchon-couplage-hymax-2-large-tolerance\/","title":{"rendered":"HYMAX\u00ae 2 &#8211; RACCORD DE COUPLAGE \u00c0 LARGE PLAGE DE TOL\u00c9RANCE"},"content":{"rendered":"<p><b>Krausz a lanc\u00e9 son nouveau raccord de couplage \u00e0 large plage HYMAX 2, la nouvelle g\u00e9n\u00e9ration d&rsquo;HYMAX.<\/b><\/p>\n<p><b>Utilis\u00e9 pour le renouvellement de canalisations, l&rsquo;HYMAX 2 raccorde deux canalisations de diam\u00e8tres nominaux et de mat\u00e9riaux similaires ou diff\u00e9rents, avec une plage de 32 mm max.<\/b><\/p>\n<p>&nbsp;<\/p>\n<p><b>L&rsquo;HYMAX 2<\/b><span style=\"font-weight: 400;\">\u00a0<\/span><b>repose sur la technologie r\u00e9volutionnaire de<\/b> <b>l&rsquo;HYMAX original qui a fait ses preuves dans des millions d&rsquo;installations dans le monde entier :<\/b><span style=\"font-weight: 400;\">\u00a0<\/span><\/p>\n<ol>\n<li style=\"font-weight: 400;\"><span style=\"font-weight: 400;\">Le joint d\u00e9pliable brevet\u00e9 d&rsquo;HYMAX 2\u00a0peut \u00eatre facilement d\u00e9pli\u00e9 vers l&rsquo;int\u00e9rieur ou l&rsquo;ext\u00e9rieur pour s&rsquo;adapter \u00e0 diff\u00e9rents diam\u00e8tres de canalisation\u00a0<\/span><\/li>\n<li style=\"font-weight: 400;\"><span style=\"font-weight: 400;\">Technologie de joint anti-d\u00e9chirure\u00a0avanc\u00e9e pour une efficacit\u00e9 d&rsquo;installation optimale<\/span><\/li>\n<li style=\"font-weight: 400;\"><span style=\"font-weight: 400;\">Seulement<\/span><b>\u00a0<\/b><span style=\"font-weight: 400;\">2 boulons orient\u00e9s vers le haut\u00a0pour une installation plus rapide, plus facile et plus s\u00fbre<\/span><\/li>\n<li style=\"font-weight: 400;\"><span style=\"font-weight: 400;\">D\u00e9viation dynamique de 4\u00b0 de chaque c\u00f4t\u00e9 : r\u00e9duisant les futurs dommages de canalisation<\/span><\/li>\n<li style=\"font-weight: 400;\"><span style=\"font-weight: 400;\">Convient \u00e0\u00a0tous les types de canalisations : fonte ductile, fonte, acier, cuivre, PEHD, PVC, AC, fibre de verre<\/span><\/li>\n<\/ol>\n<p><span style=\"text-decoration-line: underline;\">Les performances du produit, la plage de travail et les pressions sont identiques \u00e0 celles des produits Hymax G\u00e9n 1 d&rsquo;origine de m\u00eames diam\u00e8tres.<\/span><\/p>\n<div class=\"clearfix\" style=\"display: block; float: left;\">\n<div class=\"clearfix\"><\/div>\n<h5><b>REMARQUE<\/b> <b>:<\/b><span style=\"font-weight: 400;\">\u00a0<\/span><b>LES PRODUITS HYMAX DE GRAND DIAM\u00c8TRE DN 350 \u00c0 DN 1500 UTILISENT TOUJOURS LE DOUBLE JOINT D\u00c9TACHABLE.<\/b><\/h5>\n<p>&nbsp;<\/p>\n<p style=\"text-align: left;\"><span style=\"color: #000080;\"><em><strong> <b><i>Il vous suffit de d\u00e9plier le joint anti-d\u00e9chirure de l&rsquo;int\u00e9rieur vers l&rsquo;ext\u00e9rieur pour installer des conduites de plus grand diam\u00e8tre.<\/i><\/b><\/strong><\/em><\/span><\/p>\n<p>&nbsp;<\/p>\n<p style=\"text-align: left;\"><span style=\"color: #000080;\"><em><strong><b><i>Position du joint ferm\u00e9e <\/i><\/b> <\/strong><\/em><em><strong>\u00a0 \u00a0 \u00a0 \u00a0 \u00a0 \u00a0 \u00a0 \u00a0 \u00a0 <b><i>D\u00e9pliez le joint pour l&rsquo;adapter \u00e0 un plus grand diam\u00e8tre de canalisation<\/i><\/b>\u00a0 \u00a0 \u00a0 \u00a0 \u00a0 \u00a0 \u00a0 \u00a0 \u00a0 \u00a0 \u00a0 \u00a0 \u00a0 \u00a0 \u00a0<img loading=\"lazy\" decoding=\"async\" class=\"wp-image-3986 alignnone\" src=\"https:\/\/krauszusa.com\/wp-content\/uploads\/2018\/01\/LOGO_HYMAX2_LR.jpg\" alt=\"\" width=\"191\" height=\"92\" \/><\/strong><\/em><\/span><\/p>\n<p><img loading=\"lazy\" decoding=\"async\" class=\"alignnone wp-image-4039\" src=\"https:\/\/krauszusa.com\/wp-content\/uploads\/2018\/01\/hymax-2-closed-2.png\" alt=\"\" width=\"167\" height=\"139\" \/>\u00a0 \u00a0 \u00a0 \u00a0 \u00a0 \u00a0<img loading=\"lazy\" decoding=\"async\" class=\"wp-image-4036 alignnone\" src=\"https:\/\/krauszusa.com\/wp-content\/uploads\/2018\/01\/HYMAX2-11-S.jpg\" alt=\"\" width=\"252\" height=\"202\" \/>\u00a0 \u00a0 \u00a0 \u00a0 \u00a0 \u00a0 \u00a0 \u00a0 \u00a0 \u00a0 \u00a0 \u00a0 \u00a0 \u00a0 \u00a0 \u00a0 \u00a0 \u00a0 \u00a0 \u00a0 \u00a0 \u00a0 \u00a0 \u00a0 \u00a0 \u00a0 \u00a0 \u00a0 \u00a0 \u00a0 \u00a0 \u00a0 \u00a0 \u00a0 \u00a0\u00a0<strong><img loading=\"lazy\" decoding=\"async\" class=\"alignnone wp-image-11067 \" src=\"https:\/\/krauszusa.com\/wp-content\/uploads\/2018\/10\/hymax2_wide_range_couling.png\" alt=\"\" width=\"301\" height=\"200\" \/><\/strong><\/p>\n<h5><em><i><span style=\"font-weight: 400;\">Pour voir les vid\u00e9os de pr\u00e9sentation et d&rsquo;installation de l&rsquo;Hymax 2, cliquez sur le<\/span><\/i> <strong>bouton Vid\u00e9os<\/strong> <i><span style=\"font-weight: 400;\">ci-dessous.<\/span><\/i> <\/em><em>\u00a0 \u00a0 \u00a0 \u00a0 \u00a0 \u00a0 \u00a0 \u00a0 \u00a0 \u00a0 \u00a0 \u00a0 \u00a0 \u00a0 \u00a0 \u00a0 \u00a0 \u00a0 \u00a0 \u00a0 \u00a0 \u00a0\u00a0<strong>40 mm &#8211; 300 mm<\/strong><\/em><\/h5>\n<p><em><i><span style=\"font-weight: 400;\">Voir l&rsquo;article dans<\/span><\/i> <span style=\"text-decoration: underline;\"><strong><a href=\"https:\/\/www.wateronline.com\/doc\/krausz-usa-launches-the-hymax-0001\">Water Online<\/a><\/strong><\/span><\/em><\/p>\n<p><a href=\"https:\/\/krausz.com\/wp-content\/uploads\/2018\/06\/CASE-STUDIES-SWISS-HYMAX-ENG.pdf\"><b>\u00c9TUDE DE CAS<\/b><span style=\"font-weight: 400;\">\u00a0: <\/span><span style=\"font-weight: 400;\">SUISSE<\/span><\/a><span style=\"font-weight: 400;\">, r\u00e9gion Soleure : Une structure transversale DN 400 avec deux sorties DN 200<\/span><\/p>\n<p><i><span style=\"font-weight: 400;\">Pour la\u00a0<\/span><\/i><span style=\"font-weight: 400;\">notice d\u2019installation<\/span><i><span style=\"font-weight: 400;\"> des produits HYMAX et leurs fiches techniques, cliquez sur les <\/span><\/i><b><i>liens de t\u00e9l\u00e9chargement<\/i><\/b><i><span style=\"font-weight: 400;\"> sur cette page.<\/span><\/i><\/p>\n<p><i><span style=\"font-weight: 400;\">Pour plus d&rsquo;information sur nos produits, veuillez contacter votre revendeur KRAUSZ.<\/span><\/i><\/p>\n<\/div>\n<p>&nbsp;<\/p>\n<p>&nbsp;<\/p>\n<p>&nbsp;<\/p>\n<p>&nbsp;<\/p>\n<p>&nbsp;<\/p>\n<p>&nbsp;<\/p>\n<div><\/div>\n<div><\/div>\n<div><\/div>\n<div><\/div>\n<div><\/div>\n<div><\/div>\n<div><\/div>\n<div style=\"display: block; float: left;\">\n<p><strong>\u00a0 \u00a0 \u00a0 \u00a0 \u00a0 \u00a0 \u00a0 \u00a0 \u00a0 \u00a0 \u00a0 \u00a0 \u00a0 \u00a0 \u00a0 \u00a0<\/strong><\/p>\n<div class=\"clearfix\"><\/div>\n<p>&nbsp;<\/p>\n<div class=\"clearfix\"><\/div>\n<\/div>\n","protected":false},"excerpt":{"rendered":"<p>Krausz a lanc\u00e9 son nouveau raccord de couplage \u00e0 large plage HYMAX 2, la nouvelle g\u00e9n\u00e9ration d&rsquo;HYMAX. Utilis\u00e9 pour le renouvellement de canalisations, l&rsquo;HYMAX 2 raccorde deux canalisations de diam\u00e8tres nominaux et de mat\u00e9riaux similaires ou diff\u00e9rents, avec une plage de 32<\/p>\n<div class=\"view-full-post\"><a href=\"https:\/\/krausz.com\/fr\/produits-main\/famille-hymax\/manchon-couplage-hymax-2-large-tolerance\/\" class=\"view-full-post-btn\">(\u05dc\u05d4\u05de\u05e9\u05da \u05e7\u05e8\u05d9\u05d0\u05d4&#8230;)<\/a><\/div>\n","protected":false},"author":1,"featured_media":7920,"parent":10549,"menu_order":0,"comment_status":"closed","ping_status":"closed","template":"templates\/product-child.php","meta":{"inline_featured_image":false,"footnotes":""},"class_list":["post-10560","page","type-page","status-publish","has-post-thumbnail","hentry"],"yoast_head":"<!-- This site is optimized with the Yoast SEO plugin v27.3 - https:\/\/yoast.com\/product\/yoast-seo-wordpress\/ -->\n<title>HYMAX\u00ae 2 - RACCORD DE COUPLAGE \u00c0 LARGE PLAGE DE TOL\u00c9RANCE - Krausz Industries<\/title>\n<meta name=\"robots\" content=\"index, follow, max-snippet:-1, max-image-preview:large, max-video-preview:-1\" \/>\n<link rel=\"canonical\" href=\"https:\/\/krausz.com\/?page_id=7918\" \/>\n<meta property=\"og:locale\" content=\"fr_CA\" \/>\n<meta property=\"og:type\" content=\"article\" \/>\n<meta property=\"og:title\" content=\"HYMAX\u00ae 2 - RACCORD DE COUPLAGE \u00c0 LARGE PLAGE DE TOL\u00c9RANCE - Krausz Industries\" \/>\n<meta property=\"og:description\" content=\"Krausz a lanc\u00e9 son nouveau raccord de couplage \u00e0 large plage HYMAX 2, la nouvelle g\u00e9n\u00e9ration d&rsquo;HYMAX. Utilis\u00e9 pour le renouvellement de canalisations, l&rsquo;HYMAX 2 raccorde deux canalisations de diam\u00e8tres nominaux et de mat\u00e9riaux similaires ou diff\u00e9rents, avec une plage de 32(\u05dc\u05d4\u05de\u05e9\u05da \u05e7\u05e8\u05d9\u05d0\u05d4...)\" \/>\n<meta property=\"og:url\" content=\"https:\/\/krausz.com\/?page_id=7918\" \/>\n<meta property=\"og:site_name\" content=\"Krausz Industries\" \/>\n<meta property=\"article:modified_time\" content=\"2020-12-27T09:23:05+00:00\" \/>\n<meta property=\"og:image\" content=\"https:\/\/krausz.com\/wp-content\/uploads\/2019\/02\/hymax2_wide_range_couling-1.png\" \/>\n\t<meta property=\"og:image:width\" content=\"328\" \/>\n\t<meta property=\"og:image:height\" content=\"218\" \/>\n\t<meta property=\"og:image:type\" content=\"image\/png\" \/>\n<meta name=\"twitter:card\" content=\"summary_large_image\" \/>\n<meta name=\"twitter:label1\" content=\"Estimation du temps de lecture\" \/>\n\t<meta name=\"twitter:data1\" content=\"2 minutes\" \/>\n<script type=\"application\/ld+json\" class=\"yoast-schema-graph\">{\"@context\":\"https:\\\/\\\/schema.org\",\"@graph\":[{\"@type\":\"WebPage\",\"@id\":\"https:\\\/\\\/krausz.com\\\/?page_id=7918\",\"url\":\"https:\\\/\\\/krausz.com\\\/?page_id=7918\",\"name\":\"HYMAX\u00ae 2 - RACCORD DE COUPLAGE \u00c0 LARGE PLAGE DE TOL\u00c9RANCE - Krausz Industries\",\"isPartOf\":{\"@id\":\"https:\\\/\\\/krausz.com\\\/#website\"},\"primaryImageOfPage\":{\"@id\":\"https:\\\/\\\/krausz.com\\\/?page_id=7918#primaryimage\"},\"image\":{\"@id\":\"https:\\\/\\\/krausz.com\\\/?page_id=7918#primaryimage\"},\"thumbnailUrl\":\"https:\\\/\\\/krausz.com\\\/wp-content\\\/uploads\\\/2019\\\/02\\\/hymax2_wide_range_couling-1.png\",\"datePublished\":\"2019-02-27T13:58:38+00:00\",\"dateModified\":\"2020-12-27T09:23:05+00:00\",\"breadcrumb\":{\"@id\":\"https:\\\/\\\/krausz.com\\\/?page_id=7918#breadcrumb\"},\"inLanguage\":\"fr-CA\",\"potentialAction\":[{\"@type\":\"ReadAction\",\"target\":[\"https:\\\/\\\/krausz.com\\\/?page_id=7918\"]}]},{\"@type\":\"ImageObject\",\"inLanguage\":\"fr-CA\",\"@id\":\"https:\\\/\\\/krausz.com\\\/?page_id=7918#primaryimage\",\"url\":\"https:\\\/\\\/krausz.com\\\/wp-content\\\/uploads\\\/2019\\\/02\\\/hymax2_wide_range_couling-1.png\",\"contentUrl\":\"https:\\\/\\\/krausz.com\\\/wp-content\\\/uploads\\\/2019\\\/02\\\/hymax2_wide_range_couling-1.png\",\"width\":328,\"height\":218},{\"@type\":\"BreadcrumbList\",\"@id\":\"https:\\\/\\\/krausz.com\\\/?page_id=7918#breadcrumb\",\"itemListElement\":[{\"@type\":\"ListItem\",\"position\":1,\"name\":\"Home\",\"item\":\"https:\\\/\\\/krausz.com\\\/\"},{\"@type\":\"ListItem\",\"position\":2,\"name\":\"Des Gammes De Produits\",\"item\":\"https:\\\/\\\/krausz.com\\\/products-main\\\/\"},{\"@type\":\"ListItem\",\"position\":3,\"name\":\"HYMAX\u00ae 2 &#8211; SOLUTIONS DE RACCORD DE COUPLAGE \u00c0 LARGE PLAGE DE TOL\u00c9RANCE ET JOINT D\u00c9PLIABLE\",\"item\":\"https:\\\/\\\/krausz.com\\\/products-main\\\/hymax-family\\\/\"},{\"@type\":\"ListItem\",\"position\":4,\"name\":\"HYMAX\u00ae 2 &#8211; RACCORD DE COUPLAGE \u00c0 LARGE PLAGE DE TOL\u00c9RANCE\"}]},{\"@type\":\"WebSite\",\"@id\":\"https:\\\/\\\/krausz.com\\\/#website\",\"url\":\"https:\\\/\\\/krausz.com\\\/\",\"name\":\"Krausz Industries\",\"description\":\"Repair the past. Connect the future\",\"potentialAction\":[{\"@type\":\"SearchAction\",\"target\":{\"@type\":\"EntryPoint\",\"urlTemplate\":\"https:\\\/\\\/krausz.com\\\/?s={search_term_string}\"},\"query-input\":{\"@type\":\"PropertyValueSpecification\",\"valueRequired\":true,\"valueName\":\"search_term_string\"}}],\"inLanguage\":\"fr-CA\"}]}<\/script>\n<!-- \/ Yoast SEO plugin. -->","yoast_head_json":{"title":"HYMAX\u00ae 2 - RACCORD DE COUPLAGE \u00c0 LARGE PLAGE DE TOL\u00c9RANCE - Krausz Industries","robots":{"index":"index","follow":"follow","max-snippet":"max-snippet:-1","max-image-preview":"max-image-preview:large","max-video-preview":"max-video-preview:-1"},"canonical":"https:\/\/krausz.com\/?page_id=7918","og_locale":"fr_CA","og_type":"article","og_title":"HYMAX\u00ae 2 - RACCORD DE COUPLAGE \u00c0 LARGE PLAGE DE TOL\u00c9RANCE - Krausz Industries","og_description":"Krausz a lanc\u00e9 son nouveau raccord de couplage \u00e0 large plage HYMAX 2, la nouvelle g\u00e9n\u00e9ration d&rsquo;HYMAX. Utilis\u00e9 pour le renouvellement de canalisations, l&rsquo;HYMAX 2 raccorde deux canalisations de diam\u00e8tres nominaux et de mat\u00e9riaux similaires ou diff\u00e9rents, avec une plage de 32(\u05dc\u05d4\u05de\u05e9\u05da \u05e7\u05e8\u05d9\u05d0\u05d4...)","og_url":"https:\/\/krausz.com\/?page_id=7918","og_site_name":"Krausz Industries","article_modified_time":"2020-12-27T09:23:05+00:00","og_image":[{"width":328,"height":218,"url":"https:\/\/krausz.com\/wp-content\/uploads\/2019\/02\/hymax2_wide_range_couling-1.png","type":"image\/png"}],"twitter_card":"summary_large_image","twitter_misc":{"Estimation du temps de lecture":"2 minutes"},"schema":{"@context":"https:\/\/schema.org","@graph":[{"@type":"WebPage","@id":"https:\/\/krausz.com\/?page_id=7918","url":"https:\/\/krausz.com\/?page_id=7918","name":"HYMAX\u00ae 2 - RACCORD DE COUPLAGE \u00c0 LARGE PLAGE DE TOL\u00c9RANCE - Krausz Industries","isPartOf":{"@id":"https:\/\/krausz.com\/#website"},"primaryImageOfPage":{"@id":"https:\/\/krausz.com\/?page_id=7918#primaryimage"},"image":{"@id":"https:\/\/krausz.com\/?page_id=7918#primaryimage"},"thumbnailUrl":"https:\/\/krausz.com\/wp-content\/uploads\/2019\/02\/hymax2_wide_range_couling-1.png","datePublished":"2019-02-27T13:58:38+00:00","dateModified":"2020-12-27T09:23:05+00:00","breadcrumb":{"@id":"https:\/\/krausz.com\/?page_id=7918#breadcrumb"},"inLanguage":"fr-CA","potentialAction":[{"@type":"ReadAction","target":["https:\/\/krausz.com\/?page_id=7918"]}]},{"@type":"ImageObject","inLanguage":"fr-CA","@id":"https:\/\/krausz.com\/?page_id=7918#primaryimage","url":"https:\/\/krausz.com\/wp-content\/uploads\/2019\/02\/hymax2_wide_range_couling-1.png","contentUrl":"https:\/\/krausz.com\/wp-content\/uploads\/2019\/02\/hymax2_wide_range_couling-1.png","width":328,"height":218},{"@type":"BreadcrumbList","@id":"https:\/\/krausz.com\/?page_id=7918#breadcrumb","itemListElement":[{"@type":"ListItem","position":1,"name":"Home","item":"https:\/\/krausz.com\/"},{"@type":"ListItem","position":2,"name":"Des Gammes De Produits","item":"https:\/\/krausz.com\/products-main\/"},{"@type":"ListItem","position":3,"name":"HYMAX\u00ae 2 &#8211; SOLUTIONS DE RACCORD DE COUPLAGE \u00c0 LARGE PLAGE DE TOL\u00c9RANCE ET JOINT D\u00c9PLIABLE","item":"https:\/\/krausz.com\/products-main\/hymax-family\/"},{"@type":"ListItem","position":4,"name":"HYMAX\u00ae 2 &#8211; RACCORD DE COUPLAGE \u00c0 LARGE PLAGE DE TOL\u00c9RANCE"}]},{"@type":"WebSite","@id":"https:\/\/krausz.com\/#website","url":"https:\/\/krausz.com\/","name":"Krausz Industries","description":"Repair the past. Connect the future","potentialAction":[{"@type":"SearchAction","target":{"@type":"EntryPoint","urlTemplate":"https:\/\/krausz.com\/?s={search_term_string}"},"query-input":{"@type":"PropertyValueSpecification","valueRequired":true,"valueName":"search_term_string"}}],"inLanguage":"fr-CA"}]}},"_links":{"self":[{"href":"https:\/\/krausz.com\/fr\/wp-json\/wp\/v2\/pages\/10560","targetHints":{"allow":["GET"]}}],"collection":[{"href":"https:\/\/krausz.com\/fr\/wp-json\/wp\/v2\/pages"}],"about":[{"href":"https:\/\/krausz.com\/fr\/wp-json\/wp\/v2\/types\/page"}],"author":[{"embeddable":true,"href":"https:\/\/krausz.com\/fr\/wp-json\/wp\/v2\/users\/1"}],"replies":[{"embeddable":true,"href":"https:\/\/krausz.com\/fr\/wp-json\/wp\/v2\/comments?post=10560"}],"version-history":[{"count":5,"href":"https:\/\/krausz.com\/fr\/wp-json\/wp\/v2\/pages\/10560\/revisions"}],"predecessor-version":[{"id":10578,"href":"https:\/\/krausz.com\/fr\/wp-json\/wp\/v2\/pages\/10560\/revisions\/10578"}],"up":[{"embeddable":true,"href":"https:\/\/krausz.com\/fr\/wp-json\/wp\/v2\/pages\/10549"}],"wp:featuredmedia":[{"embeddable":true,"href":"https:\/\/krausz.com\/fr\/wp-json\/wp\/v2\/media\/7920"}],"wp:attachment":[{"href":"https:\/\/krausz.com\/fr\/wp-json\/wp\/v2\/media?parent=10560"}],"curies":[{"name":"wp","href":"https:\/\/api.w.org\/{rel}","templated":true}]}}