{"id":10565,"date":"2019-02-27T16:09:52","date_gmt":"2019-02-27T14:09:52","guid":{"rendered":"https:\/\/krausz.com\/fr\/hymax-family\/hymax-2-flange-adaptor-long-body-f-a\/"},"modified":"2021-01-11T10:26:07","modified_gmt":"2021-01-11T08:26:07","slug":"raccord-adaptateur-a-bride-hymax-2-corps-long","status":"publish","type":"page","link":"https:\/\/krausz.com\/fr\/produits-main\/famille-hymax\/raccord-adaptateur-a-bride-hymax-2-corps-long\/","title":{"rendered":"HYMAX\u00ae 2 &#8211; ADAPTATEUR \u00c0 BRIDE &#038; ADAPTATEUR \u00c0 BRIDE \u00c0 CORPS LONG"},"content":{"rendered":"<p><span style=\"font-weight: 400;\">L&rsquo;adaptateur \u00e0 bride et l&rsquo;adaptateur \u00e0 bride \u00e0 corps long \u00e0 large plage de tol\u00e9rance HYMAX 2 sont compatibles avec tout \u00e9quipement \u00e0 bride, comme les vannes, les pompes et autres, d&rsquo;une vari\u00e9t\u00e9 de diam\u00e8tres et dans divers mat\u00e9riaux de canalisation, avec une plage de travail de 32 mm maximum.<\/span><\/p>\n<p><span style=\"font-weight: 400;\">Ils se connectent \u00e0 tout \u00e9quipement \u00e0 bride, tel qu&rsquo;une canalisation en PVC \u00e0 bride, une canalisation en acier \u00e0 bride, une vanne \u00e0 bride et autres.<\/span><\/p>\n<p><span style=\"font-weight: 400;\">Les raccords de couplage avec adaptateur \u00e0 longue bride <\/span><span style=\"font-weight: 400;\">sont g\u00e9n\u00e9ralement utilis\u00e9s en cas d&rsquo;incertitude concernant l&rsquo;\u00e9cart entre les canalisations.<\/span><\/p>\n<p><b>L&rsquo;adaptateur \u00e0 bride <\/b><span style=\"font-weight: 400;\">et l&rsquo;adaptateur \u00e0 longue bride <\/span><b>HYMAX 2<\/b><span style=\"font-weight: 400;\">, sont disponibles avec un diam\u00e8tre nominal de 40 mm \u00e0 300 mm, offrant des solutions de qualit\u00e9 pour la r\u00e9paration et le raccord de canalisations, \u00e0 l&rsquo;aide de diff\u00e9rents produits et mati\u00e8res premi\u00e8res de qualit\u00e9 sup\u00e9rieure.<\/span><\/p>\n<p><b>HYMAX 2 repose sur la technologie r\u00e9volutionnaire de<\/b> <b>l&rsquo;HYMAX original qui a fait ses preuves dans des millions d&rsquo;installations dans le monde entier :<\/b><\/p>\n<ul>\n<li style=\"font-weight: 400;\"><span style=\"font-weight: 400;\">Le joint d\u00e9pliable brevet\u00e9 HYMAX 2\u00a0peut \u00eatre facilement d\u00e9pli\u00e9 vers l&rsquo;int\u00e9rieur ou l&rsquo;ext\u00e9rieur pour s&rsquo;adapter \u00e0 diff\u00e9rents diam\u00e8tres de canalisation\u00a0<\/span><\/li>\n<li style=\"font-weight: 400;\"><span style=\"font-weight: 400;\">Technologie de joint anti-d\u00e9chirure\u00a0avanc\u00e9e pour une efficacit\u00e9 d&rsquo;installation optimale<\/span><\/li>\n<\/ul>\n<p><b>REMARQUE <\/b><b>:<\/b><span style=\"font-weight: 400;\">\u00a0<\/span><b>LES PRODUITS HYMAX DE GRAND DIAM\u00c8TRE DN 350 \u00c0 DN 1500 UTILISENT TOUJOURS LE DOUBLE JOINT D\u00c9TACHABLE.<\/b><b>\u00a0<\/b><\/p>\n<p>&nbsp;<\/p>\n<p><span style=\"font-weight: 400;\">Notice d\u2019installation<\/span><i><span style=\"font-weight: 400;\"> et fiches techniques de l&rsquo;HYMAX, voir les liens ci-dessous acc\u00e9dant aux pages produits.\u00a0<\/span><\/i><\/p>\n","protected":false},"excerpt":{"rendered":"<p>L&rsquo;adaptateur \u00e0 bride et l&rsquo;adaptateur \u00e0 bride \u00e0 corps long \u00e0 large plage de tol\u00e9rance HYMAX 2 sont compatibles avec tout \u00e9quipement \u00e0 bride, comme les vannes, les pompes et autres, d&rsquo;une vari\u00e9t\u00e9 de diam\u00e8tres et dans divers mat\u00e9riaux de canalisation, avec<\/p>\n<div class=\"view-full-post\"><a href=\"https:\/\/krausz.com\/fr\/produits-main\/famille-hymax\/raccord-adaptateur-a-bride-hymax-2-corps-long\/\" class=\"view-full-post-btn\">(\u05dc\u05d4\u05de\u05e9\u05da \u05e7\u05e8\u05d9\u05d0\u05d4&#8230;)<\/a><\/div>\n","protected":false},"author":1,"featured_media":7940,"parent":10549,"menu_order":0,"comment_status":"closed","ping_status":"closed","template":"templates\/product-child.php","meta":{"inline_featured_image":false,"footnotes":""},"class_list":["post-10565","page","type-page","status-publish","has-post-thumbnail","hentry"],"yoast_head":"<!-- This site is optimized with the Yoast SEO plugin v27.3 - https:\/\/yoast.com\/product\/yoast-seo-wordpress\/ -->\n<title>HYMAX\u00ae 2 - ADAPTATEUR \u00c0 BRIDE &amp; ADAPTATEUR \u00c0 BRIDE \u00c0 CORPS LONG - Krausz Industries<\/title>\n<meta name=\"robots\" content=\"index, follow, max-snippet:-1, max-image-preview:large, max-video-preview:-1\" \/>\n<link rel=\"canonical\" href=\"https:\/\/krausz.com\/products-main\/hymax-family\/hymax-2-flange-adaptor-long-body-f-a\/\" \/>\n<meta property=\"og:locale\" content=\"fr_CA\" \/>\n<meta property=\"og:type\" content=\"article\" \/>\n<meta property=\"og:title\" content=\"HYMAX\u00ae 2 - ADAPTATEUR \u00c0 BRIDE &amp; ADAPTATEUR \u00c0 BRIDE \u00c0 CORPS LONG - Krausz Industries\" \/>\n<meta property=\"og:description\" content=\"L&rsquo;adaptateur \u00e0 bride et l&rsquo;adaptateur \u00e0 bride \u00e0 corps long \u00e0 large plage de tol\u00e9rance HYMAX 2 sont compatibles avec tout \u00e9quipement \u00e0 bride, comme les vannes, les pompes et autres, d&rsquo;une vari\u00e9t\u00e9 de diam\u00e8tres et dans divers mat\u00e9riaux de canalisation, avec(\u05dc\u05d4\u05de\u05e9\u05da \u05e7\u05e8\u05d9\u05d0\u05d4...)\" \/>\n<meta property=\"og:url\" content=\"https:\/\/krausz.com\/products-main\/hymax-family\/hymax-2-flange-adaptor-long-body-f-a\/\" \/>\n<meta property=\"og:site_name\" content=\"Krausz Industries\" \/>\n<meta property=\"article:modified_time\" content=\"2021-01-11T08:26:07+00:00\" \/>\n<meta property=\"og:image\" content=\"https:\/\/krausz.com\/wp-content\/uploads\/2019\/02\/Hymax-long-flange-adapter_2-e1541071313136-1.png\" \/>\n\t<meta property=\"og:image:width\" content=\"143\" \/>\n\t<meta property=\"og:image:height\" content=\"233\" \/>\n\t<meta property=\"og:image:type\" content=\"image\/png\" \/>\n<meta name=\"twitter:card\" content=\"summary_large_image\" \/>\n<meta name=\"twitter:label1\" content=\"Estimation du temps de lecture\" \/>\n\t<meta name=\"twitter:data1\" content=\"1 minute\" \/>\n<script type=\"application\/ld+json\" class=\"yoast-schema-graph\">{\"@context\":\"https:\\\/\\\/schema.org\",\"@graph\":[{\"@type\":\"WebPage\",\"@id\":\"https:\\\/\\\/krausz.com\\\/products-main\\\/hymax-family\\\/hymax-2-flange-adaptor-long-body-f-a\\\/\",\"url\":\"https:\\\/\\\/krausz.com\\\/products-main\\\/hymax-family\\\/hymax-2-flange-adaptor-long-body-f-a\\\/\",\"name\":\"HYMAX\u00ae 2 - ADAPTATEUR \u00c0 BRIDE & ADAPTATEUR \u00c0 BRIDE \u00c0 CORPS LONG - Krausz Industries\",\"isPartOf\":{\"@id\":\"https:\\\/\\\/krausz.com\\\/#website\"},\"primaryImageOfPage\":{\"@id\":\"https:\\\/\\\/krausz.com\\\/products-main\\\/hymax-family\\\/hymax-2-flange-adaptor-long-body-f-a\\\/#primaryimage\"},\"image\":{\"@id\":\"https:\\\/\\\/krausz.com\\\/products-main\\\/hymax-family\\\/hymax-2-flange-adaptor-long-body-f-a\\\/#primaryimage\"},\"thumbnailUrl\":\"https:\\\/\\\/krausz.com\\\/wp-content\\\/uploads\\\/2019\\\/02\\\/Hymax-long-flange-adapter_2-e1541071313136-1.png\",\"datePublished\":\"2019-02-27T14:09:52+00:00\",\"dateModified\":\"2021-01-11T08:26:07+00:00\",\"breadcrumb\":{\"@id\":\"https:\\\/\\\/krausz.com\\\/products-main\\\/hymax-family\\\/hymax-2-flange-adaptor-long-body-f-a\\\/#breadcrumb\"},\"inLanguage\":\"fr-CA\",\"potentialAction\":[{\"@type\":\"ReadAction\",\"target\":[\"https:\\\/\\\/krausz.com\\\/products-main\\\/hymax-family\\\/hymax-2-flange-adaptor-long-body-f-a\\\/\"]}]},{\"@type\":\"ImageObject\",\"inLanguage\":\"fr-CA\",\"@id\":\"https:\\\/\\\/krausz.com\\\/products-main\\\/hymax-family\\\/hymax-2-flange-adaptor-long-body-f-a\\\/#primaryimage\",\"url\":\"https:\\\/\\\/krausz.com\\\/wp-content\\\/uploads\\\/2019\\\/02\\\/Hymax-long-flange-adapter_2-e1541071313136-1.png\",\"contentUrl\":\"https:\\\/\\\/krausz.com\\\/wp-content\\\/uploads\\\/2019\\\/02\\\/Hymax-long-flange-adapter_2-e1541071313136-1.png\",\"width\":143,\"height\":233},{\"@type\":\"BreadcrumbList\",\"@id\":\"https:\\\/\\\/krausz.com\\\/products-main\\\/hymax-family\\\/hymax-2-flange-adaptor-long-body-f-a\\\/#breadcrumb\",\"itemListElement\":[{\"@type\":\"ListItem\",\"position\":1,\"name\":\"Home\",\"item\":\"https:\\\/\\\/krausz.com\\\/\"},{\"@type\":\"ListItem\",\"position\":2,\"name\":\"Des Gammes De Produits\",\"item\":\"https:\\\/\\\/krausz.com\\\/products-main\\\/\"},{\"@type\":\"ListItem\",\"position\":3,\"name\":\"HYMAX\u00ae 2 &#8211; SOLUTIONS DE RACCORD DE COUPLAGE \u00c0 LARGE PLAGE DE TOL\u00c9RANCE ET JOINT D\u00c9PLIABLE\",\"item\":\"https:\\\/\\\/krausz.com\\\/products-main\\\/hymax-family\\\/\"},{\"@type\":\"ListItem\",\"position\":4,\"name\":\"HYMAX\u00ae 2 &#8211; ADAPTATEUR \u00c0 BRIDE &#038; ADAPTATEUR \u00c0 BRIDE \u00c0 CORPS LONG\"}]},{\"@type\":\"WebSite\",\"@id\":\"https:\\\/\\\/krausz.com\\\/#website\",\"url\":\"https:\\\/\\\/krausz.com\\\/\",\"name\":\"Krausz Industries\",\"description\":\"Repair the past. Connect the future\",\"potentialAction\":[{\"@type\":\"SearchAction\",\"target\":{\"@type\":\"EntryPoint\",\"urlTemplate\":\"https:\\\/\\\/krausz.com\\\/?s={search_term_string}\"},\"query-input\":{\"@type\":\"PropertyValueSpecification\",\"valueRequired\":true,\"valueName\":\"search_term_string\"}}],\"inLanguage\":\"fr-CA\"}]}<\/script>\n<!-- \/ Yoast SEO plugin. -->","yoast_head_json":{"title":"HYMAX\u00ae 2 - ADAPTATEUR \u00c0 BRIDE & ADAPTATEUR \u00c0 BRIDE \u00c0 CORPS LONG - Krausz Industries","robots":{"index":"index","follow":"follow","max-snippet":"max-snippet:-1","max-image-preview":"max-image-preview:large","max-video-preview":"max-video-preview:-1"},"canonical":"https:\/\/krausz.com\/products-main\/hymax-family\/hymax-2-flange-adaptor-long-body-f-a\/","og_locale":"fr_CA","og_type":"article","og_title":"HYMAX\u00ae 2 - ADAPTATEUR \u00c0 BRIDE & ADAPTATEUR \u00c0 BRIDE \u00c0 CORPS LONG - Krausz Industries","og_description":"L&rsquo;adaptateur \u00e0 bride et l&rsquo;adaptateur \u00e0 bride \u00e0 corps long \u00e0 large plage de tol\u00e9rance HYMAX 2 sont compatibles avec tout \u00e9quipement \u00e0 bride, comme les vannes, les pompes et autres, d&rsquo;une vari\u00e9t\u00e9 de diam\u00e8tres et dans divers mat\u00e9riaux de canalisation, avec(\u05dc\u05d4\u05de\u05e9\u05da \u05e7\u05e8\u05d9\u05d0\u05d4...)","og_url":"https:\/\/krausz.com\/products-main\/hymax-family\/hymax-2-flange-adaptor-long-body-f-a\/","og_site_name":"Krausz Industries","article_modified_time":"2021-01-11T08:26:07+00:00","og_image":[{"width":143,"height":233,"url":"https:\/\/krausz.com\/wp-content\/uploads\/2019\/02\/Hymax-long-flange-adapter_2-e1541071313136-1.png","type":"image\/png"}],"twitter_card":"summary_large_image","twitter_misc":{"Estimation du temps de lecture":"1 minute"},"schema":{"@context":"https:\/\/schema.org","@graph":[{"@type":"WebPage","@id":"https:\/\/krausz.com\/products-main\/hymax-family\/hymax-2-flange-adaptor-long-body-f-a\/","url":"https:\/\/krausz.com\/products-main\/hymax-family\/hymax-2-flange-adaptor-long-body-f-a\/","name":"HYMAX\u00ae 2 - ADAPTATEUR \u00c0 BRIDE & ADAPTATEUR \u00c0 BRIDE \u00c0 CORPS LONG - Krausz Industries","isPartOf":{"@id":"https:\/\/krausz.com\/#website"},"primaryImageOfPage":{"@id":"https:\/\/krausz.com\/products-main\/hymax-family\/hymax-2-flange-adaptor-long-body-f-a\/#primaryimage"},"image":{"@id":"https:\/\/krausz.com\/products-main\/hymax-family\/hymax-2-flange-adaptor-long-body-f-a\/#primaryimage"},"thumbnailUrl":"https:\/\/krausz.com\/wp-content\/uploads\/2019\/02\/Hymax-long-flange-adapter_2-e1541071313136-1.png","datePublished":"2019-02-27T14:09:52+00:00","dateModified":"2021-01-11T08:26:07+00:00","breadcrumb":{"@id":"https:\/\/krausz.com\/products-main\/hymax-family\/hymax-2-flange-adaptor-long-body-f-a\/#breadcrumb"},"inLanguage":"fr-CA","potentialAction":[{"@type":"ReadAction","target":["https:\/\/krausz.com\/products-main\/hymax-family\/hymax-2-flange-adaptor-long-body-f-a\/"]}]},{"@type":"ImageObject","inLanguage":"fr-CA","@id":"https:\/\/krausz.com\/products-main\/hymax-family\/hymax-2-flange-adaptor-long-body-f-a\/#primaryimage","url":"https:\/\/krausz.com\/wp-content\/uploads\/2019\/02\/Hymax-long-flange-adapter_2-e1541071313136-1.png","contentUrl":"https:\/\/krausz.com\/wp-content\/uploads\/2019\/02\/Hymax-long-flange-adapter_2-e1541071313136-1.png","width":143,"height":233},{"@type":"BreadcrumbList","@id":"https:\/\/krausz.com\/products-main\/hymax-family\/hymax-2-flange-adaptor-long-body-f-a\/#breadcrumb","itemListElement":[{"@type":"ListItem","position":1,"name":"Home","item":"https:\/\/krausz.com\/"},{"@type":"ListItem","position":2,"name":"Des Gammes De Produits","item":"https:\/\/krausz.com\/products-main\/"},{"@type":"ListItem","position":3,"name":"HYMAX\u00ae 2 &#8211; SOLUTIONS DE RACCORD DE COUPLAGE \u00c0 LARGE PLAGE DE TOL\u00c9RANCE ET JOINT D\u00c9PLIABLE","item":"https:\/\/krausz.com\/products-main\/hymax-family\/"},{"@type":"ListItem","position":4,"name":"HYMAX\u00ae 2 &#8211; ADAPTATEUR \u00c0 BRIDE &#038; ADAPTATEUR \u00c0 BRIDE \u00c0 CORPS LONG"}]},{"@type":"WebSite","@id":"https:\/\/krausz.com\/#website","url":"https:\/\/krausz.com\/","name":"Krausz Industries","description":"Repair the past. Connect the future","potentialAction":[{"@type":"SearchAction","target":{"@type":"EntryPoint","urlTemplate":"https:\/\/krausz.com\/?s={search_term_string}"},"query-input":{"@type":"PropertyValueSpecification","valueRequired":true,"valueName":"search_term_string"}}],"inLanguage":"fr-CA"}]}},"_links":{"self":[{"href":"https:\/\/krausz.com\/fr\/wp-json\/wp\/v2\/pages\/10565","targetHints":{"allow":["GET"]}}],"collection":[{"href":"https:\/\/krausz.com\/fr\/wp-json\/wp\/v2\/pages"}],"about":[{"href":"https:\/\/krausz.com\/fr\/wp-json\/wp\/v2\/types\/page"}],"author":[{"embeddable":true,"href":"https:\/\/krausz.com\/fr\/wp-json\/wp\/v2\/users\/1"}],"replies":[{"embeddable":true,"href":"https:\/\/krausz.com\/fr\/wp-json\/wp\/v2\/comments?post=10565"}],"version-history":[{"count":3,"href":"https:\/\/krausz.com\/fr\/wp-json\/wp\/v2\/pages\/10565\/revisions"}],"predecessor-version":[{"id":11343,"href":"https:\/\/krausz.com\/fr\/wp-json\/wp\/v2\/pages\/10565\/revisions\/11343"}],"up":[{"embeddable":true,"href":"https:\/\/krausz.com\/fr\/wp-json\/wp\/v2\/pages\/10549"}],"wp:featuredmedia":[{"embeddable":true,"href":"https:\/\/krausz.com\/fr\/wp-json\/wp\/v2\/media\/7940"}],"wp:attachment":[{"href":"https:\/\/krausz.com\/fr\/wp-json\/wp\/v2\/media?parent=10565"}],"curies":[{"name":"wp","href":"https:\/\/api.w.org\/{rel}","templated":true}]}}