{"id":10569,"date":"2019-02-28T09:17:38","date_gmt":"2019-02-28T07:17:38","guid":{"rendered":"https:\/\/krausz.com\/fr\/hymax-family\/hymax-2-threaded-and-flanged-outlets\/"},"modified":"2021-01-11T10:32:02","modified_gmt":"2021-01-11T08:32:02","slug":"hymax-2-bride-sortie-filetee","status":"publish","type":"page","link":"https:\/\/krausz.com\/fr\/produits-main\/famille-hymax\/hymax-2-bride-sortie-filetee\/","title":{"rendered":"HYMAX\u00ae 2  &#8211; SORTIES FILET\u00c9E ET \u00c0 BRIDE"},"content":{"rendered":"<p><span style=\"font-weight: 400;\">Utilis\u00e9pour le renouvellement de canalisations, les nouveaux raccords \u00e0 sortie filet\u00e9e HYMAX 2 raccordent deux canalisations de diam\u00e8tres nominaux et mat\u00e9riaux identiques ou diff\u00e9rents, avec une plage de 32 mm max.<\/span><\/p>\n<p><b>HYMAX 2<\/b><span style=\"font-weight: 400;\">\u00a0<\/span><b>repose sur la technologie r\u00e9volutionnaire de<\/b> <b>l&rsquo;HYMAX original qui a fait ses preuves dans des millions d&rsquo;installations dans le monde entier :<\/b><span style=\"font-weight: 400;\">\u00a0<\/span><\/p>\n<ul>\n<li style=\"font-weight: 400;\"><span style=\"font-weight: 400;\">Le joint d\u00e9pliable brevet\u00e9 de l&rsquo; HYMAX 2\u00a0peut \u00eatre facilement d\u00e9pli\u00e9 vers l&rsquo;int\u00e9rieur ou l&rsquo;ext\u00e9rieur pour s&rsquo;adapter \u00e0 diff\u00e9rents diam\u00e8tres de canalisation\u00a0<\/span><\/li>\n<li style=\"font-weight: 400;\"><span style=\"font-weight: 400;\">Technologie de joint anti-d\u00e9chirure\u00a0avanc\u00e9e pour une efficacit\u00e9 d&rsquo;installation optimale<\/span><\/li>\n<\/ul>\n<p><b>REMARQUE<\/b> <b>:<\/b><span style=\"font-weight: 400;\">\u00a0<\/span><b>LES PRODUITS HYMAX DE GRAND DIAM\u00c8TRE DN 350 \u00c0 DN 1500 UTILISENT TOUJOURS LE DOUBLE JOINT D\u00c9TACHABLE.<\/b><b>\u00a0<\/b><\/p>\n<p><em>N<\/em><em>otice d\u2019installation<\/em><em> et fiches techniques\u00a0de l\u2019HYMAX : voir les liens ci-dessous acc\u00e8dant au pages produits.<\/em><\/p>\n<p><i><span style=\"font-weight: 400;\">Pour plus d&rsquo;informations sur nos produits, veuillez contacter votre revendeur KRAUSZ.\u00a0<\/span><\/i><\/p>\n","protected":false},"excerpt":{"rendered":"<p>Utilis\u00e9pour le renouvellement de canalisations, les nouveaux raccords \u00e0 sortie filet\u00e9e HYMAX 2 raccordent deux canalisations de diam\u00e8tres nominaux et mat\u00e9riaux identiques ou diff\u00e9rents, avec une plage de 32 mm max. HYMAX 2\u00a0repose sur la technologie r\u00e9volutionnaire de l&rsquo;HYMAX original qui a<\/p>\n<div class=\"view-full-post\"><a href=\"https:\/\/krausz.com\/fr\/produits-main\/famille-hymax\/hymax-2-bride-sortie-filetee\/\" class=\"view-full-post-btn\">(\u05dc\u05d4\u05de\u05e9\u05da \u05e7\u05e8\u05d9\u05d0\u05d4&#8230;)<\/a><\/div>\n","protected":false},"author":1,"featured_media":7967,"parent":10549,"menu_order":0,"comment_status":"closed","ping_status":"closed","template":"templates\/product-child.php","meta":{"inline_featured_image":false,"footnotes":""},"class_list":["post-10569","page","type-page","status-publish","has-post-thumbnail","hentry"],"yoast_head":"<!-- This site is optimized with the Yoast SEO plugin v27.3 - https:\/\/yoast.com\/product\/yoast-seo-wordpress\/ -->\n<title>HYMAX\u00ae 2 - SORTIES FILET\u00c9E ET \u00c0 BRIDE - Krausz Industries<\/title>\n<meta name=\"robots\" content=\"index, follow, max-snippet:-1, max-image-preview:large, max-video-preview:-1\" \/>\n<link rel=\"canonical\" href=\"https:\/\/krausz.com\/products-main\/hymax-family\/hymax-2-threaded-and-flanged-outlets\/\" \/>\n<meta property=\"og:locale\" content=\"fr_CA\" \/>\n<meta property=\"og:type\" content=\"article\" \/>\n<meta property=\"og:title\" content=\"HYMAX\u00ae 2 - SORTIES FILET\u00c9E ET \u00c0 BRIDE - Krausz Industries\" \/>\n<meta property=\"og:description\" content=\"Utilis\u00e9pour le renouvellement de canalisations, les nouveaux raccords \u00e0 sortie filet\u00e9e HYMAX 2 raccordent deux canalisations de diam\u00e8tres nominaux et mat\u00e9riaux identiques ou diff\u00e9rents, avec une plage de 32 mm max. HYMAX 2\u00a0repose sur la technologie r\u00e9volutionnaire de l&rsquo;HYMAX original qui a(\u05dc\u05d4\u05de\u05e9\u05da \u05e7\u05e8\u05d9\u05d0\u05d4...)\" \/>\n<meta property=\"og:url\" content=\"https:\/\/krausz.com\/products-main\/hymax-family\/hymax-2-threaded-and-flanged-outlets\/\" \/>\n<meta property=\"og:site_name\" content=\"Krausz Industries\" \/>\n<meta property=\"article:modified_time\" content=\"2021-01-11T08:32:02+00:00\" \/>\n<meta property=\"og:image\" content=\"https:\/\/krausz.com\/wp-content\/uploads\/2019\/02\/hymax-flanged-outlet_1-1.jpg\" \/>\n\t<meta property=\"og:image:width\" content=\"159\" \/>\n\t<meta property=\"og:image:height\" content=\"210\" \/>\n\t<meta property=\"og:image:type\" content=\"image\/jpeg\" \/>\n<meta name=\"twitter:card\" content=\"summary_large_image\" \/>\n<meta name=\"twitter:label1\" content=\"Estimation du temps de lecture\" \/>\n\t<meta name=\"twitter:data1\" content=\"1 minute\" \/>\n<script type=\"application\/ld+json\" class=\"yoast-schema-graph\">{\"@context\":\"https:\\\/\\\/schema.org\",\"@graph\":[{\"@type\":\"WebPage\",\"@id\":\"https:\\\/\\\/krausz.com\\\/products-main\\\/hymax-family\\\/hymax-2-threaded-and-flanged-outlets\\\/\",\"url\":\"https:\\\/\\\/krausz.com\\\/products-main\\\/hymax-family\\\/hymax-2-threaded-and-flanged-outlets\\\/\",\"name\":\"HYMAX\u00ae 2 - SORTIES FILET\u00c9E ET \u00c0 BRIDE - Krausz Industries\",\"isPartOf\":{\"@id\":\"https:\\\/\\\/krausz.com\\\/#website\"},\"primaryImageOfPage\":{\"@id\":\"https:\\\/\\\/krausz.com\\\/products-main\\\/hymax-family\\\/hymax-2-threaded-and-flanged-outlets\\\/#primaryimage\"},\"image\":{\"@id\":\"https:\\\/\\\/krausz.com\\\/products-main\\\/hymax-family\\\/hymax-2-threaded-and-flanged-outlets\\\/#primaryimage\"},\"thumbnailUrl\":\"https:\\\/\\\/krausz.com\\\/wp-content\\\/uploads\\\/2019\\\/02\\\/hymax-flanged-outlet_1-1.jpg\",\"datePublished\":\"2019-02-28T07:17:38+00:00\",\"dateModified\":\"2021-01-11T08:32:02+00:00\",\"breadcrumb\":{\"@id\":\"https:\\\/\\\/krausz.com\\\/products-main\\\/hymax-family\\\/hymax-2-threaded-and-flanged-outlets\\\/#breadcrumb\"},\"inLanguage\":\"fr-CA\",\"potentialAction\":[{\"@type\":\"ReadAction\",\"target\":[\"https:\\\/\\\/krausz.com\\\/products-main\\\/hymax-family\\\/hymax-2-threaded-and-flanged-outlets\\\/\"]}]},{\"@type\":\"ImageObject\",\"inLanguage\":\"fr-CA\",\"@id\":\"https:\\\/\\\/krausz.com\\\/products-main\\\/hymax-family\\\/hymax-2-threaded-and-flanged-outlets\\\/#primaryimage\",\"url\":\"https:\\\/\\\/krausz.com\\\/wp-content\\\/uploads\\\/2019\\\/02\\\/hymax-flanged-outlet_1-1.jpg\",\"contentUrl\":\"https:\\\/\\\/krausz.com\\\/wp-content\\\/uploads\\\/2019\\\/02\\\/hymax-flanged-outlet_1-1.jpg\",\"width\":159,\"height\":210},{\"@type\":\"BreadcrumbList\",\"@id\":\"https:\\\/\\\/krausz.com\\\/products-main\\\/hymax-family\\\/hymax-2-threaded-and-flanged-outlets\\\/#breadcrumb\",\"itemListElement\":[{\"@type\":\"ListItem\",\"position\":1,\"name\":\"Home\",\"item\":\"https:\\\/\\\/krausz.com\\\/\"},{\"@type\":\"ListItem\",\"position\":2,\"name\":\"Des Gammes De Produits\",\"item\":\"https:\\\/\\\/krausz.com\\\/products-main\\\/\"},{\"@type\":\"ListItem\",\"position\":3,\"name\":\"HYMAX\u00ae 2 &#8211; SOLUTIONS DE RACCORD DE COUPLAGE \u00c0 LARGE PLAGE DE TOL\u00c9RANCE ET JOINT D\u00c9PLIABLE\",\"item\":\"https:\\\/\\\/krausz.com\\\/products-main\\\/hymax-family\\\/\"},{\"@type\":\"ListItem\",\"position\":4,\"name\":\"HYMAX\u00ae 2 &#8211; SORTIES FILET\u00c9E ET \u00c0 BRIDE\"}]},{\"@type\":\"WebSite\",\"@id\":\"https:\\\/\\\/krausz.com\\\/#website\",\"url\":\"https:\\\/\\\/krausz.com\\\/\",\"name\":\"Krausz Industries\",\"description\":\"Repair the past. Connect the future\",\"potentialAction\":[{\"@type\":\"SearchAction\",\"target\":{\"@type\":\"EntryPoint\",\"urlTemplate\":\"https:\\\/\\\/krausz.com\\\/?s={search_term_string}\"},\"query-input\":{\"@type\":\"PropertyValueSpecification\",\"valueRequired\":true,\"valueName\":\"search_term_string\"}}],\"inLanguage\":\"fr-CA\"}]}<\/script>\n<!-- \/ Yoast SEO plugin. -->","yoast_head_json":{"title":"HYMAX\u00ae 2 - SORTIES FILET\u00c9E ET \u00c0 BRIDE - Krausz Industries","robots":{"index":"index","follow":"follow","max-snippet":"max-snippet:-1","max-image-preview":"max-image-preview:large","max-video-preview":"max-video-preview:-1"},"canonical":"https:\/\/krausz.com\/products-main\/hymax-family\/hymax-2-threaded-and-flanged-outlets\/","og_locale":"fr_CA","og_type":"article","og_title":"HYMAX\u00ae 2 - SORTIES FILET\u00c9E ET \u00c0 BRIDE - Krausz Industries","og_description":"Utilis\u00e9pour le renouvellement de canalisations, les nouveaux raccords \u00e0 sortie filet\u00e9e HYMAX 2 raccordent deux canalisations de diam\u00e8tres nominaux et mat\u00e9riaux identiques ou diff\u00e9rents, avec une plage de 32 mm max. HYMAX 2\u00a0repose sur la technologie r\u00e9volutionnaire de l&rsquo;HYMAX original qui a(\u05dc\u05d4\u05de\u05e9\u05da \u05e7\u05e8\u05d9\u05d0\u05d4...)","og_url":"https:\/\/krausz.com\/products-main\/hymax-family\/hymax-2-threaded-and-flanged-outlets\/","og_site_name":"Krausz Industries","article_modified_time":"2021-01-11T08:32:02+00:00","og_image":[{"width":159,"height":210,"url":"https:\/\/krausz.com\/wp-content\/uploads\/2019\/02\/hymax-flanged-outlet_1-1.jpg","type":"image\/jpeg"}],"twitter_card":"summary_large_image","twitter_misc":{"Estimation du temps de lecture":"1 minute"},"schema":{"@context":"https:\/\/schema.org","@graph":[{"@type":"WebPage","@id":"https:\/\/krausz.com\/products-main\/hymax-family\/hymax-2-threaded-and-flanged-outlets\/","url":"https:\/\/krausz.com\/products-main\/hymax-family\/hymax-2-threaded-and-flanged-outlets\/","name":"HYMAX\u00ae 2 - SORTIES FILET\u00c9E ET \u00c0 BRIDE - Krausz Industries","isPartOf":{"@id":"https:\/\/krausz.com\/#website"},"primaryImageOfPage":{"@id":"https:\/\/krausz.com\/products-main\/hymax-family\/hymax-2-threaded-and-flanged-outlets\/#primaryimage"},"image":{"@id":"https:\/\/krausz.com\/products-main\/hymax-family\/hymax-2-threaded-and-flanged-outlets\/#primaryimage"},"thumbnailUrl":"https:\/\/krausz.com\/wp-content\/uploads\/2019\/02\/hymax-flanged-outlet_1-1.jpg","datePublished":"2019-02-28T07:17:38+00:00","dateModified":"2021-01-11T08:32:02+00:00","breadcrumb":{"@id":"https:\/\/krausz.com\/products-main\/hymax-family\/hymax-2-threaded-and-flanged-outlets\/#breadcrumb"},"inLanguage":"fr-CA","potentialAction":[{"@type":"ReadAction","target":["https:\/\/krausz.com\/products-main\/hymax-family\/hymax-2-threaded-and-flanged-outlets\/"]}]},{"@type":"ImageObject","inLanguage":"fr-CA","@id":"https:\/\/krausz.com\/products-main\/hymax-family\/hymax-2-threaded-and-flanged-outlets\/#primaryimage","url":"https:\/\/krausz.com\/wp-content\/uploads\/2019\/02\/hymax-flanged-outlet_1-1.jpg","contentUrl":"https:\/\/krausz.com\/wp-content\/uploads\/2019\/02\/hymax-flanged-outlet_1-1.jpg","width":159,"height":210},{"@type":"BreadcrumbList","@id":"https:\/\/krausz.com\/products-main\/hymax-family\/hymax-2-threaded-and-flanged-outlets\/#breadcrumb","itemListElement":[{"@type":"ListItem","position":1,"name":"Home","item":"https:\/\/krausz.com\/"},{"@type":"ListItem","position":2,"name":"Des Gammes De Produits","item":"https:\/\/krausz.com\/products-main\/"},{"@type":"ListItem","position":3,"name":"HYMAX\u00ae 2 &#8211; SOLUTIONS DE RACCORD DE COUPLAGE \u00c0 LARGE PLAGE DE TOL\u00c9RANCE ET JOINT D\u00c9PLIABLE","item":"https:\/\/krausz.com\/products-main\/hymax-family\/"},{"@type":"ListItem","position":4,"name":"HYMAX\u00ae 2 &#8211; SORTIES FILET\u00c9E ET \u00c0 BRIDE"}]},{"@type":"WebSite","@id":"https:\/\/krausz.com\/#website","url":"https:\/\/krausz.com\/","name":"Krausz Industries","description":"Repair the past. Connect the future","potentialAction":[{"@type":"SearchAction","target":{"@type":"EntryPoint","urlTemplate":"https:\/\/krausz.com\/?s={search_term_string}"},"query-input":{"@type":"PropertyValueSpecification","valueRequired":true,"valueName":"search_term_string"}}],"inLanguage":"fr-CA"}]}},"_links":{"self":[{"href":"https:\/\/krausz.com\/fr\/wp-json\/wp\/v2\/pages\/10569","targetHints":{"allow":["GET"]}}],"collection":[{"href":"https:\/\/krausz.com\/fr\/wp-json\/wp\/v2\/pages"}],"about":[{"href":"https:\/\/krausz.com\/fr\/wp-json\/wp\/v2\/types\/page"}],"author":[{"embeddable":true,"href":"https:\/\/krausz.com\/fr\/wp-json\/wp\/v2\/users\/1"}],"replies":[{"embeddable":true,"href":"https:\/\/krausz.com\/fr\/wp-json\/wp\/v2\/comments?post=10569"}],"version-history":[{"count":4,"href":"https:\/\/krausz.com\/fr\/wp-json\/wp\/v2\/pages\/10569\/revisions"}],"predecessor-version":[{"id":11346,"href":"https:\/\/krausz.com\/fr\/wp-json\/wp\/v2\/pages\/10569\/revisions\/11346"}],"up":[{"embeddable":true,"href":"https:\/\/krausz.com\/fr\/wp-json\/wp\/v2\/pages\/10549"}],"wp:featuredmedia":[{"embeddable":true,"href":"https:\/\/krausz.com\/fr\/wp-json\/wp\/v2\/media\/7967"}],"wp:attachment":[{"href":"https:\/\/krausz.com\/fr\/wp-json\/wp\/v2\/media?parent=10569"}],"curies":[{"name":"wp","href":"https:\/\/api.w.org\/{rel}","templated":true}]}}