{"id":10579,"date":"2019-02-27T12:10:26","date_gmt":"2019-02-27T10:10:26","guid":{"rendered":"https:\/\/krausz.com\/fr\/hymax-large-diameter-couplings\/hymax-long-body\/"},"modified":"2020-12-27T11:25:53","modified_gmt":"2020-12-27T09:25:53","slug":"hymax-corps-long","status":"publish","type":"page","link":"https:\/\/krausz.com\/fr\/produits-main\/raccord-couplage-hymax-grand-diametre\/hymax-corps-long\/","title":{"rendered":"HYMAX \u00c0 CORPS LONG ET DE GRAND DIAM\u00c8TRE"},"content":{"rendered":"<p><span style=\"font-weight: 400;\">Le raccord de couplage \u00e0 corps long\u00a0 HYMAX \u00e0 large plage de tol\u00e9rance, utilis\u00e9 pour le remplacement de tron\u00e7ons de canalisation, raccorde deux canalisations de diam\u00e8tres et de mat\u00e9riaux semblables ou diff\u00e9rents, couvrant un \u00e9cart plus grand entre les canalisations, avec une large plage allant jusqu&rsquo;\u00e0 54 mm.<\/span><\/p>\n<p><span style=\"font-weight: 400;\">Les raccords de couplage longs sont g\u00e9n\u00e9ralement utilis\u00e9s en cas d&rsquo;incertitude concernant l&rsquo;\u00e9cart entre les canalisations.<\/span><\/p>\n<p><span style=\"font-weight: 400;\">Les diam\u00e8tres de 350 mm-600 mm sont standards et les diam\u00e8tres de 650 mm \u2013 1500 mm sont fabriqu\u00e9s sur commande. Contactez Krausz pour plus de d\u00e9tails.<\/span><\/p>\n<p>&nbsp;<\/p>\n<p><b>REMARQUE :<\/b><b> LES PRODUITS HYMAX DE DIAM\u00c8TRE 40 MM ET DE GRAND DIAM\u00c8TRE DN 350 \u00c0 DN 1500 UTILISENT TOUJOURS LE DOUBLE JOINT D\u00c9TACHABLE.<\/b><\/p>\n","protected":false},"excerpt":{"rendered":"<p>Le raccord de couplage \u00e0 corps long\u00a0 HYMAX \u00e0 large plage de tol\u00e9rance, utilis\u00e9 pour le remplacement de tron\u00e7ons de canalisation, raccorde deux canalisations de diam\u00e8tres et de mat\u00e9riaux semblables ou diff\u00e9rents, couvrant un \u00e9cart plus grand entre les canalisations, avec une<\/p>\n<div class=\"view-full-post\"><a href=\"https:\/\/krausz.com\/fr\/produits-main\/raccord-couplage-hymax-grand-diametre\/hymax-corps-long\/\" class=\"view-full-post-btn\">(\u05dc\u05d4\u05de\u05e9\u05da \u05e7\u05e8\u05d9\u05d0\u05d4&#8230;)<\/a><\/div>\n","protected":false},"author":1,"featured_media":3750,"parent":10552,"menu_order":8,"comment_status":"closed","ping_status":"closed","template":"templates\/product-child.php","meta":{"inline_featured_image":false,"footnotes":""},"class_list":["post-10579","page","type-page","status-publish","has-post-thumbnail","hentry"],"yoast_head":"<!-- This site is optimized with the Yoast SEO plugin v27.4 - https:\/\/yoast.com\/product\/yoast-seo-wordpress\/ -->\n<title>HYMAX \u00c0 CORPS LONG ET DE GRAND DIAM\u00c8TRE - Krausz Industries<\/title>\n<meta name=\"robots\" content=\"index, follow, max-snippet:-1, max-image-preview:large, max-video-preview:-1\" \/>\n<link rel=\"canonical\" href=\"https:\/\/krausz.com\/products-main\/hymax-large-diameter-couplings\/hymax-long-body\/\" \/>\n<meta property=\"og:locale\" content=\"fr_CA\" \/>\n<meta property=\"og:type\" content=\"article\" \/>\n<meta property=\"og:title\" content=\"HYMAX \u00c0 CORPS LONG ET DE GRAND DIAM\u00c8TRE - Krausz Industries\" \/>\n<meta property=\"og:description\" content=\"Le raccord de couplage \u00e0 corps long\u00a0 HYMAX \u00e0 large plage de tol\u00e9rance, utilis\u00e9 pour le remplacement de tron\u00e7ons de canalisation, raccorde deux canalisations de diam\u00e8tres et de mat\u00e9riaux semblables ou diff\u00e9rents, couvrant un \u00e9cart plus grand entre les canalisations, avec une(\u05dc\u05d4\u05de\u05e9\u05da \u05e7\u05e8\u05d9\u05d0\u05d4...)\" \/>\n<meta property=\"og:url\" content=\"https:\/\/krausz.com\/products-main\/hymax-large-diameter-couplings\/hymax-long-body\/\" \/>\n<meta property=\"og:site_name\" content=\"Krausz Industries\" \/>\n<meta property=\"article:modified_time\" content=\"2020-12-27T09:25:53+00:00\" \/>\n<meta property=\"og:image\" content=\"https:\/\/krausz.com\/wp-content\/uploads\/2016\/03\/231.png\" \/>\n\t<meta property=\"og:image:width\" content=\"200\" \/>\n\t<meta property=\"og:image:height\" content=\"200\" \/>\n\t<meta property=\"og:image:type\" content=\"image\/png\" \/>\n<meta name=\"twitter:card\" content=\"summary_large_image\" \/>\n<meta name=\"twitter:label1\" content=\"Estimation du temps de lecture\" \/>\n\t<meta name=\"twitter:data1\" content=\"1 minute\" \/>\n<script type=\"application\/ld+json\" class=\"yoast-schema-graph\">{\"@context\":\"https:\\\/\\\/schema.org\",\"@graph\":[{\"@type\":\"WebPage\",\"@id\":\"https:\\\/\\\/krausz.com\\\/products-main\\\/hymax-large-diameter-couplings\\\/hymax-long-body\\\/\",\"url\":\"https:\\\/\\\/krausz.com\\\/products-main\\\/hymax-large-diameter-couplings\\\/hymax-long-body\\\/\",\"name\":\"HYMAX \u00c0 CORPS LONG ET DE GRAND DIAM\u00c8TRE - Krausz Industries\",\"isPartOf\":{\"@id\":\"https:\\\/\\\/krausz.com\\\/#website\"},\"primaryImageOfPage\":{\"@id\":\"https:\\\/\\\/krausz.com\\\/products-main\\\/hymax-large-diameter-couplings\\\/hymax-long-body\\\/#primaryimage\"},\"image\":{\"@id\":\"https:\\\/\\\/krausz.com\\\/products-main\\\/hymax-large-diameter-couplings\\\/hymax-long-body\\\/#primaryimage\"},\"thumbnailUrl\":\"https:\\\/\\\/krausz.com\\\/wp-content\\\/uploads\\\/2016\\\/03\\\/231.png\",\"datePublished\":\"2019-02-27T10:10:26+00:00\",\"dateModified\":\"2020-12-27T09:25:53+00:00\",\"breadcrumb\":{\"@id\":\"https:\\\/\\\/krausz.com\\\/products-main\\\/hymax-large-diameter-couplings\\\/hymax-long-body\\\/#breadcrumb\"},\"inLanguage\":\"fr-CA\",\"potentialAction\":[{\"@type\":\"ReadAction\",\"target\":[\"https:\\\/\\\/krausz.com\\\/products-main\\\/hymax-large-diameter-couplings\\\/hymax-long-body\\\/\"]}]},{\"@type\":\"ImageObject\",\"inLanguage\":\"fr-CA\",\"@id\":\"https:\\\/\\\/krausz.com\\\/products-main\\\/hymax-large-diameter-couplings\\\/hymax-long-body\\\/#primaryimage\",\"url\":\"https:\\\/\\\/krausz.com\\\/wp-content\\\/uploads\\\/2016\\\/03\\\/231.png\",\"contentUrl\":\"https:\\\/\\\/krausz.com\\\/wp-content\\\/uploads\\\/2016\\\/03\\\/231.png\",\"width\":200,\"height\":200},{\"@type\":\"BreadcrumbList\",\"@id\":\"https:\\\/\\\/krausz.com\\\/products-main\\\/hymax-large-diameter-couplings\\\/hymax-long-body\\\/#breadcrumb\",\"itemListElement\":[{\"@type\":\"ListItem\",\"position\":1,\"name\":\"Home\",\"item\":\"https:\\\/\\\/krausz.com\\\/\"},{\"@type\":\"ListItem\",\"position\":2,\"name\":\"Des Gammes De Produits\",\"item\":\"https:\\\/\\\/krausz.com\\\/products-main\\\/\"},{\"@type\":\"ListItem\",\"position\":3,\"name\":\"HYMAX\u00ae &#8211; RACCORDS DE COUPLAGE DE GRAND DIAM\u00c8TRE\",\"item\":\"https:\\\/\\\/krausz.com\\\/products-main\\\/hymax-large-diameter-couplings\\\/\"},{\"@type\":\"ListItem\",\"position\":4,\"name\":\"HYMAX \u00c0 CORPS LONG ET DE GRAND DIAM\u00c8TRE\"}]},{\"@type\":\"WebSite\",\"@id\":\"https:\\\/\\\/krausz.com\\\/#website\",\"url\":\"https:\\\/\\\/krausz.com\\\/\",\"name\":\"Krausz Industries\",\"description\":\"Repair the past. Connect the future\",\"potentialAction\":[{\"@type\":\"SearchAction\",\"target\":{\"@type\":\"EntryPoint\",\"urlTemplate\":\"https:\\\/\\\/krausz.com\\\/?s={search_term_string}\"},\"query-input\":{\"@type\":\"PropertyValueSpecification\",\"valueRequired\":true,\"valueName\":\"search_term_string\"}}],\"inLanguage\":\"fr-CA\"}]}<\/script>\n<!-- \/ Yoast SEO plugin. -->","yoast_head_json":{"title":"HYMAX \u00c0 CORPS LONG ET DE GRAND DIAM\u00c8TRE - Krausz Industries","robots":{"index":"index","follow":"follow","max-snippet":"max-snippet:-1","max-image-preview":"max-image-preview:large","max-video-preview":"max-video-preview:-1"},"canonical":"https:\/\/krausz.com\/products-main\/hymax-large-diameter-couplings\/hymax-long-body\/","og_locale":"fr_CA","og_type":"article","og_title":"HYMAX \u00c0 CORPS LONG ET DE GRAND DIAM\u00c8TRE - Krausz Industries","og_description":"Le raccord de couplage \u00e0 corps long\u00a0 HYMAX \u00e0 large plage de tol\u00e9rance, utilis\u00e9 pour le remplacement de tron\u00e7ons de canalisation, raccorde deux canalisations de diam\u00e8tres et de mat\u00e9riaux semblables ou diff\u00e9rents, couvrant un \u00e9cart plus grand entre les canalisations, avec une(\u05dc\u05d4\u05de\u05e9\u05da \u05e7\u05e8\u05d9\u05d0\u05d4...)","og_url":"https:\/\/krausz.com\/products-main\/hymax-large-diameter-couplings\/hymax-long-body\/","og_site_name":"Krausz Industries","article_modified_time":"2020-12-27T09:25:53+00:00","og_image":[{"width":200,"height":200,"url":"https:\/\/krausz.com\/wp-content\/uploads\/2016\/03\/231.png","type":"image\/png"}],"twitter_card":"summary_large_image","twitter_misc":{"Estimation du temps de lecture":"1 minute"},"schema":{"@context":"https:\/\/schema.org","@graph":[{"@type":"WebPage","@id":"https:\/\/krausz.com\/products-main\/hymax-large-diameter-couplings\/hymax-long-body\/","url":"https:\/\/krausz.com\/products-main\/hymax-large-diameter-couplings\/hymax-long-body\/","name":"HYMAX \u00c0 CORPS LONG ET DE GRAND DIAM\u00c8TRE - Krausz Industries","isPartOf":{"@id":"https:\/\/krausz.com\/#website"},"primaryImageOfPage":{"@id":"https:\/\/krausz.com\/products-main\/hymax-large-diameter-couplings\/hymax-long-body\/#primaryimage"},"image":{"@id":"https:\/\/krausz.com\/products-main\/hymax-large-diameter-couplings\/hymax-long-body\/#primaryimage"},"thumbnailUrl":"https:\/\/krausz.com\/wp-content\/uploads\/2016\/03\/231.png","datePublished":"2019-02-27T10:10:26+00:00","dateModified":"2020-12-27T09:25:53+00:00","breadcrumb":{"@id":"https:\/\/krausz.com\/products-main\/hymax-large-diameter-couplings\/hymax-long-body\/#breadcrumb"},"inLanguage":"fr-CA","potentialAction":[{"@type":"ReadAction","target":["https:\/\/krausz.com\/products-main\/hymax-large-diameter-couplings\/hymax-long-body\/"]}]},{"@type":"ImageObject","inLanguage":"fr-CA","@id":"https:\/\/krausz.com\/products-main\/hymax-large-diameter-couplings\/hymax-long-body\/#primaryimage","url":"https:\/\/krausz.com\/wp-content\/uploads\/2016\/03\/231.png","contentUrl":"https:\/\/krausz.com\/wp-content\/uploads\/2016\/03\/231.png","width":200,"height":200},{"@type":"BreadcrumbList","@id":"https:\/\/krausz.com\/products-main\/hymax-large-diameter-couplings\/hymax-long-body\/#breadcrumb","itemListElement":[{"@type":"ListItem","position":1,"name":"Home","item":"https:\/\/krausz.com\/"},{"@type":"ListItem","position":2,"name":"Des Gammes De Produits","item":"https:\/\/krausz.com\/products-main\/"},{"@type":"ListItem","position":3,"name":"HYMAX\u00ae &#8211; RACCORDS DE COUPLAGE DE GRAND DIAM\u00c8TRE","item":"https:\/\/krausz.com\/products-main\/hymax-large-diameter-couplings\/"},{"@type":"ListItem","position":4,"name":"HYMAX \u00c0 CORPS LONG ET DE GRAND DIAM\u00c8TRE"}]},{"@type":"WebSite","@id":"https:\/\/krausz.com\/#website","url":"https:\/\/krausz.com\/","name":"Krausz Industries","description":"Repair the past. Connect the future","potentialAction":[{"@type":"SearchAction","target":{"@type":"EntryPoint","urlTemplate":"https:\/\/krausz.com\/?s={search_term_string}"},"query-input":{"@type":"PropertyValueSpecification","valueRequired":true,"valueName":"search_term_string"}}],"inLanguage":"fr-CA"}]}},"_links":{"self":[{"href":"https:\/\/krausz.com\/fr\/wp-json\/wp\/v2\/pages\/10579","targetHints":{"allow":["GET"]}}],"collection":[{"href":"https:\/\/krausz.com\/fr\/wp-json\/wp\/v2\/pages"}],"about":[{"href":"https:\/\/krausz.com\/fr\/wp-json\/wp\/v2\/types\/page"}],"author":[{"embeddable":true,"href":"https:\/\/krausz.com\/fr\/wp-json\/wp\/v2\/users\/1"}],"replies":[{"embeddable":true,"href":"https:\/\/krausz.com\/fr\/wp-json\/wp\/v2\/comments?post=10579"}],"version-history":[{"count":3,"href":"https:\/\/krausz.com\/fr\/wp-json\/wp\/v2\/pages\/10579\/revisions"}],"predecessor-version":[{"id":10588,"href":"https:\/\/krausz.com\/fr\/wp-json\/wp\/v2\/pages\/10579\/revisions\/10588"}],"up":[{"embeddable":true,"href":"https:\/\/krausz.com\/fr\/wp-json\/wp\/v2\/pages\/10552"}],"wp:featuredmedia":[{"embeddable":true,"href":"https:\/\/krausz.com\/fr\/wp-json\/wp\/v2\/media\/3750"}],"wp:attachment":[{"href":"https:\/\/krausz.com\/fr\/wp-json\/wp\/v2\/media?parent=10579"}],"curies":[{"name":"wp","href":"https:\/\/api.w.org\/{rel}","templated":true}]}}