{"id":10584,"date":"2019-02-27T12:02:04","date_gmt":"2019-02-27T10:02:04","guid":{"rendered":"https:\/\/krausz.com\/fr\/hymax-large-diameter-couplings\/hymax-coupling-2\/"},"modified":"2021-01-11T10:43:49","modified_gmt":"2021-01-11T08:43:49","slug":"hymax-couplage-canalisation-2","status":"publish","type":"page","link":"https:\/\/krausz.com\/fr\/produits-main\/raccord-couplage-hymax-grand-diametre\/hymax-couplage-canalisation-2\/","title":{"rendered":"HYMAX RACCORD DE COUPLAGE DE GRAND DIAM\u00c8TRE"},"content":{"rendered":"<p><span style=\"font-weight: 400;\">Le raccord de couplage HYMAX \u00e0 large plage de tol\u00e9rance, utilis\u00e9 pour le renouvellement de canalisations, raccorde deux canalisations de diam\u00e8tres ext\u00e9rieurs et de mat\u00e9riaux semblables ou diff\u00e9rents, avec une plage de 54 mm max.\u00a0<\/span><\/p>\n<p><span style=\"font-weight: 400;\">Les diam\u00e8tres 350 mm &#8211; 600 mm sont standards et les diam\u00e8tres 650 mm \u2013 1500 mm sont fabriqu\u00e9s sur commande. Contactez Krausz pour plus de d\u00e9tails.<\/span><\/p>\n<p><b>REMARQUE : <\/b><b>LES PRODUITS DE GRAND DIAM\u00c8TRE DN 350 \u00c0 DN 1500 UTILISENT TOUJOURS LE DOUBLE JOINT D\u00c9TACHABLE.<\/b><b>\u00a0<\/b><\/p>\n<p>&nbsp;<\/p>\n","protected":false},"excerpt":{"rendered":"<p>Le raccord de couplage HYMAX \u00e0 large plage de tol\u00e9rance, utilis\u00e9 pour le renouvellement de canalisations, raccorde deux canalisations de diam\u00e8tres ext\u00e9rieurs et de mat\u00e9riaux semblables ou diff\u00e9rents, avec une plage de 54 mm max.\u00a0 Les diam\u00e8tres 350 mm &#8211; 600 mm<\/p>\n<div class=\"view-full-post\"><a href=\"https:\/\/krausz.com\/fr\/produits-main\/raccord-couplage-hymax-grand-diametre\/hymax-couplage-canalisation-2\/\" class=\"view-full-post-btn\">(\u05dc\u05d4\u05de\u05e9\u05da \u05e7\u05e8\u05d9\u05d0\u05d4&#8230;)<\/a><\/div>\n","protected":false},"author":1,"featured_media":4965,"parent":10552,"menu_order":6,"comment_status":"closed","ping_status":"closed","template":"templates\/product-child.php","meta":{"inline_featured_image":false,"footnotes":""},"class_list":["post-10584","page","type-page","status-publish","has-post-thumbnail","hentry"],"yoast_head":"<!-- This site is optimized with the Yoast SEO plugin v27.4 - https:\/\/yoast.com\/product\/yoast-seo-wordpress\/ -->\n<title>HYMAX RACCORD DE COUPLAGE DE GRAND DIAM\u00c8TRE - Krausz Industries<\/title>\n<meta name=\"robots\" content=\"index, follow, max-snippet:-1, max-image-preview:large, max-video-preview:-1\" \/>\n<link rel=\"canonical\" href=\"https:\/\/krausz.com\/products-main\/hymax-large-diameter-couplings\/hymax-coupling-2\/\" \/>\n<meta property=\"og:locale\" content=\"fr_CA\" \/>\n<meta property=\"og:type\" content=\"article\" \/>\n<meta property=\"og:title\" content=\"HYMAX RACCORD DE COUPLAGE DE GRAND DIAM\u00c8TRE - Krausz Industries\" \/>\n<meta property=\"og:description\" content=\"Le raccord de couplage HYMAX \u00e0 large plage de tol\u00e9rance, utilis\u00e9 pour le renouvellement de canalisations, raccorde deux canalisations de diam\u00e8tres ext\u00e9rieurs et de mat\u00e9riaux semblables ou diff\u00e9rents, avec une plage de 54 mm max.\u00a0 Les diam\u00e8tres 350 mm &#8211; 600 mm(\u05dc\u05d4\u05de\u05e9\u05da \u05e7\u05e8\u05d9\u05d0\u05d4...)\" \/>\n<meta property=\"og:url\" content=\"https:\/\/krausz.com\/products-main\/hymax-large-diameter-couplings\/hymax-coupling-2\/\" \/>\n<meta property=\"og:site_name\" content=\"Krausz Industries\" \/>\n<meta property=\"article:modified_time\" content=\"2021-01-11T08:43:49+00:00\" \/>\n<meta property=\"og:image\" content=\"https:\/\/krausz.com\/wp-content\/uploads\/2015\/12\/Sept.-2014-KC-Doug-TipsTricks-hymax-large-cast.jpg\" \/>\n\t<meta property=\"og:image:width\" content=\"167\" \/>\n\t<meta property=\"og:image:height\" content=\"200\" \/>\n\t<meta property=\"og:image:type\" content=\"image\/jpeg\" \/>\n<meta name=\"twitter:card\" content=\"summary_large_image\" \/>\n<script type=\"application\/ld+json\" class=\"yoast-schema-graph\">{\"@context\":\"https:\\\/\\\/schema.org\",\"@graph\":[{\"@type\":\"WebPage\",\"@id\":\"https:\\\/\\\/krausz.com\\\/products-main\\\/hymax-large-diameter-couplings\\\/hymax-coupling-2\\\/\",\"url\":\"https:\\\/\\\/krausz.com\\\/products-main\\\/hymax-large-diameter-couplings\\\/hymax-coupling-2\\\/\",\"name\":\"HYMAX RACCORD DE COUPLAGE DE GRAND DIAM\u00c8TRE - Krausz Industries\",\"isPartOf\":{\"@id\":\"https:\\\/\\\/krausz.com\\\/#website\"},\"primaryImageOfPage\":{\"@id\":\"https:\\\/\\\/krausz.com\\\/products-main\\\/hymax-large-diameter-couplings\\\/hymax-coupling-2\\\/#primaryimage\"},\"image\":{\"@id\":\"https:\\\/\\\/krausz.com\\\/products-main\\\/hymax-large-diameter-couplings\\\/hymax-coupling-2\\\/#primaryimage\"},\"thumbnailUrl\":\"https:\\\/\\\/krausz.com\\\/wp-content\\\/uploads\\\/2015\\\/12\\\/Sept.-2014-KC-Doug-TipsTricks-hymax-large-cast.jpg\",\"datePublished\":\"2019-02-27T10:02:04+00:00\",\"dateModified\":\"2021-01-11T08:43:49+00:00\",\"breadcrumb\":{\"@id\":\"https:\\\/\\\/krausz.com\\\/products-main\\\/hymax-large-diameter-couplings\\\/hymax-coupling-2\\\/#breadcrumb\"},\"inLanguage\":\"fr-CA\",\"potentialAction\":[{\"@type\":\"ReadAction\",\"target\":[\"https:\\\/\\\/krausz.com\\\/products-main\\\/hymax-large-diameter-couplings\\\/hymax-coupling-2\\\/\"]}]},{\"@type\":\"ImageObject\",\"inLanguage\":\"fr-CA\",\"@id\":\"https:\\\/\\\/krausz.com\\\/products-main\\\/hymax-large-diameter-couplings\\\/hymax-coupling-2\\\/#primaryimage\",\"url\":\"https:\\\/\\\/krausz.com\\\/wp-content\\\/uploads\\\/2015\\\/12\\\/Sept.-2014-KC-Doug-TipsTricks-hymax-large-cast.jpg\",\"contentUrl\":\"https:\\\/\\\/krausz.com\\\/wp-content\\\/uploads\\\/2015\\\/12\\\/Sept.-2014-KC-Doug-TipsTricks-hymax-large-cast.jpg\",\"width\":167,\"height\":200},{\"@type\":\"BreadcrumbList\",\"@id\":\"https:\\\/\\\/krausz.com\\\/products-main\\\/hymax-large-diameter-couplings\\\/hymax-coupling-2\\\/#breadcrumb\",\"itemListElement\":[{\"@type\":\"ListItem\",\"position\":1,\"name\":\"Home\",\"item\":\"https:\\\/\\\/krausz.com\\\/\"},{\"@type\":\"ListItem\",\"position\":2,\"name\":\"Des Gammes De Produits\",\"item\":\"https:\\\/\\\/krausz.com\\\/products-main\\\/\"},{\"@type\":\"ListItem\",\"position\":3,\"name\":\"HYMAX\u00ae &#8211; RACCORDS DE COUPLAGE DE GRAND DIAM\u00c8TRE\",\"item\":\"https:\\\/\\\/krausz.com\\\/products-main\\\/hymax-large-diameter-couplings\\\/\"},{\"@type\":\"ListItem\",\"position\":4,\"name\":\"HYMAX RACCORD DE COUPLAGE DE GRAND DIAM\u00c8TRE\"}]},{\"@type\":\"WebSite\",\"@id\":\"https:\\\/\\\/krausz.com\\\/#website\",\"url\":\"https:\\\/\\\/krausz.com\\\/\",\"name\":\"Krausz Industries\",\"description\":\"Repair the past. Connect the future\",\"potentialAction\":[{\"@type\":\"SearchAction\",\"target\":{\"@type\":\"EntryPoint\",\"urlTemplate\":\"https:\\\/\\\/krausz.com\\\/?s={search_term_string}\"},\"query-input\":{\"@type\":\"PropertyValueSpecification\",\"valueRequired\":true,\"valueName\":\"search_term_string\"}}],\"inLanguage\":\"fr-CA\"}]}<\/script>\n<!-- \/ Yoast SEO plugin. -->","yoast_head_json":{"title":"HYMAX RACCORD DE COUPLAGE DE GRAND DIAM\u00c8TRE - Krausz Industries","robots":{"index":"index","follow":"follow","max-snippet":"max-snippet:-1","max-image-preview":"max-image-preview:large","max-video-preview":"max-video-preview:-1"},"canonical":"https:\/\/krausz.com\/products-main\/hymax-large-diameter-couplings\/hymax-coupling-2\/","og_locale":"fr_CA","og_type":"article","og_title":"HYMAX RACCORD DE COUPLAGE DE GRAND DIAM\u00c8TRE - Krausz Industries","og_description":"Le raccord de couplage HYMAX \u00e0 large plage de tol\u00e9rance, utilis\u00e9 pour le renouvellement de canalisations, raccorde deux canalisations de diam\u00e8tres ext\u00e9rieurs et de mat\u00e9riaux semblables ou diff\u00e9rents, avec une plage de 54 mm max.\u00a0 Les diam\u00e8tres 350 mm &#8211; 600 mm(\u05dc\u05d4\u05de\u05e9\u05da \u05e7\u05e8\u05d9\u05d0\u05d4...)","og_url":"https:\/\/krausz.com\/products-main\/hymax-large-diameter-couplings\/hymax-coupling-2\/","og_site_name":"Krausz Industries","article_modified_time":"2021-01-11T08:43:49+00:00","og_image":[{"width":167,"height":200,"url":"https:\/\/krausz.com\/wp-content\/uploads\/2015\/12\/Sept.-2014-KC-Doug-TipsTricks-hymax-large-cast.jpg","type":"image\/jpeg"}],"twitter_card":"summary_large_image","schema":{"@context":"https:\/\/schema.org","@graph":[{"@type":"WebPage","@id":"https:\/\/krausz.com\/products-main\/hymax-large-diameter-couplings\/hymax-coupling-2\/","url":"https:\/\/krausz.com\/products-main\/hymax-large-diameter-couplings\/hymax-coupling-2\/","name":"HYMAX RACCORD DE COUPLAGE DE GRAND DIAM\u00c8TRE - Krausz Industries","isPartOf":{"@id":"https:\/\/krausz.com\/#website"},"primaryImageOfPage":{"@id":"https:\/\/krausz.com\/products-main\/hymax-large-diameter-couplings\/hymax-coupling-2\/#primaryimage"},"image":{"@id":"https:\/\/krausz.com\/products-main\/hymax-large-diameter-couplings\/hymax-coupling-2\/#primaryimage"},"thumbnailUrl":"https:\/\/krausz.com\/wp-content\/uploads\/2015\/12\/Sept.-2014-KC-Doug-TipsTricks-hymax-large-cast.jpg","datePublished":"2019-02-27T10:02:04+00:00","dateModified":"2021-01-11T08:43:49+00:00","breadcrumb":{"@id":"https:\/\/krausz.com\/products-main\/hymax-large-diameter-couplings\/hymax-coupling-2\/#breadcrumb"},"inLanguage":"fr-CA","potentialAction":[{"@type":"ReadAction","target":["https:\/\/krausz.com\/products-main\/hymax-large-diameter-couplings\/hymax-coupling-2\/"]}]},{"@type":"ImageObject","inLanguage":"fr-CA","@id":"https:\/\/krausz.com\/products-main\/hymax-large-diameter-couplings\/hymax-coupling-2\/#primaryimage","url":"https:\/\/krausz.com\/wp-content\/uploads\/2015\/12\/Sept.-2014-KC-Doug-TipsTricks-hymax-large-cast.jpg","contentUrl":"https:\/\/krausz.com\/wp-content\/uploads\/2015\/12\/Sept.-2014-KC-Doug-TipsTricks-hymax-large-cast.jpg","width":167,"height":200},{"@type":"BreadcrumbList","@id":"https:\/\/krausz.com\/products-main\/hymax-large-diameter-couplings\/hymax-coupling-2\/#breadcrumb","itemListElement":[{"@type":"ListItem","position":1,"name":"Home","item":"https:\/\/krausz.com\/"},{"@type":"ListItem","position":2,"name":"Des Gammes De Produits","item":"https:\/\/krausz.com\/products-main\/"},{"@type":"ListItem","position":3,"name":"HYMAX\u00ae &#8211; RACCORDS DE COUPLAGE DE GRAND DIAM\u00c8TRE","item":"https:\/\/krausz.com\/products-main\/hymax-large-diameter-couplings\/"},{"@type":"ListItem","position":4,"name":"HYMAX RACCORD DE COUPLAGE DE GRAND DIAM\u00c8TRE"}]},{"@type":"WebSite","@id":"https:\/\/krausz.com\/#website","url":"https:\/\/krausz.com\/","name":"Krausz Industries","description":"Repair the past. Connect the future","potentialAction":[{"@type":"SearchAction","target":{"@type":"EntryPoint","urlTemplate":"https:\/\/krausz.com\/?s={search_term_string}"},"query-input":{"@type":"PropertyValueSpecification","valueRequired":true,"valueName":"search_term_string"}}],"inLanguage":"fr-CA"}]}},"_links":{"self":[{"href":"https:\/\/krausz.com\/fr\/wp-json\/wp\/v2\/pages\/10584","targetHints":{"allow":["GET"]}}],"collection":[{"href":"https:\/\/krausz.com\/fr\/wp-json\/wp\/v2\/pages"}],"about":[{"href":"https:\/\/krausz.com\/fr\/wp-json\/wp\/v2\/types\/page"}],"author":[{"embeddable":true,"href":"https:\/\/krausz.com\/fr\/wp-json\/wp\/v2\/users\/1"}],"replies":[{"embeddable":true,"href":"https:\/\/krausz.com\/fr\/wp-json\/wp\/v2\/comments?post=10584"}],"version-history":[{"count":4,"href":"https:\/\/krausz.com\/fr\/wp-json\/wp\/v2\/pages\/10584\/revisions"}],"predecessor-version":[{"id":11352,"href":"https:\/\/krausz.com\/fr\/wp-json\/wp\/v2\/pages\/10584\/revisions\/11352"}],"up":[{"embeddable":true,"href":"https:\/\/krausz.com\/fr\/wp-json\/wp\/v2\/pages\/10552"}],"wp:featuredmedia":[{"embeddable":true,"href":"https:\/\/krausz.com\/fr\/wp-json\/wp\/v2\/media\/4965"}],"wp:attachment":[{"href":"https:\/\/krausz.com\/fr\/wp-json\/wp\/v2\/media?parent=10584"}],"curies":[{"name":"wp","href":"https:\/\/api.w.org\/{rel}","templated":true}]}}