{"id":10586,"date":"2019-02-27T12:09:45","date_gmt":"2019-02-27T10:09:45","guid":{"rendered":"https:\/\/krausz.com\/fr\/hymax-large-diameter-couplings\/hymax-flange-adaptor\/"},"modified":"2020-12-27T11:24:12","modified_gmt":"2020-12-27T09:24:12","slug":"hymax-adaptateur-a-bride","status":"publish","type":"page","link":"https:\/\/krausz.com\/fr\/produits-main\/raccord-couplage-hymax-grand-diametre\/hymax-adaptateur-a-bride\/","title":{"rendered":"HYMAX &#8211; ADAPTATEUR \u00c0 BRIDE DE GRAND DIAM\u00c8TRE"},"content":{"rendered":"<p><span style=\"font-weight: 400;\">L&rsquo;adaptateur \u00e0 bride HYMAX \u00e0 large plage de tol\u00e9rance raccorde tout \u00e9quipement \u00e0 bride, comme les vannes, les pompes et autres, \u00e0 une vari\u00e9t\u00e9 de diam\u00e8tres et de mat\u00e9riaux de canalisation. Les diam\u00e8tres de 350 mm \u00e0 600 mm sont standards et les diam\u00e8tres de 650 mm \u00e0 1500 mm sont fabriqu\u00e9s sur commande. Contactez Krausz pour plus de d\u00e9tails.<\/span><\/p>\n<p><b>REMARQUE : <\/b><b>LES PRODUITS HYMAX DE DIAM\u00c8TRE 40 MM ET DE GRAND DIAM\u00c8TRE DN 350 \u00c0 DN 1500 UTILISENT TOUJOURS LE DOUBLE JOINT D\u00c9TACHABLE.<\/b><b>\u00a0<\/b><\/p>\n","protected":false},"excerpt":{"rendered":"<p>26\u201d \u2013 60\u201d MTO (Made To Order). Contact Krausz For Details.<\/p>\n","protected":false},"author":1,"featured_media":3635,"parent":10552,"menu_order":7,"comment_status":"closed","ping_status":"closed","template":"templates\/product-child.php","meta":{"inline_featured_image":false,"footnotes":""},"class_list":["post-10586","page","type-page","status-publish","has-post-thumbnail","hentry"],"yoast_head":"<!-- This site is optimized with the Yoast SEO plugin v27.4 - https:\/\/yoast.com\/product\/yoast-seo-wordpress\/ -->\n<title>HYMAX - ADAPTATEUR \u00c0 BRIDE DE GRAND DIAM\u00c8TRE - Krausz Industries<\/title>\n<meta name=\"robots\" content=\"index, follow, max-snippet:-1, max-image-preview:large, max-video-preview:-1\" \/>\n<link rel=\"canonical\" href=\"https:\/\/krausz.com\/products-main\/hymax-large-diameter-couplings\/hymax-flange-adaptor\/\" \/>\n<meta property=\"og:locale\" content=\"fr_CA\" \/>\n<meta property=\"og:type\" content=\"article\" \/>\n<meta property=\"og:title\" content=\"HYMAX - ADAPTATEUR \u00c0 BRIDE DE GRAND DIAM\u00c8TRE - Krausz Industries\" \/>\n<meta property=\"og:description\" content=\"26\u201d \u2013 60\u201d MTO (Made To Order). Contact Krausz For Details.\" \/>\n<meta property=\"og:url\" content=\"https:\/\/krausz.com\/products-main\/hymax-large-diameter-couplings\/hymax-flange-adaptor\/\" \/>\n<meta property=\"og:site_name\" content=\"Krausz Industries\" \/>\n<meta property=\"article:modified_time\" content=\"2020-12-27T09:24:12+00:00\" \/>\n<meta property=\"og:image\" content=\"https:\/\/krausz.com\/wp-content\/uploads\/2016\/03\/15.png\" \/>\n\t<meta property=\"og:image:width\" content=\"200\" \/>\n\t<meta property=\"og:image:height\" content=\"200\" \/>\n\t<meta property=\"og:image:type\" content=\"image\/png\" \/>\n<meta name=\"twitter:card\" content=\"summary_large_image\" \/>\n<script type=\"application\/ld+json\" class=\"yoast-schema-graph\">{\"@context\":\"https:\\\/\\\/schema.org\",\"@graph\":[{\"@type\":\"WebPage\",\"@id\":\"https:\\\/\\\/krausz.com\\\/products-main\\\/hymax-large-diameter-couplings\\\/hymax-flange-adaptor\\\/\",\"url\":\"https:\\\/\\\/krausz.com\\\/products-main\\\/hymax-large-diameter-couplings\\\/hymax-flange-adaptor\\\/\",\"name\":\"HYMAX - ADAPTATEUR \u00c0 BRIDE DE GRAND DIAM\u00c8TRE - Krausz Industries\",\"isPartOf\":{\"@id\":\"https:\\\/\\\/krausz.com\\\/#website\"},\"primaryImageOfPage\":{\"@id\":\"https:\\\/\\\/krausz.com\\\/products-main\\\/hymax-large-diameter-couplings\\\/hymax-flange-adaptor\\\/#primaryimage\"},\"image\":{\"@id\":\"https:\\\/\\\/krausz.com\\\/products-main\\\/hymax-large-diameter-couplings\\\/hymax-flange-adaptor\\\/#primaryimage\"},\"thumbnailUrl\":\"https:\\\/\\\/krausz.com\\\/wp-content\\\/uploads\\\/2016\\\/03\\\/15.png\",\"datePublished\":\"2019-02-27T10:09:45+00:00\",\"dateModified\":\"2020-12-27T09:24:12+00:00\",\"breadcrumb\":{\"@id\":\"https:\\\/\\\/krausz.com\\\/products-main\\\/hymax-large-diameter-couplings\\\/hymax-flange-adaptor\\\/#breadcrumb\"},\"inLanguage\":\"fr-CA\",\"potentialAction\":[{\"@type\":\"ReadAction\",\"target\":[\"https:\\\/\\\/krausz.com\\\/products-main\\\/hymax-large-diameter-couplings\\\/hymax-flange-adaptor\\\/\"]}]},{\"@type\":\"ImageObject\",\"inLanguage\":\"fr-CA\",\"@id\":\"https:\\\/\\\/krausz.com\\\/products-main\\\/hymax-large-diameter-couplings\\\/hymax-flange-adaptor\\\/#primaryimage\",\"url\":\"https:\\\/\\\/krausz.com\\\/wp-content\\\/uploads\\\/2016\\\/03\\\/15.png\",\"contentUrl\":\"https:\\\/\\\/krausz.com\\\/wp-content\\\/uploads\\\/2016\\\/03\\\/15.png\",\"width\":200,\"height\":200},{\"@type\":\"BreadcrumbList\",\"@id\":\"https:\\\/\\\/krausz.com\\\/products-main\\\/hymax-large-diameter-couplings\\\/hymax-flange-adaptor\\\/#breadcrumb\",\"itemListElement\":[{\"@type\":\"ListItem\",\"position\":1,\"name\":\"Home\",\"item\":\"https:\\\/\\\/krausz.com\\\/\"},{\"@type\":\"ListItem\",\"position\":2,\"name\":\"Des Gammes De Produits\",\"item\":\"https:\\\/\\\/krausz.com\\\/products-main\\\/\"},{\"@type\":\"ListItem\",\"position\":3,\"name\":\"HYMAX\u00ae &#8211; RACCORDS DE COUPLAGE DE GRAND DIAM\u00c8TRE\",\"item\":\"https:\\\/\\\/krausz.com\\\/products-main\\\/hymax-large-diameter-couplings\\\/\"},{\"@type\":\"ListItem\",\"position\":4,\"name\":\"HYMAX &#8211; ADAPTATEUR \u00c0 BRIDE DE GRAND DIAM\u00c8TRE\"}]},{\"@type\":\"WebSite\",\"@id\":\"https:\\\/\\\/krausz.com\\\/#website\",\"url\":\"https:\\\/\\\/krausz.com\\\/\",\"name\":\"Krausz Industries\",\"description\":\"Repair the past. Connect the future\",\"potentialAction\":[{\"@type\":\"SearchAction\",\"target\":{\"@type\":\"EntryPoint\",\"urlTemplate\":\"https:\\\/\\\/krausz.com\\\/?s={search_term_string}\"},\"query-input\":{\"@type\":\"PropertyValueSpecification\",\"valueRequired\":true,\"valueName\":\"search_term_string\"}}],\"inLanguage\":\"fr-CA\"}]}<\/script>\n<!-- \/ Yoast SEO plugin. -->","yoast_head_json":{"title":"HYMAX - ADAPTATEUR \u00c0 BRIDE DE GRAND DIAM\u00c8TRE - Krausz Industries","robots":{"index":"index","follow":"follow","max-snippet":"max-snippet:-1","max-image-preview":"max-image-preview:large","max-video-preview":"max-video-preview:-1"},"canonical":"https:\/\/krausz.com\/products-main\/hymax-large-diameter-couplings\/hymax-flange-adaptor\/","og_locale":"fr_CA","og_type":"article","og_title":"HYMAX - ADAPTATEUR \u00c0 BRIDE DE GRAND DIAM\u00c8TRE - Krausz Industries","og_description":"26\u201d \u2013 60\u201d MTO (Made To Order). Contact Krausz For Details.","og_url":"https:\/\/krausz.com\/products-main\/hymax-large-diameter-couplings\/hymax-flange-adaptor\/","og_site_name":"Krausz Industries","article_modified_time":"2020-12-27T09:24:12+00:00","og_image":[{"width":200,"height":200,"url":"https:\/\/krausz.com\/wp-content\/uploads\/2016\/03\/15.png","type":"image\/png"}],"twitter_card":"summary_large_image","schema":{"@context":"https:\/\/schema.org","@graph":[{"@type":"WebPage","@id":"https:\/\/krausz.com\/products-main\/hymax-large-diameter-couplings\/hymax-flange-adaptor\/","url":"https:\/\/krausz.com\/products-main\/hymax-large-diameter-couplings\/hymax-flange-adaptor\/","name":"HYMAX - ADAPTATEUR \u00c0 BRIDE DE GRAND DIAM\u00c8TRE - Krausz Industries","isPartOf":{"@id":"https:\/\/krausz.com\/#website"},"primaryImageOfPage":{"@id":"https:\/\/krausz.com\/products-main\/hymax-large-diameter-couplings\/hymax-flange-adaptor\/#primaryimage"},"image":{"@id":"https:\/\/krausz.com\/products-main\/hymax-large-diameter-couplings\/hymax-flange-adaptor\/#primaryimage"},"thumbnailUrl":"https:\/\/krausz.com\/wp-content\/uploads\/2016\/03\/15.png","datePublished":"2019-02-27T10:09:45+00:00","dateModified":"2020-12-27T09:24:12+00:00","breadcrumb":{"@id":"https:\/\/krausz.com\/products-main\/hymax-large-diameter-couplings\/hymax-flange-adaptor\/#breadcrumb"},"inLanguage":"fr-CA","potentialAction":[{"@type":"ReadAction","target":["https:\/\/krausz.com\/products-main\/hymax-large-diameter-couplings\/hymax-flange-adaptor\/"]}]},{"@type":"ImageObject","inLanguage":"fr-CA","@id":"https:\/\/krausz.com\/products-main\/hymax-large-diameter-couplings\/hymax-flange-adaptor\/#primaryimage","url":"https:\/\/krausz.com\/wp-content\/uploads\/2016\/03\/15.png","contentUrl":"https:\/\/krausz.com\/wp-content\/uploads\/2016\/03\/15.png","width":200,"height":200},{"@type":"BreadcrumbList","@id":"https:\/\/krausz.com\/products-main\/hymax-large-diameter-couplings\/hymax-flange-adaptor\/#breadcrumb","itemListElement":[{"@type":"ListItem","position":1,"name":"Home","item":"https:\/\/krausz.com\/"},{"@type":"ListItem","position":2,"name":"Des Gammes De Produits","item":"https:\/\/krausz.com\/products-main\/"},{"@type":"ListItem","position":3,"name":"HYMAX\u00ae &#8211; RACCORDS DE COUPLAGE DE GRAND DIAM\u00c8TRE","item":"https:\/\/krausz.com\/products-main\/hymax-large-diameter-couplings\/"},{"@type":"ListItem","position":4,"name":"HYMAX &#8211; ADAPTATEUR \u00c0 BRIDE DE GRAND DIAM\u00c8TRE"}]},{"@type":"WebSite","@id":"https:\/\/krausz.com\/#website","url":"https:\/\/krausz.com\/","name":"Krausz Industries","description":"Repair the past. Connect the future","potentialAction":[{"@type":"SearchAction","target":{"@type":"EntryPoint","urlTemplate":"https:\/\/krausz.com\/?s={search_term_string}"},"query-input":{"@type":"PropertyValueSpecification","valueRequired":true,"valueName":"search_term_string"}}],"inLanguage":"fr-CA"}]}},"_links":{"self":[{"href":"https:\/\/krausz.com\/fr\/wp-json\/wp\/v2\/pages\/10586","targetHints":{"allow":["GET"]}}],"collection":[{"href":"https:\/\/krausz.com\/fr\/wp-json\/wp\/v2\/pages"}],"about":[{"href":"https:\/\/krausz.com\/fr\/wp-json\/wp\/v2\/types\/page"}],"author":[{"embeddable":true,"href":"https:\/\/krausz.com\/fr\/wp-json\/wp\/v2\/users\/1"}],"replies":[{"embeddable":true,"href":"https:\/\/krausz.com\/fr\/wp-json\/wp\/v2\/comments?post=10586"}],"version-history":[{"count":1,"href":"https:\/\/krausz.com\/fr\/wp-json\/wp\/v2\/pages\/10586\/revisions"}],"predecessor-version":[{"id":10587,"href":"https:\/\/krausz.com\/fr\/wp-json\/wp\/v2\/pages\/10586\/revisions\/10587"}],"up":[{"embeddable":true,"href":"https:\/\/krausz.com\/fr\/wp-json\/wp\/v2\/pages\/10552"}],"wp:featuredmedia":[{"embeddable":true,"href":"https:\/\/krausz.com\/fr\/wp-json\/wp\/v2\/media\/3635"}],"wp:attachment":[{"href":"https:\/\/krausz.com\/fr\/wp-json\/wp\/v2\/media?parent=10586"}],"curies":[{"name":"wp","href":"https:\/\/api.w.org\/{rel}","templated":true}]}}