{"id":10593,"date":"2019-02-27T12:12:24","date_gmt":"2019-02-27T10:12:24","guid":{"rendered":"https:\/\/krausz.com\/fr\/hymax-large-diameter-couplings\/hymax-threaded-outlet\/"},"modified":"2021-01-11T10:55:23","modified_gmt":"2021-01-11T08:55:23","slug":"hymax-2-bride-sortie-filetee-2","status":"publish","type":"page","link":"https:\/\/krausz.com\/fr\/produits-main\/raccord-couplage-hymax-grand-diametre\/hymax-2-bride-sortie-filetee-2\/","title":{"rendered":"HYMAX &#8211; SORTIE FILET\u00c9E DE GRAND DIAM\u00c8TRE"},"content":{"rendered":"<p><span style=\"font-weight: 400;\">L&rsquo;HYMAX \u00e0 sortie filet\u00e9e offre des solutions de sortie efficaces pour un large choix de canalisations de diam\u00e8tres diff\u00e9rents, raccordant des canalisations en mat\u00e9riaux semblables ou diff\u00e9rents, avec des diam\u00e8tres variables, jusqu&rsquo;\u00e0 une plage de 54mm.\u00a0<\/span><\/p>\n<p><b>REMARQUE :<\/b><b> LES PRODUITS HYMAX DE GRAND DIAM\u00c8TRE DN 350 \u00c0 DN 1500 UTILISENT TOUJOURS LE DOUBLE JOINT D\u00c9TACHABLE.<\/b><\/p>\n","protected":false},"excerpt":{"rendered":"<p>14\u201d \u2013 60\u201d Made To Order (MTO).  Contact Krausz for details.<\/p>\n","protected":false},"author":1,"featured_media":3800,"parent":10552,"menu_order":13,"comment_status":"closed","ping_status":"closed","template":"templates\/product-child.php","meta":{"inline_featured_image":false,"footnotes":""},"class_list":["post-10593","page","type-page","status-publish","has-post-thumbnail","hentry"],"yoast_head":"<!-- This site is optimized with the Yoast SEO plugin v27.2 - https:\/\/yoast.com\/product\/yoast-seo-wordpress\/ -->\n<title>HYMAX - SORTIE FILET\u00c9E DE GRAND DIAM\u00c8TRE - Krausz Industries<\/title>\n<meta name=\"robots\" content=\"index, follow, max-snippet:-1, max-image-preview:large, max-video-preview:-1\" \/>\n<link rel=\"canonical\" href=\"https:\/\/krausz.com\/?page_id=7886\" \/>\n<meta property=\"og:locale\" content=\"fr_CA\" \/>\n<meta property=\"og:type\" content=\"article\" \/>\n<meta property=\"og:title\" content=\"HYMAX - SORTIE FILET\u00c9E DE GRAND DIAM\u00c8TRE - Krausz Industries\" \/>\n<meta property=\"og:description\" content=\"14\u201d \u2013 60\u201d Made To Order (MTO). Contact Krausz for details.\" \/>\n<meta property=\"og:url\" content=\"https:\/\/krausz.com\/?page_id=7886\" \/>\n<meta property=\"og:site_name\" content=\"Krausz Industries\" \/>\n<meta property=\"article:modified_time\" content=\"2021-01-11T08:55:23+00:00\" \/>\n<meta property=\"og:image\" content=\"https:\/\/krausz.com\/wp-content\/uploads\/2016\/03\/3.png\" \/>\n\t<meta property=\"og:image:width\" content=\"200\" \/>\n\t<meta property=\"og:image:height\" content=\"200\" \/>\n\t<meta property=\"og:image:type\" content=\"image\/png\" \/>\n<meta name=\"twitter:card\" content=\"summary_large_image\" \/>\n<script type=\"application\/ld+json\" class=\"yoast-schema-graph\">{\"@context\":\"https:\/\/schema.org\",\"@graph\":[{\"@type\":\"WebPage\",\"@id\":\"https:\/\/krausz.com\/?page_id=7886\",\"url\":\"https:\/\/krausz.com\/?page_id=7886\",\"name\":\"HYMAX - SORTIE FILET\u00c9E DE GRAND DIAM\u00c8TRE - Krausz Industries\",\"isPartOf\":{\"@id\":\"https:\/\/krausz.com\/#website\"},\"primaryImageOfPage\":{\"@id\":\"https:\/\/krausz.com\/?page_id=7886#primaryimage\"},\"image\":{\"@id\":\"https:\/\/krausz.com\/?page_id=7886#primaryimage\"},\"thumbnailUrl\":\"https:\/\/krausz.com\/wp-content\/uploads\/2016\/03\/3.png\",\"datePublished\":\"2019-02-27T10:12:24+00:00\",\"dateModified\":\"2021-01-11T08:55:23+00:00\",\"breadcrumb\":{\"@id\":\"https:\/\/krausz.com\/?page_id=7886#breadcrumb\"},\"inLanguage\":\"fr-CA\",\"potentialAction\":[{\"@type\":\"ReadAction\",\"target\":[\"https:\/\/krausz.com\/?page_id=7886\"]}]},{\"@type\":\"ImageObject\",\"inLanguage\":\"fr-CA\",\"@id\":\"https:\/\/krausz.com\/?page_id=7886#primaryimage\",\"url\":\"https:\/\/krausz.com\/wp-content\/uploads\/2016\/03\/3.png\",\"contentUrl\":\"https:\/\/krausz.com\/wp-content\/uploads\/2016\/03\/3.png\",\"width\":200,\"height\":200},{\"@type\":\"BreadcrumbList\",\"@id\":\"https:\/\/krausz.com\/?page_id=7886#breadcrumb\",\"itemListElement\":[{\"@type\":\"ListItem\",\"position\":1,\"name\":\"Home\",\"item\":\"https:\/\/krausz.com\/\"},{\"@type\":\"ListItem\",\"position\":2,\"name\":\"Des Gammes De Produits\",\"item\":\"https:\/\/krausz.com\/products-main\/\"},{\"@type\":\"ListItem\",\"position\":3,\"name\":\"HYMAX\u00ae &#8211; RACCORDS DE COUPLAGE DE GRAND DIAM\u00c8TRE\",\"item\":\"https:\/\/krausz.com\/products-main\/hymax-large-diameter-couplings\/\"},{\"@type\":\"ListItem\",\"position\":4,\"name\":\"HYMAX &#8211; SORTIE FILET\u00c9E DE GRAND DIAM\u00c8TRE\"}]},{\"@type\":\"WebSite\",\"@id\":\"https:\/\/krausz.com\/#website\",\"url\":\"https:\/\/krausz.com\/\",\"name\":\"Krausz Industries\",\"description\":\"Repair the past. Connect the future\",\"potentialAction\":[{\"@type\":\"SearchAction\",\"target\":{\"@type\":\"EntryPoint\",\"urlTemplate\":\"https:\/\/krausz.com\/?s={search_term_string}\"},\"query-input\":{\"@type\":\"PropertyValueSpecification\",\"valueRequired\":true,\"valueName\":\"search_term_string\"}}],\"inLanguage\":\"fr-CA\"}]}<\/script>\n<!-- \/ Yoast SEO plugin. -->","yoast_head_json":{"title":"HYMAX - SORTIE FILET\u00c9E DE GRAND DIAM\u00c8TRE - Krausz Industries","robots":{"index":"index","follow":"follow","max-snippet":"max-snippet:-1","max-image-preview":"max-image-preview:large","max-video-preview":"max-video-preview:-1"},"canonical":"https:\/\/krausz.com\/?page_id=7886","og_locale":"fr_CA","og_type":"article","og_title":"HYMAX - SORTIE FILET\u00c9E DE GRAND DIAM\u00c8TRE - Krausz Industries","og_description":"14\u201d \u2013 60\u201d Made To Order (MTO). Contact Krausz for details.","og_url":"https:\/\/krausz.com\/?page_id=7886","og_site_name":"Krausz Industries","article_modified_time":"2021-01-11T08:55:23+00:00","og_image":[{"width":200,"height":200,"url":"https:\/\/krausz.com\/wp-content\/uploads\/2016\/03\/3.png","type":"image\/png"}],"twitter_card":"summary_large_image","schema":{"@context":"https:\/\/schema.org","@graph":[{"@type":"WebPage","@id":"https:\/\/krausz.com\/?page_id=7886","url":"https:\/\/krausz.com\/?page_id=7886","name":"HYMAX - SORTIE FILET\u00c9E DE GRAND DIAM\u00c8TRE - Krausz Industries","isPartOf":{"@id":"https:\/\/krausz.com\/#website"},"primaryImageOfPage":{"@id":"https:\/\/krausz.com\/?page_id=7886#primaryimage"},"image":{"@id":"https:\/\/krausz.com\/?page_id=7886#primaryimage"},"thumbnailUrl":"https:\/\/krausz.com\/wp-content\/uploads\/2016\/03\/3.png","datePublished":"2019-02-27T10:12:24+00:00","dateModified":"2021-01-11T08:55:23+00:00","breadcrumb":{"@id":"https:\/\/krausz.com\/?page_id=7886#breadcrumb"},"inLanguage":"fr-CA","potentialAction":[{"@type":"ReadAction","target":["https:\/\/krausz.com\/?page_id=7886"]}]},{"@type":"ImageObject","inLanguage":"fr-CA","@id":"https:\/\/krausz.com\/?page_id=7886#primaryimage","url":"https:\/\/krausz.com\/wp-content\/uploads\/2016\/03\/3.png","contentUrl":"https:\/\/krausz.com\/wp-content\/uploads\/2016\/03\/3.png","width":200,"height":200},{"@type":"BreadcrumbList","@id":"https:\/\/krausz.com\/?page_id=7886#breadcrumb","itemListElement":[{"@type":"ListItem","position":1,"name":"Home","item":"https:\/\/krausz.com\/"},{"@type":"ListItem","position":2,"name":"Des Gammes De Produits","item":"https:\/\/krausz.com\/products-main\/"},{"@type":"ListItem","position":3,"name":"HYMAX\u00ae &#8211; RACCORDS DE COUPLAGE DE GRAND DIAM\u00c8TRE","item":"https:\/\/krausz.com\/products-main\/hymax-large-diameter-couplings\/"},{"@type":"ListItem","position":4,"name":"HYMAX &#8211; SORTIE FILET\u00c9E DE GRAND DIAM\u00c8TRE"}]},{"@type":"WebSite","@id":"https:\/\/krausz.com\/#website","url":"https:\/\/krausz.com\/","name":"Krausz Industries","description":"Repair the past. Connect the future","potentialAction":[{"@type":"SearchAction","target":{"@type":"EntryPoint","urlTemplate":"https:\/\/krausz.com\/?s={search_term_string}"},"query-input":{"@type":"PropertyValueSpecification","valueRequired":true,"valueName":"search_term_string"}}],"inLanguage":"fr-CA"}]}},"_links":{"self":[{"href":"https:\/\/krausz.com\/fr\/wp-json\/wp\/v2\/pages\/10593","targetHints":{"allow":["GET"]}}],"collection":[{"href":"https:\/\/krausz.com\/fr\/wp-json\/wp\/v2\/pages"}],"about":[{"href":"https:\/\/krausz.com\/fr\/wp-json\/wp\/v2\/types\/page"}],"author":[{"embeddable":true,"href":"https:\/\/krausz.com\/fr\/wp-json\/wp\/v2\/users\/1"}],"replies":[{"embeddable":true,"href":"https:\/\/krausz.com\/fr\/wp-json\/wp\/v2\/comments?post=10593"}],"version-history":[{"count":2,"href":"https:\/\/krausz.com\/fr\/wp-json\/wp\/v2\/pages\/10593\/revisions"}],"predecessor-version":[{"id":11354,"href":"https:\/\/krausz.com\/fr\/wp-json\/wp\/v2\/pages\/10593\/revisions\/11354"}],"up":[{"embeddable":true,"href":"https:\/\/krausz.com\/fr\/wp-json\/wp\/v2\/pages\/10552"}],"wp:featuredmedia":[{"embeddable":true,"href":"https:\/\/krausz.com\/fr\/wp-json\/wp\/v2\/media\/3800"}],"wp:attachment":[{"href":"https:\/\/krausz.com\/fr\/wp-json\/wp\/v2\/media?parent=10593"}],"curies":[{"name":"wp","href":"https:\/\/api.w.org\/{rel}","templated":true}]}}