{"id":10599,"date":"2015-10-26T12:09:12","date_gmt":"2015-10-26T10:09:12","guid":{"rendered":"https:\/\/krausz.com\/fr\/hymax-grip-wide-range-restraint-couplings\/hymax-grip-coupling\/"},"modified":"2021-01-27T13:23:13","modified_gmt":"2021-01-27T11:23:13","slug":"hymax-grip-coupling","status":"publish","type":"page","link":"https:\/\/krausz.com\/fr\/produits-main\/raccord-verrouille-hymax-grip-large-tolerance\/hymax-grip-coupling\/","title":{"rendered":"HYMAX GRIP &#8211; MANCHON DE COUPLAGE VERROUILL\u00c9"},"content":{"rendered":"<p><span style=\"font-weight: 400;\">De nombreuses situations n\u00e9cessitent des raccords de couplage avec une puissance de verrouillage suppl\u00e9mentaire. Les produits de verrouillage de Krausz combinent la technologie brevet\u00e9e du raccord de couplage HYMAX\u00ae avec un syst\u00e8me de verrouillage unique, raccordant les extr\u00e9mit\u00e9s des canalisations emp\u00eachant tout mouvement possible. Reposant sur\u00a0 la technologie innovante brevet\u00e9e de Krausz, nos solutions de verrouillage sont adapt\u00e9es \u00e0 toutes les canalisations en m\u00e9tal et en plastique et conviennent \u00e0 une grande vari\u00e9t\u00e9 d&rsquo;applications.<\/span><\/p>\n","protected":false},"excerpt":{"rendered":"<p>De nombreuses situations n\u00e9cessitent des raccords de couplage avec une puissance de verrouillage suppl\u00e9mentaire. Les produits de verrouillage de Krausz combinent la technologie brevet\u00e9e du raccord de couplage HYMAX\u00ae avec un syst\u00e8me de verrouillage unique, raccordant les extr\u00e9mit\u00e9s des canalisations emp\u00eachant tout<\/p>\n<div class=\"view-full-post\"><a href=\"https:\/\/krausz.com\/fr\/produits-main\/raccord-verrouille-hymax-grip-large-tolerance\/hymax-grip-coupling\/\" class=\"view-full-post-btn\">(\u05dc\u05d4\u05de\u05e9\u05da \u05e7\u05e8\u05d9\u05d0\u05d4&#8230;)<\/a><\/div>\n","protected":false},"author":1,"featured_media":5915,"parent":10555,"menu_order":25,"comment_status":"closed","ping_status":"closed","template":"templates\/product-child.php","meta":{"inline_featured_image":false,"footnotes":""},"class_list":["post-10599","page","type-page","status-publish","has-post-thumbnail","hentry"],"yoast_head":"<!-- This site is optimized with the Yoast SEO plugin v27.3 - https:\/\/yoast.com\/product\/yoast-seo-wordpress\/ -->\n<title>HYMAX GRIP - MANCHON DE COUPLAGE VERROUILL\u00c9 - Krausz Industries<\/title>\n<meta name=\"robots\" content=\"index, follow, max-snippet:-1, max-image-preview:large, max-video-preview:-1\" \/>\n<link rel=\"canonical\" href=\"https:\/\/krausz.com\/products-main\/hymax-grip-wide-range-restraint-couplings\/hymax-grip-coupling\/\" \/>\n<meta property=\"og:locale\" content=\"fr_CA\" \/>\n<meta property=\"og:type\" content=\"article\" \/>\n<meta property=\"og:title\" content=\"HYMAX GRIP - MANCHON DE COUPLAGE VERROUILL\u00c9 - Krausz Industries\" \/>\n<meta property=\"og:description\" content=\"De nombreuses situations n\u00e9cessitent des raccords de couplage avec une puissance de verrouillage suppl\u00e9mentaire. Les produits de verrouillage de Krausz combinent la technologie brevet\u00e9e du raccord de couplage HYMAX\u00ae avec un syst\u00e8me de verrouillage unique, raccordant les extr\u00e9mit\u00e9s des canalisations emp\u00eachant tout(\u05dc\u05d4\u05de\u05e9\u05da \u05e7\u05e8\u05d9\u05d0\u05d4...)\" \/>\n<meta property=\"og:url\" content=\"https:\/\/krausz.com\/products-main\/hymax-grip-wide-range-restraint-couplings\/hymax-grip-coupling\/\" \/>\n<meta property=\"og:site_name\" content=\"Krausz Industries\" \/>\n<meta property=\"article:modified_time\" content=\"2021-01-27T11:23:13+00:00\" \/>\n<meta property=\"og:image\" content=\"https:\/\/krausz.com\/wp-content\/uploads\/2015\/12\/grip-Shadow200x200_2.jpg\" \/>\n\t<meta property=\"og:image:width\" content=\"200\" \/>\n\t<meta property=\"og:image:height\" content=\"200\" \/>\n\t<meta property=\"og:image:type\" content=\"image\/jpeg\" \/>\n<meta name=\"twitter:card\" content=\"summary_large_image\" \/>\n<script type=\"application\/ld+json\" class=\"yoast-schema-graph\">{\"@context\":\"https:\\\/\\\/schema.org\",\"@graph\":[{\"@type\":\"WebPage\",\"@id\":\"https:\\\/\\\/krausz.com\\\/products-main\\\/hymax-grip-wide-range-restraint-couplings\\\/hymax-grip-coupling\\\/\",\"url\":\"https:\\\/\\\/krausz.com\\\/products-main\\\/hymax-grip-wide-range-restraint-couplings\\\/hymax-grip-coupling\\\/\",\"name\":\"HYMAX GRIP - MANCHON DE COUPLAGE VERROUILL\u00c9 - Krausz Industries\",\"isPartOf\":{\"@id\":\"https:\\\/\\\/krausz.com\\\/#website\"},\"primaryImageOfPage\":{\"@id\":\"https:\\\/\\\/krausz.com\\\/products-main\\\/hymax-grip-wide-range-restraint-couplings\\\/hymax-grip-coupling\\\/#primaryimage\"},\"image\":{\"@id\":\"https:\\\/\\\/krausz.com\\\/products-main\\\/hymax-grip-wide-range-restraint-couplings\\\/hymax-grip-coupling\\\/#primaryimage\"},\"thumbnailUrl\":\"https:\\\/\\\/krausz.com\\\/wp-content\\\/uploads\\\/2015\\\/12\\\/grip-Shadow200x200_2.jpg\",\"datePublished\":\"2015-10-26T10:09:12+00:00\",\"dateModified\":\"2021-01-27T11:23:13+00:00\",\"breadcrumb\":{\"@id\":\"https:\\\/\\\/krausz.com\\\/products-main\\\/hymax-grip-wide-range-restraint-couplings\\\/hymax-grip-coupling\\\/#breadcrumb\"},\"inLanguage\":\"fr-CA\",\"potentialAction\":[{\"@type\":\"ReadAction\",\"target\":[\"https:\\\/\\\/krausz.com\\\/products-main\\\/hymax-grip-wide-range-restraint-couplings\\\/hymax-grip-coupling\\\/\"]}]},{\"@type\":\"ImageObject\",\"inLanguage\":\"fr-CA\",\"@id\":\"https:\\\/\\\/krausz.com\\\/products-main\\\/hymax-grip-wide-range-restraint-couplings\\\/hymax-grip-coupling\\\/#primaryimage\",\"url\":\"https:\\\/\\\/krausz.com\\\/wp-content\\\/uploads\\\/2015\\\/12\\\/grip-Shadow200x200_2.jpg\",\"contentUrl\":\"https:\\\/\\\/krausz.com\\\/wp-content\\\/uploads\\\/2015\\\/12\\\/grip-Shadow200x200_2.jpg\",\"width\":200,\"height\":200},{\"@type\":\"BreadcrumbList\",\"@id\":\"https:\\\/\\\/krausz.com\\\/products-main\\\/hymax-grip-wide-range-restraint-couplings\\\/hymax-grip-coupling\\\/#breadcrumb\",\"itemListElement\":[{\"@type\":\"ListItem\",\"position\":1,\"name\":\"Home\",\"item\":\"https:\\\/\\\/krausz.com\\\/\"},{\"@type\":\"ListItem\",\"position\":2,\"name\":\"Des Gammes De Produits\",\"item\":\"https:\\\/\\\/krausz.com\\\/products-main\\\/\"},{\"@type\":\"ListItem\",\"position\":3,\"name\":\"HYMAX\u00ae GRIP\",\"item\":\"https:\\\/\\\/krausz.com\\\/products-main\\\/hymax-grip-wide-range-restraint-couplings\\\/\"},{\"@type\":\"ListItem\",\"position\":4,\"name\":\"HYMAX GRIP &#8211; MANCHON DE COUPLAGE VERROUILL\u00c9\"}]},{\"@type\":\"WebSite\",\"@id\":\"https:\\\/\\\/krausz.com\\\/#website\",\"url\":\"https:\\\/\\\/krausz.com\\\/\",\"name\":\"Krausz Industries\",\"description\":\"Repair the past. Connect the future\",\"potentialAction\":[{\"@type\":\"SearchAction\",\"target\":{\"@type\":\"EntryPoint\",\"urlTemplate\":\"https:\\\/\\\/krausz.com\\\/?s={search_term_string}\"},\"query-input\":{\"@type\":\"PropertyValueSpecification\",\"valueRequired\":true,\"valueName\":\"search_term_string\"}}],\"inLanguage\":\"fr-CA\"}]}<\/script>\n<!-- \/ Yoast SEO plugin. -->","yoast_head_json":{"title":"HYMAX GRIP - MANCHON DE COUPLAGE VERROUILL\u00c9 - Krausz Industries","robots":{"index":"index","follow":"follow","max-snippet":"max-snippet:-1","max-image-preview":"max-image-preview:large","max-video-preview":"max-video-preview:-1"},"canonical":"https:\/\/krausz.com\/products-main\/hymax-grip-wide-range-restraint-couplings\/hymax-grip-coupling\/","og_locale":"fr_CA","og_type":"article","og_title":"HYMAX GRIP - MANCHON DE COUPLAGE VERROUILL\u00c9 - Krausz Industries","og_description":"De nombreuses situations n\u00e9cessitent des raccords de couplage avec une puissance de verrouillage suppl\u00e9mentaire. Les produits de verrouillage de Krausz combinent la technologie brevet\u00e9e du raccord de couplage HYMAX\u00ae avec un syst\u00e8me de verrouillage unique, raccordant les extr\u00e9mit\u00e9s des canalisations emp\u00eachant tout(\u05dc\u05d4\u05de\u05e9\u05da \u05e7\u05e8\u05d9\u05d0\u05d4...)","og_url":"https:\/\/krausz.com\/products-main\/hymax-grip-wide-range-restraint-couplings\/hymax-grip-coupling\/","og_site_name":"Krausz Industries","article_modified_time":"2021-01-27T11:23:13+00:00","og_image":[{"width":200,"height":200,"url":"https:\/\/krausz.com\/wp-content\/uploads\/2015\/12\/grip-Shadow200x200_2.jpg","type":"image\/jpeg"}],"twitter_card":"summary_large_image","schema":{"@context":"https:\/\/schema.org","@graph":[{"@type":"WebPage","@id":"https:\/\/krausz.com\/products-main\/hymax-grip-wide-range-restraint-couplings\/hymax-grip-coupling\/","url":"https:\/\/krausz.com\/products-main\/hymax-grip-wide-range-restraint-couplings\/hymax-grip-coupling\/","name":"HYMAX GRIP - MANCHON DE COUPLAGE VERROUILL\u00c9 - Krausz Industries","isPartOf":{"@id":"https:\/\/krausz.com\/#website"},"primaryImageOfPage":{"@id":"https:\/\/krausz.com\/products-main\/hymax-grip-wide-range-restraint-couplings\/hymax-grip-coupling\/#primaryimage"},"image":{"@id":"https:\/\/krausz.com\/products-main\/hymax-grip-wide-range-restraint-couplings\/hymax-grip-coupling\/#primaryimage"},"thumbnailUrl":"https:\/\/krausz.com\/wp-content\/uploads\/2015\/12\/grip-Shadow200x200_2.jpg","datePublished":"2015-10-26T10:09:12+00:00","dateModified":"2021-01-27T11:23:13+00:00","breadcrumb":{"@id":"https:\/\/krausz.com\/products-main\/hymax-grip-wide-range-restraint-couplings\/hymax-grip-coupling\/#breadcrumb"},"inLanguage":"fr-CA","potentialAction":[{"@type":"ReadAction","target":["https:\/\/krausz.com\/products-main\/hymax-grip-wide-range-restraint-couplings\/hymax-grip-coupling\/"]}]},{"@type":"ImageObject","inLanguage":"fr-CA","@id":"https:\/\/krausz.com\/products-main\/hymax-grip-wide-range-restraint-couplings\/hymax-grip-coupling\/#primaryimage","url":"https:\/\/krausz.com\/wp-content\/uploads\/2015\/12\/grip-Shadow200x200_2.jpg","contentUrl":"https:\/\/krausz.com\/wp-content\/uploads\/2015\/12\/grip-Shadow200x200_2.jpg","width":200,"height":200},{"@type":"BreadcrumbList","@id":"https:\/\/krausz.com\/products-main\/hymax-grip-wide-range-restraint-couplings\/hymax-grip-coupling\/#breadcrumb","itemListElement":[{"@type":"ListItem","position":1,"name":"Home","item":"https:\/\/krausz.com\/"},{"@type":"ListItem","position":2,"name":"Des Gammes De Produits","item":"https:\/\/krausz.com\/products-main\/"},{"@type":"ListItem","position":3,"name":"HYMAX\u00ae GRIP","item":"https:\/\/krausz.com\/products-main\/hymax-grip-wide-range-restraint-couplings\/"},{"@type":"ListItem","position":4,"name":"HYMAX GRIP &#8211; MANCHON DE COUPLAGE VERROUILL\u00c9"}]},{"@type":"WebSite","@id":"https:\/\/krausz.com\/#website","url":"https:\/\/krausz.com\/","name":"Krausz Industries","description":"Repair the past. Connect the future","potentialAction":[{"@type":"SearchAction","target":{"@type":"EntryPoint","urlTemplate":"https:\/\/krausz.com\/?s={search_term_string}"},"query-input":{"@type":"PropertyValueSpecification","valueRequired":true,"valueName":"search_term_string"}}],"inLanguage":"fr-CA"}]}},"_links":{"self":[{"href":"https:\/\/krausz.com\/fr\/wp-json\/wp\/v2\/pages\/10599","targetHints":{"allow":["GET"]}}],"collection":[{"href":"https:\/\/krausz.com\/fr\/wp-json\/wp\/v2\/pages"}],"about":[{"href":"https:\/\/krausz.com\/fr\/wp-json\/wp\/v2\/types\/page"}],"author":[{"embeddable":true,"href":"https:\/\/krausz.com\/fr\/wp-json\/wp\/v2\/users\/1"}],"replies":[{"embeddable":true,"href":"https:\/\/krausz.com\/fr\/wp-json\/wp\/v2\/comments?post=10599"}],"version-history":[{"count":1,"href":"https:\/\/krausz.com\/fr\/wp-json\/wp\/v2\/pages\/10599\/revisions"}],"predecessor-version":[{"id":10600,"href":"https:\/\/krausz.com\/fr\/wp-json\/wp\/v2\/pages\/10599\/revisions\/10600"}],"up":[{"embeddable":true,"href":"https:\/\/krausz.com\/fr\/wp-json\/wp\/v2\/pages\/10555"}],"wp:featuredmedia":[{"embeddable":true,"href":"https:\/\/krausz.com\/fr\/wp-json\/wp\/v2\/media\/5915"}],"wp:attachment":[{"href":"https:\/\/krausz.com\/fr\/wp-json\/wp\/v2\/media?parent=10599"}],"curies":[{"name":"wp","href":"https:\/\/api.w.org\/{rel}","templated":true}]}}