{"id":10605,"date":"2016-05-10T13:15:09","date_gmt":"2016-05-10T10:15:09","guid":{"rendered":"https:\/\/krausz.com\/fr\/hymax-grip-wide-range-restraint-couplings\/hymax-grip-reducer\/"},"modified":"2021-01-27T13:26:03","modified_gmt":"2021-01-27T11:26:03","slug":"hymax-grip-reducer","status":"publish","type":"page","link":"https:\/\/krausz.com\/fr\/produits-main\/raccord-verrouille-hymax-grip-large-tolerance\/hymax-grip-reducer\/","title":{"rendered":"HYMAX GRIP &#8211; R\u00c9DUCTEUR"},"content":{"rendered":"<p align=\"LEFT\"><span style=\"font-weight: 400;\">Le r\u00e9ducteur HYMAX GRIP verrouille les canalisations de diff\u00e9rents diam\u00e8tres \u00e0 un niveau de performance in\u00e9gal\u00e9. Son syst\u00e8me brevet\u00e9 de serrage de canalisation repose sur un syst\u00e8me de serrage universel con\u00e7u pour verrouiller les canalisations en m\u00e9tal et en plastique. Le m\u00e9canisme de fermeture radiale brevet\u00e9 unique en son genre maintient les canalisations bien en place pendant l&rsquo;installation, permettant un contr\u00f4le total de l&rsquo;\u00e9cart entre les canalisations. Une cha\u00eene GRIP brevet\u00e9e offre un verrouillage circulaire autour de la canalisation, contrairement aux verrouillages de style coin courants qui cr\u00e9ent une charge ponctuelle sur la canalisation<\/span>.<\/p>\n<p>&nbsp;<\/p>\n","protected":false},"excerpt":{"rendered":"<p>Le r\u00e9ducteur HYMAX GRIP verrouille les canalisations de diff\u00e9rents diam\u00e8tres \u00e0 un niveau de performance in\u00e9gal\u00e9. Son syst\u00e8me brevet\u00e9 de serrage de canalisation repose sur un syst\u00e8me de serrage universel con\u00e7u pour verrouiller les canalisations en m\u00e9tal et en plastique. Le m\u00e9canisme<\/p>\n<div class=\"view-full-post\"><a href=\"https:\/\/krausz.com\/fr\/produits-main\/raccord-verrouille-hymax-grip-large-tolerance\/hymax-grip-reducer\/\" class=\"view-full-post-btn\">(\u05dc\u05d4\u05de\u05e9\u05da \u05e7\u05e8\u05d9\u05d0\u05d4&#8230;)<\/a><\/div>\n","protected":false},"author":1,"featured_media":5440,"parent":10555,"menu_order":28,"comment_status":"closed","ping_status":"closed","template":"templates\/product-child.php","meta":{"inline_featured_image":false,"footnotes":""},"class_list":["post-10605","page","type-page","status-publish","has-post-thumbnail","hentry"],"yoast_head":"<!-- This site is optimized with the Yoast SEO plugin v27.3 - https:\/\/yoast.com\/product\/yoast-seo-wordpress\/ -->\n<title>HYMAX GRIP - R\u00c9DUCTEUR - Krausz Industries<\/title>\n<meta name=\"robots\" content=\"index, follow, max-snippet:-1, max-image-preview:large, max-video-preview:-1\" \/>\n<link rel=\"canonical\" href=\"https:\/\/krausz.com\/products-main\/hymax-grip-wide-range-restraint-couplings\/hymax-grip-reducer\/\" \/>\n<meta property=\"og:locale\" content=\"fr_CA\" \/>\n<meta property=\"og:type\" content=\"article\" \/>\n<meta property=\"og:title\" content=\"HYMAX GRIP - R\u00c9DUCTEUR - Krausz Industries\" \/>\n<meta property=\"og:description\" content=\"Le r\u00e9ducteur HYMAX GRIP verrouille les canalisations de diff\u00e9rents diam\u00e8tres \u00e0 un niveau de performance in\u00e9gal\u00e9. Son syst\u00e8me brevet\u00e9 de serrage de canalisation repose sur un syst\u00e8me de serrage universel con\u00e7u pour verrouiller les canalisations en m\u00e9tal et en plastique. Le m\u00e9canisme(\u05dc\u05d4\u05de\u05e9\u05da \u05e7\u05e8\u05d9\u05d0\u05d4...)\" \/>\n<meta property=\"og:url\" content=\"https:\/\/krausz.com\/products-main\/hymax-grip-wide-range-restraint-couplings\/hymax-grip-reducer\/\" \/>\n<meta property=\"og:site_name\" content=\"Krausz Industries\" \/>\n<meta property=\"article:modified_time\" content=\"2021-01-27T11:26:03+00:00\" \/>\n<meta property=\"og:image\" content=\"https:\/\/krausz.com\/wp-content\/uploads\/2016\/05\/GRIP-REDUCER-3_EU_2.png\" \/>\n\t<meta property=\"og:image:width\" content=\"200\" \/>\n\t<meta property=\"og:image:height\" content=\"200\" \/>\n\t<meta property=\"og:image:type\" content=\"image\/png\" \/>\n<meta name=\"twitter:card\" content=\"summary_large_image\" \/>\n<meta name=\"twitter:label1\" content=\"Estimation du temps de lecture\" \/>\n\t<meta name=\"twitter:data1\" content=\"1 minute\" \/>\n<script type=\"application\/ld+json\" class=\"yoast-schema-graph\">{\"@context\":\"https:\\\/\\\/schema.org\",\"@graph\":[{\"@type\":\"WebPage\",\"@id\":\"https:\\\/\\\/krausz.com\\\/products-main\\\/hymax-grip-wide-range-restraint-couplings\\\/hymax-grip-reducer\\\/\",\"url\":\"https:\\\/\\\/krausz.com\\\/products-main\\\/hymax-grip-wide-range-restraint-couplings\\\/hymax-grip-reducer\\\/\",\"name\":\"HYMAX GRIP - R\u00c9DUCTEUR - Krausz Industries\",\"isPartOf\":{\"@id\":\"https:\\\/\\\/krausz.com\\\/#website\"},\"primaryImageOfPage\":{\"@id\":\"https:\\\/\\\/krausz.com\\\/products-main\\\/hymax-grip-wide-range-restraint-couplings\\\/hymax-grip-reducer\\\/#primaryimage\"},\"image\":{\"@id\":\"https:\\\/\\\/krausz.com\\\/products-main\\\/hymax-grip-wide-range-restraint-couplings\\\/hymax-grip-reducer\\\/#primaryimage\"},\"thumbnailUrl\":\"https:\\\/\\\/krausz.com\\\/wp-content\\\/uploads\\\/2016\\\/05\\\/GRIP-REDUCER-3_EU_2.png\",\"datePublished\":\"2016-05-10T10:15:09+00:00\",\"dateModified\":\"2021-01-27T11:26:03+00:00\",\"breadcrumb\":{\"@id\":\"https:\\\/\\\/krausz.com\\\/products-main\\\/hymax-grip-wide-range-restraint-couplings\\\/hymax-grip-reducer\\\/#breadcrumb\"},\"inLanguage\":\"fr-CA\",\"potentialAction\":[{\"@type\":\"ReadAction\",\"target\":[\"https:\\\/\\\/krausz.com\\\/products-main\\\/hymax-grip-wide-range-restraint-couplings\\\/hymax-grip-reducer\\\/\"]}]},{\"@type\":\"ImageObject\",\"inLanguage\":\"fr-CA\",\"@id\":\"https:\\\/\\\/krausz.com\\\/products-main\\\/hymax-grip-wide-range-restraint-couplings\\\/hymax-grip-reducer\\\/#primaryimage\",\"url\":\"https:\\\/\\\/krausz.com\\\/wp-content\\\/uploads\\\/2016\\\/05\\\/GRIP-REDUCER-3_EU_2.png\",\"contentUrl\":\"https:\\\/\\\/krausz.com\\\/wp-content\\\/uploads\\\/2016\\\/05\\\/GRIP-REDUCER-3_EU_2.png\",\"width\":200,\"height\":200},{\"@type\":\"BreadcrumbList\",\"@id\":\"https:\\\/\\\/krausz.com\\\/products-main\\\/hymax-grip-wide-range-restraint-couplings\\\/hymax-grip-reducer\\\/#breadcrumb\",\"itemListElement\":[{\"@type\":\"ListItem\",\"position\":1,\"name\":\"Home\",\"item\":\"https:\\\/\\\/krausz.com\\\/\"},{\"@type\":\"ListItem\",\"position\":2,\"name\":\"Des Gammes De Produits\",\"item\":\"https:\\\/\\\/krausz.com\\\/products-main\\\/\"},{\"@type\":\"ListItem\",\"position\":3,\"name\":\"HYMAX\u00ae GRIP\",\"item\":\"https:\\\/\\\/krausz.com\\\/products-main\\\/hymax-grip-wide-range-restraint-couplings\\\/\"},{\"@type\":\"ListItem\",\"position\":4,\"name\":\"HYMAX GRIP &#8211; R\u00c9DUCTEUR\"}]},{\"@type\":\"WebSite\",\"@id\":\"https:\\\/\\\/krausz.com\\\/#website\",\"url\":\"https:\\\/\\\/krausz.com\\\/\",\"name\":\"Krausz Industries\",\"description\":\"Repair the past. Connect the future\",\"potentialAction\":[{\"@type\":\"SearchAction\",\"target\":{\"@type\":\"EntryPoint\",\"urlTemplate\":\"https:\\\/\\\/krausz.com\\\/?s={search_term_string}\"},\"query-input\":{\"@type\":\"PropertyValueSpecification\",\"valueRequired\":true,\"valueName\":\"search_term_string\"}}],\"inLanguage\":\"fr-CA\"}]}<\/script>\n<!-- \/ Yoast SEO plugin. -->","yoast_head_json":{"title":"HYMAX GRIP - R\u00c9DUCTEUR - Krausz Industries","robots":{"index":"index","follow":"follow","max-snippet":"max-snippet:-1","max-image-preview":"max-image-preview:large","max-video-preview":"max-video-preview:-1"},"canonical":"https:\/\/krausz.com\/products-main\/hymax-grip-wide-range-restraint-couplings\/hymax-grip-reducer\/","og_locale":"fr_CA","og_type":"article","og_title":"HYMAX GRIP - R\u00c9DUCTEUR - Krausz Industries","og_description":"Le r\u00e9ducteur HYMAX GRIP verrouille les canalisations de diff\u00e9rents diam\u00e8tres \u00e0 un niveau de performance in\u00e9gal\u00e9. Son syst\u00e8me brevet\u00e9 de serrage de canalisation repose sur un syst\u00e8me de serrage universel con\u00e7u pour verrouiller les canalisations en m\u00e9tal et en plastique. Le m\u00e9canisme(\u05dc\u05d4\u05de\u05e9\u05da \u05e7\u05e8\u05d9\u05d0\u05d4...)","og_url":"https:\/\/krausz.com\/products-main\/hymax-grip-wide-range-restraint-couplings\/hymax-grip-reducer\/","og_site_name":"Krausz Industries","article_modified_time":"2021-01-27T11:26:03+00:00","og_image":[{"width":200,"height":200,"url":"https:\/\/krausz.com\/wp-content\/uploads\/2016\/05\/GRIP-REDUCER-3_EU_2.png","type":"image\/png"}],"twitter_card":"summary_large_image","twitter_misc":{"Estimation du temps de lecture":"1 minute"},"schema":{"@context":"https:\/\/schema.org","@graph":[{"@type":"WebPage","@id":"https:\/\/krausz.com\/products-main\/hymax-grip-wide-range-restraint-couplings\/hymax-grip-reducer\/","url":"https:\/\/krausz.com\/products-main\/hymax-grip-wide-range-restraint-couplings\/hymax-grip-reducer\/","name":"HYMAX GRIP - R\u00c9DUCTEUR - Krausz Industries","isPartOf":{"@id":"https:\/\/krausz.com\/#website"},"primaryImageOfPage":{"@id":"https:\/\/krausz.com\/products-main\/hymax-grip-wide-range-restraint-couplings\/hymax-grip-reducer\/#primaryimage"},"image":{"@id":"https:\/\/krausz.com\/products-main\/hymax-grip-wide-range-restraint-couplings\/hymax-grip-reducer\/#primaryimage"},"thumbnailUrl":"https:\/\/krausz.com\/wp-content\/uploads\/2016\/05\/GRIP-REDUCER-3_EU_2.png","datePublished":"2016-05-10T10:15:09+00:00","dateModified":"2021-01-27T11:26:03+00:00","breadcrumb":{"@id":"https:\/\/krausz.com\/products-main\/hymax-grip-wide-range-restraint-couplings\/hymax-grip-reducer\/#breadcrumb"},"inLanguage":"fr-CA","potentialAction":[{"@type":"ReadAction","target":["https:\/\/krausz.com\/products-main\/hymax-grip-wide-range-restraint-couplings\/hymax-grip-reducer\/"]}]},{"@type":"ImageObject","inLanguage":"fr-CA","@id":"https:\/\/krausz.com\/products-main\/hymax-grip-wide-range-restraint-couplings\/hymax-grip-reducer\/#primaryimage","url":"https:\/\/krausz.com\/wp-content\/uploads\/2016\/05\/GRIP-REDUCER-3_EU_2.png","contentUrl":"https:\/\/krausz.com\/wp-content\/uploads\/2016\/05\/GRIP-REDUCER-3_EU_2.png","width":200,"height":200},{"@type":"BreadcrumbList","@id":"https:\/\/krausz.com\/products-main\/hymax-grip-wide-range-restraint-couplings\/hymax-grip-reducer\/#breadcrumb","itemListElement":[{"@type":"ListItem","position":1,"name":"Home","item":"https:\/\/krausz.com\/"},{"@type":"ListItem","position":2,"name":"Des Gammes De Produits","item":"https:\/\/krausz.com\/products-main\/"},{"@type":"ListItem","position":3,"name":"HYMAX\u00ae GRIP","item":"https:\/\/krausz.com\/products-main\/hymax-grip-wide-range-restraint-couplings\/"},{"@type":"ListItem","position":4,"name":"HYMAX GRIP &#8211; R\u00c9DUCTEUR"}]},{"@type":"WebSite","@id":"https:\/\/krausz.com\/#website","url":"https:\/\/krausz.com\/","name":"Krausz Industries","description":"Repair the past. Connect the future","potentialAction":[{"@type":"SearchAction","target":{"@type":"EntryPoint","urlTemplate":"https:\/\/krausz.com\/?s={search_term_string}"},"query-input":{"@type":"PropertyValueSpecification","valueRequired":true,"valueName":"search_term_string"}}],"inLanguage":"fr-CA"}]}},"_links":{"self":[{"href":"https:\/\/krausz.com\/fr\/wp-json\/wp\/v2\/pages\/10605","targetHints":{"allow":["GET"]}}],"collection":[{"href":"https:\/\/krausz.com\/fr\/wp-json\/wp\/v2\/pages"}],"about":[{"href":"https:\/\/krausz.com\/fr\/wp-json\/wp\/v2\/types\/page"}],"author":[{"embeddable":true,"href":"https:\/\/krausz.com\/fr\/wp-json\/wp\/v2\/users\/1"}],"replies":[{"embeddable":true,"href":"https:\/\/krausz.com\/fr\/wp-json\/wp\/v2\/comments?post=10605"}],"version-history":[{"count":2,"href":"https:\/\/krausz.com\/fr\/wp-json\/wp\/v2\/pages\/10605\/revisions"}],"predecessor-version":[{"id":10607,"href":"https:\/\/krausz.com\/fr\/wp-json\/wp\/v2\/pages\/10605\/revisions\/10607"}],"up":[{"embeddable":true,"href":"https:\/\/krausz.com\/fr\/wp-json\/wp\/v2\/pages\/10555"}],"wp:featuredmedia":[{"embeddable":true,"href":"https:\/\/krausz.com\/fr\/wp-json\/wp\/v2\/media\/5440"}],"wp:attachment":[{"href":"https:\/\/krausz.com\/fr\/wp-json\/wp\/v2\/media?parent=10605"}],"curies":[{"name":"wp","href":"https:\/\/api.w.org\/{rel}","templated":true}]}}