{"id":10608,"date":"2014-07-08T13:18:26","date_gmt":"2014-07-08T13:18:26","guid":{"rendered":"https:\/\/krausz.com\/fr\/company\/"},"modified":"2021-01-11T17:07:28","modified_gmt":"2021-01-11T15:07:28","slug":"entreprise","status":"publish","type":"page","link":"https:\/\/krausz.com\/fr\/entreprise\/","title":{"rendered":"\u00e0 propos de krausz"},"content":{"rendered":"<p><span style=\"font-weight: 400;\">Depuis plus de 100 ans, Krausz Industries con\u00e7oit et fabrique des raccords de couplage et des manchons de r\u00e9paration de pointe pour les applications d&rsquo;eau potable et d&rsquo;eaux us\u00e9es dans le monde entier. Con\u00e7ue et fabriqu\u00e9e par Krauzs, la solution r\u00e9volutionnaire HYMAX, qui repose sur une technologie innovante et brevet\u00e9e, offre une fiabilit\u00e9 in\u00e9gal\u00e9e ainsi qu&rsquo;une grande facilit\u00e9 d&rsquo;installation.<\/span><\/p>\n<p><span style=\"font-weight: 400;\">Fond\u00e9e en Europe au d\u00e9but des ann\u00e9es 1920, la soci\u00e9t\u00e9 s&rsquo;est donn\u00e9e comme point d&rsquo;honneur de r\u00e9pondre aux besoins du march\u00e9 et d&rsquo;offrir des produits d&rsquo;excellence. Nos solutions sont d\u00e9ploy\u00e9es dans le monde entier et ont fait leurs preuves sur le terrain dans les conditions les plus extr\u00eames dans plus de 30 pays tels que l&rsquo;Allemagne, la Suisse, la Russie, l&rsquo;Espagne, la France, la Gr\u00e8ce, l&rsquo;Italie et bien d&rsquo;autres encore. Aujourd&rsquo;hui, les solutions Krausz fonctionnent efficacement dans plus de 2 millions d&rsquo;installations dans le monde entier, et ce nombre ne cesse de cro\u00eetre. Avec une croissance continue en Am\u00e9rique du Nord, Krausz Industries \u00e9tend sa pr\u00e9sence sur le march\u00e9 am\u00e9ricain notamment par l&rsquo;interm\u00e9diaire de Krausz \u00c9tats-Unis, une filiale en propri\u00e9t\u00e9 exclusive, situ\u00e9e \u00e0 Ocala, en Floride.<\/span><\/p>\n<p><span style=\"font-weight: 400;\">Chez Krausz, nous nous engageons avant tout \u00e0 vous offrir des produits d&rsquo;excellence. Nous y parvenons en investissant dans la R&amp;D interne, dont la longue liste de brevets a permis \u00e0 notre soci\u00e9t\u00e9 d&rsquo;\u00eatre innovante, tout en maintenant l&rsquo;excellence de la fabrication gr\u00e2ce \u00e0 l&rsquo;utilisation de mat\u00e9riaux de qualit\u00e9 sup\u00e9rieure et \u00e0 des processus de travail de pointe. En commen\u00e7ant par chaque \u00e9crou et boulon et jusqu&rsquo;aux finitions sp\u00e9cifiques que nous utilisons, notre souci du d\u00e9tail a un objectif principal : vous fournir des solutions sur lesquelles vous pouvez compter.<\/span><\/p>\n<p><span style=\"font-weight: 400;\">En 2018, Krausz a \u00e9t\u00e9 achet\u00e9 par Mueller Water Products.<\/span><span style=\"font-weight: 400;\"><br \/>\n<\/span><span style=\"font-weight: 400;\">Mueller Water Products, Inc. (NYSE : MWA) est un important fabricant et distributeur de produits et services utilis\u00e9s dans le transport, la distribution et la mesure de l&rsquo;eau en Am\u00e9rique du Nord. Le large \u00e9ventail de produits et services de Mueller comprend des vannes de haute performance, des bornes d&rsquo;incendie, des produits de raccordement et de r\u00e9paration des canalisations, des produits de mesure, la d\u00e9tection des fuites et l&rsquo;\u00e9valuation de l&rsquo;\u00e9tat des canalisations.<\/span><\/p>\n","protected":false},"excerpt":{"rendered":"<p>For 90 years, Krausz Industries has developed and manufactured market-leading products for the repair and connection of different types of pipes in the potable water and sewage market.  Krausz has a solid reputation selling a wide variety of innovative, easy-to-use products that are durable, save time and money in inventory.<\/p>\n","protected":false},"author":1,"featured_media":0,"parent":0,"menu_order":53,"comment_status":"closed","ping_status":"closed","template":"templates\/company.php","meta":{"inline_featured_image":false,"footnotes":""},"class_list":["post-10608","page","type-page","status-publish","hentry"],"yoast_head":"<!-- This site is optimized with the Yoast SEO plugin v27.4 - https:\/\/yoast.com\/product\/yoast-seo-wordpress\/ -->\n<title>\u00e0 propos de krausz - Krausz Industries<\/title>\n<meta name=\"robots\" content=\"index, follow, max-snippet:-1, max-image-preview:large, max-video-preview:-1\" \/>\n<link rel=\"canonical\" href=\"https:\/\/krausz.com\/company\/\" \/>\n<meta property=\"og:locale\" content=\"fr_CA\" \/>\n<meta property=\"og:type\" content=\"article\" \/>\n<meta property=\"og:title\" content=\"\u00e0 propos de krausz - Krausz Industries\" \/>\n<meta property=\"og:description\" content=\"For 90 years, Krausz Industries has developed and manufactured market-leading products for the repair and connection of different types of pipes in the potable water and sewage market. Krausz has a solid reputation selling a wide variety of innovative, easy-to-use products that are durable, save time and money in inventory.\" \/>\n<meta property=\"og:url\" content=\"https:\/\/krausz.com\/company\/\" \/>\n<meta property=\"og:site_name\" content=\"Krausz Industries\" \/>\n<meta property=\"article:modified_time\" content=\"2021-01-11T15:07:28+00:00\" \/>\n<meta name=\"twitter:card\" content=\"summary_large_image\" \/>\n<meta name=\"twitter:label1\" content=\"Estimation du temps de lecture\" \/>\n\t<meta name=\"twitter:data1\" content=\"2 minutes\" \/>\n<script type=\"application\/ld+json\" class=\"yoast-schema-graph\">{\"@context\":\"https:\\\/\\\/schema.org\",\"@graph\":[{\"@type\":\"WebPage\",\"@id\":\"https:\\\/\\\/krausz.com\\\/company\\\/\",\"url\":\"https:\\\/\\\/krausz.com\\\/company\\\/\",\"name\":\"\u00e0 propos de krausz - Krausz Industries\",\"isPartOf\":{\"@id\":\"https:\\\/\\\/krausz.com\\\/#website\"},\"datePublished\":\"2014-07-08T13:18:26+00:00\",\"dateModified\":\"2021-01-11T15:07:28+00:00\",\"breadcrumb\":{\"@id\":\"https:\\\/\\\/krausz.com\\\/company\\\/#breadcrumb\"},\"inLanguage\":\"fr-CA\",\"potentialAction\":[{\"@type\":\"ReadAction\",\"target\":[\"https:\\\/\\\/krausz.com\\\/company\\\/\"]}]},{\"@type\":\"BreadcrumbList\",\"@id\":\"https:\\\/\\\/krausz.com\\\/company\\\/#breadcrumb\",\"itemListElement\":[{\"@type\":\"ListItem\",\"position\":1,\"name\":\"Home\",\"item\":\"https:\\\/\\\/krausz.com\\\/\"},{\"@type\":\"ListItem\",\"position\":2,\"name\":\"company\"}]},{\"@type\":\"WebSite\",\"@id\":\"https:\\\/\\\/krausz.com\\\/#website\",\"url\":\"https:\\\/\\\/krausz.com\\\/\",\"name\":\"Krausz Industries\",\"description\":\"Repair the past. Connect the future\",\"potentialAction\":[{\"@type\":\"SearchAction\",\"target\":{\"@type\":\"EntryPoint\",\"urlTemplate\":\"https:\\\/\\\/krausz.com\\\/?s={search_term_string}\"},\"query-input\":{\"@type\":\"PropertyValueSpecification\",\"valueRequired\":true,\"valueName\":\"search_term_string\"}}],\"inLanguage\":\"fr-CA\"}]}<\/script>\n<!-- \/ Yoast SEO plugin. -->","yoast_head_json":{"title":"\u00e0 propos de krausz - Krausz Industries","robots":{"index":"index","follow":"follow","max-snippet":"max-snippet:-1","max-image-preview":"max-image-preview:large","max-video-preview":"max-video-preview:-1"},"canonical":"https:\/\/krausz.com\/company\/","og_locale":"fr_CA","og_type":"article","og_title":"\u00e0 propos de krausz - Krausz Industries","og_description":"For 90 years, Krausz Industries has developed and manufactured market-leading products for the repair and connection of different types of pipes in the potable water and sewage market. Krausz has a solid reputation selling a wide variety of innovative, easy-to-use products that are durable, save time and money in inventory.","og_url":"https:\/\/krausz.com\/company\/","og_site_name":"Krausz Industries","article_modified_time":"2021-01-11T15:07:28+00:00","twitter_card":"summary_large_image","twitter_misc":{"Estimation du temps de lecture":"2 minutes"},"schema":{"@context":"https:\/\/schema.org","@graph":[{"@type":"WebPage","@id":"https:\/\/krausz.com\/company\/","url":"https:\/\/krausz.com\/company\/","name":"\u00e0 propos de krausz - Krausz Industries","isPartOf":{"@id":"https:\/\/krausz.com\/#website"},"datePublished":"2014-07-08T13:18:26+00:00","dateModified":"2021-01-11T15:07:28+00:00","breadcrumb":{"@id":"https:\/\/krausz.com\/company\/#breadcrumb"},"inLanguage":"fr-CA","potentialAction":[{"@type":"ReadAction","target":["https:\/\/krausz.com\/company\/"]}]},{"@type":"BreadcrumbList","@id":"https:\/\/krausz.com\/company\/#breadcrumb","itemListElement":[{"@type":"ListItem","position":1,"name":"Home","item":"https:\/\/krausz.com\/"},{"@type":"ListItem","position":2,"name":"company"}]},{"@type":"WebSite","@id":"https:\/\/krausz.com\/#website","url":"https:\/\/krausz.com\/","name":"Krausz Industries","description":"Repair the past. Connect the future","potentialAction":[{"@type":"SearchAction","target":{"@type":"EntryPoint","urlTemplate":"https:\/\/krausz.com\/?s={search_term_string}"},"query-input":{"@type":"PropertyValueSpecification","valueRequired":true,"valueName":"search_term_string"}}],"inLanguage":"fr-CA"}]}},"_links":{"self":[{"href":"https:\/\/krausz.com\/fr\/wp-json\/wp\/v2\/pages\/10608","targetHints":{"allow":["GET"]}}],"collection":[{"href":"https:\/\/krausz.com\/fr\/wp-json\/wp\/v2\/pages"}],"about":[{"href":"https:\/\/krausz.com\/fr\/wp-json\/wp\/v2\/types\/page"}],"author":[{"embeddable":true,"href":"https:\/\/krausz.com\/fr\/wp-json\/wp\/v2\/users\/1"}],"replies":[{"embeddable":true,"href":"https:\/\/krausz.com\/fr\/wp-json\/wp\/v2\/comments?post=10608"}],"version-history":[{"count":4,"href":"https:\/\/krausz.com\/fr\/wp-json\/wp\/v2\/pages\/10608\/revisions"}],"predecessor-version":[{"id":11362,"href":"https:\/\/krausz.com\/fr\/wp-json\/wp\/v2\/pages\/10608\/revisions\/11362"}],"wp:attachment":[{"href":"https:\/\/krausz.com\/fr\/wp-json\/wp\/v2\/media?parent=10608"}],"curies":[{"name":"wp","href":"https:\/\/api.w.org\/{rel}","templated":true}]}}