{"id":10611,"date":"2014-08-27T09:06:02","date_gmt":"2014-08-27T06:06:02","guid":{"rendered":"https:\/\/krausz.com\/fr\/company\/vision\/"},"modified":"2021-01-11T17:09:22","modified_gmt":"2021-01-11T15:09:22","slug":"vision","status":"publish","type":"page","link":"https:\/\/krausz.com\/fr\/entreprise\/vision\/","title":{"rendered":"notre vision"},"content":{"rendered":"<p><span style=\"font-weight: 400;\">L&rsquo;excellence dans tout ce que nous faisons. Cette phrase r\u00e9sume bien la vision de Krausz. Pour nous, cela signifie fournir des produits et des solutions innovants et intelligents sur l&rsquo;ensemble de nos march\u00e9s et \u00e0 nos clients.<\/span><\/p>\n<p><span style=\"font-weight: 400;\">Chez Krausz, nous investissons du temps, des ressources et des efforts pour comprendre ce dont nos clients ont besoin pour d\u00e9velopper des solutions qui d\u00e9passent les attentes. Nous avons une vision d&rsquo;ensemble du fonctionnement de nos march\u00e9s au quotidien afin de d\u00e9velopper des solutions r\u00e9pondant aux probl\u00e8mes op\u00e9rationnels.<\/span><\/p>\n<p><span style=\"font-weight: 400;\">Cela peut signifier la conception de produits pouvant \u00eatre utilis\u00e9s \u00e0 des fins multiples, tels que l&rsquo;HYMAX qui vous permet d&rsquo;\u00e9conomiser du temps et de l&rsquo;espace dans votre entrep\u00f4t et sur vos v\u00e9hicules. La gamme HYMAX\u00ae est parmi nos produits d&rsquo;excellence. Sa technologie brevet\u00e9e facilite son installation, le rend plus durable et vous fait \u00e9conomiser de l&rsquo;argent d\u00e8s son installation et durant toute la dur\u00e9e de son cycle de vie.<\/span><\/p>\n<p><span style=\"font-weight: 400;\">Et ce n&rsquo;est pas seulement l&rsquo;excellence des produits que nous recherchons. Nous nous effor\u00e7ons en permanence d&rsquo;am\u00e9liorer le service et l&rsquo;attention que nous prodiguons \u00e0 nos clients. Notre objectif est de vous aider, vous nos clients, \u00e0 travailler plus efficacement et \u00e0 moindre co\u00fbt, aujourd&rsquo;hui et \u00e0 l&rsquo;avenir.<\/span><\/p>\n<p><span style=\"font-weight: 400;\">Chez Krausz, l&rsquo;excellence est\u00a0 notre objectif dans tout ce que nous faisons<\/span><\/p>\n<p>.<\/p>\n<p>&nbsp;<\/p>\n<p>&nbsp;<\/p>\n","protected":false},"excerpt":{"rendered":"<p>L&rsquo;excellence dans tout ce que nous faisons. Cette phrase r\u00e9sume bien la vision de Krausz. Pour nous, cela signifie fournir des produits et des solutions innovants et intelligents sur l&rsquo;ensemble de nos march\u00e9s et \u00e0 nos clients. Chez Krausz, nous investissons du<\/p>\n<div class=\"view-full-post\"><a href=\"https:\/\/krausz.com\/fr\/entreprise\/vision\/\" class=\"view-full-post-btn\">(\u05dc\u05d4\u05de\u05e9\u05da \u05e7\u05e8\u05d9\u05d0\u05d4&#8230;)<\/a><\/div>\n","protected":false},"author":1,"featured_media":0,"parent":10608,"menu_order":49,"comment_status":"closed","ping_status":"closed","template":"","meta":{"inline_featured_image":false,"footnotes":""},"class_list":["post-10611","page","type-page","status-publish","hentry"],"yoast_head":"<!-- This site is optimized with the Yoast SEO plugin v27.3 - https:\/\/yoast.com\/product\/yoast-seo-wordpress\/ -->\n<title>notre vision - Krausz Industries<\/title>\n<meta name=\"robots\" content=\"index, follow, max-snippet:-1, max-image-preview:large, max-video-preview:-1\" \/>\n<link rel=\"canonical\" href=\"https:\/\/krausz.com\/company\/vision\/\" \/>\n<meta property=\"og:locale\" content=\"fr_CA\" \/>\n<meta property=\"og:type\" content=\"article\" \/>\n<meta property=\"og:title\" content=\"notre vision - Krausz Industries\" \/>\n<meta property=\"og:description\" content=\"L&rsquo;excellence dans tout ce que nous faisons. Cette phrase r\u00e9sume bien la vision de Krausz. Pour nous, cela signifie fournir des produits et des solutions innovants et intelligents sur l&rsquo;ensemble de nos march\u00e9s et \u00e0 nos clients. Chez Krausz, nous investissons du(\u05dc\u05d4\u05de\u05e9\u05da \u05e7\u05e8\u05d9\u05d0\u05d4...)\" \/>\n<meta property=\"og:url\" content=\"https:\/\/krausz.com\/company\/vision\/\" \/>\n<meta property=\"og:site_name\" content=\"Krausz Industries\" \/>\n<meta property=\"article:modified_time\" content=\"2021-01-11T15:09:22+00:00\" \/>\n<meta name=\"twitter:card\" content=\"summary_large_image\" \/>\n<meta name=\"twitter:label1\" content=\"Estimation du temps de lecture\" \/>\n\t<meta name=\"twitter:data1\" content=\"1 minute\" \/>\n<script type=\"application\/ld+json\" class=\"yoast-schema-graph\">{\"@context\":\"https:\\\/\\\/schema.org\",\"@graph\":[{\"@type\":\"WebPage\",\"@id\":\"https:\\\/\\\/krausz.com\\\/company\\\/vision\\\/\",\"url\":\"https:\\\/\\\/krausz.com\\\/company\\\/vision\\\/\",\"name\":\"notre vision - Krausz Industries\",\"isPartOf\":{\"@id\":\"https:\\\/\\\/krausz.com\\\/#website\"},\"datePublished\":\"2014-08-27T06:06:02+00:00\",\"dateModified\":\"2021-01-11T15:09:22+00:00\",\"breadcrumb\":{\"@id\":\"https:\\\/\\\/krausz.com\\\/company\\\/vision\\\/#breadcrumb\"},\"inLanguage\":\"fr-CA\",\"potentialAction\":[{\"@type\":\"ReadAction\",\"target\":[\"https:\\\/\\\/krausz.com\\\/company\\\/vision\\\/\"]}]},{\"@type\":\"BreadcrumbList\",\"@id\":\"https:\\\/\\\/krausz.com\\\/company\\\/vision\\\/#breadcrumb\",\"itemListElement\":[{\"@type\":\"ListItem\",\"position\":1,\"name\":\"Home\",\"item\":\"https:\\\/\\\/krausz.com\\\/\"},{\"@type\":\"ListItem\",\"position\":2,\"name\":\"company\",\"item\":\"https:\\\/\\\/krausz.com\\\/company\\\/\"},{\"@type\":\"ListItem\",\"position\":3,\"name\":\"vision\"}]},{\"@type\":\"WebSite\",\"@id\":\"https:\\\/\\\/krausz.com\\\/#website\",\"url\":\"https:\\\/\\\/krausz.com\\\/\",\"name\":\"Krausz Industries\",\"description\":\"Repair the past. Connect the future\",\"potentialAction\":[{\"@type\":\"SearchAction\",\"target\":{\"@type\":\"EntryPoint\",\"urlTemplate\":\"https:\\\/\\\/krausz.com\\\/?s={search_term_string}\"},\"query-input\":{\"@type\":\"PropertyValueSpecification\",\"valueRequired\":true,\"valueName\":\"search_term_string\"}}],\"inLanguage\":\"fr-CA\"}]}<\/script>\n<!-- \/ Yoast SEO plugin. -->","yoast_head_json":{"title":"notre vision - Krausz Industries","robots":{"index":"index","follow":"follow","max-snippet":"max-snippet:-1","max-image-preview":"max-image-preview:large","max-video-preview":"max-video-preview:-1"},"canonical":"https:\/\/krausz.com\/company\/vision\/","og_locale":"fr_CA","og_type":"article","og_title":"notre vision - Krausz Industries","og_description":"L&rsquo;excellence dans tout ce que nous faisons. Cette phrase r\u00e9sume bien la vision de Krausz. Pour nous, cela signifie fournir des produits et des solutions innovants et intelligents sur l&rsquo;ensemble de nos march\u00e9s et \u00e0 nos clients. Chez Krausz, nous investissons du(\u05dc\u05d4\u05de\u05e9\u05da \u05e7\u05e8\u05d9\u05d0\u05d4...)","og_url":"https:\/\/krausz.com\/company\/vision\/","og_site_name":"Krausz Industries","article_modified_time":"2021-01-11T15:09:22+00:00","twitter_card":"summary_large_image","twitter_misc":{"Estimation du temps de lecture":"1 minute"},"schema":{"@context":"https:\/\/schema.org","@graph":[{"@type":"WebPage","@id":"https:\/\/krausz.com\/company\/vision\/","url":"https:\/\/krausz.com\/company\/vision\/","name":"notre vision - Krausz Industries","isPartOf":{"@id":"https:\/\/krausz.com\/#website"},"datePublished":"2014-08-27T06:06:02+00:00","dateModified":"2021-01-11T15:09:22+00:00","breadcrumb":{"@id":"https:\/\/krausz.com\/company\/vision\/#breadcrumb"},"inLanguage":"fr-CA","potentialAction":[{"@type":"ReadAction","target":["https:\/\/krausz.com\/company\/vision\/"]}]},{"@type":"BreadcrumbList","@id":"https:\/\/krausz.com\/company\/vision\/#breadcrumb","itemListElement":[{"@type":"ListItem","position":1,"name":"Home","item":"https:\/\/krausz.com\/"},{"@type":"ListItem","position":2,"name":"company","item":"https:\/\/krausz.com\/company\/"},{"@type":"ListItem","position":3,"name":"vision"}]},{"@type":"WebSite","@id":"https:\/\/krausz.com\/#website","url":"https:\/\/krausz.com\/","name":"Krausz Industries","description":"Repair the past. Connect the future","potentialAction":[{"@type":"SearchAction","target":{"@type":"EntryPoint","urlTemplate":"https:\/\/krausz.com\/?s={search_term_string}"},"query-input":{"@type":"PropertyValueSpecification","valueRequired":true,"valueName":"search_term_string"}}],"inLanguage":"fr-CA"}]}},"_links":{"self":[{"href":"https:\/\/krausz.com\/fr\/wp-json\/wp\/v2\/pages\/10611","targetHints":{"allow":["GET"]}}],"collection":[{"href":"https:\/\/krausz.com\/fr\/wp-json\/wp\/v2\/pages"}],"about":[{"href":"https:\/\/krausz.com\/fr\/wp-json\/wp\/v2\/types\/page"}],"author":[{"embeddable":true,"href":"https:\/\/krausz.com\/fr\/wp-json\/wp\/v2\/users\/1"}],"replies":[{"embeddable":true,"href":"https:\/\/krausz.com\/fr\/wp-json\/wp\/v2\/comments?post=10611"}],"version-history":[{"count":2,"href":"https:\/\/krausz.com\/fr\/wp-json\/wp\/v2\/pages\/10611\/revisions"}],"predecessor-version":[{"id":10613,"href":"https:\/\/krausz.com\/fr\/wp-json\/wp\/v2\/pages\/10611\/revisions\/10613"}],"up":[{"embeddable":true,"href":"https:\/\/krausz.com\/fr\/wp-json\/wp\/v2\/pages\/10608"}],"wp:attachment":[{"href":"https:\/\/krausz.com\/fr\/wp-json\/wp\/v2\/media?parent=10611"}],"curies":[{"name":"wp","href":"https:\/\/api.w.org\/{rel}","templated":true}]}}