{"id":10616,"date":"2014-09-21T13:00:02","date_gmt":"2014-09-21T10:00:02","guid":{"rendered":"https:\/\/krausz.com\/fr\/company\/history\/"},"modified":"2020-12-27T11:15:27","modified_gmt":"2020-12-27T09:15:27","slug":"histoire","status":"publish","type":"page","link":"https:\/\/krausz.com\/fr\/entreprise\/histoire\/","title":{"rendered":"historique"},"content":{"rendered":"<p><span style=\"font-weight: 400;\">L&rsquo;histoire de Krausz remonte \u00e0 plus de 90 ans et trois g\u00e9n\u00e9rations de leadership sur trois continents.\u00a0<\/span><\/p>\n<p><span style=\"font-weight: 400;\">Une histoire caract\u00e9ris\u00e9e par un esprit pionnier, un d\u00e9vouement sans faille \u00e0 la qualit\u00e9 et une recherche constante d\u2019innovation. En 2018, la soci\u00e9t\u00e9 a \u00e9t\u00e9 achet\u00e9e par Mueller Water Products. Mueller Water Products, Inc. (NYSE: MWA) est un fabricant et distributeur leader de produits et services utilis\u00e9s dans la transmission, la distribution et l&rsquo;\u00e9valuation de l&rsquo;eau en Am\u00e9rique du Nord. Le vaste portefeuille de produits et de services de Mueller comprend des vannes de haute performance, des bornes d&rsquo;incendie, des produits de raccordement et de r\u00e9paration des canalisations, des produits de mesure, la d\u00e9tection des fuites et l&rsquo;\u00e9valuation de l&rsquo;\u00e9tat des tuyaux.<\/span><\/p>\n","protected":false},"excerpt":{"rendered":"<p>L&rsquo;histoire de Krausz remonte \u00e0 plus de 90 ans et trois g\u00e9n\u00e9rations de leadership sur trois continents.\u00a0 Une histoire caract\u00e9ris\u00e9e par un esprit pionnier, un d\u00e9vouement sans faille \u00e0 la qualit\u00e9 et une recherche constante d\u2019innovation. En 2018, la soci\u00e9t\u00e9 a \u00e9t\u00e9<\/p>\n<div class=\"view-full-post\"><a href=\"https:\/\/krausz.com\/fr\/entreprise\/histoire\/\" class=\"view-full-post-btn\">(\u05dc\u05d4\u05de\u05e9\u05da \u05e7\u05e8\u05d9\u05d0\u05d4&#8230;)<\/a><\/div>\n","protected":false},"author":1,"featured_media":0,"parent":10608,"menu_order":37,"comment_status":"closed","ping_status":"closed","template":"templates\/history.php","meta":{"inline_featured_image":false,"footnotes":""},"class_list":["post-10616","page","type-page","status-publish","hentry"],"yoast_head":"<!-- This site is optimized with the Yoast SEO plugin v27.4 - https:\/\/yoast.com\/product\/yoast-seo-wordpress\/ -->\n<title>historique - Krausz Industries<\/title>\n<meta name=\"robots\" content=\"index, follow, max-snippet:-1, max-image-preview:large, max-video-preview:-1\" \/>\n<link rel=\"canonical\" href=\"https:\/\/krausz.com\/company\/history\/\" \/>\n<meta property=\"og:locale\" content=\"fr_CA\" \/>\n<meta property=\"og:type\" content=\"article\" \/>\n<meta property=\"og:title\" content=\"historique - Krausz Industries\" \/>\n<meta property=\"og:description\" content=\"L&rsquo;histoire de Krausz remonte \u00e0 plus de 90 ans et trois g\u00e9n\u00e9rations de leadership sur trois continents.\u00a0 Une histoire caract\u00e9ris\u00e9e par un esprit pionnier, un d\u00e9vouement sans faille \u00e0 la qualit\u00e9 et une recherche constante d\u2019innovation. En 2018, la soci\u00e9t\u00e9 a \u00e9t\u00e9(\u05dc\u05d4\u05de\u05e9\u05da \u05e7\u05e8\u05d9\u05d0\u05d4...)\" \/>\n<meta property=\"og:url\" content=\"https:\/\/krausz.com\/company\/history\/\" \/>\n<meta property=\"og:site_name\" content=\"Krausz Industries\" \/>\n<meta property=\"article:modified_time\" content=\"2020-12-27T09:15:27+00:00\" \/>\n<meta name=\"twitter:card\" content=\"summary_large_image\" \/>\n<meta name=\"twitter:label1\" content=\"Estimation du temps de lecture\" \/>\n\t<meta name=\"twitter:data1\" content=\"1 minute\" \/>\n<script type=\"application\/ld+json\" class=\"yoast-schema-graph\">{\"@context\":\"https:\\\/\\\/schema.org\",\"@graph\":[{\"@type\":\"WebPage\",\"@id\":\"https:\\\/\\\/krausz.com\\\/company\\\/history\\\/\",\"url\":\"https:\\\/\\\/krausz.com\\\/company\\\/history\\\/\",\"name\":\"historique - Krausz Industries\",\"isPartOf\":{\"@id\":\"https:\\\/\\\/krausz.com\\\/#website\"},\"datePublished\":\"2014-09-21T10:00:02+00:00\",\"dateModified\":\"2020-12-27T09:15:27+00:00\",\"breadcrumb\":{\"@id\":\"https:\\\/\\\/krausz.com\\\/company\\\/history\\\/#breadcrumb\"},\"inLanguage\":\"fr-CA\",\"potentialAction\":[{\"@type\":\"ReadAction\",\"target\":[\"https:\\\/\\\/krausz.com\\\/company\\\/history\\\/\"]}]},{\"@type\":\"BreadcrumbList\",\"@id\":\"https:\\\/\\\/krausz.com\\\/company\\\/history\\\/#breadcrumb\",\"itemListElement\":[{\"@type\":\"ListItem\",\"position\":1,\"name\":\"Home\",\"item\":\"https:\\\/\\\/krausz.com\\\/\"},{\"@type\":\"ListItem\",\"position\":2,\"name\":\"company\",\"item\":\"https:\\\/\\\/krausz.com\\\/company\\\/\"},{\"@type\":\"ListItem\",\"position\":3,\"name\":\"historique\"}]},{\"@type\":\"WebSite\",\"@id\":\"https:\\\/\\\/krausz.com\\\/#website\",\"url\":\"https:\\\/\\\/krausz.com\\\/\",\"name\":\"Krausz Industries\",\"description\":\"Repair the past. Connect the future\",\"potentialAction\":[{\"@type\":\"SearchAction\",\"target\":{\"@type\":\"EntryPoint\",\"urlTemplate\":\"https:\\\/\\\/krausz.com\\\/?s={search_term_string}\"},\"query-input\":{\"@type\":\"PropertyValueSpecification\",\"valueRequired\":true,\"valueName\":\"search_term_string\"}}],\"inLanguage\":\"fr-CA\"}]}<\/script>\n<!-- \/ Yoast SEO plugin. -->","yoast_head_json":{"title":"historique - Krausz Industries","robots":{"index":"index","follow":"follow","max-snippet":"max-snippet:-1","max-image-preview":"max-image-preview:large","max-video-preview":"max-video-preview:-1"},"canonical":"https:\/\/krausz.com\/company\/history\/","og_locale":"fr_CA","og_type":"article","og_title":"historique - Krausz Industries","og_description":"L&rsquo;histoire de Krausz remonte \u00e0 plus de 90 ans et trois g\u00e9n\u00e9rations de leadership sur trois continents.\u00a0 Une histoire caract\u00e9ris\u00e9e par un esprit pionnier, un d\u00e9vouement sans faille \u00e0 la qualit\u00e9 et une recherche constante d\u2019innovation. En 2018, la soci\u00e9t\u00e9 a \u00e9t\u00e9(\u05dc\u05d4\u05de\u05e9\u05da \u05e7\u05e8\u05d9\u05d0\u05d4...)","og_url":"https:\/\/krausz.com\/company\/history\/","og_site_name":"Krausz Industries","article_modified_time":"2020-12-27T09:15:27+00:00","twitter_card":"summary_large_image","twitter_misc":{"Estimation du temps de lecture":"1 minute"},"schema":{"@context":"https:\/\/schema.org","@graph":[{"@type":"WebPage","@id":"https:\/\/krausz.com\/company\/history\/","url":"https:\/\/krausz.com\/company\/history\/","name":"historique - Krausz Industries","isPartOf":{"@id":"https:\/\/krausz.com\/#website"},"datePublished":"2014-09-21T10:00:02+00:00","dateModified":"2020-12-27T09:15:27+00:00","breadcrumb":{"@id":"https:\/\/krausz.com\/company\/history\/#breadcrumb"},"inLanguage":"fr-CA","potentialAction":[{"@type":"ReadAction","target":["https:\/\/krausz.com\/company\/history\/"]}]},{"@type":"BreadcrumbList","@id":"https:\/\/krausz.com\/company\/history\/#breadcrumb","itemListElement":[{"@type":"ListItem","position":1,"name":"Home","item":"https:\/\/krausz.com\/"},{"@type":"ListItem","position":2,"name":"company","item":"https:\/\/krausz.com\/company\/"},{"@type":"ListItem","position":3,"name":"historique"}]},{"@type":"WebSite","@id":"https:\/\/krausz.com\/#website","url":"https:\/\/krausz.com\/","name":"Krausz Industries","description":"Repair the past. Connect the future","potentialAction":[{"@type":"SearchAction","target":{"@type":"EntryPoint","urlTemplate":"https:\/\/krausz.com\/?s={search_term_string}"},"query-input":{"@type":"PropertyValueSpecification","valueRequired":true,"valueName":"search_term_string"}}],"inLanguage":"fr-CA"}]}},"_links":{"self":[{"href":"https:\/\/krausz.com\/fr\/wp-json\/wp\/v2\/pages\/10616","targetHints":{"allow":["GET"]}}],"collection":[{"href":"https:\/\/krausz.com\/fr\/wp-json\/wp\/v2\/pages"}],"about":[{"href":"https:\/\/krausz.com\/fr\/wp-json\/wp\/v2\/types\/page"}],"author":[{"embeddable":true,"href":"https:\/\/krausz.com\/fr\/wp-json\/wp\/v2\/users\/1"}],"replies":[{"embeddable":true,"href":"https:\/\/krausz.com\/fr\/wp-json\/wp\/v2\/comments?post=10616"}],"version-history":[{"count":1,"href":"https:\/\/krausz.com\/fr\/wp-json\/wp\/v2\/pages\/10616\/revisions"}],"predecessor-version":[{"id":10617,"href":"https:\/\/krausz.com\/fr\/wp-json\/wp\/v2\/pages\/10616\/revisions\/10617"}],"up":[{"embeddable":true,"href":"https:\/\/krausz.com\/fr\/wp-json\/wp\/v2\/pages\/10608"}],"wp:attachment":[{"href":"https:\/\/krausz.com\/fr\/wp-json\/wp\/v2\/media?parent=10616"}],"curies":[{"name":"wp","href":"https:\/\/api.w.org\/{rel}","templated":true}]}}