{"id":10660,"date":"2014-08-27T13:21:09","date_gmt":"2014-08-27T10:21:09","guid":{"rendered":"https:\/\/krausz.com\/fr\/company\/global-presence\/"},"modified":"2020-12-27T11:16:37","modified_gmt":"2020-12-27T09:16:37","slug":"notre-presence","status":"publish","type":"page","link":"https:\/\/krausz.com\/fr\/entreprise\/notre-presence\/","title":{"rendered":"PR\u00c9SENCE MONDIALE"},"content":{"rendered":"<p><span style=\"font-weight: 400;\">Les solutions de Krausz sont disponibles dans le monde entier. Nos partenaires distributeurs sont pr\u00e9sents sur plusieurs continents afin que vous puissiez profiter de nos solutions de pointe.<\/span><\/p>\n<p><span style=\"font-weight: 400;\">Utilisez notre r\u00e9pertoire pour trouver le distributeur le plus proche de chez vous. Si vous ne trouvez pas de distributeur Krausz local, veuillez contacter directement notre si\u00e8ge. Nous serons heureux de vous aider. Pour les clients am\u00e9ricains, canadiens et sud-am\u00e9ricains, contactez Krausz \u00c9tats-Unis.<\/span><\/p>\n","protected":false},"excerpt":{"rendered":"<p>Les solutions de Krausz sont disponibles dans le monde entier. Nos partenaires distributeurs sont pr\u00e9sents sur plusieurs continents afin que vous puissiez profiter de nos solutions de pointe. Utilisez notre r\u00e9pertoire pour trouver le distributeur le plus proche de chez vous. Si<\/p>\n<div class=\"view-full-post\"><a href=\"https:\/\/krausz.com\/fr\/entreprise\/notre-presence\/\" class=\"view-full-post-btn\">(\u05dc\u05d4\u05de\u05e9\u05da \u05e7\u05e8\u05d9\u05d0\u05d4&#8230;)<\/a><\/div>\n","protected":false},"author":1,"featured_media":0,"parent":10608,"menu_order":46,"comment_status":"closed","ping_status":"closed","template":"templates\/global.php","meta":{"inline_featured_image":false,"footnotes":""},"class_list":["post-10660","page","type-page","status-publish","hentry"],"yoast_head":"<!-- This site is optimized with the Yoast SEO plugin v27.3 - https:\/\/yoast.com\/product\/yoast-seo-wordpress\/ -->\n<title>PR\u00c9SENCE MONDIALE - Krausz Industries<\/title>\n<meta name=\"robots\" content=\"index, follow, max-snippet:-1, max-image-preview:large, max-video-preview:-1\" \/>\n<link rel=\"canonical\" href=\"https:\/\/krausz.com\/company\/global-presence\/\" \/>\n<meta property=\"og:locale\" content=\"fr_CA\" \/>\n<meta property=\"og:type\" content=\"article\" \/>\n<meta property=\"og:title\" content=\"PR\u00c9SENCE MONDIALE - Krausz Industries\" \/>\n<meta property=\"og:description\" content=\"Les solutions de Krausz sont disponibles dans le monde entier. Nos partenaires distributeurs sont pr\u00e9sents sur plusieurs continents afin que vous puissiez profiter de nos solutions de pointe. Utilisez notre r\u00e9pertoire pour trouver le distributeur le plus proche de chez vous. Si(\u05dc\u05d4\u05de\u05e9\u05da \u05e7\u05e8\u05d9\u05d0\u05d4...)\" \/>\n<meta property=\"og:url\" content=\"https:\/\/krausz.com\/company\/global-presence\/\" \/>\n<meta property=\"og:site_name\" content=\"Krausz Industries\" \/>\n<meta property=\"article:modified_time\" content=\"2020-12-27T09:16:37+00:00\" \/>\n<meta name=\"twitter:card\" content=\"summary_large_image\" \/>\n<script type=\"application\/ld+json\" class=\"yoast-schema-graph\">{\"@context\":\"https:\\\/\\\/schema.org\",\"@graph\":[{\"@type\":\"WebPage\",\"@id\":\"https:\\\/\\\/krausz.com\\\/company\\\/global-presence\\\/\",\"url\":\"https:\\\/\\\/krausz.com\\\/company\\\/global-presence\\\/\",\"name\":\"PR\u00c9SENCE MONDIALE - Krausz Industries\",\"isPartOf\":{\"@id\":\"https:\\\/\\\/krausz.com\\\/#website\"},\"datePublished\":\"2014-08-27T10:21:09+00:00\",\"dateModified\":\"2020-12-27T09:16:37+00:00\",\"breadcrumb\":{\"@id\":\"https:\\\/\\\/krausz.com\\\/company\\\/global-presence\\\/#breadcrumb\"},\"inLanguage\":\"fr-CA\",\"potentialAction\":[{\"@type\":\"ReadAction\",\"target\":[\"https:\\\/\\\/krausz.com\\\/company\\\/global-presence\\\/\"]}]},{\"@type\":\"BreadcrumbList\",\"@id\":\"https:\\\/\\\/krausz.com\\\/company\\\/global-presence\\\/#breadcrumb\",\"itemListElement\":[{\"@type\":\"ListItem\",\"position\":1,\"name\":\"Home\",\"item\":\"https:\\\/\\\/krausz.com\\\/\"},{\"@type\":\"ListItem\",\"position\":2,\"name\":\"company\",\"item\":\"https:\\\/\\\/krausz.com\\\/company\\\/\"},{\"@type\":\"ListItem\",\"position\":3,\"name\":\"PR\u00c9SENCE MONDIALE\"}]},{\"@type\":\"WebSite\",\"@id\":\"https:\\\/\\\/krausz.com\\\/#website\",\"url\":\"https:\\\/\\\/krausz.com\\\/\",\"name\":\"Krausz Industries\",\"description\":\"Repair the past. Connect the future\",\"potentialAction\":[{\"@type\":\"SearchAction\",\"target\":{\"@type\":\"EntryPoint\",\"urlTemplate\":\"https:\\\/\\\/krausz.com\\\/?s={search_term_string}\"},\"query-input\":{\"@type\":\"PropertyValueSpecification\",\"valueRequired\":true,\"valueName\":\"search_term_string\"}}],\"inLanguage\":\"fr-CA\"}]}<\/script>\n<!-- \/ Yoast SEO plugin. -->","yoast_head_json":{"title":"PR\u00c9SENCE MONDIALE - Krausz Industries","robots":{"index":"index","follow":"follow","max-snippet":"max-snippet:-1","max-image-preview":"max-image-preview:large","max-video-preview":"max-video-preview:-1"},"canonical":"https:\/\/krausz.com\/company\/global-presence\/","og_locale":"fr_CA","og_type":"article","og_title":"PR\u00c9SENCE MONDIALE - Krausz Industries","og_description":"Les solutions de Krausz sont disponibles dans le monde entier. Nos partenaires distributeurs sont pr\u00e9sents sur plusieurs continents afin que vous puissiez profiter de nos solutions de pointe. Utilisez notre r\u00e9pertoire pour trouver le distributeur le plus proche de chez vous. Si(\u05dc\u05d4\u05de\u05e9\u05da \u05e7\u05e8\u05d9\u05d0\u05d4...)","og_url":"https:\/\/krausz.com\/company\/global-presence\/","og_site_name":"Krausz Industries","article_modified_time":"2020-12-27T09:16:37+00:00","twitter_card":"summary_large_image","schema":{"@context":"https:\/\/schema.org","@graph":[{"@type":"WebPage","@id":"https:\/\/krausz.com\/company\/global-presence\/","url":"https:\/\/krausz.com\/company\/global-presence\/","name":"PR\u00c9SENCE MONDIALE - Krausz Industries","isPartOf":{"@id":"https:\/\/krausz.com\/#website"},"datePublished":"2014-08-27T10:21:09+00:00","dateModified":"2020-12-27T09:16:37+00:00","breadcrumb":{"@id":"https:\/\/krausz.com\/company\/global-presence\/#breadcrumb"},"inLanguage":"fr-CA","potentialAction":[{"@type":"ReadAction","target":["https:\/\/krausz.com\/company\/global-presence\/"]}]},{"@type":"BreadcrumbList","@id":"https:\/\/krausz.com\/company\/global-presence\/#breadcrumb","itemListElement":[{"@type":"ListItem","position":1,"name":"Home","item":"https:\/\/krausz.com\/"},{"@type":"ListItem","position":2,"name":"company","item":"https:\/\/krausz.com\/company\/"},{"@type":"ListItem","position":3,"name":"PR\u00c9SENCE MONDIALE"}]},{"@type":"WebSite","@id":"https:\/\/krausz.com\/#website","url":"https:\/\/krausz.com\/","name":"Krausz Industries","description":"Repair the past. Connect the future","potentialAction":[{"@type":"SearchAction","target":{"@type":"EntryPoint","urlTemplate":"https:\/\/krausz.com\/?s={search_term_string}"},"query-input":{"@type":"PropertyValueSpecification","valueRequired":true,"valueName":"search_term_string"}}],"inLanguage":"fr-CA"}]}},"_links":{"self":[{"href":"https:\/\/krausz.com\/fr\/wp-json\/wp\/v2\/pages\/10660","targetHints":{"allow":["GET"]}}],"collection":[{"href":"https:\/\/krausz.com\/fr\/wp-json\/wp\/v2\/pages"}],"about":[{"href":"https:\/\/krausz.com\/fr\/wp-json\/wp\/v2\/types\/page"}],"author":[{"embeddable":true,"href":"https:\/\/krausz.com\/fr\/wp-json\/wp\/v2\/users\/1"}],"replies":[{"embeddable":true,"href":"https:\/\/krausz.com\/fr\/wp-json\/wp\/v2\/comments?post=10660"}],"version-history":[{"count":2,"href":"https:\/\/krausz.com\/fr\/wp-json\/wp\/v2\/pages\/10660\/revisions"}],"predecessor-version":[{"id":10670,"href":"https:\/\/krausz.com\/fr\/wp-json\/wp\/v2\/pages\/10660\/revisions\/10670"}],"up":[{"embeddable":true,"href":"https:\/\/krausz.com\/fr\/wp-json\/wp\/v2\/pages\/10608"}],"wp:attachment":[{"href":"https:\/\/krausz.com\/fr\/wp-json\/wp\/v2\/media?parent=10660"}],"curies":[{"name":"wp","href":"https:\/\/api.w.org\/{rel}","templated":true}]}}