{"id":10673,"date":"2014-08-31T09:05:25","date_gmt":"2014-08-31T09:05:25","guid":{"rendered":"https:\/\/krausz.com\/fr\/rd-department\/"},"modified":"2020-11-17T09:39:26","modified_gmt":"2020-11-17T07:39:26","slug":"rd-department","status":"publish","type":"page","link":"https:\/\/krausz.com\/fr\/innovation\/rd-department\/","title":{"rendered":"D\u00c9PARTEMENT R&#038;D"},"content":{"rendered":"<p><span style=\"font-weight: 400;\">Notre d\u00e9partement R&amp;D est le fer de lance de notre soci\u00e9t\u00e9. Nous investissons \u00e9norm\u00e9ment en recherche et d\u00e9veloppement afin de maintenir notre image d&rsquo;innovateurs au sein de l&rsquo;industrie. Notre engagement dans le processus de R&amp;D a permis d&rsquo;apporter une renomm\u00e9e mondiale \u00e0 nos produits.<\/span><\/p>\n<p><span style=\"font-weight: 400;\">Le d\u00e9partement R&amp;D d\u00e9di\u00e9 de Krausz est dirig\u00e9 par l&rsquo;un des plus grands experts en raccords et manchons de couplage pour les r\u00e9seaux d&rsquo;eau potable et d&rsquo;eaux us\u00e9es. Notre \u00e9quipe est d\u00e9termin\u00e9e \u00e0 s&rsquo;am\u00e9liorer constamment, \u00e0 trouver les moyens les plus performants, les plus rapides et les plus abordables au service de l&rsquo;industrie.<\/span><\/p>\n<p><span style=\"font-weight: 400;\">L&rsquo;excellence de nos produits est notre priorit\u00e9. Cependant, le d\u00e9veloppement de nouveaux produits chez Krausz n&rsquo;est pas arbitraire. Il suit un processus de recherche complet au cours duquel nous \u00e9tudions les probl\u00e8mes issus du terrain qui demandent les meilleures solutions. Apr\u00e8s avoir d\u00e9termin\u00e9 ce dont le march\u00e9 a besoin, nous concevons une solution ad\u00e9quate pouvant notamment simplifier la vie de l&rsquo;installateur, notre utilisateur final.<\/span><\/p>\n<p><span style=\"font-weight: 400;\">Notre longue liste de brevets a permis \u00e0 l&rsquo;industrie d&rsquo;innover tout en maintenant l&rsquo;excellence de la fabrication par l&rsquo;utilisation de mat\u00e9riaux de qualit\u00e9 sup\u00e9rieure et par les m\u00e9thodes de travail les plus r\u00e9centes. Depuis les \u00e9crous et boulons jusqu&rsquo;aux finitions sp\u00e9cifiques utilis\u00e9es, notre souci du d\u00e9tail a pour principal objectif de fournir des solutions fiables sur lesquelles vous pouvez compter.<\/span><\/p>\n","protected":false},"excerpt":{"rendered":"<p>Krausz\u2019s dedicated R&#038;D department is led by one of the foremost experts in water and wastewater coupling and clamp devices.  Our team is committed to constant improvement, finding better, faster and more affordable ways to serve our industry. <\/p>\n","protected":false},"author":1,"featured_media":0,"parent":10687,"menu_order":41,"comment_status":"closed","ping_status":"closed","template":"","meta":{"inline_featured_image":false,"footnotes":""},"class_list":["post-10673","page","type-page","status-publish","hentry"],"yoast_head":"<!-- This site is optimized with the Yoast SEO plugin v27.4 - https:\/\/yoast.com\/product\/yoast-seo-wordpress\/ -->\n<title>D\u00c9PARTEMENT R&amp;D - Krausz Industries<\/title>\n<meta name=\"robots\" content=\"index, follow, max-snippet:-1, max-image-preview:large, max-video-preview:-1\" \/>\n<link rel=\"canonical\" href=\"https:\/\/krausz.com\/innovation\/rd-department\/\" \/>\n<meta property=\"og:locale\" content=\"fr_CA\" \/>\n<meta property=\"og:type\" content=\"article\" \/>\n<meta property=\"og:title\" content=\"D\u00c9PARTEMENT R&amp;D - Krausz Industries\" \/>\n<meta property=\"og:description\" content=\"Krausz\u2019s dedicated R&amp;D department is led by one of the foremost experts in water and wastewater coupling and clamp devices. Our team is committed to constant improvement, finding better, faster and more affordable ways to serve our industry.\" \/>\n<meta property=\"og:url\" content=\"https:\/\/krausz.com\/innovation\/rd-department\/\" \/>\n<meta property=\"og:site_name\" content=\"Krausz Industries\" \/>\n<meta property=\"article:modified_time\" content=\"2020-11-17T07:39:26+00:00\" \/>\n<meta name=\"twitter:card\" content=\"summary_large_image\" \/>\n<meta name=\"twitter:label1\" content=\"Estimation du temps de lecture\" \/>\n\t<meta name=\"twitter:data1\" content=\"1 minute\" \/>\n<script type=\"application\/ld+json\" class=\"yoast-schema-graph\">{\"@context\":\"https:\\\/\\\/schema.org\",\"@graph\":[{\"@type\":\"WebPage\",\"@id\":\"https:\\\/\\\/krausz.com\\\/innovation\\\/rd-department\\\/\",\"url\":\"https:\\\/\\\/krausz.com\\\/innovation\\\/rd-department\\\/\",\"name\":\"D\u00c9PARTEMENT R&D - Krausz Industries\",\"isPartOf\":{\"@id\":\"https:\\\/\\\/krausz.com\\\/#website\"},\"datePublished\":\"2014-08-31T09:05:25+00:00\",\"dateModified\":\"2020-11-17T07:39:26+00:00\",\"breadcrumb\":{\"@id\":\"https:\\\/\\\/krausz.com\\\/innovation\\\/rd-department\\\/#breadcrumb\"},\"inLanguage\":\"fr-CA\",\"potentialAction\":[{\"@type\":\"ReadAction\",\"target\":[\"https:\\\/\\\/krausz.com\\\/innovation\\\/rd-department\\\/\"]}]},{\"@type\":\"BreadcrumbList\",\"@id\":\"https:\\\/\\\/krausz.com\\\/innovation\\\/rd-department\\\/#breadcrumb\",\"itemListElement\":[{\"@type\":\"ListItem\",\"position\":1,\"name\":\"Home\",\"item\":\"https:\\\/\\\/krausz.com\\\/\"},{\"@type\":\"ListItem\",\"position\":2,\"name\":\"innovation\",\"item\":\"https:\\\/\\\/krausz.com\\\/innovation\\\/\"},{\"@type\":\"ListItem\",\"position\":3,\"name\":\"D\u00c9PARTEMENT R&#038;D\"}]},{\"@type\":\"WebSite\",\"@id\":\"https:\\\/\\\/krausz.com\\\/#website\",\"url\":\"https:\\\/\\\/krausz.com\\\/\",\"name\":\"Krausz Industries\",\"description\":\"Repair the past. Connect the future\",\"potentialAction\":[{\"@type\":\"SearchAction\",\"target\":{\"@type\":\"EntryPoint\",\"urlTemplate\":\"https:\\\/\\\/krausz.com\\\/?s={search_term_string}\"},\"query-input\":{\"@type\":\"PropertyValueSpecification\",\"valueRequired\":true,\"valueName\":\"search_term_string\"}}],\"inLanguage\":\"fr-CA\"}]}<\/script>\n<!-- \/ Yoast SEO plugin. -->","yoast_head_json":{"title":"D\u00c9PARTEMENT R&D - Krausz Industries","robots":{"index":"index","follow":"follow","max-snippet":"max-snippet:-1","max-image-preview":"max-image-preview:large","max-video-preview":"max-video-preview:-1"},"canonical":"https:\/\/krausz.com\/innovation\/rd-department\/","og_locale":"fr_CA","og_type":"article","og_title":"D\u00c9PARTEMENT R&D - Krausz Industries","og_description":"Krausz\u2019s dedicated R&D department is led by one of the foremost experts in water and wastewater coupling and clamp devices. Our team is committed to constant improvement, finding better, faster and more affordable ways to serve our industry.","og_url":"https:\/\/krausz.com\/innovation\/rd-department\/","og_site_name":"Krausz Industries","article_modified_time":"2020-11-17T07:39:26+00:00","twitter_card":"summary_large_image","twitter_misc":{"Estimation du temps de lecture":"1 minute"},"schema":{"@context":"https:\/\/schema.org","@graph":[{"@type":"WebPage","@id":"https:\/\/krausz.com\/innovation\/rd-department\/","url":"https:\/\/krausz.com\/innovation\/rd-department\/","name":"D\u00c9PARTEMENT R&D - Krausz Industries","isPartOf":{"@id":"https:\/\/krausz.com\/#website"},"datePublished":"2014-08-31T09:05:25+00:00","dateModified":"2020-11-17T07:39:26+00:00","breadcrumb":{"@id":"https:\/\/krausz.com\/innovation\/rd-department\/#breadcrumb"},"inLanguage":"fr-CA","potentialAction":[{"@type":"ReadAction","target":["https:\/\/krausz.com\/innovation\/rd-department\/"]}]},{"@type":"BreadcrumbList","@id":"https:\/\/krausz.com\/innovation\/rd-department\/#breadcrumb","itemListElement":[{"@type":"ListItem","position":1,"name":"Home","item":"https:\/\/krausz.com\/"},{"@type":"ListItem","position":2,"name":"innovation","item":"https:\/\/krausz.com\/innovation\/"},{"@type":"ListItem","position":3,"name":"D\u00c9PARTEMENT R&#038;D"}]},{"@type":"WebSite","@id":"https:\/\/krausz.com\/#website","url":"https:\/\/krausz.com\/","name":"Krausz Industries","description":"Repair the past. Connect the future","potentialAction":[{"@type":"SearchAction","target":{"@type":"EntryPoint","urlTemplate":"https:\/\/krausz.com\/?s={search_term_string}"},"query-input":{"@type":"PropertyValueSpecification","valueRequired":true,"valueName":"search_term_string"}}],"inLanguage":"fr-CA"}]}},"_links":{"self":[{"href":"https:\/\/krausz.com\/fr\/wp-json\/wp\/v2\/pages\/10673","targetHints":{"allow":["GET"]}}],"collection":[{"href":"https:\/\/krausz.com\/fr\/wp-json\/wp\/v2\/pages"}],"about":[{"href":"https:\/\/krausz.com\/fr\/wp-json\/wp\/v2\/types\/page"}],"author":[{"embeddable":true,"href":"https:\/\/krausz.com\/fr\/wp-json\/wp\/v2\/users\/1"}],"replies":[{"embeddable":true,"href":"https:\/\/krausz.com\/fr\/wp-json\/wp\/v2\/comments?post=10673"}],"version-history":[{"count":1,"href":"https:\/\/krausz.com\/fr\/wp-json\/wp\/v2\/pages\/10673\/revisions"}],"predecessor-version":[{"id":10676,"href":"https:\/\/krausz.com\/fr\/wp-json\/wp\/v2\/pages\/10673\/revisions\/10676"}],"up":[{"embeddable":true,"href":"https:\/\/krausz.com\/fr\/wp-json\/wp\/v2\/pages\/10687"}],"wp:attachment":[{"href":"https:\/\/krausz.com\/fr\/wp-json\/wp\/v2\/media?parent=10673"}],"curies":[{"name":"wp","href":"https:\/\/api.w.org\/{rel}","templated":true}]}}