{"id":10682,"date":"2014-09-30T09:06:15","date_gmt":"2014-09-30T09:06:15","guid":{"rendered":"https:\/\/krausz.com\/fr\/global-certifications\/"},"modified":"2020-12-27T11:19:28","modified_gmt":"2020-12-27T09:19:28","slug":"nos-certifications","status":"publish","type":"page","link":"https:\/\/krausz.com\/fr\/innovation\/nos-certifications\/","title":{"rendered":"certifications internationales"},"content":{"rendered":"<p><span style=\"font-weight: 400;\">Krausz industries a obtenu des certifications pour ses technologies des principaux instituts de certification aux \u00c9tats-Unis et en Europe, y compris les certificats internationaux pertinents pour sa technologie de joint pour l&rsquo;eau potable (\u00e9tanch\u00e9it\u00e9 et raccord).<\/span><\/p>\n<p><img loading=\"lazy\" decoding=\"async\" class=\"aligncenter wp-image-12593 size-full\" src=\"https:\/\/krausz.com\/wp-content\/uploads\/2020\/07\/Krausz_certifications.jpg\" alt=\"\" width=\"1080\" height=\"750\" \/><\/p>\n","protected":false},"excerpt":{"rendered":"<p>Krausz industries has received certifications for its technologies from the leading certifying institutes in the US and the EU. For the international certificates pertaining to its gasket technology for drinking water (sealing and connecting) see here.<\/p>\n","protected":false},"author":1,"featured_media":0,"parent":10687,"menu_order":36,"comment_status":"closed","ping_status":"closed","template":"","meta":{"inline_featured_image":false,"footnotes":""},"class_list":["post-10682","page","type-page","status-publish","hentry"],"yoast_head":"<!-- This site is optimized with the Yoast SEO plugin v27.4 - https:\/\/yoast.com\/product\/yoast-seo-wordpress\/ -->\n<title>certifications internationales - Krausz Industries<\/title>\n<meta name=\"robots\" content=\"index, follow, max-snippet:-1, max-image-preview:large, max-video-preview:-1\" \/>\n<link rel=\"canonical\" href=\"https:\/\/krausz.com\/innovation\/global-certifications\/\" \/>\n<meta property=\"og:locale\" content=\"fr_CA\" \/>\n<meta property=\"og:type\" content=\"article\" \/>\n<meta property=\"og:title\" content=\"certifications internationales - Krausz Industries\" \/>\n<meta property=\"og:description\" content=\"Krausz industries has received certifications for its technologies from the leading certifying institutes in the US and the EU. For the international certificates pertaining to its gasket technology for drinking water (sealing and connecting) see here.\" \/>\n<meta property=\"og:url\" content=\"https:\/\/krausz.com\/innovation\/global-certifications\/\" \/>\n<meta property=\"og:site_name\" content=\"Krausz Industries\" \/>\n<meta property=\"article:modified_time\" content=\"2020-12-27T09:19:28+00:00\" \/>\n<meta property=\"og:image\" content=\"https:\/\/krausz.com\/wp-content\/uploads\/2016\/03\/canada.gif\" \/>\n\t<meta property=\"og:image:width\" content=\"324\" \/>\n\t<meta property=\"og:image:height\" content=\"216\" \/>\n\t<meta property=\"og:image:type\" content=\"image\/gif\" \/>\n<meta name=\"twitter:card\" content=\"summary_large_image\" \/>\n<script type=\"application\/ld+json\" class=\"yoast-schema-graph\">{\"@context\":\"https:\\\/\\\/schema.org\",\"@graph\":[{\"@type\":\"WebPage\",\"@id\":\"https:\\\/\\\/krausz.com\\\/innovation\\\/global-certifications\\\/\",\"url\":\"https:\\\/\\\/krausz.com\\\/innovation\\\/global-certifications\\\/\",\"name\":\"certifications internationales - Krausz Industries\",\"isPartOf\":{\"@id\":\"https:\\\/\\\/krausz.com\\\/#website\"},\"primaryImageOfPage\":{\"@id\":\"https:\\\/\\\/krausz.com\\\/innovation\\\/global-certifications\\\/#primaryimage\"},\"image\":{\"@id\":\"https:\\\/\\\/krausz.com\\\/innovation\\\/global-certifications\\\/#primaryimage\"},\"thumbnailUrl\":\"https:\\\/\\\/krausz.com\\\/wp-content\\\/uploads\\\/2020\\\/07\\\/Krausz_certifications.jpg\",\"datePublished\":\"2014-09-30T09:06:15+00:00\",\"dateModified\":\"2020-12-27T09:19:28+00:00\",\"breadcrumb\":{\"@id\":\"https:\\\/\\\/krausz.com\\\/innovation\\\/global-certifications\\\/#breadcrumb\"},\"inLanguage\":\"fr-CA\",\"potentialAction\":[{\"@type\":\"ReadAction\",\"target\":[\"https:\\\/\\\/krausz.com\\\/innovation\\\/global-certifications\\\/\"]}]},{\"@type\":\"ImageObject\",\"inLanguage\":\"fr-CA\",\"@id\":\"https:\\\/\\\/krausz.com\\\/innovation\\\/global-certifications\\\/#primaryimage\",\"url\":\"https:\\\/\\\/krausz.com\\\/wp-content\\\/uploads\\\/2020\\\/07\\\/Krausz_certifications.jpg\",\"contentUrl\":\"https:\\\/\\\/krausz.com\\\/wp-content\\\/uploads\\\/2020\\\/07\\\/Krausz_certifications.jpg\"},{\"@type\":\"BreadcrumbList\",\"@id\":\"https:\\\/\\\/krausz.com\\\/innovation\\\/global-certifications\\\/#breadcrumb\",\"itemListElement\":[{\"@type\":\"ListItem\",\"position\":1,\"name\":\"Home\",\"item\":\"https:\\\/\\\/krausz.com\\\/\"},{\"@type\":\"ListItem\",\"position\":2,\"name\":\"innovation\",\"item\":\"https:\\\/\\\/krausz.com\\\/innovation\\\/\"},{\"@type\":\"ListItem\",\"position\":3,\"name\":\"certifications internationales\"}]},{\"@type\":\"WebSite\",\"@id\":\"https:\\\/\\\/krausz.com\\\/#website\",\"url\":\"https:\\\/\\\/krausz.com\\\/\",\"name\":\"Krausz Industries\",\"description\":\"Repair the past. Connect the future\",\"potentialAction\":[{\"@type\":\"SearchAction\",\"target\":{\"@type\":\"EntryPoint\",\"urlTemplate\":\"https:\\\/\\\/krausz.com\\\/?s={search_term_string}\"},\"query-input\":{\"@type\":\"PropertyValueSpecification\",\"valueRequired\":true,\"valueName\":\"search_term_string\"}}],\"inLanguage\":\"fr-CA\"}]}<\/script>\n<!-- \/ Yoast SEO plugin. -->","yoast_head_json":{"title":"certifications internationales - Krausz Industries","robots":{"index":"index","follow":"follow","max-snippet":"max-snippet:-1","max-image-preview":"max-image-preview:large","max-video-preview":"max-video-preview:-1"},"canonical":"https:\/\/krausz.com\/innovation\/global-certifications\/","og_locale":"fr_CA","og_type":"article","og_title":"certifications internationales - Krausz Industries","og_description":"Krausz industries has received certifications for its technologies from the leading certifying institutes in the US and the EU. For the international certificates pertaining to its gasket technology for drinking water (sealing and connecting) see here.","og_url":"https:\/\/krausz.com\/innovation\/global-certifications\/","og_site_name":"Krausz Industries","article_modified_time":"2020-12-27T09:19:28+00:00","og_image":[{"width":324,"height":216,"url":"https:\/\/krausz.com\/wp-content\/uploads\/2016\/03\/canada.gif","type":"image\/gif"}],"twitter_card":"summary_large_image","schema":{"@context":"https:\/\/schema.org","@graph":[{"@type":"WebPage","@id":"https:\/\/krausz.com\/innovation\/global-certifications\/","url":"https:\/\/krausz.com\/innovation\/global-certifications\/","name":"certifications internationales - Krausz Industries","isPartOf":{"@id":"https:\/\/krausz.com\/#website"},"primaryImageOfPage":{"@id":"https:\/\/krausz.com\/innovation\/global-certifications\/#primaryimage"},"image":{"@id":"https:\/\/krausz.com\/innovation\/global-certifications\/#primaryimage"},"thumbnailUrl":"https:\/\/krausz.com\/wp-content\/uploads\/2020\/07\/Krausz_certifications.jpg","datePublished":"2014-09-30T09:06:15+00:00","dateModified":"2020-12-27T09:19:28+00:00","breadcrumb":{"@id":"https:\/\/krausz.com\/innovation\/global-certifications\/#breadcrumb"},"inLanguage":"fr-CA","potentialAction":[{"@type":"ReadAction","target":["https:\/\/krausz.com\/innovation\/global-certifications\/"]}]},{"@type":"ImageObject","inLanguage":"fr-CA","@id":"https:\/\/krausz.com\/innovation\/global-certifications\/#primaryimage","url":"https:\/\/krausz.com\/wp-content\/uploads\/2020\/07\/Krausz_certifications.jpg","contentUrl":"https:\/\/krausz.com\/wp-content\/uploads\/2020\/07\/Krausz_certifications.jpg"},{"@type":"BreadcrumbList","@id":"https:\/\/krausz.com\/innovation\/global-certifications\/#breadcrumb","itemListElement":[{"@type":"ListItem","position":1,"name":"Home","item":"https:\/\/krausz.com\/"},{"@type":"ListItem","position":2,"name":"innovation","item":"https:\/\/krausz.com\/innovation\/"},{"@type":"ListItem","position":3,"name":"certifications internationales"}]},{"@type":"WebSite","@id":"https:\/\/krausz.com\/#website","url":"https:\/\/krausz.com\/","name":"Krausz Industries","description":"Repair the past. Connect the future","potentialAction":[{"@type":"SearchAction","target":{"@type":"EntryPoint","urlTemplate":"https:\/\/krausz.com\/?s={search_term_string}"},"query-input":{"@type":"PropertyValueSpecification","valueRequired":true,"valueName":"search_term_string"}}],"inLanguage":"fr-CA"}]}},"_links":{"self":[{"href":"https:\/\/krausz.com\/fr\/wp-json\/wp\/v2\/pages\/10682","targetHints":{"allow":["GET"]}}],"collection":[{"href":"https:\/\/krausz.com\/fr\/wp-json\/wp\/v2\/pages"}],"about":[{"href":"https:\/\/krausz.com\/fr\/wp-json\/wp\/v2\/types\/page"}],"author":[{"embeddable":true,"href":"https:\/\/krausz.com\/fr\/wp-json\/wp\/v2\/users\/1"}],"replies":[{"embeddable":true,"href":"https:\/\/krausz.com\/fr\/wp-json\/wp\/v2\/comments?post=10682"}],"version-history":[{"count":1,"href":"https:\/\/krausz.com\/fr\/wp-json\/wp\/v2\/pages\/10682\/revisions"}],"predecessor-version":[{"id":10685,"href":"https:\/\/krausz.com\/fr\/wp-json\/wp\/v2\/pages\/10682\/revisions\/10685"}],"up":[{"embeddable":true,"href":"https:\/\/krausz.com\/fr\/wp-json\/wp\/v2\/pages\/10687"}],"wp:attachment":[{"href":"https:\/\/krausz.com\/fr\/wp-json\/wp\/v2\/media?parent=10682"}],"curies":[{"name":"wp","href":"https:\/\/api.w.org\/{rel}","templated":true}]}}