{"id":10710,"date":"2015-11-30T11:51:50","date_gmt":"2015-11-30T11:51:50","guid":{"rendered":"https:\/\/krausz.com\/fr\/?page_id=10710"},"modified":"2020-11-17T14:02:15","modified_gmt":"2020-11-17T12:02:15","slug":"raccord","status":"publish","type":"page","link":"https:\/\/krausz.com\/fr\/raccord\/","title":{"rendered":"Raccord"},"content":{"rendered":"<p>R\u00e9pondant \u00e0 tous les besoins de raccordement, Krausz propose un grand choix de solutions de raccords, et notamment la gamme r\u00e9volutionnaire HYMAX\u00ae et la gamme REPAMAX\u00ae qui fournit une solution multifonctionnelle pour le raccordement et la r\u00e9paration des canalisations. Con\u00e7us pour r\u00e9pondre pleinement aux besoins du client, les produits de Krausz sont reconnus dans le monde entier pour leur conception innovante, leur facilit\u00e9 d&#39;utilisation, leur durabilit\u00e9 \u00e0 long terme et leur rentabilit\u00e9. Test\u00e9es dans le temps et \u00e9prouv\u00e9es sur le terrain depuis plus de 20 ans avec des millions d&#39;installations dans le monde, nos solutions de raccordement vous permettent de r\u00e9agir plus rapidement \u00e0 toute situation.<\/p>\n<ul>\n<li>Le joint progressif \u00e0 assistance hydraulique brevet\u00e9 permet une d\u00e9viation dynamique pouvant atteindre 4\u00b0 \u00e0 chaque extr\u00e9mit\u00e9<br \/>\n             (HYMAX) et 3\u00b0 \u00e0 chaque extr\u00e9mit\u00e9 (REPAMAX),<\/li>\n<li>R\u00e9duction du risque de dommages et de fissures dus aux mouvements de terrain et aux variations de temp\u00e9rature apr\u00e8s<br \/>\n             l&#39;installation.<\/li>\n<li>Le joint brevet\u00e9 renforce son emprise sur la canalisation au fur et \u00e0 mesure que le d\u00e9bit d&#39;eau interne augmente, tout<br \/>\n            en emp\u00eachant un arrachement axial de la canalisation.<\/li>\n<li>S&#39;adapte aux l\u00e9g\u00e8res imperfections de la forme des canalisations, pour un ajustement optimal m\u00eame lorsque l&#39;une des<br \/>\n            canalisations ou les deux sont l\u00e9g\u00e8rement ovalis\u00e9es.<\/li>\n<\/ul>\n<p>Pour plus d&#39;informations sur les gammes de produits, veuillez consulter les pages des gammes de produits.<\/p>\n","protected":false},"excerpt":{"rendered":"<p>R\u00e9pondant \u00e0 tous les besoins de raccordement, Krausz propose un grand choix de solutions de raccords, et notamment la gamme r\u00e9volutionnaire HYMAX\u00ae et la gamme REPAMAX\u00ae qui fournit une solution multifonctionnelle pour le raccordement et la r\u00e9paration des canalisations. Con\u00e7us pour r\u00e9pondre<\/p>\n<div class=\"view-full-post\"><a href=\"https:\/\/krausz.com\/fr\/raccord\/\" class=\"view-full-post-btn\">(\u05dc\u05d4\u05de\u05e9\u05da \u05e7\u05e8\u05d9\u05d0\u05d4&#8230;)<\/a><\/div>\n","protected":false},"author":1,"featured_media":0,"parent":0,"menu_order":2,"comment_status":"closed","ping_status":"closed","template":"templates\/product-type.php","meta":{"inline_featured_image":false,"footnotes":""},"class_list":["post-10710","page","type-page","status-publish","hentry"],"yoast_head":"<!-- This site is optimized with the Yoast SEO plugin v27.4 - https:\/\/yoast.com\/product\/yoast-seo-wordpress\/ -->\n<title>Raccord - Krausz Industries<\/title>\n<meta name=\"robots\" content=\"index, follow, max-snippet:-1, max-image-preview:large, max-video-preview:-1\" \/>\n<link rel=\"canonical\" href=\"https:\/\/krausz.com\/join\/\" \/>\n<meta property=\"og:locale\" content=\"fr_CA\" \/>\n<meta property=\"og:type\" content=\"article\" \/>\n<meta property=\"og:title\" content=\"Raccord - Krausz Industries\" \/>\n<meta property=\"og:description\" content=\"R\u00e9pondant \u00e0 tous les besoins de raccordement, Krausz propose un grand choix de solutions de raccords, et notamment la gamme r\u00e9volutionnaire HYMAX\u00ae et la gamme REPAMAX\u00ae qui fournit une solution multifonctionnelle pour le raccordement et la r\u00e9paration des canalisations. Con\u00e7us pour r\u00e9pondre(\u05dc\u05d4\u05de\u05e9\u05da \u05e7\u05e8\u05d9\u05d0\u05d4...)\" \/>\n<meta property=\"og:url\" content=\"https:\/\/krausz.com\/join\/\" \/>\n<meta property=\"og:site_name\" content=\"Krausz Industries\" \/>\n<meta property=\"article:modified_time\" content=\"2020-11-17T12:02:15+00:00\" \/>\n<meta name=\"twitter:card\" content=\"summary_large_image\" \/>\n<meta name=\"twitter:label1\" content=\"Estimation du temps de lecture\" \/>\n\t<meta name=\"twitter:data1\" content=\"1 minute\" \/>\n<script type=\"application\/ld+json\" class=\"yoast-schema-graph\">{\"@context\":\"https:\\\/\\\/schema.org\",\"@graph\":[{\"@type\":\"WebPage\",\"@id\":\"https:\\\/\\\/krausz.com\\\/join\\\/\",\"url\":\"https:\\\/\\\/krausz.com\\\/join\\\/\",\"name\":\"Raccord - Krausz Industries\",\"isPartOf\":{\"@id\":\"https:\\\/\\\/krausz.com\\\/#website\"},\"datePublished\":\"2015-11-30T11:51:50+00:00\",\"dateModified\":\"2020-11-17T12:02:15+00:00\",\"breadcrumb\":{\"@id\":\"https:\\\/\\\/krausz.com\\\/join\\\/#breadcrumb\"},\"inLanguage\":\"fr-CA\",\"potentialAction\":[{\"@type\":\"ReadAction\",\"target\":[\"https:\\\/\\\/krausz.com\\\/join\\\/\"]}]},{\"@type\":\"BreadcrumbList\",\"@id\":\"https:\\\/\\\/krausz.com\\\/join\\\/#breadcrumb\",\"itemListElement\":[{\"@type\":\"ListItem\",\"position\":1,\"name\":\"Home\",\"item\":\"https:\\\/\\\/krausz.com\\\/\"},{\"@type\":\"ListItem\",\"position\":2,\"name\":\"Raccord\"}]},{\"@type\":\"WebSite\",\"@id\":\"https:\\\/\\\/krausz.com\\\/#website\",\"url\":\"https:\\\/\\\/krausz.com\\\/\",\"name\":\"Krausz Industries\",\"description\":\"Repair the past. Connect the future\",\"potentialAction\":[{\"@type\":\"SearchAction\",\"target\":{\"@type\":\"EntryPoint\",\"urlTemplate\":\"https:\\\/\\\/krausz.com\\\/?s={search_term_string}\"},\"query-input\":{\"@type\":\"PropertyValueSpecification\",\"valueRequired\":true,\"valueName\":\"search_term_string\"}}],\"inLanguage\":\"fr-CA\"}]}<\/script>\n<!-- \/ Yoast SEO plugin. -->","yoast_head_json":{"title":"Raccord - Krausz Industries","robots":{"index":"index","follow":"follow","max-snippet":"max-snippet:-1","max-image-preview":"max-image-preview:large","max-video-preview":"max-video-preview:-1"},"canonical":"https:\/\/krausz.com\/join\/","og_locale":"fr_CA","og_type":"article","og_title":"Raccord - Krausz Industries","og_description":"R\u00e9pondant \u00e0 tous les besoins de raccordement, Krausz propose un grand choix de solutions de raccords, et notamment la gamme r\u00e9volutionnaire HYMAX\u00ae et la gamme REPAMAX\u00ae qui fournit une solution multifonctionnelle pour le raccordement et la r\u00e9paration des canalisations. Con\u00e7us pour r\u00e9pondre(\u05dc\u05d4\u05de\u05e9\u05da \u05e7\u05e8\u05d9\u05d0\u05d4...)","og_url":"https:\/\/krausz.com\/join\/","og_site_name":"Krausz Industries","article_modified_time":"2020-11-17T12:02:15+00:00","twitter_card":"summary_large_image","twitter_misc":{"Estimation du temps de lecture":"1 minute"},"schema":{"@context":"https:\/\/schema.org","@graph":[{"@type":"WebPage","@id":"https:\/\/krausz.com\/join\/","url":"https:\/\/krausz.com\/join\/","name":"Raccord - Krausz Industries","isPartOf":{"@id":"https:\/\/krausz.com\/#website"},"datePublished":"2015-11-30T11:51:50+00:00","dateModified":"2020-11-17T12:02:15+00:00","breadcrumb":{"@id":"https:\/\/krausz.com\/join\/#breadcrumb"},"inLanguage":"fr-CA","potentialAction":[{"@type":"ReadAction","target":["https:\/\/krausz.com\/join\/"]}]},{"@type":"BreadcrumbList","@id":"https:\/\/krausz.com\/join\/#breadcrumb","itemListElement":[{"@type":"ListItem","position":1,"name":"Home","item":"https:\/\/krausz.com\/"},{"@type":"ListItem","position":2,"name":"Raccord"}]},{"@type":"WebSite","@id":"https:\/\/krausz.com\/#website","url":"https:\/\/krausz.com\/","name":"Krausz Industries","description":"Repair the past. Connect the future","potentialAction":[{"@type":"SearchAction","target":{"@type":"EntryPoint","urlTemplate":"https:\/\/krausz.com\/?s={search_term_string}"},"query-input":{"@type":"PropertyValueSpecification","valueRequired":true,"valueName":"search_term_string"}}],"inLanguage":"fr-CA"}]}},"_links":{"self":[{"href":"https:\/\/krausz.com\/fr\/wp-json\/wp\/v2\/pages\/10710","targetHints":{"allow":["GET"]}}],"collection":[{"href":"https:\/\/krausz.com\/fr\/wp-json\/wp\/v2\/pages"}],"about":[{"href":"https:\/\/krausz.com\/fr\/wp-json\/wp\/v2\/types\/page"}],"author":[{"embeddable":true,"href":"https:\/\/krausz.com\/fr\/wp-json\/wp\/v2\/users\/1"}],"replies":[{"embeddable":true,"href":"https:\/\/krausz.com\/fr\/wp-json\/wp\/v2\/comments?post=10710"}],"version-history":[{"count":6,"href":"https:\/\/krausz.com\/fr\/wp-json\/wp\/v2\/pages\/10710\/revisions"}],"predecessor-version":[{"id":10736,"href":"https:\/\/krausz.com\/fr\/wp-json\/wp\/v2\/pages\/10710\/revisions\/10736"}],"wp:attachment":[{"href":"https:\/\/krausz.com\/fr\/wp-json\/wp\/v2\/media?parent=10710"}],"curies":[{"name":"wp","href":"https:\/\/api.w.org\/{rel}","templated":true}]}}