{"id":10716,"date":"2015-11-30T11:52:20","date_gmt":"2015-11-30T11:52:20","guid":{"rendered":"https:\/\/krausz.com\/fr\/?page_id=10716"},"modified":"2020-11-16T12:13:45","modified_gmt":"2020-11-16T10:13:45","slug":"repair","status":"publish","type":"page","link":"https:\/\/krausz.com\/fr\/repair\/","title":{"rendered":"Repair"},"content":{"rendered":"<p>D&rsquo;une extr\u00eame efficacit\u00e9, les solutions de r\u00e9paration de canalisations \u00e0 large plage de tol\u00e9rance de Krausz permettent de r\u00e9parer tout type de fissures, cassures ou trous sur les canalisations d&rsquo;eau potable et d&rsquo;eaux us\u00e9es.<br \/>\nReconnues pour leur polyvalence et leur flexibilit\u00e9, les solutions REPAMAX\u00ae de Krausz permettent d&rsquo;\u00e9conomiser du temps, des co\u00fbts et des efforts, dans n\u2019importe quelles conditions, m\u00eames les plus extr\u00eames et sont id\u00e9ales pour les besoins de RACCORDEMENT et de R\u00c9PARATION. Ces produits durables ont d\u00e9montr\u00e9 leur efficacit\u00e9 m\u00eame dans des conditions de sol difficiles ou corrosives.<br \/>\nCette gamme de produits pr\u00e9sente les avantages suivants :<\/p>\n<ul>\n<li>Les produits sont l\u00e9gers, avec un seul m\u00e9canisme de verrouillage orient\u00e9 vers le haut ou deux m\u00e9canismes de verrouillage<br \/>\n            orient\u00e9s vers le haut pour les grandes tailles.\n        <\/li>\n<li>Corps en acier 100% inoxydable.<\/li>\n<li>Le porte-boulon unique et brevet\u00e9 permet une installation par une seule personne.<\/li>\n<li>La conception monobloc offre une r\u00e9sistance renforc\u00e9e et une flexibilit\u00e9 accrue.<\/li>\n<li>Un processus de traitement \u00e0 sec unique sur les \u00e9crous et les boulons avec un anti-grippage mol\u00e9culaire (MAG), \u00e0 base de zinc<br \/>\n            incorpor\u00e9, emp\u00eache le grippage et permet un serrage r\u00e9p\u00e9t\u00e9 des boulons, rendant superflu le graissage des boulons, et \u00e9vitant<br \/>\n            ainsi l&rsquo;accumulation de poussi\u00e8res et de salet\u00e9s.<\/li>\n<\/ul>\n<p>Pour plus d&rsquo;informations sur les gammes de produits, veuillez consulter les pages des gammes de produits.<\/p>\n","protected":false},"excerpt":{"rendered":"<p>D&rsquo;une extr\u00eame efficacit\u00e9, les solutions de r\u00e9paration de canalisations \u00e0 large plage de tol\u00e9rance de Krausz permettent de r\u00e9parer tout type de fissures, cassures ou trous sur les canalisations d&rsquo;eau potable et d&rsquo;eaux us\u00e9es. Reconnues pour leur polyvalence et leur flexibilit\u00e9, les<\/p>\n<div class=\"view-full-post\"><a href=\"https:\/\/krausz.com\/fr\/repair\/\" class=\"view-full-post-btn\">(\u05dc\u05d4\u05de\u05e9\u05da \u05e7\u05e8\u05d9\u05d0\u05d4&#8230;)<\/a><\/div>\n","protected":false},"author":1,"featured_media":0,"parent":0,"menu_order":5,"comment_status":"closed","ping_status":"closed","template":"templates\/product-type.php","meta":{"inline_featured_image":false,"footnotes":""},"class_list":["post-10716","page","type-page","status-publish","hentry"],"yoast_head":"<!-- This site is optimized with the Yoast SEO plugin v27.3 - https:\/\/yoast.com\/product\/yoast-seo-wordpress\/ -->\n<title>Repair - Krausz Industries<\/title>\n<meta name=\"robots\" content=\"index, follow, max-snippet:-1, max-image-preview:large, max-video-preview:-1\" \/>\n<link rel=\"canonical\" href=\"https:\/\/krausz.com\/repair\/\" \/>\n<meta property=\"og:locale\" content=\"fr_CA\" \/>\n<meta property=\"og:type\" content=\"article\" \/>\n<meta property=\"og:title\" content=\"Repair - Krausz Industries\" \/>\n<meta property=\"og:description\" content=\"D&rsquo;une extr\u00eame efficacit\u00e9, les solutions de r\u00e9paration de canalisations \u00e0 large plage de tol\u00e9rance de Krausz permettent de r\u00e9parer tout type de fissures, cassures ou trous sur les canalisations d&rsquo;eau potable et d&rsquo;eaux us\u00e9es. Reconnues pour leur polyvalence et leur flexibilit\u00e9, les(\u05dc\u05d4\u05de\u05e9\u05da \u05e7\u05e8\u05d9\u05d0\u05d4...)\" \/>\n<meta property=\"og:url\" content=\"https:\/\/krausz.com\/repair\/\" \/>\n<meta property=\"og:site_name\" content=\"Krausz Industries\" \/>\n<meta property=\"article:modified_time\" content=\"2020-11-16T10:13:45+00:00\" \/>\n<meta name=\"twitter:card\" content=\"summary_large_image\" \/>\n<meta name=\"twitter:label1\" content=\"Estimation du temps de lecture\" \/>\n\t<meta name=\"twitter:data1\" content=\"1 minute\" \/>\n<script type=\"application\/ld+json\" class=\"yoast-schema-graph\">{\"@context\":\"https:\\\/\\\/schema.org\",\"@graph\":[{\"@type\":\"WebPage\",\"@id\":\"https:\\\/\\\/krausz.com\\\/repair\\\/\",\"url\":\"https:\\\/\\\/krausz.com\\\/repair\\\/\",\"name\":\"Repair - Krausz Industries\",\"isPartOf\":{\"@id\":\"https:\\\/\\\/krausz.com\\\/#website\"},\"datePublished\":\"2015-11-30T11:52:20+00:00\",\"dateModified\":\"2020-11-16T10:13:45+00:00\",\"breadcrumb\":{\"@id\":\"https:\\\/\\\/krausz.com\\\/repair\\\/#breadcrumb\"},\"inLanguage\":\"fr-CA\",\"potentialAction\":[{\"@type\":\"ReadAction\",\"target\":[\"https:\\\/\\\/krausz.com\\\/repair\\\/\"]}]},{\"@type\":\"BreadcrumbList\",\"@id\":\"https:\\\/\\\/krausz.com\\\/repair\\\/#breadcrumb\",\"itemListElement\":[{\"@type\":\"ListItem\",\"position\":1,\"name\":\"Home\",\"item\":\"https:\\\/\\\/krausz.com\\\/\"},{\"@type\":\"ListItem\",\"position\":2,\"name\":\"Repair\"}]},{\"@type\":\"WebSite\",\"@id\":\"https:\\\/\\\/krausz.com\\\/#website\",\"url\":\"https:\\\/\\\/krausz.com\\\/\",\"name\":\"Krausz Industries\",\"description\":\"Repair the past. Connect the future\",\"potentialAction\":[{\"@type\":\"SearchAction\",\"target\":{\"@type\":\"EntryPoint\",\"urlTemplate\":\"https:\\\/\\\/krausz.com\\\/?s={search_term_string}\"},\"query-input\":{\"@type\":\"PropertyValueSpecification\",\"valueRequired\":true,\"valueName\":\"search_term_string\"}}],\"inLanguage\":\"fr-CA\"}]}<\/script>\n<!-- \/ Yoast SEO plugin. -->","yoast_head_json":{"title":"Repair - Krausz Industries","robots":{"index":"index","follow":"follow","max-snippet":"max-snippet:-1","max-image-preview":"max-image-preview:large","max-video-preview":"max-video-preview:-1"},"canonical":"https:\/\/krausz.com\/repair\/","og_locale":"fr_CA","og_type":"article","og_title":"Repair - Krausz Industries","og_description":"D&rsquo;une extr\u00eame efficacit\u00e9, les solutions de r\u00e9paration de canalisations \u00e0 large plage de tol\u00e9rance de Krausz permettent de r\u00e9parer tout type de fissures, cassures ou trous sur les canalisations d&rsquo;eau potable et d&rsquo;eaux us\u00e9es. Reconnues pour leur polyvalence et leur flexibilit\u00e9, les(\u05dc\u05d4\u05de\u05e9\u05da \u05e7\u05e8\u05d9\u05d0\u05d4...)","og_url":"https:\/\/krausz.com\/repair\/","og_site_name":"Krausz Industries","article_modified_time":"2020-11-16T10:13:45+00:00","twitter_card":"summary_large_image","twitter_misc":{"Estimation du temps de lecture":"1 minute"},"schema":{"@context":"https:\/\/schema.org","@graph":[{"@type":"WebPage","@id":"https:\/\/krausz.com\/repair\/","url":"https:\/\/krausz.com\/repair\/","name":"Repair - Krausz Industries","isPartOf":{"@id":"https:\/\/krausz.com\/#website"},"datePublished":"2015-11-30T11:52:20+00:00","dateModified":"2020-11-16T10:13:45+00:00","breadcrumb":{"@id":"https:\/\/krausz.com\/repair\/#breadcrumb"},"inLanguage":"fr-CA","potentialAction":[{"@type":"ReadAction","target":["https:\/\/krausz.com\/repair\/"]}]},{"@type":"BreadcrumbList","@id":"https:\/\/krausz.com\/repair\/#breadcrumb","itemListElement":[{"@type":"ListItem","position":1,"name":"Home","item":"https:\/\/krausz.com\/"},{"@type":"ListItem","position":2,"name":"Repair"}]},{"@type":"WebSite","@id":"https:\/\/krausz.com\/#website","url":"https:\/\/krausz.com\/","name":"Krausz Industries","description":"Repair the past. Connect the future","potentialAction":[{"@type":"SearchAction","target":{"@type":"EntryPoint","urlTemplate":"https:\/\/krausz.com\/?s={search_term_string}"},"query-input":{"@type":"PropertyValueSpecification","valueRequired":true,"valueName":"search_term_string"}}],"inLanguage":"fr-CA"}]}},"_links":{"self":[{"href":"https:\/\/krausz.com\/fr\/wp-json\/wp\/v2\/pages\/10716","targetHints":{"allow":["GET"]}}],"collection":[{"href":"https:\/\/krausz.com\/fr\/wp-json\/wp\/v2\/pages"}],"about":[{"href":"https:\/\/krausz.com\/fr\/wp-json\/wp\/v2\/types\/page"}],"author":[{"embeddable":true,"href":"https:\/\/krausz.com\/fr\/wp-json\/wp\/v2\/users\/1"}],"replies":[{"embeddable":true,"href":"https:\/\/krausz.com\/fr\/wp-json\/wp\/v2\/comments?post=10716"}],"version-history":[{"count":4,"href":"https:\/\/krausz.com\/fr\/wp-json\/wp\/v2\/pages\/10716\/revisions"}],"predecessor-version":[{"id":10724,"href":"https:\/\/krausz.com\/fr\/wp-json\/wp\/v2\/pages\/10716\/revisions\/10724"}],"wp:attachment":[{"href":"https:\/\/krausz.com\/fr\/wp-json\/wp\/v2\/media?parent=10716"}],"curies":[{"name":"wp","href":"https:\/\/api.w.org\/{rel}","templated":true}]}}